{"id":3668,"date":"2025-03-19T02:22:25","date_gmt":"2025-03-18T23:22:25","guid":{"rendered":"https:\/\/dentakdenizsifa.com\/trattamento-allo-zirconio-buyukcekmece\/"},"modified":"2025-03-19T02:22:25","modified_gmt":"2025-03-18T23:22:25","slug":"trattamento-allo-zirconio-buyukcekmece","status":"publish","type":"page","link":"https:\/\/dentakdenizsifa.com\/it\/trattamento-allo-zirconio-buyukcekmece\/","title":{"rendered":"Trattamento allo zirconio Buyukcekmece"},"content":{"rendered":"<p data-start=\"39\" data-end=\"629\">L&#8217;estetica dentale \u00e8 importante per avere un bel sorriso. <strong>Il trattamento allo zirconio Buyukcekmece<\/strong> offre denti sani e dall&#8217;aspetto naturale. \u00c8 pi\u00f9 estetico delle faccette con supporto metallico. Ha una struttura compatibile con le gengive. Offre un aspetto naturale grazie alla sua caratteristica di trasmissione della luce. \u00c8 resistente e duraturo. Non lascia un sapore metallico in bocca. Non danneggia le gengive. Non provoca allergie. Non richiede un processo di sbiancamento. Non subisce variazioni di colore. \u00c8 resistente alle macchie di caff\u00e8, t\u00e8 e sigarette. Questo trattamento viene applicato professionalmente a B\u00fcy\u00fck\u00e7ekmece. Ora analizziamo nel dettaglio cos&#8217;\u00e8 il <strong>trattamento allo zirconio di B\u00fcy\u00fck\u00e7ekmece<\/strong>.            <\/p>\n<figure id=\"attachment_3651\" aria-describedby=\"caption-attachment-3651\" style=\"width: 224px\" class=\"wp-caption alignleft\"><img fetchpriority=\"high\" decoding=\"async\" class=\" wp-image-3651\" src=\"https:\/\/dentakdenizsifa.com\/wp-content\/uploads\/2025\/03\/woman-smiles-with-dental-shade-guide-indoors-joyful-woman-with-long-hair-holds-dental-shade-guide-cl-200x300.webp\" alt=\"Una donna felice confronta le faccette in zirconio con il colore dei suoi denti.\" width=\"224\" height=\"336\" srcset=\"https:\/\/dentakdenizsifa.com\/wp-content\/uploads\/2025\/03\/woman-smiles-with-dental-shade-guide-indoors-joyful-woman-with-long-hair-holds-dental-shade-guide-cl-200x300.webp 200w, https:\/\/dentakdenizsifa.com\/wp-content\/uploads\/2025\/03\/woman-smiles-with-dental-shade-guide-indoors-joyful-woman-with-long-hair-holds-dental-shade-guide-cl-683x1024.webp 683w, https:\/\/dentakdenizsifa.com\/wp-content\/uploads\/2025\/03\/woman-smiles-with-dental-shade-guide-indoors-joyful-woman-with-long-hair-holds-dental-shade-guide-cl-768x1152.webp 768w, https:\/\/dentakdenizsifa.com\/wp-content\/uploads\/2025\/03\/woman-smiles-with-dental-shade-guide-indoors-joyful-woman-with-long-hair-holds-dental-shade-guide-cl-1024x1536.webp 1024w, https:\/\/dentakdenizsifa.com\/wp-content\/uploads\/2025\/03\/woman-smiles-with-dental-shade-guide-indoors-joyful-woman-with-long-hair-holds-dental-shade-guide-cl-1365x2048.webp 1365w, https:\/\/dentakdenizsifa.com\/wp-content\/uploads\/2025\/03\/woman-smiles-with-dental-shade-guide-indoors-joyful-woman-with-long-hair-holds-dental-shade-guide-cl-scaled.webp 1707w\" sizes=\"(max-width: 224px) 100vw, 224px\" \/><figcaption id=\"caption-attachment-3651\" class=\"wp-caption-text\">Scopri le opzioni di rivestimento dei denti in zirconio per rendere il tuo sorriso perfetto! Il trattamento dentale estetico a B\u00fcy\u00fck\u00e7ekmece ti aspetta.<\/figcaption><\/figure>\n<h2 data-start=\"631\" data-end=\"675\"><strong data-start=\"631\" data-end=\"673\">Che cos&#8217;\u00e8 il trattamento Buyukcekmece Zirconium?<\/strong><\/h2>\n<p data-start=\"677\" data-end=\"1269\">Lo <a href=\"https:\/\/dentakdenizsifa.com\/zirkonyum-tedavisi\/\">zirconio<\/a> \u00e8 un materiale resistente utilizzato per le faccette dentali. Offre l&#8217;aspetto pi\u00f9 simile a quello dei denti naturali. Non contiene metallo. \u00c8 ideale per i pazienti con problemi estetici. Ha un&#8217;elevata durata. \u00c8 resistente alla pressione masticatoria. \u00c8 resistente alle fratture. Offre una lucentezza naturale grazie alla sua trasmittanza luminosa. Perfetta armonia con la gengiva. Non causa recessione gengivale. Elevata compatibilit\u00e0 intraorale. Non provoca reazioni allergiche. Ha un aspetto pi\u00f9 naturale della porcellana. Pu\u00f2 essere utilizzato in modo sicuro sui denti anteriori e posteriori. \u00c8 spesso preferito nel design del sorriso. Vediamo ora come si applica <strong data-start=\"1271\" data-end=\"1321\">il trattamento allo zirconio B\u00fcy\u00fck\u00e7ekmece <\/strong>.               <\/p>\n<h2 data-start=\"1271\" data-end=\"1323\"><strong data-start=\"1271\" data-end=\"1321\">Come avviene il trattamento dello zirconio a Buyukcekmece?<\/strong><\/h2>\n<p data-start=\"1325\" data-end=\"1873\">In primo luogo, viene eseguito un esame dettagliato. Viene valutata la condizione attuale dei denti. Vengono prese le misure digitali. Se necessario, vengono effettuate delle piccole abrasioni sui denti. Viene preparato un rivestimento in zirconio personalizzato. Viene determinata la tonalit\u00e0 adatta al colore dei denti. Vengono applicate le faccette temporanee. Le faccette permanenti vengono preparate in laboratorio. Le faccette preparate vengono incollate ai denti. Viene utilizzato un adesivo speciale. Viene verificata la conformit\u00e0. La soddisfazione del paziente \u00e8 importante. Il processo viene completato in breve tempo. Si ottiene un aspetto naturale ed estetico. Vediamo ora<strong data-start=\"1875\" data-end=\"1918\">quale <\/strong>clinica \u00e8 consigliata<strong data-start=\"1875\" data-end=\"1918\">per il <\/strong> <strong data-start=\"1875\" data-end=\"1918\">trattamento allo zirconio B\u00fcy\u00fck\u00e7ekmece<\/strong>.              <\/p>\n<h3 data-start=\"1875\" data-end=\"1920\"><strong data-start=\"1875\" data-end=\"1918\">Consigli per il trattamento dello zirconio Buyukcekmece<\/strong><\/h3>\n<p data-start=\"1922\" data-end=\"2494\">\u00c8 importante scegliere una clinica esperta per il trattamento dello zirconio. La procedura deve essere eseguita da dentisti specializzati. Il materiale utilizzato deve essere di alta qualit\u00e0. Un indirizzo affidabile a B\u00fcy\u00fck\u00e7ekmece \u00e8 <strong data-start=\"2110\" data-end=\"2163\">Dent Akdeniz \u015eifa Oral and Dental Health Polyclinic<\/strong>. Offre un servizio di assistenza grazie al suo staff di medici esperti. Vengono utilizzate attrezzature di ultima generazione. Viene creato un piano di trattamento specifico per il paziente. Si punta a risultati naturali ed estetici. Vengono seguite rigorosamente <a href=\"https:\/\/tr.wikipedia.org\/wiki\/Hijyen\" target=\"_blank\" rel=\"noopener\">le regole dell&#8217;igiene<\/a>. La soddisfazione del paziente \u00e8 al primo posto. Viene offerto un processo di trattamento confortevole. Vengono fornite raccomandazioni per la cura post-trattamento. Passiamo ora ai prezzi <strong data-start=\"2496\" data-end=\"2541\">del trattamento allo zirconio di B\u00fcy\u00fck\u00e7ekmece <\/strong>.           <\/p>\n<h3 data-start=\"2496\" data-end=\"2543\"><strong data-start=\"2496\" data-end=\"2541\">Prezzi del trattamento allo zirconio Buyukcekmece<\/strong><\/h3>\n<p data-start=\"2545\" data-end=\"3152\" data-is-last-node=\"\" data-is-only-node=\"\">I prezzi dei trattamenti allo zirconio dipendono da diversi fattori. Il materiale utilizzato influisce sul prezzo. Il numero di denti \u00e8 un fattore importante che determina il prezzo. Anche l&#8217;esperienza del medico curante incide sul prezzo. La tecnologia utilizzata nella clinica crea una differenza di prezzo. La struttura orale del paziente e le procedure aggiuntive necessarie possono modificare il costo. I prezzi a Buyukcekmece variano da clinica a clinica. Per avere informazioni pi\u00f9 precise sui prezzi \u00e8 necessaria una visita. <strong data-start=\"2971\" data-end=\"3024\">Dent Akdeniz \u015eifa Oral and Dental Health Polyclinic<\/strong> offre un servizio conveniente e di qualit\u00e0. Per informazioni dettagliate <strong data-start=\"3093\" data-end=\"3120\"><a href=\"http:\/\/www.dentakdenizsifa.com\" target=\"_new\" rel=\"noopener\" data-start=\"3095\" data-end=\"3118\">www.dentakdenizsifa.com<\/a><\/strong> Puoi visitare l&#8217;indirizzo.        <\/p>\n<p><iframe style=\"border: 0;\" src=\"https:\/\/www.google.com\/maps\/embed?pb=!1m18!1m12!1m3!1d3010.1303296296164!2d28.58126301198982!3d41.02240451843476!2m3!1f0!2f0!3f0!3m2!1i1024!2i768!4f13.1!3m3!1m2!1s0x14b55f4c21eea74d%3A0xd26ab3ed17af8afd!2zWcOcQ0VMRVIgQcSfxLF6IHZlIERpxZ8gU2HEn2zEscSfxLEgUG9saWtsaW5pxJ9pIELDvHnDvGvDp2VrbWVjZQ!5e0!3m2!1str!2str!4v1742339747212!5m2!1str!2str\" width=\"0,1\" height=\"0,1\" allowfullscreen=\"allowfullscreen\"><\/iframe><br \/>\n<iframe style=\"border: none; overflow: hidden;\" src=\"https:\/\/www.facebook.com\/plugins\/video.php?height=476&amp;href=https%3A%2F%2Fwww.facebook.com%2FEsteworld%2Fvideos%2F819725996335414%2F&amp;show_text=false&amp;width=267&amp;t=0\" width=\"0,1\" height=\"0,1\" frameborder=\"0\" scrolling=\"no\" allowfullscreen=\"allowfullscreen\"><\/iframe><\/p>\n","protected":false},"excerpt":{"rendered":"<p>L&#8217;estetica dentale \u00e8 importante per avere un bel sorriso. Il trattamento allo zirconio Buyukcekmece offre denti sani e dall&#8217;aspetto naturale. \u00c8 pi\u00f9 estetico delle faccette con supporto metallico. Ha una struttura compatibile con le gengive. Offre un aspetto naturale grazie alla sua caratteristica di trasmissione della luce. \u00c8 resistente e duraturo. Non lascia un sapore [&hellip;]<\/p>\n","protected":false},"author":1,"featured_media":3648,"parent":0,"menu_order":0,"comment_status":"closed","ping_status":"closed","template":"","meta":{"footnotes":""},"class_list":["post-3668","page","type-page","status-publish","has-post-thumbnail","hentry"],"_links":{"self":[{"href":"https:\/\/dentakdenizsifa.com\/it\/wp-json\/wp\/v2\/pages\/3668","targetHints":{"allow":["GET"]}}],"collection":[{"href":"https:\/\/dentakdenizsifa.com\/it\/wp-json\/wp\/v2\/pages"}],"about":[{"href":"https:\/\/dentakdenizsifa.com\/it\/wp-json\/wp\/v2\/types\/page"}],"author":[{"embeddable":true,"href":"https:\/\/dentakdenizsifa.com\/it\/wp-json\/wp\/v2\/users\/1"}],"replies":[{"embeddable":true,"href":"https:\/\/dentakdenizsifa.com\/it\/wp-json\/wp\/v2\/comments?post=3668"}],"version-history":[{"count":0,"href":"https:\/\/dentakdenizsifa.com\/it\/wp-json\/wp\/v2\/pages\/3668\/revisions"}],"wp:featuredmedia":[{"embeddable":true,"href":"https:\/\/dentakdenizsifa.com\/it\/wp-json\/wp\/v2\/media\/3648"}],"wp:attachment":[{"href":"https:\/\/dentakdenizsifa.com\/it\/wp-json\/wp\/v2\/media?parent=3668"}],"curies":[{"name":"wp","href":"https:\/\/api.w.org\/{rel}","templated":true}]}}