{"id":3631,"date":"2025-03-11T04:45:39","date_gmt":"2025-03-11T01:45:39","guid":{"rendered":"https:\/\/dentakdenizsifa.com\/trattamento-implantare-buyukcekmece\/"},"modified":"2025-03-11T04:46:07","modified_gmt":"2025-03-11T01:46:07","slug":"trattamento-implantare-buyukcekmece","status":"publish","type":"page","link":"https:\/\/dentakdenizsifa.com\/it\/trattamento-implantare-buyukcekmece\/","title":{"rendered":"Trattamento implantare Buyukcekmece"},"content":{"rendered":"<p data-start=\"37\" data-end=\"664\">I denti mancanti creano problemi estetici e di salute. Il trattamento implantare di Buyukcekmece risolve questo problema in modo permanente. Viene applicato con tecniche avanzate a Buyukcekmece. Le viti in titanio inserite nell&#8217;osso mascellare fungono da radice del dente. Su di essa viene aggiunta una protesi dentale dall&#8217;aspetto naturale. La funzione masticatoria viene ripristinata. Si ottiene un sorriso esteticamente naturale. \u00c8 robusto e durevole. \u00c8 una soluzione di lunga durata. Non danneggia gli altri denti. Se applicato correttamente, pu\u00f2 essere utilizzato per tutta la vita. Ci sono cliniche specializzate a B\u00fcy\u00fck\u00e7ekmece che eseguono questo trattamento. \u00c8 importante conoscere il processo prima di sottoporsi a un impianto. Vediamo ora in cosa consiste il trattamento implantare.             <\/p>\n<figure id=\"attachment_3597\" aria-describedby=\"caption-attachment-3597\" style=\"width: 300px\" class=\"wp-caption alignleft\"><img fetchpriority=\"high\" decoding=\"async\" class=\"size-medium wp-image-3597\" src=\"https:\/\/dentakdenizsifa.com\/wp-content\/uploads\/2025\/03\/24553956_vkar_0a2e_220301-300x232.webp\" alt=\"Trattamento implantare Buyukcekmece\" width=\"300\" height=\"232\" srcset=\"https:\/\/dentakdenizsifa.com\/wp-content\/uploads\/2025\/03\/24553956_vkar_0a2e_220301-300x232.webp 300w, https:\/\/dentakdenizsifa.com\/wp-content\/uploads\/2025\/03\/24553956_vkar_0a2e_220301-1024x793.webp 1024w, https:\/\/dentakdenizsifa.com\/wp-content\/uploads\/2025\/03\/24553956_vkar_0a2e_220301-768x595.webp 768w, https:\/\/dentakdenizsifa.com\/wp-content\/uploads\/2025\/03\/24553956_vkar_0a2e_220301-1536x1189.webp 1536w, https:\/\/dentakdenizsifa.com\/wp-content\/uploads\/2025\/03\/24553956_vkar_0a2e_220301-2048x1586.webp 2048w\" sizes=\"(max-width: 300px) 100vw, 300px\" \/><figcaption id=\"caption-attachment-3597\" class=\"wp-caption-text\">Trattamento implantare Buyukcekmece<\/figcaption><\/figure>\n<h2 data-start=\"666\" data-end=\"708\"><strong data-start=\"666\" data-end=\"706\">Che cos&#8217;\u00e8 il trattamento implantare Buyukcekmece?<\/strong><\/h2>\n<p data-start=\"710\" data-end=\"1323\">Il trattamento implantare offre una soluzione permanente per sostituire i denti mancanti. Si applica inserendo una vite nell&#8217;osso mascellare. Viene utilizzato un materiale <a href=\"https:\/\/tr.wikipedia.org\/wiki\/Titanyum\" target=\"_blank\" rel=\"noopener\">in titanio<\/a>. \u00c8 compatibile con il corpo. Forma una struttura solida fondendosi con l&#8217;osso. Ripristina la funzione naturale dei denti. Facilita il linguaggio e la masticazione. Fornisce un aspetto esteticamente naturale. Previene il peso sugli altri denti. Lunga durata. Pu\u00f2 essere utilizzato per tutta la vita con una cura regolare. \u00c8 necessaria una struttura mascellare sana. Nei pazienti con riassorbimento osseo possono essere eseguite ulteriori procedure. Richiede una pianificazione speciale per ogni paziente. Il processo di trattamento varia a seconda della persona<strong data-start=\"1325\" data-end=\"1373\">. <\/strong>Vediamo ora come si svolge il<strong data-start=\"1325\" data-end=\"1373\">trattamento implantare B\u00fcy\u00fck\u00e7ekmece <\/strong>.             <\/p>\n<h2 data-start=\"1325\" data-end=\"1375\"><strong data-start=\"1325\" data-end=\"1373\">Come viene eseguito il trattamento implantare Buyukcekmece?<\/strong><\/h2>\n<p data-start=\"1377\" data-end=\"1964\">In primo luogo, viene eseguito un esame dettagliato. Vengono effettuate delle radiografie e viene valutata la struttura ossea. Se la struttura ossea \u00e8 adeguata, si procede alla pianificazione dell&#8217;impianto. L&#8217;intervento viene eseguito in anestesia locale. Una vite in titanio viene inserita nell&#8217;osso mascellare. Questa vite viene aspettata per alcuni mesi per fondersi con l&#8217;osso. Una volta completata la fusione, viene applicata la protesi. Il dente ha un aspetto naturale. Il processo di trattamento varia a seconda della persona. Se la struttura ossea \u00e8 forte, la guarigione sar\u00e0 pi\u00f9 rapida. Bisogna prestare attenzione alla salute delle gengive. Una manutenzione regolare prolunga la vita dell&#8217;impianto. \u00c8 importante ricevere un&#8217;assistenza professionale. Vediamo le cliniche consigliate <strong data-start=\"1325\" data-end=\"1373\">per il trattamento implantare di Buyukcekmece <\/strong>.            <\/p>\n<h3 data-start=\"1966\" data-end=\"2009\"><strong data-start=\"1966\" data-end=\"2007\">Consigli per il trattamento dell&#8217;impianto di Buyukcekmece<\/strong><\/h3>\n<p data-start=\"2011\" data-end=\"2633\"><a href=\"https:\/\/dentakdenizsifa.com\/implant-tedavisi\/\">Il trattamento implantare<\/a> \u00e8 una procedura delicata. Deve essere eseguito da medici esperti. La qualit\u00e0 del materiale utilizzato \u00e8 importante. I risultati duraturi si ottengono con un&#8217;applicazione corretta. Se stai cercando una clinica affidabile a B\u00fcy\u00fck\u00e7ekmece, <strong data-start=\"2229\" data-end=\"2282\">Dent Akdeniz \u015eifa Oral and Dental Health Polyclinic<\/strong> \u00e8 una buona scelta. Si avvale di dentisti esperti. Vengono utilizzati dispositivi di ultima generazione. Offre un ambiente sterile e igienico. Viene effettuata una pianificazione del trattamento specifica per il paziente. Si punta a risultati naturali ed estetici. La soddisfazione del paziente \u00e8 al primo posto. Il processo di trattamento \u00e8 confortevole. Vengono fornite raccomandazioni per la cura post-implantare. Ora diamo un&#8217;occhiata ai prezzi.             <\/p>\n<h3 data-start=\"2635\" data-end=\"2680\"><strong data-start=\"2635\" data-end=\"2678\">Prezzi del trattamento implantare Buyukcekmece<\/strong><\/h3>\n<p data-start=\"2682\" data-end=\"3299\" data-is-last-node=\"\" data-is-only-node=\"\">I prezzi degli impianti dipendono da molti fattori. Il materiale utilizzato \u00e8 importante. La qualit\u00e0 della vite in titanio determina il prezzo. L&#8217;esperienza del medico curante \u00e8 efficace. Le condizioni della clinica e la tecnologia utilizzata fanno la differenza di prezzo. Possono essere necessarie ulteriori procedure in base alla struttura ossea del paziente. Questo pu\u00f2 modificare il costo. I prezzi variano a Buyukcekmece. Per avere informazioni pi\u00f9 precise \u00e8 necessaria una visita. <strong data-start=\"3077\" data-end=\"3130\">Dent Akdeniz \u015eifa Oral and Dental Health Polyclinic<\/strong> offre un servizio di qualit\u00e0 a prezzi accessibili. \u00c8 vantaggioso in termini di rapporto qualit\u00e0-prezzo. Per informazioni dettagliate <strong data-start=\"3240\" data-end=\"3267\"><a href=\"http:\/\/www.dentakdenizsifa.com\" target=\"_new\" rel=\"noopener\" data-start=\"3242\" data-end=\"3265\">www.dentakdenizsifa.com<\/a><\/strong> Puoi visitare l&#8217;indirizzo.          <\/p>\n<p><iframe style=\"border: 0;\" src=\"https:\/\/www.google.com\/maps\/embed?pb=!1m18!1m12!1m3!1d3010.1303296241454!2d28.58126837645062!3d41.02240451855446!2m3!1f0!2f0!3f0!3m2!1i1024!2i768!4f13.1!3m3!1m2!1s0x14b55f4c21eea74d%3A0xd26ab3ed17af8afd!2zWcOcQ0VMRVIgQcSfxLF6IHZlIERpxZ8gU2HEn2zEscSfxLEgUG9saWtsaW5pxJ9pIELDvHnDvGvDp2VrbWVjZQ!5e0!3m2!1str!2str!4v1741657052554!5m2!1str!2str\" width=\"0,1\" height=\"0,1\" allowfullscreen=\"allowfullscreen\"><\/iframe><br \/>\n<iframe title=\"Lettore video di YouTube\" src=\"https:\/\/www.youtube.com\/embed\/q-bbMgwrgBA?si=icEccHKcuZknKOIp\" width=\"0,1\" height=\"0,1\" frameborder=\"0\" allowfullscreen=\"allowfullscreen\"><\/iframe><\/p>\n","protected":false},"excerpt":{"rendered":"<p>I denti mancanti creano problemi estetici e di salute. Il trattamento implantare di Buyukcekmece risolve questo problema in modo permanente. Viene applicato con tecniche avanzate a Buyukcekmece. Le viti in titanio inserite nell&#8217;osso mascellare fungono da radice del dente. Su di essa viene aggiunta una protesi dentale dall&#8217;aspetto naturale. La funzione masticatoria viene ripristinata. Si [&hellip;]<\/p>\n","protected":false},"author":1,"featured_media":3612,"parent":0,"menu_order":0,"comment_status":"closed","ping_status":"closed","template":"","meta":{"footnotes":""},"class_list":["post-3631","page","type-page","status-publish","has-post-thumbnail","hentry"],"_links":{"self":[{"href":"https:\/\/dentakdenizsifa.com\/it\/wp-json\/wp\/v2\/pages\/3631","targetHints":{"allow":["GET"]}}],"collection":[{"href":"https:\/\/dentakdenizsifa.com\/it\/wp-json\/wp\/v2\/pages"}],"about":[{"href":"https:\/\/dentakdenizsifa.com\/it\/wp-json\/wp\/v2\/types\/page"}],"author":[{"embeddable":true,"href":"https:\/\/dentakdenizsifa.com\/it\/wp-json\/wp\/v2\/users\/1"}],"replies":[{"embeddable":true,"href":"https:\/\/dentakdenizsifa.com\/it\/wp-json\/wp\/v2\/comments?post=3631"}],"version-history":[{"count":1,"href":"https:\/\/dentakdenizsifa.com\/it\/wp-json\/wp\/v2\/pages\/3631\/revisions"}],"predecessor-version":[{"id":3637,"href":"https:\/\/dentakdenizsifa.com\/it\/wp-json\/wp\/v2\/pages\/3631\/revisions\/3637"}],"wp:featuredmedia":[{"embeddable":true,"href":"https:\/\/dentakdenizsifa.com\/it\/wp-json\/wp\/v2\/media\/3612"}],"wp:attachment":[{"href":"https:\/\/dentakdenizsifa.com\/it\/wp-json\/wp\/v2\/media?parent=3631"}],"curies":[{"name":"wp","href":"https:\/\/api.w.org\/{rel}","templated":true}]}}