{"id":3059,"date":"2024-12-15T03:17:28","date_gmt":"2024-12-15T00:17:28","guid":{"rendered":"https:\/\/dentakdenizsifa.com\/smile-design\/"},"modified":"2025-02-23T06:38:56","modified_gmt":"2025-02-23T03:38:56","slug":"smile-design","status":"publish","type":"page","link":"https:\/\/dentakdenizsifa.com\/it\/smile-design\/","title":{"rendered":"Smile Design"},"content":{"rendered":"\t\t<div data-elementor-type=\"wp-page\" data-elementor-id=\"3059\" class=\"elementor elementor-3059 elementor-132\" data-elementor-post-type=\"page\">\n\t\t\t\t<div class=\"elementor-element elementor-element-8c652ea e-flex e-con-boxed e-con e-parent\" data-id=\"8c652ea\" data-element_type=\"container\" data-e-type=\"container\">\n\t\t\t\t\t<div class=\"e-con-inner\">\n\t\t\t\t<div class=\"elementor-element elementor-element-c2aae21 elementor-widget elementor-widget-heading\" data-id=\"c2aae21\" data-element_type=\"widget\" data-e-type=\"widget\" data-widget_type=\"heading.default\">\n\t\t\t\t<div class=\"elementor-widget-container\">\n\t\t\t\t\t<h1 class=\"elementor-heading-title elementor-size-default\">DESIGN SMILE<\/h1>\t\t\t\t<\/div>\n\t\t\t\t<\/div>\n\t\t\t\t\t<\/div>\n\t\t\t\t<\/div>\n\t\t<div class=\"elementor-element elementor-element-fca2815 e-flex e-con-boxed e-con e-parent\" data-id=\"fca2815\" data-element_type=\"container\" data-e-type=\"container\">\n\t\t\t\t\t<div class=\"e-con-inner\">\n\t\t\t\t<div class=\"elementor-element elementor-element-772a403 elementor-widget elementor-widget-text-editor\" data-id=\"772a403\" data-element_type=\"widget\" data-e-type=\"widget\" data-widget_type=\"text-editor.default\">\n\t\t\t\t<div class=\"elementor-widget-container\">\n\t\t\t\t\t\t\t\t\t<p>Valutando il rapporto tra una serie di criteri estetici come labbra, gengive, denti, colore del tessuto che circonda il labbro, si progetta un sorriso personalizzato utilizzando laminati di porcellana, faccette in emax o zirconio, sbiancamento dentale e piccoli sistemi di bonding o una combinazione di tutti questi elementi in linea con i desideri speciali della persona.<\/p><p><img fetchpriority=\"high\" decoding=\"async\" class=\"wp-image-139 size-large aligncenter\" src=\"https:\/\/dentakdenizsifa.com\/wp-content\/uploads\/2024\/12\/gulus-tasarimi-tedavisi-1024x683.png\" alt=\"\" width=\"800\" height=\"534\" srcset=\"https:\/\/dentakdenizsifa.com\/wp-content\/uploads\/2024\/12\/gulus-tasarimi-tedavisi-1024x683.png 1024w, https:\/\/dentakdenizsifa.com\/wp-content\/uploads\/2024\/12\/gulus-tasarimi-tedavisi-300x200.png 300w, https:\/\/dentakdenizsifa.com\/wp-content\/uploads\/2024\/12\/gulus-tasarimi-tedavisi-768x512.png 768w, https:\/\/dentakdenizsifa.com\/wp-content\/uploads\/2024\/12\/gulus-tasarimi-tedavisi.png 1200w\" sizes=\"(max-width: 800px) 100vw, 800px\" \/><\/p><p>Alcuni dei metodi che utilizziamo per il design del sorriso nella nostra clinica;<\/p><p>Trattamento con 1 lastra di porcellana (lamina), che pu\u00f2 essere applicato nei casi in cui la forma strutturale \u00e8 irregolare, discreta e non \u00e8 possibile ottenere un effetto sufficiente con lo sbiancamento.<\/p><p>2-Rivestimenti estetici in porcellana, rivestimenti estetici in zirconio e rivestimenti estetici in porcellana emax applicati in caso di abrasione e perdita di materiale nei denti causata da diversi motivi, denti con eccessivo scolorimento, sovrapposizioni di impianti, denti con struttura deteriorata, applicazioni di ponti, rafforzamento e prolungamento della vita dei denti e aspetto naturale.<\/p><p>3-Procedure di otturazione estetica (bonding), ovvero il processo di riempimento di questi spazi vuoti con otturazioni senza danneggiare i denti nei casi in cui vi siano spazi vuoti tra i denti nei pazienti<\/p><p>4-Applicazione sbiancante applicata sui denti che hanno perso il loro candore<\/p><p>Per ottenere un bel sorriso, non bastano solo i denti bianchi. Oltre al bianco, anche l&#8217;aspetto sano delle gengive e la proporzione dei denti sono molto importanti. Con il design del sorriso, l&#8217;obiettivo \u00e8 ottenere un sorriso perfetto garantendo l&#8217;armonia di gengive, denti e labbra.  <\/p><p>A- Faccetta laminata (porcellana a foglia)<\/p><p>Laminato significa foglia in latino. Le faccette dentali laminate vengono applicate in caso di differenze di colore dei denti, crepe e fratture, scolorimento causato da otturazioni, unione di denti separati (chiusura del diastema). <\/p><p>Come alternativa al trattamento ortodontico per la correzione di denti storti e curvi, \u00e8 possibile realizzare un&#8217;applicazione estetica applicando la porcellana a foglia solo sulla superficie frontale invece di dare una forma tagliata al dente abradendo da tutti i lati del dente. Con questo metodo, si tratta di un&#8217;applicazione protesica molto protettiva poich\u00e9 viene tagliata fino a 0,3-0,7 mm dalla struttura del dente, e si ottiene un sorriso naturale ed estetico grazie alla struttura della porcellana stessa, poich\u00e9 non c&#8217;\u00e8 metallo nella sottostruttura. Con i laminati \u00e8 possibile sbiancare i denti, riempire gli spazi vuoti tra i denti e ottenere un sorriso bellissimo. I laminati sono altamente resistenti all&#8217;abrasione e le loro superfici sono molto lisce, per cui non si verificano scolorimenti dovuti al fumo o a motivi simili.<\/p><p>Poich\u00e9 durante la procedura viene utilizzato un materiale speciale come adesivo, non \u00e8 possibile che le faccette si stacchino o si separino dalla superficie del dente per qualsiasi motivo.<\/p><p>Rivestimenti in B-Zirconio<\/p><p>Lo zirconio \u00e8 un elemento chimico presente in natura, appartiene al gruppo dei rivestimenti non supportati da metalli e offre un aspetto pi\u00f9 naturale rispetto ai rivestimenti supportati da metalli.Grazie alla sua maggiore trasmittanza luminosa rispetto ai rivestimenti con supporto metallico, non crea un colore scuro nelle gengive e non crea PROBLEMI come il riflesso del colore nero sul bordo gengivale, possibile in futuro nei denti in porcellana con rivestimenti metallici. Inoltre, grazie alla trasmittanza luminosa dello zirconio, l&#8217;aspetto opaco dei denti scompare e si ottiene un aspetto pi\u00f9 sano, trasparente e naturale grazie all&#8217;aspetto dei denti pi\u00f9 simile all&#8217;originale.\u00c8 un tipo di trattamento dentale ideale per i pazienti allergici ai metalli, \u00e8 duraturo, riduce al minimo le macchie causate dal fumo o da altri motivi, non provoca alito cattivo, non causa problemi alle gengive, non provoca alterazioni del gusto in bocca.<\/p><p>Lo zirconio \u00e8 spesso utilizzato in odontoiatria grazie al suo basso diametro dei grani, all&#8217;elevata resistenza alla trazione e all&#8217;infrastruttura estetica. \u00c8 molto resistente alla temperatura e all&#8217;abrasione.<\/p><p>Grazie alle innovazioni nel campo dell&#8217;odontoiatria, lo zirconio \u00e8 oggi preferito per i rivestimenti dentali. Mentre in passato i trattamenti dentali venivano eseguiti con un rivestimento in porcellana, negli ultimi anni l&#8217;uso del rivestimento dentale in zirconio ha iniziato ad aumentare. Lo zirconio \u00e8 un materiale di rivestimento che sostituisce la porcellana nel mondo dell&#8217;odontoiatria di oggi. Lo zirconio, che conferisce un aspetto pi\u00f9 naturale ai denti rispetto alla porcellana, \u00e8 il metodo di rivestimento preferito da molti dentisti.   <\/p><p>Rivestimenti C-Emax<\/p><p>Ci\u00f2 significa massima estetica. Il vantaggio principale di questa applicazione \u00e8 che non viene utilizzato il metallo. In questo modo si ottiene un aspetto trasparente e quasi naturale. La superficie \u00e8 protetta dalle macchie e dalla formazione di placca.<\/p><p>Poich\u00e9 non contiene metallo, non provoca reazioni allergiche, non si verifica la formazione di colore violaceo sulle gengive e sui bordi dei denti, non danneggia la struttura dentale, le sostanze contenute sono tra le strutture pi\u00f9 compatibili con il dente.<\/p><p>Grazie alla trasmittanza della luce, l&#8217;aspetto opaco \u00e8 assente, le opzioni di colore sono piuttosto elevate e la struttura del dente \u00e8 scivolosa e liscia. Per questo motivo, la formazione di tartaro dentale \u00e8 quasi inesistente, evitando cos\u00ec l&#8217;insorgere di malattie gengivali. Il processo di rivestimento dentale EMax viene applicato principalmente agli incisivi anteriori. Poich\u00e9 i rivestimenti in Emax sono pi\u00f9 deboli di quelli in zirconio in termini di durata, i rivestimenti in zirconio sono preferiti per i denti della zona posteriore.<\/p><p>L&#8217;Emax \u00e8 un materiale costituito da ceramica monolitica di disilicato di litio. la trasmittanza luminosa \u00e8 superiore a quella dello zirconio. per questo motivo, \u00e8 pi\u00f9 naturale ed estetico dello zirconio, ha una struttura vetrosa. ma poich\u00e9 non \u00e8 durevole come lo zirconio, il rivestimento in zirconio \u00e8 preferito nelle aree in cui la pressione \u00e8 elevata.<\/p>\t\t\t\t\t\t\t\t<\/div>\n\t\t\t\t<\/div>\n\t\t\t\t\t<\/div>\n\t\t\t\t<\/div>\n\t\t<div class=\"elementor-element elementor-element-90bffbf e-flex e-con-boxed e-con e-parent\" data-id=\"90bffbf\" data-element_type=\"container\" data-e-type=\"container\">\n\t\t\t\t\t<div class=\"e-con-inner\">\n\t\t<div class=\"elementor-element elementor-element-d09ebcb e-con-full e-flex e-con e-child\" data-id=\"d09ebcb\" data-element_type=\"container\" data-e-type=\"container\">\n\t\t\t\t<div class=\"elementor-element elementor-element-378b147 elementor-widget elementor-widget-image\" data-id=\"378b147\" data-element_type=\"widget\" data-e-type=\"widget\" data-widget_type=\"image.default\">\n\t\t\t\t<div class=\"elementor-widget-container\">\n\t\t\t\t\t\t\t\t\t\t\t\t\t\t\t<img decoding=\"async\" width=\"707\" height=\"900\" src=\"https:\/\/dentakdenizsifa.com\/wp-content\/uploads\/2024\/12\/g13-1.jpg\" class=\"attachment-large size-large wp-image-3061\" alt=\"\" srcset=\"https:\/\/dentakdenizsifa.com\/wp-content\/uploads\/2024\/12\/g13-1.jpg 707w, https:\/\/dentakdenizsifa.com\/wp-content\/uploads\/2024\/12\/g13-1-236x300.jpg 236w\" sizes=\"(max-width: 707px) 100vw, 707px\" \/>\t\t\t\t\t\t\t\t\t\t\t\t\t\t\t<\/div>\n\t\t\t\t<\/div>\n\t\t\t\t<\/div>\n\t\t<div class=\"elementor-element elementor-element-f0f9256 e-con-full e-flex e-con e-child\" data-id=\"f0f9256\" data-element_type=\"container\" data-e-type=\"container\">\n\t\t\t\t<div class=\"elementor-element elementor-element-af130a4 elementor-widget elementor-widget-text-editor\" data-id=\"af130a4\" data-element_type=\"widget\" data-e-type=\"widget\" data-widget_type=\"text-editor.default\">\n\t\t\t\t<div class=\"elementor-widget-container\">\n\t\t\t\t\t\t\t\t\tFaccette in porcellana D\n\nIl rivestimento dentale in porcellana \u00e8 una tecnica di rivestimento dentale ottenuta dalla porcellana e prodotta per coprire la superficie originale del dente. La porcellana dentale \u00e8 un metodo di trattamento applicato per eliminare i problemi estetici che si verificano nei denti e per offrire alle persone un sorriso di qualit\u00e0 migliore. \n\nLe faccette dentali in porcellana rappresentano uno svantaggio per i pazienti che si preoccupano dell&#8217;aspetto estetico. Poich\u00e9 la sua trasmittanza luminosa \u00e8 minore rispetto allo zirconio e all&#8217;emax, non pu\u00f2 riflettere il colore naturale del dente. Questo causa un colore opaco e spento. Non \u00e8 in grado di catturare l&#8217;aspetto naturale, soprattutto sui denti anteriori.   \n\nHanno una buona durata perch\u00e9 sono rivestimenti con supporto metallico.\n\nSbiancamento E-Tooth (sbiancamento)\n\nLo sbiancamento laser dei denti \u00e8 un processo di sbiancamento che utilizza una tecnologia all&#8217;avanguardia. Questa tecnica \u00e8 attualmente l&#8217;ultima novit\u00e0 nel campo dello sbiancamento permanente dei denti. Il processo di sbiancamento laser dei denti che utilizziamo oggi non causa alcun danno alla superficie e allo smalto dei denti.\t\t\t\t\t\t\t\t<\/div>\n\t\t\t\t<\/div>\n\t\t\t\t<\/div>\n\t\t\t\t\t<\/div>\n\t\t\t\t<\/div>\n\t\t<div class=\"elementor-element elementor-element-5f63f3b e-flex e-con-boxed e-con e-parent\" data-id=\"5f63f3b\" data-element_type=\"container\" data-e-type=\"container\">\n\t\t\t\t\t<div class=\"e-con-inner\">\n\t\t<div class=\"elementor-element elementor-element-1d81805 e-con-full e-flex e-con e-child\" data-id=\"1d81805\" data-element_type=\"container\" data-e-type=\"container\">\n\t\t\t\t<div class=\"elementor-element elementor-element-f10b1c8 elementor-widget elementor-widget-text-editor\" data-id=\"f10b1c8\" data-element_type=\"widget\" data-e-type=\"widget\" data-widget_type=\"text-editor.default\">\n\t\t\t\t<div class=\"elementor-widget-container\">\n\t\t\t\t\t\t\t\t\tI trattamenti di sbiancamento dentale, che hanno un&#8217;altissima percentuale di successo, possono danneggiare i denti se non vengono applicati da un dentista.Lo sbiancamento laser dei denti \u00e8 una procedura che dura circa 1 ora in un ambiente clinico. Lo sbiancamento \u00e8 il processo di schiarimento del colore dei denti mediante l&#8217;utilizzo di sostanze chimiche. Poich\u00e9 i denti possono essere colpiti da sostanze colorate provenienti dall&#8217;esterno per 15 giorni dopo lo sbiancamento laser, \u00e8 necessario fare attenzione a non consumare cibi e bevande coloranti. Durante questo processo, viene applicata una placca protettiva sulla gengiva intorno al dente per evitare che la gengiva venga colpita dalle sostanze chimiche. Nella nostra clinica applichiamo con sicurezza e successo la procedura di sbiancamento, che garantisce uno sbiancamento ottimale.\t\t\t\t\t\t\t\t<\/div>\n\t\t\t\t<\/div>\n\t\t\t\t<\/div>\n\t\t<div class=\"elementor-element elementor-element-5aca3c3 e-con-full e-flex e-con e-child\" data-id=\"5aca3c3\" data-element_type=\"container\" data-e-type=\"container\">\n\t\t\t\t<div class=\"elementor-element elementor-element-0314205 elementor-widget elementor-widget-image\" data-id=\"0314205\" data-element_type=\"widget\" data-e-type=\"widget\" data-widget_type=\"image.default\">\n\t\t\t\t<div class=\"elementor-widget-container\">\n\t\t\t\t\t\t\t\t\t\t\t\t\t\t\t<img decoding=\"async\" width=\"225\" height=\"300\" src=\"https:\/\/dentakdenizsifa.com\/wp-content\/uploads\/2024\/12\/b-225x300-1.jpg\" class=\"attachment-large size-large wp-image-3062\" alt=\"\" \/>\t\t\t\t\t\t\t\t\t\t\t\t\t\t\t<\/div>\n\t\t\t\t<\/div>\n\t\t\t\t<\/div>\n\t\t\t\t\t<\/div>\n\t\t\t\t<\/div>\n\t\t\t\t<\/div>\n\t\t","protected":false},"excerpt":{"rendered":"<p>DESIGN SMILE Valutando il rapporto tra una serie di criteri estetici come labbra, gengive, denti, colore del tessuto che circonda il labbro, si progetta un sorriso personalizzato utilizzando laminati di porcellana, faccette in emax o zirconio, sbiancamento dentale e piccoli sistemi di bonding o una combinazione di tutti questi elementi in linea con i desideri [&hellip;]<\/p>\n","protected":false},"author":1,"featured_media":3065,"parent":0,"menu_order":0,"comment_status":"closed","ping_status":"closed","template":"elementor_header_footer","meta":{"footnotes":""},"class_list":["post-3059","page","type-page","status-publish","has-post-thumbnail","hentry"],"_links":{"self":[{"href":"https:\/\/dentakdenizsifa.com\/it\/wp-json\/wp\/v2\/pages\/3059","targetHints":{"allow":["GET"]}}],"collection":[{"href":"https:\/\/dentakdenizsifa.com\/it\/wp-json\/wp\/v2\/pages"}],"about":[{"href":"https:\/\/dentakdenizsifa.com\/it\/wp-json\/wp\/v2\/types\/page"}],"author":[{"embeddable":true,"href":"https:\/\/dentakdenizsifa.com\/it\/wp-json\/wp\/v2\/users\/1"}],"replies":[{"embeddable":true,"href":"https:\/\/dentakdenizsifa.com\/it\/wp-json\/wp\/v2\/comments?post=3059"}],"version-history":[{"count":1,"href":"https:\/\/dentakdenizsifa.com\/it\/wp-json\/wp\/v2\/pages\/3059\/revisions"}],"predecessor-version":[{"id":3066,"href":"https:\/\/dentakdenizsifa.com\/it\/wp-json\/wp\/v2\/pages\/3059\/revisions\/3066"}],"wp:featuredmedia":[{"embeddable":true,"href":"https:\/\/dentakdenizsifa.com\/it\/wp-json\/wp\/v2\/media\/3065"}],"wp:attachment":[{"href":"https:\/\/dentakdenizsifa.com\/it\/wp-json\/wp\/v2\/media?parent=3059"}],"curies":[{"name":"wp","href":"https:\/\/api.w.org\/{rel}","templated":true}]}}