{"id":3041,"date":"2024-12-15T03:41:52","date_gmt":"2024-12-15T00:41:52","guid":{"rendered":"https:\/\/dentakdenizsifa.com\/endodonzia\/"},"modified":"2025-02-23T06:38:36","modified_gmt":"2025-02-23T03:38:36","slug":"endodonzia","status":"publish","type":"page","link":"https:\/\/dentakdenizsifa.com\/it\/endodonzia\/","title":{"rendered":"Endodonzia"},"content":{"rendered":"\t\t<div data-elementor-type=\"wp-page\" data-elementor-id=\"3041\" class=\"elementor elementor-3041 elementor-204\" data-elementor-post-type=\"page\">\n\t\t\t\t<div class=\"elementor-element elementor-element-db2a9b1 e-flex e-con-boxed e-con e-parent\" data-id=\"db2a9b1\" data-element_type=\"container\" data-e-type=\"container\">\n\t\t\t\t\t<div class=\"e-con-inner\">\n\t\t\t\t<div class=\"elementor-element elementor-element-3b4575e elementor-widget elementor-widget-heading\" data-id=\"3b4575e\" data-element_type=\"widget\" data-e-type=\"widget\" data-widget_type=\"heading.default\">\n\t\t\t\t<div class=\"elementor-widget-container\">\n\t\t\t\t\t<h1 class=\"elementor-heading-title elementor-size-default\">TRATTAMENTO ENDODONTICO<\/h1>\t\t\t\t<\/div>\n\t\t\t\t<\/div>\n\t\t\t\t\t<\/div>\n\t\t\t\t<\/div>\n\t\t<div class=\"elementor-element elementor-element-60066b0 e-flex e-con-boxed e-con e-parent\" data-id=\"60066b0\" data-element_type=\"container\" data-e-type=\"container\">\n\t\t\t\t\t<div class=\"e-con-inner\">\n\t\t\t\t<div class=\"elementor-element elementor-element-704bd19 elementor-widget elementor-widget-text-editor\" data-id=\"704bd19\" data-element_type=\"widget\" data-e-type=\"widget\" data-widget_type=\"text-editor.default\">\n\t\t\t\t<div class=\"elementor-widget-container\">\n\t\t\t\t\t\t\t\t\t<p><img fetchpriority=\"high\" decoding=\"async\" class=\"aligncenter wp-image-206 size-large\" src=\"https:\/\/dentakdenizsifa.com\/wp-content\/uploads\/2024\/12\/endodonti-tedavisi-1024x683.png\" alt=\"\" width=\"800\" height=\"534\" srcset=\"https:\/\/dentakdenizsifa.com\/wp-content\/uploads\/2024\/12\/endodonti-tedavisi-1024x683.png 1024w, https:\/\/dentakdenizsifa.com\/wp-content\/uploads\/2024\/12\/endodonti-tedavisi-300x200.png 300w, https:\/\/dentakdenizsifa.com\/wp-content\/uploads\/2024\/12\/endodonti-tedavisi-768x512.png 768w, https:\/\/dentakdenizsifa.com\/wp-content\/uploads\/2024\/12\/endodonti-tedavisi.png 1200w\" sizes=\"(max-width: 800px) 100vw, 800px\" \/><\/p><p>Il metodo endodontico \u00e8 un tipo di congelamento del dente. In genere, lo scopo dell&#8217;endodonzia \u00e8 quello di salvare il dente dall&#8217;estrazione. Invece di estrarre un dente malato o danneggiato, il dentista esegue un trattamento canalare per garantire che il dente rimanga in bocca a lungo.<\/p><p>Nei casi in cui la polpa dei denti (tessuto vivente che contiene il fascio vascolare nervoso) si infetta a causa di carie non trattate, nei casi in cui la polpa \u00e8 danneggiata da fratture, rotture, traumi e precedenti otturazioni del dente, nei casi in cui la polpa \u00e8 danneggiata a causa del digrignamento dei denti, nei restauri protesici di denti affollati, pu\u00f2 essere necessario un trattamento canalare.<\/p><p>Con lo sviluppo della tecnologia, il trattamento canalare ha smesso di essere un trattamento doloroso e temibile. Il tessuto pulpare del dente viene raggiunto in anestesia locale e il numero di radiografie effettuate durante il trattamento viene ridotto grazie alla misurazione della lunghezza della radice con dispositivi elettronici chiamati localizzatori apicali. Con i sistemi a strumenti rotanti, il canale viene modellato e riempito in modo rapido, confortevole e adeguato. <\/p><p>Nella nostra clinica eseguiamo anche il REZEKS\u0130YON (chirurgia della punta del dente), una procedura chirurgica endodontica che viene eseguita nei casi in cui il trattamento canalare non \u00e8 sufficiente o appropriato.<\/p><p>Inoltre, nella nostra clinica viene applicato anche il trattamento di ritrattamento, che consiste nel rinnovare il trattamento canalare nei casi in cui riteniamo che le otturazioni canalari siano state fatte male e non siano sane, in caso di infiammazione o formazione di ascessi e di dolore sotto un lavoro che \u00e8 stato sottoposto a trattamento canalare.<\/p><p>Come clinica dentale Akdeniz \u015eifa, ci assicuriamo che il trattamento raggiunga un successo ottimale applicando la pi\u00f9 recente tecnologia sviluppata nei nostri trattamenti canalari.<\/p>\t\t\t\t\t\t\t\t<\/div>\n\t\t\t\t<\/div>\n\t\t\t\t\t<\/div>\n\t\t\t\t<\/div>\n\t\t\t\t<\/div>\n\t\t","protected":false},"excerpt":{"rendered":"<p>TRATTAMENTO ENDODONTICO Il metodo endodontico \u00e8 un tipo di congelamento del dente. In genere, lo scopo dell&#8217;endodonzia \u00e8 quello di salvare il dente dall&#8217;estrazione. Invece di estrarre un dente malato o danneggiato, il dentista esegue un trattamento canalare per garantire che il dente rimanga in bocca a lungo. Nei casi in cui la polpa dei [&hellip;]<\/p>\n","protected":false},"author":1,"featured_media":3043,"parent":0,"menu_order":0,"comment_status":"closed","ping_status":"closed","template":"elementor_header_footer","meta":{"footnotes":""},"class_list":["post-3041","page","type-page","status-publish","has-post-thumbnail","hentry"],"_links":{"self":[{"href":"https:\/\/dentakdenizsifa.com\/it\/wp-json\/wp\/v2\/pages\/3041","targetHints":{"allow":["GET"]}}],"collection":[{"href":"https:\/\/dentakdenizsifa.com\/it\/wp-json\/wp\/v2\/pages"}],"about":[{"href":"https:\/\/dentakdenizsifa.com\/it\/wp-json\/wp\/v2\/types\/page"}],"author":[{"embeddable":true,"href":"https:\/\/dentakdenizsifa.com\/it\/wp-json\/wp\/v2\/users\/1"}],"replies":[{"embeddable":true,"href":"https:\/\/dentakdenizsifa.com\/it\/wp-json\/wp\/v2\/comments?post=3041"}],"version-history":[{"count":1,"href":"https:\/\/dentakdenizsifa.com\/it\/wp-json\/wp\/v2\/pages\/3041\/revisions"}],"predecessor-version":[{"id":3046,"href":"https:\/\/dentakdenizsifa.com\/it\/wp-json\/wp\/v2\/pages\/3041\/revisions\/3046"}],"wp:featuredmedia":[{"embeddable":true,"href":"https:\/\/dentakdenizsifa.com\/it\/wp-json\/wp\/v2\/media\/3043"}],"wp:attachment":[{"href":"https:\/\/dentakdenizsifa.com\/it\/wp-json\/wp\/v2\/media?parent=3041"}],"curies":[{"name":"wp","href":"https:\/\/api.w.org\/{rel}","templated":true}]}}