{"id":3012,"date":"2024-12-15T03:47:49","date_gmt":"2024-12-15T00:47:49","guid":{"rendered":"https:\/\/dentakdenizsifa.com\/trattamento-delle-protesi\/"},"modified":"2025-02-23T06:38:35","modified_gmt":"2025-02-23T03:38:35","slug":"trattamento-delle-protesi","status":"publish","type":"page","link":"https:\/\/dentakdenizsifa.com\/it\/trattamento-delle-protesi\/","title":{"rendered":"Trattamento delle protesi"},"content":{"rendered":"\t\t<div data-elementor-type=\"wp-page\" data-elementor-id=\"3012\" class=\"elementor elementor-3012 elementor-227\" data-elementor-post-type=\"page\">\n\t\t\t\t<div class=\"elementor-element elementor-element-1e6d29c e-flex e-con-boxed e-con e-parent\" data-id=\"1e6d29c\" data-element_type=\"container\" data-e-type=\"container\">\n\t\t\t\t\t<div class=\"e-con-inner\">\n\t\t\t\t<div class=\"elementor-element elementor-element-df80673 elementor-widget elementor-widget-heading\" data-id=\"df80673\" data-element_type=\"widget\" data-e-type=\"widget\" data-widget_type=\"heading.default\">\n\t\t\t\t<div class=\"elementor-widget-container\">\n\t\t\t\t\t<h1 class=\"elementor-heading-title elementor-size-default\">TRATTAMENTO DELLA PROTESI<\/h1>\t\t\t\t<\/div>\n\t\t\t\t<\/div>\n\t\t\t\t\t<\/div>\n\t\t\t\t<\/div>\n\t\t<div class=\"elementor-element elementor-element-84ee364 e-flex e-con-boxed e-con e-parent\" data-id=\"84ee364\" data-element_type=\"container\" data-e-type=\"container\">\n\t\t\t\t\t<div class=\"e-con-inner\">\n\t\t\t\t<div class=\"elementor-element elementor-element-c4cf067 elementor-widget elementor-widget-text-editor\" data-id=\"c4cf067\" data-element_type=\"widget\" data-e-type=\"widget\" data-widget_type=\"text-editor.default\">\n\t\t\t\t<div class=\"elementor-widget-container\">\n\t\t\t\t\t\t\t\t\t<p><img fetchpriority=\"high\" decoding=\"async\" class=\"aligncenter wp-image-230 size-large\" src=\"https:\/\/dentakdenizsifa.com\/wp-content\/uploads\/2024\/12\/protez-tedavisi-1024x683.png\" alt=\"\" width=\"800\" height=\"534\" srcset=\"https:\/\/dentakdenizsifa.com\/wp-content\/uploads\/2024\/12\/protez-tedavisi-1024x683.png 1024w, https:\/\/dentakdenizsifa.com\/wp-content\/uploads\/2024\/12\/protez-tedavisi-300x200.png 300w, https:\/\/dentakdenizsifa.com\/wp-content\/uploads\/2024\/12\/protez-tedavisi-768x512.png 768w, https:\/\/dentakdenizsifa.com\/wp-content\/uploads\/2024\/12\/protez-tedavisi.png 1200w\" sizes=\"(max-width: 800px) 100vw, 800px\" \/><\/p><p>L&#8217;obiettivo \u00e8 quello di recuperare l&#8217;estetica, la fonazione e la funzionalit\u00e0 che il paziente ha perso, ricostruendo i denti persi e i tessuti intraorali circostanti.<\/p><p>opzioni di trattamento in ambito odontoiatrico protesico.<\/p><p>Protesi fisse:<\/p><p>Le protesi realizzate e incollate o avvitate su denti naturali o su impianti sono incluse in questo gruppo.<\/p><p>Rispetto alle protesi rimovibili, sono pi\u00f9 facilmente accettate dal paziente e non possono essere rimosse da quest&#8217;ultimo. Nella protesi si cerca di recuperare le funzioni perse dal paziente e, allo stesso tempo, si mira a correggere il linguaggio compromesso e a migliorare l&#8217;aspetto estetico.<\/p><p>Con lo sviluppo della tecnologia, alle soluzioni cliniche si sono aggiunte le applicazioni di protesi fisse, che possono imitare l&#8217;aspetto naturale con molte applicazioni diverse. Esistono tipi di protesi, faccette in porcellana supportate da metallo, emax, faccette in zirconio, faccette laminate, protesi fisse supportate da impianti. Il tuo medico ti consiglier\u00e0 quella pi\u00f9 adatta.<\/p><p>Protesi attaccate di precisione<\/p><p>\u00c8 un tipo di protesi dentale che si applica nei casi in cui mancano molti denti e non \u00e8 possibile effettuare il trattamento con le protesi fisse. \u00c8 anche conosciuta come protesi a scatto per via dei fermi nascosti che si inseriscono nelle fessure preparate nei denti.<\/p><p>Le parti delle protesi di precisione che si inseriscono nelle cavit\u00e0 impediscono alla protesi di staccarsi, quindi non si muovono mentre si mangia; inoltre, con il tempo, pu\u00f2 verificarsi un allentamento dei legamenti sensibili, nel qual caso le gomme possono essere facilmente sostituite.<\/p><p>Poich\u00e9 le parti delle protesi di precisione che ricevono supporto dai denti si trovano all&#8217;interno della protesi, sono molto pi\u00f9 estetiche delle protesi ad uncino. Le protesi rimovibili sottopongono i denti a traumi quando vengono inserite e rimosse e possono causare la fusione dell&#8217;osso mascellare. Per questo motivo, gli impianti dentali devono essere inseriti nell&#8217;osso mascellare in assenza di un gran numero di denti.<\/p><p>Protesi rimovibile<\/p><p>Si tratta di apparecchi utilizzati per il trattamento di uno o pi\u00f9 denti mancanti, che possono essere facilmente inseriti e rimossi quando il paziente lo desidera. Le protesi totali, le protesi parziali e le protesi immediate si distinguono in.<\/p><p>Le protesi totali sono protesi realizzate in acrilico, che vengono sostenute dal tessuto osseo rimasto nelle arcate superiori e inferiori quando non ci sono pi\u00f9 denti naturali in bocca.<\/p><p>Le protesi parziali sono protesi rimovibili realizzate nei casi in cui sono presenti alcuni denti naturali e alcuni di essi sono stati estratti. Questi tipi di protesi prevedono la ritenzione con fili a crochet collegati ai denti principali. I pazienti che ritengono che questo aspetto dei fili non sia estetico, se ci sono le condizioni necessarie, possono realizzare protesi estetiche con connessione sensibile.<\/p><p>Le protesi immediate sono protesi che vengono preparate e inserite nella bocca del paziente in breve tempo, senza attendere la guarigione, nel caso in cui tutti i denti principali siano stati estratti, quando il paziente non vuole rimanere senza denti o quando sono stati inseriti degli impianti ma \u00e8 necessario un periodo di attesa.<\/p><p>La migliore alternativa alle classiche protesi rimovibili \u00e8 rappresentata dalle protesi su impianti. Con il processo implantare, aumentano sia la ritenzione che la stabilit\u00e0 delle protesi.<\/p><p>Protesi supportate da impianti:<\/p><p>Si tratta di un metodo applicato a pazienti con carenza di denti o completamente privi di denti. Questa procedura pu\u00f2 essere facilmente applicata a pazienti con una struttura ossea dentale sufficiente.<\/p><p>Le protesi supportate da impianti sono preparate in dimensioni pi\u00f9 piccole rispetto alle protesi tradizionali. Questo facilita la compliance del paziente con la protesi. Le protesi supportate da impianti hanno una maggiore resistenza alla forza masticatoria.  <\/p>\t\t\t\t\t\t\t\t<\/div>\n\t\t\t\t<\/div>\n\t\t\t\t\t<\/div>\n\t\t\t\t<\/div>\n\t\t\t\t<\/div>\n\t\t","protected":false},"excerpt":{"rendered":"<p>TRATTAMENTO DELLA PROTESI L&#8217;obiettivo \u00e8 quello di recuperare l&#8217;estetica, la fonazione e la funzionalit\u00e0 che il paziente ha perso, ricostruendo i denti persi e i tessuti intraorali circostanti. opzioni di trattamento in ambito odontoiatrico protesico. Protesi fisse: Le protesi realizzate e incollate o avvitate su denti naturali o su impianti sono incluse in questo gruppo. [&hellip;]<\/p>\n","protected":false},"author":1,"featured_media":3016,"parent":0,"menu_order":0,"comment_status":"closed","ping_status":"closed","template":"elementor_header_footer","meta":{"footnotes":""},"class_list":["post-3012","page","type-page","status-publish","has-post-thumbnail","hentry"],"_links":{"self":[{"href":"https:\/\/dentakdenizsifa.com\/it\/wp-json\/wp\/v2\/pages\/3012","targetHints":{"allow":["GET"]}}],"collection":[{"href":"https:\/\/dentakdenizsifa.com\/it\/wp-json\/wp\/v2\/pages"}],"about":[{"href":"https:\/\/dentakdenizsifa.com\/it\/wp-json\/wp\/v2\/types\/page"}],"author":[{"embeddable":true,"href":"https:\/\/dentakdenizsifa.com\/it\/wp-json\/wp\/v2\/users\/1"}],"replies":[{"embeddable":true,"href":"https:\/\/dentakdenizsifa.com\/it\/wp-json\/wp\/v2\/comments?post=3012"}],"version-history":[{"count":1,"href":"https:\/\/dentakdenizsifa.com\/it\/wp-json\/wp\/v2\/pages\/3012\/revisions"}],"predecessor-version":[{"id":3017,"href":"https:\/\/dentakdenizsifa.com\/it\/wp-json\/wp\/v2\/pages\/3012\/revisions\/3017"}],"wp:featuredmedia":[{"embeddable":true,"href":"https:\/\/dentakdenizsifa.com\/it\/wp-json\/wp\/v2\/media\/3016"}],"wp:attachment":[{"href":"https:\/\/dentakdenizsifa.com\/it\/wp-json\/wp\/v2\/media?parent=3012"}],"curies":[{"name":"wp","href":"https:\/\/api.w.org\/{rel}","templated":true}]}}