{"id":3004,"date":"2024-12-15T04:09:05","date_gmt":"2024-12-15T01:09:05","guid":{"rendered":"https:\/\/dentakdenizsifa.com\/trattamento-di-rivestimento-della-lamina\/"},"modified":"2025-02-23T06:38:22","modified_gmt":"2025-02-23T03:38:22","slug":"trattamento-di-rivestimento-della-lamina","status":"publish","type":"page","link":"https:\/\/dentakdenizsifa.com\/it\/trattamento-di-rivestimento-della-lamina\/","title":{"rendered":"Trattamento di rivestimento della lamina"},"content":{"rendered":"\t\t<div data-elementor-type=\"wp-page\" data-elementor-id=\"3004\" class=\"elementor elementor-3004 elementor-266\" data-elementor-post-type=\"page\">\n\t\t\t\t<div class=\"elementor-element elementor-element-913e404 e-flex e-con-boxed e-con e-parent\" data-id=\"913e404\" data-element_type=\"container\" data-e-type=\"container\">\n\t\t\t\t\t<div class=\"e-con-inner\">\n\t\t\t\t<div class=\"elementor-element elementor-element-46880af elementor-widget elementor-widget-heading\" data-id=\"46880af\" data-element_type=\"widget\" data-e-type=\"widget\" data-widget_type=\"heading.default\">\n\t\t\t\t<div class=\"elementor-widget-container\">\n\t\t\t\t\t<h1 class=\"elementor-heading-title elementor-size-default\">TRATTAMENTO DI RIVESTIMENTO IN LAMINA<\/h1>\t\t\t\t<\/div>\n\t\t\t\t<\/div>\n\t\t\t\t\t<\/div>\n\t\t\t\t<\/div>\n\t\t<div class=\"elementor-element elementor-element-6e59024 e-flex e-con-boxed e-con e-parent\" data-id=\"6e59024\" data-element_type=\"container\" data-e-type=\"container\">\n\t\t\t\t\t<div class=\"e-con-inner\">\n\t\t\t\t<div class=\"elementor-element elementor-element-58c7a67 elementor-widget elementor-widget-text-editor\" data-id=\"58c7a67\" data-element_type=\"widget\" data-e-type=\"widget\" data-widget_type=\"text-editor.default\">\n\t\t\t\t<div class=\"elementor-widget-container\">\n\t\t\t\t\t\t\t\t\t<p><img fetchpriority=\"high\" decoding=\"async\" class=\"aligncenter wp-image-270 size-large\" src=\"https:\/\/dentakdenizsifa.com\/wp-content\/uploads\/2024\/12\/lamine-1024x683.png\" alt=\"\" width=\"800\" height=\"534\" srcset=\"https:\/\/dentakdenizsifa.com\/wp-content\/uploads\/2024\/12\/lamine-1024x683.png 1024w, https:\/\/dentakdenizsifa.com\/wp-content\/uploads\/2024\/12\/lamine-300x200.png 300w, https:\/\/dentakdenizsifa.com\/wp-content\/uploads\/2024\/12\/lamine-768x512.png 768w, https:\/\/dentakdenizsifa.com\/wp-content\/uploads\/2024\/12\/lamine.png 1200w\" sizes=\"(max-width: 800px) 100vw, 800px\" \/><\/p><p>Il trattamento con porcellana a foglia (laminata), che pu\u00f2 essere applicato nei casi in cui la forma strutturale \u00e8 irregolare, separata e dove non \u00e8 possibile ottenere un effetto sufficiente con lo sbiancamento, \u00e8 un metodo che dona un bianco naturale ai denti e permette ai pazienti di avere un sorriso estetico.<\/p><p>In questo metodo, un sottile strato di porcellana appositamente preparato per il paziente viene posizionato sulla superficie anteriore dei denti.<\/p><p>Poich\u00e9 durante la procedura viene utilizzato un materiale speciale come adesivo, non \u00e8 possibile che le faccette si stacchino o si separino dalla superficie del dente per qualsiasi motivo.<\/p><p>Lo strato di porcellana applicato ai pazienti \u00e8 resistente alle macchie e all&#8217;abrasione. Pertanto, pu\u00f2 essere utilizzato per molti anni con una regolare e corretta igiene orale. <\/p>\t\t\t\t\t\t\t\t<\/div>\n\t\t\t\t<\/div>\n\t\t\t\t\t<\/div>\n\t\t\t\t<\/div>\n\t\t\t\t<\/div>\n\t\t","protected":false},"excerpt":{"rendered":"<p>TRATTAMENTO DI RIVESTIMENTO IN LAMINA Il trattamento con porcellana a foglia (laminata), che pu\u00f2 essere applicato nei casi in cui la forma strutturale \u00e8 irregolare, separata e dove non \u00e8 possibile ottenere un effetto sufficiente con lo sbiancamento, \u00e8 un metodo che dona un bianco naturale ai denti e permette ai pazienti di avere un [&hellip;]<\/p>\n","protected":false},"author":1,"featured_media":3007,"parent":0,"menu_order":0,"comment_status":"closed","ping_status":"closed","template":"elementor_header_footer","meta":{"footnotes":""},"class_list":["post-3004","page","type-page","status-publish","has-post-thumbnail","hentry"],"_links":{"self":[{"href":"https:\/\/dentakdenizsifa.com\/it\/wp-json\/wp\/v2\/pages\/3004","targetHints":{"allow":["GET"]}}],"collection":[{"href":"https:\/\/dentakdenizsifa.com\/it\/wp-json\/wp\/v2\/pages"}],"about":[{"href":"https:\/\/dentakdenizsifa.com\/it\/wp-json\/wp\/v2\/types\/page"}],"author":[{"embeddable":true,"href":"https:\/\/dentakdenizsifa.com\/it\/wp-json\/wp\/v2\/users\/1"}],"replies":[{"embeddable":true,"href":"https:\/\/dentakdenizsifa.com\/it\/wp-json\/wp\/v2\/comments?post=3004"}],"version-history":[{"count":1,"href":"https:\/\/dentakdenizsifa.com\/it\/wp-json\/wp\/v2\/pages\/3004\/revisions"}],"predecessor-version":[{"id":3008,"href":"https:\/\/dentakdenizsifa.com\/it\/wp-json\/wp\/v2\/pages\/3004\/revisions\/3008"}],"wp:featuredmedia":[{"embeddable":true,"href":"https:\/\/dentakdenizsifa.com\/it\/wp-json\/wp\/v2\/media\/3007"}],"wp:attachment":[{"href":"https:\/\/dentakdenizsifa.com\/it\/wp-json\/wp\/v2\/media?parent=3004"}],"curies":[{"name":"wp","href":"https:\/\/api.w.org\/{rel}","templated":true}]}}