{"id":3001,"date":"2024-12-15T03:50:41","date_gmt":"2024-12-15T00:50:41","guid":{"rendered":"https:\/\/dentakdenizsifa.com\/diagnosi-orale\/"},"modified":"2025-02-23T06:38:23","modified_gmt":"2025-02-23T03:38:23","slug":"diagnosi-orale","status":"publish","type":"page","link":"https:\/\/dentakdenizsifa.com\/it\/diagnosi-orale\/","title":{"rendered":"Diagnosi orale"},"content":{"rendered":"\t\t<div data-elementor-type=\"wp-page\" data-elementor-id=\"3001\" class=\"elementor elementor-3001 elementor-237\" data-elementor-post-type=\"page\">\n\t\t\t\t<div class=\"elementor-element elementor-element-c8a0128 e-flex e-con-boxed e-con e-parent\" data-id=\"c8a0128\" data-element_type=\"container\" data-e-type=\"container\">\n\t\t\t\t\t<div class=\"e-con-inner\">\n\t\t\t\t<div class=\"elementor-element elementor-element-189673f elementor-widget elementor-widget-heading\" data-id=\"189673f\" data-element_type=\"widget\" data-e-type=\"widget\" data-widget_type=\"heading.default\">\n\t\t\t\t<div class=\"elementor-widget-container\">\n\t\t\t\t\t<h1 class=\"elementor-heading-title elementor-size-default\">DIAGNOSI ORALE TRATTAMENTO<\/h1>\t\t\t\t<\/div>\n\t\t\t\t<\/div>\n\t\t\t\t\t<\/div>\n\t\t\t\t<\/div>\n\t\t<div class=\"elementor-element elementor-element-6cf8dc4 e-flex e-con-boxed e-con e-parent\" data-id=\"6cf8dc4\" data-element_type=\"container\" data-e-type=\"container\">\n\t\t\t\t\t<div class=\"e-con-inner\">\n\t\t\t\t<div class=\"elementor-element elementor-element-24c55e3 elementor-widget elementor-widget-text-editor\" data-id=\"24c55e3\" data-element_type=\"widget\" data-e-type=\"widget\" data-widget_type=\"text-editor.default\">\n\t\t\t\t<div class=\"elementor-widget-container\">\n\t\t\t\t\t\t\t\t\t<p><img fetchpriority=\"high\" decoding=\"async\" class=\"aligncenter wp-image-243 size-large\" src=\"https:\/\/dentakdenizsifa.com\/wp-content\/uploads\/2024\/12\/oral-diagnoz-tedavisi-1024x683.png\" alt=\"\" width=\"800\" height=\"534\" srcset=\"https:\/\/dentakdenizsifa.com\/wp-content\/uploads\/2024\/12\/oral-diagnoz-tedavisi-1024x683.png 1024w, https:\/\/dentakdenizsifa.com\/wp-content\/uploads\/2024\/12\/oral-diagnoz-tedavisi-300x200.png 300w, https:\/\/dentakdenizsifa.com\/wp-content\/uploads\/2024\/12\/oral-diagnoz-tedavisi-768x512.png 768w, https:\/\/dentakdenizsifa.com\/wp-content\/uploads\/2024\/12\/oral-diagnoz-tedavisi.png 1200w\" sizes=\"(max-width: 800px) 100vw, 800px\" \/><\/p><p>I trattamenti odontoiatrici sono molto vari e molti pazienti possono richiedere pi\u00f9 di un trattamento. Questi trattamenti devono essere pianificati correttamente. Allo stesso tempo, si decide quale trattamento deve avere la priorit\u00e0.  <\/p><p>La base della pianificazione del trattamento \u00e8 la diagnosi corretta. La cosa pi\u00f9 importante per raggiungere la diagnosi corretta \u00e8 l&#8217;esperienza.<\/p><p>A questo scopo si utilizzano l&#8217;esame intraorale, l&#8217;imaging panoramico e peri apicale, la tomografia volumetrica dentale.<\/p><p>\u00c8 chiaro che l&#8217;area della bocca, della mascella e del viso non \u00e8 una regione indipendente dal corpo umano. Diverse malattie sistemiche provocano sintomi all&#8217;interno e intorno alla bocca. Quando si conoscono malattie sistemiche come il diabete, le cardiopatie e l&#8217;ipertensione che influiscono negativamente sui trattamenti odontoiatrici programmati, \u00e8 necessario che durante la prima visita il paziente venga indirizzato verso lo specialista di riferimento.<\/p><p>Ogni problema della bocca deve essere esaminato con attenzione e deve essere fatta la diagnosi pi\u00f9 accurata e completa, e soprattutto, dato che la diagnosi determiner\u00e0 il trattamento, questo processo \u00e8 portato avanti dal nostro medico capo con 25 anni di esperienza, il dottor Bekir Er, e dai nostri medici, ognuno esperto nel proprio campo.<\/p><p>Secondo i sondaggi sulla soddisfazione, le aspettative dei pazienti nei confronti della clinica in cui ricevono le cure sono le seguenti:<\/p><p>Diagnosi corretta, trattamento corretto, professionisti della salute competenti, qualificati e abili, rispetto, servizio attento, servizio amichevole, servizio tempestivo, ambiente pulito, prezzo ragionevole.<\/p><p>Come Policlinico Akdeniz \u015eifa, il nostro obiettivo \u00e8 garantire che ogni paziente sia nelle migliori condizioni e in mani affidabili&#8230; Per questo, la nostra clinica ti offre un servizio sanitario di alta qualit\u00e0, oltre a un volto sorridente, un ambiente spazioso dove ti sentirai sempre speciale a un prezzo ragionevole.<\/p>\t\t\t\t\t\t\t\t<\/div>\n\t\t\t\t<\/div>\n\t\t\t\t\t<\/div>\n\t\t\t\t<\/div>\n\t\t\t\t<\/div>\n\t\t","protected":false},"excerpt":{"rendered":"<p>DIAGNOSI ORALE TRATTAMENTO I trattamenti odontoiatrici sono molto vari e molti pazienti possono richiedere pi\u00f9 di un trattamento. Questi trattamenti devono essere pianificati correttamente. Allo stesso tempo, si decide quale trattamento deve avere la priorit\u00e0. La base della pianificazione del trattamento \u00e8 la diagnosi corretta. La cosa pi\u00f9 importante per raggiungere la diagnosi corretta \u00e8 [&hellip;]<\/p>\n","protected":false},"author":1,"featured_media":3003,"parent":0,"menu_order":0,"comment_status":"closed","ping_status":"closed","template":"elementor_header_footer","meta":{"footnotes":""},"class_list":["post-3001","page","type-page","status-publish","has-post-thumbnail","hentry"],"_links":{"self":[{"href":"https:\/\/dentakdenizsifa.com\/it\/wp-json\/wp\/v2\/pages\/3001","targetHints":{"allow":["GET"]}}],"collection":[{"href":"https:\/\/dentakdenizsifa.com\/it\/wp-json\/wp\/v2\/pages"}],"about":[{"href":"https:\/\/dentakdenizsifa.com\/it\/wp-json\/wp\/v2\/types\/page"}],"author":[{"embeddable":true,"href":"https:\/\/dentakdenizsifa.com\/it\/wp-json\/wp\/v2\/users\/1"}],"replies":[{"embeddable":true,"href":"https:\/\/dentakdenizsifa.com\/it\/wp-json\/wp\/v2\/comments?post=3001"}],"version-history":[{"count":1,"href":"https:\/\/dentakdenizsifa.com\/it\/wp-json\/wp\/v2\/pages\/3001\/revisions"}],"predecessor-version":[{"id":3005,"href":"https:\/\/dentakdenizsifa.com\/it\/wp-json\/wp\/v2\/pages\/3001\/revisions\/3005"}],"wp:featuredmedia":[{"embeddable":true,"href":"https:\/\/dentakdenizsifa.com\/it\/wp-json\/wp\/v2\/media\/3003"}],"wp:attachment":[{"href":"https:\/\/dentakdenizsifa.com\/it\/wp-json\/wp\/v2\/media?parent=3001"}],"curies":[{"name":"wp","href":"https:\/\/api.w.org\/{rel}","templated":true}]}}