{"id":2993,"date":"2024-12-15T04:11:10","date_gmt":"2024-12-15T01:11:10","guid":{"rendered":"https:\/\/dentakdenizsifa.com\/trattamento-dello-zirconio\/"},"modified":"2025-02-23T06:38:22","modified_gmt":"2025-02-23T03:38:22","slug":"trattamento-dello-zirconio","status":"publish","type":"page","link":"https:\/\/dentakdenizsifa.com\/it\/trattamento-dello-zirconio\/","title":{"rendered":"Trattamento dello zirconio"},"content":{"rendered":"\t\t<div data-elementor-type=\"wp-page\" data-elementor-id=\"2993\" class=\"elementor elementor-2993 elementor-282\" data-elementor-post-type=\"page\">\n\t\t\t\t<div class=\"elementor-element elementor-element-c127f5a e-flex e-con-boxed e-con e-parent\" data-id=\"c127f5a\" data-element_type=\"container\" data-e-type=\"container\">\n\t\t\t\t\t<div class=\"e-con-inner\">\n\t\t\t\t<div class=\"elementor-element elementor-element-83a1614 elementor-widget elementor-widget-heading\" data-id=\"83a1614\" data-element_type=\"widget\" data-e-type=\"widget\" data-widget_type=\"heading.default\">\n\t\t\t\t<div class=\"elementor-widget-container\">\n\t\t\t\t\t<h1 class=\"elementor-heading-title elementor-size-default\">TRATTAMENTO ALLO ZIRCONIO<\/h1>\t\t\t\t<\/div>\n\t\t\t\t<\/div>\n\t\t\t\t\t<\/div>\n\t\t\t\t<\/div>\n\t\t<div class=\"elementor-element elementor-element-e3c550d e-flex e-con-boxed e-con e-parent\" data-id=\"e3c550d\" data-element_type=\"container\" data-e-type=\"container\">\n\t\t\t\t\t<div class=\"e-con-inner\">\n\t\t\t\t<div class=\"elementor-element elementor-element-153979f elementor-widget elementor-widget-text-editor\" data-id=\"153979f\" data-element_type=\"widget\" data-e-type=\"widget\" data-widget_type=\"text-editor.default\">\n\t\t\t\t<div class=\"elementor-widget-container\">\n\t\t\t\t\t\t\t\t\t<p><img fetchpriority=\"high\" decoding=\"async\" class=\"aligncenter wp-image-269 size-large\" src=\"https:\/\/dentakdenizsifa.com\/wp-content\/uploads\/2024\/12\/zirkonyum-1024x683.png\" alt=\"\" width=\"800\" height=\"534\" srcset=\"https:\/\/dentakdenizsifa.com\/wp-content\/uploads\/2024\/12\/zirkonyum-1024x683.png 1024w, https:\/\/dentakdenizsifa.com\/wp-content\/uploads\/2024\/12\/zirkonyum-300x200.png 300w, https:\/\/dentakdenizsifa.com\/wp-content\/uploads\/2024\/12\/zirkonyum-768x512.png 768w, https:\/\/dentakdenizsifa.com\/wp-content\/uploads\/2024\/12\/zirkonyum.png 1200w\" sizes=\"(max-width: 800px) 100vw, 800px\" \/><\/p><p>Per evitare la perdita completa di denti deformati e usurati a causa di vari motivi, le faccette vengono spesso applicate dai dentisti. Queste procedure di rivestimento possono essere eseguite per scopi estetici, in caso di fratture o denti mancanti, in caso di carie che non possono essere trattate con le normali otturazioni. <\/p><p>Affinch\u00e9 il dente riacquisti il suo aspetto precedente, il processo di rivestimento viene applicato utilizzando materiali metallici o non metallici. Si tratta di materiali come la ceramica, la porcellana e lo zirconio. <\/p><p>La trasmittanza luminosa del materiale in zirconio utilizzato per il rivestimento dei denti \u00e8 superiore a quella dei rivestimenti con supporto metallico. In questo modo, ha un aspetto pi\u00f9 naturale. Inoltre, lo zirconio \u00e8 un materiale pi\u00f9 sano per le gengive e riduce al minimo le macchie causate dal fumo o da altri motivi.  <\/p><p>Non provoca alito cattivo e non causa alterazioni del gusto in bocca. Grazie alla sua resistenza al calore, \u00e8 un&#8217;opzione migliore per i pazienti con sensibilit\u00e0. <\/p>\t\t\t\t\t\t\t\t<\/div>\n\t\t\t\t<\/div>\n\t\t\t\t\t<\/div>\n\t\t\t\t<\/div>\n\t\t\t\t<\/div>\n\t\t","protected":false},"excerpt":{"rendered":"<p>TRATTAMENTO ALLO ZIRCONIO Per evitare la perdita completa di denti deformati e usurati a causa di vari motivi, le faccette vengono spesso applicate dai dentisti. Queste procedure di rivestimento possono essere eseguite per scopi estetici, in caso di fratture o denti mancanti, in caso di carie che non possono essere trattate con le normali otturazioni. [&hellip;]<\/p>\n","protected":false},"author":1,"featured_media":2995,"parent":0,"menu_order":0,"comment_status":"closed","ping_status":"closed","template":"elementor_header_footer","meta":{"footnotes":""},"class_list":["post-2993","page","type-page","status-publish","has-post-thumbnail","hentry"],"_links":{"self":[{"href":"https:\/\/dentakdenizsifa.com\/it\/wp-json\/wp\/v2\/pages\/2993","targetHints":{"allow":["GET"]}}],"collection":[{"href":"https:\/\/dentakdenizsifa.com\/it\/wp-json\/wp\/v2\/pages"}],"about":[{"href":"https:\/\/dentakdenizsifa.com\/it\/wp-json\/wp\/v2\/types\/page"}],"author":[{"embeddable":true,"href":"https:\/\/dentakdenizsifa.com\/it\/wp-json\/wp\/v2\/users\/1"}],"replies":[{"embeddable":true,"href":"https:\/\/dentakdenizsifa.com\/it\/wp-json\/wp\/v2\/comments?post=2993"}],"version-history":[{"count":1,"href":"https:\/\/dentakdenizsifa.com\/it\/wp-json\/wp\/v2\/pages\/2993\/revisions"}],"predecessor-version":[{"id":2996,"href":"https:\/\/dentakdenizsifa.com\/it\/wp-json\/wp\/v2\/pages\/2993\/revisions\/2996"}],"wp:featuredmedia":[{"embeddable":true,"href":"https:\/\/dentakdenizsifa.com\/it\/wp-json\/wp\/v2\/media\/2995"}],"wp:attachment":[{"href":"https:\/\/dentakdenizsifa.com\/it\/wp-json\/wp\/v2\/media?parent=2993"}],"curies":[{"name":"wp","href":"https:\/\/api.w.org\/{rel}","templated":true}]}}