{"id":2987,"date":"2024-12-15T03:58:47","date_gmt":"2024-12-15T00:58:47","guid":{"rendered":"https:\/\/dentakdenizsifa.com\/trattamenti-conservativi\/"},"modified":"2025-02-23T06:38:23","modified_gmt":"2025-02-23T03:38:23","slug":"trattamenti-conservativi","status":"publish","type":"page","link":"https:\/\/dentakdenizsifa.com\/it\/trattamenti-conservativi\/","title":{"rendered":"Trattamenti conservativi"},"content":{"rendered":"\t\t<div data-elementor-type=\"wp-page\" data-elementor-id=\"2987\" class=\"elementor elementor-2987 elementor-253\" data-elementor-post-type=\"page\">\n\t\t\t\t<div class=\"elementor-element elementor-element-279d616 e-flex e-con-boxed e-con e-parent\" data-id=\"279d616\" data-element_type=\"container\" data-e-type=\"container\">\n\t\t\t\t\t<div class=\"e-con-inner\">\n\t\t\t\t<div class=\"elementor-element elementor-element-ce73ad4 elementor-widget elementor-widget-heading\" data-id=\"ce73ad4\" data-element_type=\"widget\" data-e-type=\"widget\" data-widget_type=\"heading.default\">\n\t\t\t\t<div class=\"elementor-widget-container\">\n\t\t\t\t\t<h1 class=\"elementor-heading-title elementor-size-default\">TRATTAMENTO CONSERVATIVO<\/h1>\t\t\t\t<\/div>\n\t\t\t\t<\/div>\n\t\t\t\t\t<\/div>\n\t\t\t\t<\/div>\n\t\t<div class=\"elementor-element elementor-element-df33e74 e-flex e-con-boxed e-con e-parent\" data-id=\"df33e74\" data-element_type=\"container\" data-e-type=\"container\">\n\t\t\t\t\t<div class=\"e-con-inner\">\n\t\t\t\t<div class=\"elementor-element elementor-element-024268d elementor-widget elementor-widget-text-editor\" data-id=\"024268d\" data-element_type=\"widget\" data-e-type=\"widget\" data-widget_type=\"text-editor.default\">\n\t\t\t\t<div class=\"elementor-widget-container\">\n\t\t\t\t\t\t\t\t\t<p><img fetchpriority=\"high\" decoding=\"async\" class=\"aligncenter wp-image-255 size-large\" src=\"https:\/\/dentakdenizsifa.com\/wp-content\/uploads\/2024\/12\/konservatif-tedaviler-1024x683.png\" alt=\"\" width=\"800\" height=\"534\" srcset=\"https:\/\/dentakdenizsifa.com\/wp-content\/uploads\/2024\/12\/konservatif-tedaviler-1024x683.png 1024w, https:\/\/dentakdenizsifa.com\/wp-content\/uploads\/2024\/12\/konservatif-tedaviler-300x200.png 300w, https:\/\/dentakdenizsifa.com\/wp-content\/uploads\/2024\/12\/konservatif-tedaviler-768x512.png 768w, https:\/\/dentakdenizsifa.com\/wp-content\/uploads\/2024\/12\/konservatif-tedaviler.png 1200w\" sizes=\"(max-width: 800px) 100vw, 800px\" \/><\/p><p>Copre tutte le applicazioni relative ai trattamenti dentali. I principali di questi trattamenti: <\/p><p>a- Laminati in composito: I laminati in composito sono restauri estetici e cosmetici realizzati con materiale composito sulle superfici anteriori dei denti per modificarne il colore, la forma, ingrandire o trattare un difetto e dare un aspetto estetico ai denti senza danneggiarli.<\/p><p>Procedura:<\/p><p>Utilizziamo il laminato composito nelle otturazioni estetiche dei denti anteriori, nei casi in cui c&#8217;\u00e8 uno spazio tra i denti (diastema), nella riparazione di denti cariati e rotti per qualsiasi motivo, quando dobbiamo cambiare il colore del dente. La caratteristica pi\u00f9 importante di questa applicazione \u00e8 che pu\u00f2 essere eseguita in un&#8217;unica seduta ed \u00e8 molto economica. <\/p><p>b-Otturazioni estetiche: Si tratta di ottenere un aspetto pi\u00f9 naturale ed estetico utilizzando materiale composito nei denti e materiale da otturazione con il colore dei denti della persona. L&#8217;otturazione in composito si indurisce con la luce alogena e si lega chimicamente al dente. \u00c8 molto pi\u00f9 duratura, estetica e sana delle otturazioni in amalgama.<\/p><p>c-Ostuccature in ceramica e onlay: utilizziamo questi restauri in caso di carie di grandi dimensioni e di perdita eccessiva di materiale. Gli intarsi e gli onlay sono una soluzione intermedia tra l&#8217;otturazione e la corona (veneer). <\/p><p>Gli intarsi o gli onlay vengono utilizzati quando non c&#8217;\u00e8 abbastanza struttura dentale per sostenere l&#8217;otturazione e il dente non \u00e8 abbastanza danneggiato per essere coperto da una corona. Sono otturazioni dentali a base di porcellana preparate da un odontotecnico in laboratorio. <\/p>\t\t\t\t\t\t\t\t<\/div>\n\t\t\t\t<\/div>\n\t\t\t\t\t<\/div>\n\t\t\t\t<\/div>\n\t\t\t\t<\/div>\n\t\t","protected":false},"excerpt":{"rendered":"<p>TRATTAMENTO CONSERVATIVO Copre tutte le applicazioni relative ai trattamenti dentali. I principali di questi trattamenti: a- Laminati in composito: I laminati in composito sono restauri estetici e cosmetici realizzati con materiale composito sulle superfici anteriori dei denti per modificarne il colore, la forma, ingrandire o trattare un difetto e dare un aspetto estetico ai denti [&hellip;]<\/p>\n","protected":false},"author":1,"featured_media":2990,"parent":0,"menu_order":0,"comment_status":"closed","ping_status":"closed","template":"elementor_header_footer","meta":{"footnotes":""},"class_list":["post-2987","page","type-page","status-publish","has-post-thumbnail","hentry"],"_links":{"self":[{"href":"https:\/\/dentakdenizsifa.com\/it\/wp-json\/wp\/v2\/pages\/2987","targetHints":{"allow":["GET"]}}],"collection":[{"href":"https:\/\/dentakdenizsifa.com\/it\/wp-json\/wp\/v2\/pages"}],"about":[{"href":"https:\/\/dentakdenizsifa.com\/it\/wp-json\/wp\/v2\/types\/page"}],"author":[{"embeddable":true,"href":"https:\/\/dentakdenizsifa.com\/it\/wp-json\/wp\/v2\/users\/1"}],"replies":[{"embeddable":true,"href":"https:\/\/dentakdenizsifa.com\/it\/wp-json\/wp\/v2\/comments?post=2987"}],"version-history":[{"count":1,"href":"https:\/\/dentakdenizsifa.com\/it\/wp-json\/wp\/v2\/pages\/2987\/revisions"}],"predecessor-version":[{"id":2992,"href":"https:\/\/dentakdenizsifa.com\/it\/wp-json\/wp\/v2\/pages\/2987\/revisions\/2992"}],"wp:featuredmedia":[{"embeddable":true,"href":"https:\/\/dentakdenizsifa.com\/it\/wp-json\/wp\/v2\/media\/2990"}],"wp:attachment":[{"href":"https:\/\/dentakdenizsifa.com\/it\/wp-json\/wp\/v2\/media?parent=2987"}],"curies":[{"name":"wp","href":"https:\/\/api.w.org\/{rel}","templated":true}]}}