{"id":2980,"date":"2024-12-15T04:12:36","date_gmt":"2024-12-15T01:12:36","guid":{"rendered":"https:\/\/dentakdenizsifa.com\/trattamento-e-max\/"},"modified":"2025-02-23T06:38:22","modified_gmt":"2025-02-23T03:38:22","slug":"trattamento-e-max","status":"publish","type":"page","link":"https:\/\/dentakdenizsifa.com\/it\/trattamento-e-max\/","title":{"rendered":"Trattamento E-Max"},"content":{"rendered":"\t\t<div data-elementor-type=\"wp-page\" data-elementor-id=\"2980\" class=\"elementor elementor-2980 elementor-287\" data-elementor-post-type=\"page\">\n\t\t\t\t<div class=\"elementor-element elementor-element-3c734c2 e-flex e-con-boxed e-con e-parent\" data-id=\"3c734c2\" data-element_type=\"container\" data-e-type=\"container\">\n\t\t\t\t\t<div class=\"e-con-inner\">\n\t\t\t\t<div class=\"elementor-element elementor-element-68bedf5 elementor-widget elementor-widget-heading\" data-id=\"68bedf5\" data-element_type=\"widget\" data-e-type=\"widget\" data-widget_type=\"heading.default\">\n\t\t\t\t<div class=\"elementor-widget-container\">\n\t\t\t\t\t<h1 class=\"elementor-heading-title elementor-size-default\">TRATTAMENTO E-MAX<\/h1>\t\t\t\t<\/div>\n\t\t\t\t<\/div>\n\t\t\t\t\t<\/div>\n\t\t\t\t<\/div>\n\t\t<div class=\"elementor-element elementor-element-07feeb8 e-flex e-con-boxed e-con e-parent\" data-id=\"07feeb8\" data-element_type=\"container\" data-e-type=\"container\">\n\t\t\t\t\t<div class=\"e-con-inner\">\n\t\t\t\t<div class=\"elementor-element elementor-element-cbc116c elementor-widget elementor-widget-text-editor\" data-id=\"cbc116c\" data-element_type=\"widget\" data-e-type=\"widget\" data-widget_type=\"text-editor.default\">\n\t\t\t\t<div class=\"elementor-widget-container\">\n\t\t\t\t\t\t\t\t\t<p><img fetchpriority=\"high\" decoding=\"async\" class=\"aligncenter wp-image-288 size-large\" src=\"https:\/\/dentakdenizsifa.com\/wp-content\/uploads\/2024\/12\/e-max-1024x683.png\" alt=\"\" width=\"800\" height=\"534\" srcset=\"https:\/\/dentakdenizsifa.com\/wp-content\/uploads\/2024\/12\/e-max-1024x683.png 1024w, https:\/\/dentakdenizsifa.com\/wp-content\/uploads\/2024\/12\/e-max-300x200.png 300w, https:\/\/dentakdenizsifa.com\/wp-content\/uploads\/2024\/12\/e-max-768x512.png 768w, https:\/\/dentakdenizsifa.com\/wp-content\/uploads\/2024\/12\/e-max.png 1200w\" sizes=\"(max-width: 800px) 100vw, 800px\" \/><\/p><p>Ci\u00f2 significa massima estetica. Il vantaggio principale di questa applicazione \u00e8 che non viene utilizzato il metallo. In questo modo si ottiene un aspetto trasparente e quasi naturale. La superficie \u00e8 protetta dalle macchie e dalla formazione di placca.<\/p><p>Poich\u00e9 non contiene metallo, non provoca reazioni allergiche, non si verifica la formazione di colore violaceo sulle gengive e sui bordi dei denti, non danneggia la struttura dentale, le sostanze contenute sono tra le strutture pi\u00f9 compatibili con il dente.<\/p><p>Grazie alla trasmittanza della luce, non ha un aspetto opaco, le opzioni di colore sono piuttosto elevate, la struttura del dente \u00e8 scivolosa e liscia. Per questo motivo, la formazione di tartaro dentale \u00e8 quasi inesistente e ci\u00f2 impedisce l&#8217;insorgere di malattie gengivali. Il processo di rivestimento dentale EMax viene applicato principalmente agli incisivi anteriori. Poich\u00e9 i rivestimenti in Emax sono pi\u00f9 deboli di quelli in zirconio in termini di durata, i rivestimenti in zirconio sono preferiti per i denti della zona posteriore.<\/p><p>L&#8217;Emax \u00e8 un materiale costituito da ceramica monolitica di disilicato di litio. la trasmittanza luminosa \u00e8 superiore a quella dello zirconio. per questo motivo, \u00e8 pi\u00f9 naturale ed estetico dello zirconio, ha una struttura vetrosa. ma poich\u00e9 non \u00e8 durevole come lo zirconio, il rivestimento in zirconio \u00e8 preferito nelle aree in cui la pressione \u00e8 elevata.<\/p>\t\t\t\t\t\t\t\t<\/div>\n\t\t\t\t<\/div>\n\t\t\t\t\t<\/div>\n\t\t\t\t<\/div>\n\t\t\t\t<\/div>\n\t\t","protected":false},"excerpt":{"rendered":"<p>TRATTAMENTO E-MAX Ci\u00f2 significa massima estetica. Il vantaggio principale di questa applicazione \u00e8 che non viene utilizzato il metallo. In questo modo si ottiene un aspetto trasparente e quasi naturale. La superficie \u00e8 protetta dalle macchie e dalla formazione di placca. Poich\u00e9 non contiene metallo, non provoca reazioni allergiche, non si verifica la formazione di [&hellip;]<\/p>\n","protected":false},"author":1,"featured_media":2981,"parent":0,"menu_order":0,"comment_status":"closed","ping_status":"closed","template":"elementor_header_footer","meta":{"footnotes":""},"class_list":["post-2980","page","type-page","status-publish","has-post-thumbnail","hentry"],"_links":{"self":[{"href":"https:\/\/dentakdenizsifa.com\/it\/wp-json\/wp\/v2\/pages\/2980","targetHints":{"allow":["GET"]}}],"collection":[{"href":"https:\/\/dentakdenizsifa.com\/it\/wp-json\/wp\/v2\/pages"}],"about":[{"href":"https:\/\/dentakdenizsifa.com\/it\/wp-json\/wp\/v2\/types\/page"}],"author":[{"embeddable":true,"href":"https:\/\/dentakdenizsifa.com\/it\/wp-json\/wp\/v2\/users\/1"}],"replies":[{"embeddable":true,"href":"https:\/\/dentakdenizsifa.com\/it\/wp-json\/wp\/v2\/comments?post=2980"}],"version-history":[{"count":1,"href":"https:\/\/dentakdenizsifa.com\/it\/wp-json\/wp\/v2\/pages\/2980\/revisions"}],"predecessor-version":[{"id":2982,"href":"https:\/\/dentakdenizsifa.com\/it\/wp-json\/wp\/v2\/pages\/2980\/revisions\/2982"}],"wp:featuredmedia":[{"embeddable":true,"href":"https:\/\/dentakdenizsifa.com\/it\/wp-json\/wp\/v2\/media\/2981"}],"wp:attachment":[{"href":"https:\/\/dentakdenizsifa.com\/it\/wp-json\/wp\/v2\/media?parent=2980"}],"curies":[{"name":"wp","href":"https:\/\/api.w.org\/{rel}","templated":true}]}}