{"id":2969,"date":"2024-12-15T04:14:06","date_gmt":"2024-12-15T01:14:06","guid":{"rendered":"https:\/\/dentakdenizsifa.com\/faccette-in-porcellana\/"},"modified":"2025-02-23T06:38:13","modified_gmt":"2025-02-23T03:38:13","slug":"faccette-in-porcellana","status":"publish","type":"page","link":"https:\/\/dentakdenizsifa.com\/it\/faccette-in-porcellana\/","title":{"rendered":"Faccette in porcellana"},"content":{"rendered":"\t\t<div data-elementor-type=\"wp-page\" data-elementor-id=\"2969\" class=\"elementor elementor-2969 elementor-293\" data-elementor-post-type=\"page\">\n\t\t\t\t<div class=\"elementor-element elementor-element-4f944ab e-flex e-con-boxed e-con e-parent\" data-id=\"4f944ab\" data-element_type=\"container\" data-e-type=\"container\">\n\t\t\t\t\t<div class=\"e-con-inner\">\n\t\t\t\t<div class=\"elementor-element elementor-element-f77c891 elementor-widget elementor-widget-heading\" data-id=\"f77c891\" data-element_type=\"widget\" data-e-type=\"widget\" data-widget_type=\"heading.default\">\n\t\t\t\t<div class=\"elementor-widget-container\">\n\t\t\t\t\t<h1 class=\"elementor-heading-title elementor-size-default\">FACCETTE IN PORCELLANA<\/h1>\t\t\t\t<\/div>\n\t\t\t\t<\/div>\n\t\t\t\t\t<\/div>\n\t\t\t\t<\/div>\n\t\t<div class=\"elementor-element elementor-element-6a4fccc e-flex e-con-boxed e-con e-parent\" data-id=\"6a4fccc\" data-element_type=\"container\" data-e-type=\"container\">\n\t\t\t\t\t<div class=\"e-con-inner\">\n\t\t\t\t<div class=\"elementor-element elementor-element-ab34667 elementor-widget elementor-widget-text-editor\" data-id=\"ab34667\" data-element_type=\"widget\" data-e-type=\"widget\" data-widget_type=\"text-editor.default\">\n\t\t\t\t<div class=\"elementor-widget-container\">\n\t\t\t\t\t\t\t\t\t<p><img fetchpriority=\"high\" decoding=\"async\" class=\"aligncenter wp-image-267 size-large\" src=\"https:\/\/dentakdenizsifa.com\/wp-content\/uploads\/2024\/12\/porselen-dis-1024x683.png\" alt=\"\" width=\"800\" height=\"534\" srcset=\"https:\/\/dentakdenizsifa.com\/wp-content\/uploads\/2024\/12\/porselen-dis-1024x683.png 1024w, https:\/\/dentakdenizsifa.com\/wp-content\/uploads\/2024\/12\/porselen-dis-300x200.png 300w, https:\/\/dentakdenizsifa.com\/wp-content\/uploads\/2024\/12\/porselen-dis-768x512.png 768w, https:\/\/dentakdenizsifa.com\/wp-content\/uploads\/2024\/12\/porselen-dis.png 1200w\" sizes=\"(max-width: 800px) 100vw, 800px\" \/><\/p><p>Il rivestimento dentale in porcellana \u00e8 una tecnica di rivestimento dentale ottenuta dalla porcellana e prodotta per coprire la superficie originale del dente. La porcellana dentale \u00e8 un metodo di trattamento applicato per eliminare i problemi estetici che si verificano nei denti e per offrire alle persone un sorriso di qualit\u00e0 migliore. <\/p><p>Le faccette dentali in porcellana rappresentano uno svantaggio per i pazienti che si preoccupano dell&#8217;aspetto estetico. Poich\u00e9 la sua trasmittanza luminosa \u00e8 minore rispetto allo zirconio e all&#8217;emax, non pu\u00f2 riflettere il colore naturale del dente. Questo causa un colore opaco e spento. Non \u00e8 in grado di catturare l&#8217;aspetto naturale, soprattutto sui denti anteriori.   <\/p><p>Hanno una buona durata perch\u00e9 sono rivestimenti con supporto metallico.<\/p>\t\t\t\t\t\t\t\t<\/div>\n\t\t\t\t<\/div>\n\t\t\t\t\t<\/div>\n\t\t\t\t<\/div>\n\t\t\t\t<\/div>\n\t\t","protected":false},"excerpt":{"rendered":"<p>FACCETTE IN PORCELLANA Il rivestimento dentale in porcellana \u00e8 una tecnica di rivestimento dentale ottenuta dalla porcellana e prodotta per coprire la superficie originale del dente. La porcellana dentale \u00e8 un metodo di trattamento applicato per eliminare i problemi estetici che si verificano nei denti e per offrire alle persone un sorriso di qualit\u00e0 migliore. [&hellip;]<\/p>\n","protected":false},"author":1,"featured_media":2972,"parent":0,"menu_order":0,"comment_status":"closed","ping_status":"closed","template":"elementor_header_footer","meta":{"footnotes":""},"class_list":["post-2969","page","type-page","status-publish","has-post-thumbnail","hentry"],"_links":{"self":[{"href":"https:\/\/dentakdenizsifa.com\/it\/wp-json\/wp\/v2\/pages\/2969","targetHints":{"allow":["GET"]}}],"collection":[{"href":"https:\/\/dentakdenizsifa.com\/it\/wp-json\/wp\/v2\/pages"}],"about":[{"href":"https:\/\/dentakdenizsifa.com\/it\/wp-json\/wp\/v2\/types\/page"}],"author":[{"embeddable":true,"href":"https:\/\/dentakdenizsifa.com\/it\/wp-json\/wp\/v2\/users\/1"}],"replies":[{"embeddable":true,"href":"https:\/\/dentakdenizsifa.com\/it\/wp-json\/wp\/v2\/comments?post=2969"}],"version-history":[{"count":1,"href":"https:\/\/dentakdenizsifa.com\/it\/wp-json\/wp\/v2\/pages\/2969\/revisions"}],"predecessor-version":[{"id":2973,"href":"https:\/\/dentakdenizsifa.com\/it\/wp-json\/wp\/v2\/pages\/2969\/revisions\/2973"}],"wp:featuredmedia":[{"embeddable":true,"href":"https:\/\/dentakdenizsifa.com\/it\/wp-json\/wp\/v2\/media\/2972"}],"wp:attachment":[{"href":"https:\/\/dentakdenizsifa.com\/it\/wp-json\/wp\/v2\/media?parent=2969"}],"curies":[{"name":"wp","href":"https:\/\/api.w.org\/{rel}","templated":true}]}}