{"id":2961,"date":"2024-12-15T23:35:03","date_gmt":"2024-12-15T20:35:03","guid":{"rendered":"https:\/\/dentakdenizsifa.com\/dt-mehmet-bekir-er\/"},"modified":"2025-02-23T06:38:12","modified_gmt":"2025-02-23T03:38:12","slug":"dt-mehmet-bekir-er","status":"publish","type":"page","link":"https:\/\/dentakdenizsifa.com\/it\/dt-mehmet-bekir-er\/","title":{"rendered":"Dt. Mehmet Bekir ER"},"content":{"rendered":"\t\t<div data-elementor-type=\"wp-page\" data-elementor-id=\"2961\" class=\"elementor elementor-2961 elementor-717\" data-elementor-post-type=\"page\">\n\t\t\t\t<div class=\"elementor-element elementor-element-7a73335 e-con-full elementor-hidden-desktop elementor-hidden-tablet e-flex e-con e-child\" data-id=\"7a73335\" data-element_type=\"container\" data-e-type=\"container\">\n\t\t\t\t<div class=\"elementor-element elementor-element-0c80cbc elementor-widget elementor-widget-image\" data-id=\"0c80cbc\" data-element_type=\"widget\" data-e-type=\"widget\" data-widget_type=\"image.default\">\n\t\t\t\t<div class=\"elementor-widget-container\">\n\t\t\t\t\t\t\t\t\t\t\t\t\t\t\t\t<a href=\"https:\/\/dentakdenizsifa.com\/wp-content\/uploads\/2024\/12\/bekir-er.jpg\" data-elementor-open-lightbox=\"yes\" data-elementor-lightbox-title=\"bekir-er\" data-e-action-hash=\"#elementor-action%3Aaction%3Dlightbox%26settings%3DeyJpZCI6MzA4NiwidXJsIjoiaHR0cHM6XC9cL2RlbnRha2Rlbml6c2lmYS5jb21cL3dwLWNvbnRlbnRcL3VwbG9hZHNcLzIwMjRcLzEyXC9iZWtpci1lci5qcGcifQ%3D%3D\">\n\t\t\t\t\t\t\t<img fetchpriority=\"high\" decoding=\"async\" width=\"522\" height=\"654\" src=\"https:\/\/dentakdenizsifa.com\/wp-content\/uploads\/2024\/12\/bekir-er.jpg\" class=\"attachment-large size-large wp-image-3086\" alt=\"\" srcset=\"https:\/\/dentakdenizsifa.com\/wp-content\/uploads\/2024\/12\/bekir-er.jpg 522w, https:\/\/dentakdenizsifa.com\/wp-content\/uploads\/2024\/12\/bekir-er-239x300.jpg 239w\" sizes=\"(max-width: 522px) 100vw, 522px\" \/>\t\t\t\t\t\t\t\t<\/a>\n\t\t\t\t\t\t\t\t\t\t\t\t\t\t\t<\/div>\n\t\t\t\t<\/div>\n\t\t\t\t<\/div>\n\t\t<div class=\"elementor-element elementor-element-5b3327c e-flex e-con-boxed e-con e-parent\" data-id=\"5b3327c\" data-element_type=\"container\" data-e-type=\"container\" data-settings=\"{&quot;background_background&quot;:&quot;classic&quot;}\">\n\t\t\t\t\t<div class=\"e-con-inner\">\n\t\t<div class=\"elementor-element elementor-element-5811a16 e-con-full e-flex e-con e-child\" data-id=\"5811a16\" data-element_type=\"container\" data-e-type=\"container\">\n\t\t\t\t<div class=\"elementor-element elementor-element-4a983a9 elementor-widget__width-initial elementor-invisible elementor-widget elementor-widget-heading\" data-id=\"4a983a9\" data-element_type=\"widget\" data-e-type=\"widget\" data-settings=\"{&quot;_animation&quot;:&quot;fadeInUp&quot;}\" data-widget_type=\"heading.default\">\n\t\t\t\t<div class=\"elementor-widget-container\">\n\t\t\t\t\t<h2 class=\"elementor-heading-title elementor-size-default\">Dt. Mehmet Bekir ER <\/h2>\t\t\t\t<\/div>\n\t\t\t\t<\/div>\n\t\t\t\t<div class=\"elementor-element elementor-element-b107b34 elementor-invisible elementor-widget elementor-widget-heading\" data-id=\"b107b34\" data-element_type=\"widget\" data-e-type=\"widget\" data-settings=\"{&quot;_animation&quot;:&quot;fadeInUp&quot;}\" data-widget_type=\"heading.default\">\n\t\t\t\t<div class=\"elementor-widget-container\">\n\t\t\t\t\t<h2 class=\"elementor-heading-title elementor-size-default\">La mia biografia<\/h2>\t\t\t\t<\/div>\n\t\t\t\t<\/div>\n\t\t\t\t<div class=\"elementor-element elementor-element-070753f elementor-widget__width-initial elementor-invisible elementor-widget elementor-widget-text-editor\" data-id=\"070753f\" data-element_type=\"widget\" data-e-type=\"widget\" data-settings=\"{&quot;_animation&quot;:&quot;fadeInUp&quot;}\" data-widget_type=\"text-editor.default\">\n\t\t\t\t<div class=\"elementor-widget-container\">\n\t\t\t\t\t\t\t\t\t<p>Dt.Mehmet Bekir Er, laureato alla Facolt\u00e0 di Odontoiatria dell&#8217;Universit\u00e0 di Istanbul, ha aperto il suo studio dopo la laurea e ha lavorato per pi\u00f9 di 10 anni. Dal 2010 \u00e8 il fondatore e socio anziano del policlinico dentale Dent Akdeniz \u015eifa. <\/p><p>Mehmet Bekir Er, che ha pi\u00f9 di 30 anni di esperienza, ha una buona padronanza ed esperienza nel trattamento degli impianti, delle protesi e degli impianti in giornata.<\/p><p>Dt.Mehmet Bekir Er ha anche partecipato a simposi su impianti e protesi implantari sia in patria che all&#8217;estero (Antalya, Seoul, Germania, Chicago e Bali). Parla correntemente l&#8217;arabo. <\/p><p>Ha partecipato a screening e trattamenti dentali volontari in Siria e nelle tendopoli in patria e all&#8217;estero.<\/p>\t\t\t\t\t\t\t\t<\/div>\n\t\t\t\t<\/div>\n\t\t\t\t<\/div>\n\t\t<div class=\"elementor-element elementor-element-ed4074b e-con-full e-flex elementor-invisible e-con e-child\" data-id=\"ed4074b\" data-element_type=\"container\" data-e-type=\"container\" data-settings=\"{&quot;background_background&quot;:&quot;classic&quot;,&quot;animation&quot;:&quot;fadeInUp&quot;}\">\n\t\t<div class=\"elementor-element elementor-element-4670721 e-con-full elementor-hidden-tablet elementor-hidden-mobile e-flex e-con e-child\" data-id=\"4670721\" data-element_type=\"container\" data-e-type=\"container\">\n\t\t\t\t<div class=\"elementor-element elementor-element-331b737 elementor-widget elementor-widget-image\" data-id=\"331b737\" data-element_type=\"widget\" data-e-type=\"widget\" data-widget_type=\"image.default\">\n\t\t\t\t<div class=\"elementor-widget-container\">\n\t\t\t\t\t\t\t\t\t\t\t\t\t\t\t\t<a href=\"https:\/\/dentakdenizsifa.com\/wp-content\/uploads\/2025\/02\/Adsiz-tasarim-2025-02-19T005538.806.png\" data-elementor-open-lightbox=\"yes\" data-elementor-lightbox-title=\"Ads\u0131z tasar\u0131m - 2025-02-19T005538.806\" data-e-action-hash=\"#elementor-action%3Aaction%3Dlightbox%26settings%3DeyJpZCI6MjgzMCwidXJsIjoiaHR0cHM6XC9cL2RlbnRha2Rlbml6c2lmYS5jb21cL3dwLWNvbnRlbnRcL3VwbG9hZHNcLzIwMjVcLzAyXC9BZHNpei10YXNhcmltLTIwMjUtMDItMTlUMDA1NTM4LjgwNi5wbmcifQ%3D%3D\">\n\t\t\t\t\t\t\t<img decoding=\"async\" width=\"522\" height=\"654\" src=\"https:\/\/dentakdenizsifa.com\/wp-content\/uploads\/2025\/02\/Adsiz-tasarim-2025-02-19T005538.806.png\" class=\"attachment-large size-large wp-image-2830\" alt=\"\" srcset=\"https:\/\/dentakdenizsifa.com\/wp-content\/uploads\/2025\/02\/Adsiz-tasarim-2025-02-19T005538.806.png 522w, https:\/\/dentakdenizsifa.com\/wp-content\/uploads\/2025\/02\/Adsiz-tasarim-2025-02-19T005538.806-239x300.png 239w\" sizes=\"(max-width: 522px) 100vw, 522px\" \/>\t\t\t\t\t\t\t\t<\/a>\n\t\t\t\t\t\t\t\t\t\t\t\t\t\t\t<\/div>\n\t\t\t\t<\/div>\n\t\t\t\t<\/div>\n\t\t\t\t<\/div>\n\t\t\t\t\t<\/div>\n\t\t\t\t<\/div>\n\t\t\t\t<\/div>\n\t\t","protected":false},"excerpt":{"rendered":"<p>Dt. Mehmet Bekir ER La mia biografia Dt.Mehmet Bekir Er, laureato alla Facolt\u00e0 di Odontoiatria dell&#8217;Universit\u00e0 di Istanbul, ha aperto il suo studio dopo la laurea e ha lavorato per pi\u00f9 di 10 anni. Dal 2010 \u00e8 il fondatore e socio anziano del policlinico dentale Dent Akdeniz \u015eifa. Mehmet Bekir Er, che ha pi\u00f9 di [&hellip;]<\/p>\n","protected":false},"author":1,"featured_media":0,"parent":0,"menu_order":0,"comment_status":"closed","ping_status":"closed","template":"elementor_header_footer","meta":{"footnotes":""},"class_list":["post-2961","page","type-page","status-publish","hentry"],"_links":{"self":[{"href":"https:\/\/dentakdenizsifa.com\/it\/wp-json\/wp\/v2\/pages\/2961","targetHints":{"allow":["GET"]}}],"collection":[{"href":"https:\/\/dentakdenizsifa.com\/it\/wp-json\/wp\/v2\/pages"}],"about":[{"href":"https:\/\/dentakdenizsifa.com\/it\/wp-json\/wp\/v2\/types\/page"}],"author":[{"embeddable":true,"href":"https:\/\/dentakdenizsifa.com\/it\/wp-json\/wp\/v2\/users\/1"}],"replies":[{"embeddable":true,"href":"https:\/\/dentakdenizsifa.com\/it\/wp-json\/wp\/v2\/comments?post=2961"}],"version-history":[{"count":1,"href":"https:\/\/dentakdenizsifa.com\/it\/wp-json\/wp\/v2\/pages\/2961\/revisions"}],"predecessor-version":[{"id":2965,"href":"https:\/\/dentakdenizsifa.com\/it\/wp-json\/wp\/v2\/pages\/2961\/revisions\/2965"}],"wp:attachment":[{"href":"https:\/\/dentakdenizsifa.com\/it\/wp-json\/wp\/v2\/media?parent=2961"}],"curies":[{"name":"wp","href":"https:\/\/api.w.org\/{rel}","templated":true}]}}