{"id":2954,"date":"2024-12-15T23:35:30","date_gmt":"2024-12-15T20:35:30","guid":{"rendered":"https:\/\/dentakdenizsifa.com\/dt-betul-er\/"},"modified":"2025-02-23T06:38:12","modified_gmt":"2025-02-23T03:38:12","slug":"dt-betul-er","status":"publish","type":"page","link":"https:\/\/dentakdenizsifa.com\/it\/dt-betul-er\/","title":{"rendered":"Dt. Bet\u00fcl ER"},"content":{"rendered":"\t\t<div data-elementor-type=\"wp-page\" data-elementor-id=\"2954\" class=\"elementor elementor-2954 elementor-719\" data-elementor-post-type=\"page\">\n\t\t\t\t<div class=\"elementor-element elementor-element-57a0dd8 e-con-full elementor-hidden-desktop elementor-hidden-tablet e-flex e-con e-child\" data-id=\"57a0dd8\" data-element_type=\"container\" data-e-type=\"container\">\n\t\t\t\t<div class=\"elementor-element elementor-element-13b73df elementor-widget elementor-widget-image\" data-id=\"13b73df\" data-element_type=\"widget\" data-e-type=\"widget\" data-widget_type=\"image.default\">\n\t\t\t\t<div class=\"elementor-widget-container\">\n\t\t\t\t\t\t\t\t\t\t\t\t\t\t\t\t<a href=\"https:\/\/dentakdenizsifa.com\/wp-content\/uploads\/2024\/12\/betul-er.jpg\" data-elementor-open-lightbox=\"yes\" data-elementor-lightbox-title=\"betul-er\" data-e-action-hash=\"#elementor-action%3Aaction%3Dlightbox%26settings%3DeyJpZCI6MzA4NywidXJsIjoiaHR0cHM6XC9cL2RlbnRha2Rlbml6c2lmYS5jb21cL3dwLWNvbnRlbnRcL3VwbG9hZHNcLzIwMjRcLzEyXC9iZXR1bC1lci5qcGcifQ%3D%3D\">\n\t\t\t\t\t\t\t<img fetchpriority=\"high\" decoding=\"async\" width=\"522\" height=\"654\" src=\"https:\/\/dentakdenizsifa.com\/wp-content\/uploads\/2024\/12\/betul-er.jpg\" class=\"attachment-large size-large wp-image-3087\" alt=\"\" srcset=\"https:\/\/dentakdenizsifa.com\/wp-content\/uploads\/2024\/12\/betul-er.jpg 522w, https:\/\/dentakdenizsifa.com\/wp-content\/uploads\/2024\/12\/betul-er-239x300.jpg 239w\" sizes=\"(max-width: 522px) 100vw, 522px\" \/>\t\t\t\t\t\t\t\t<\/a>\n\t\t\t\t\t\t\t\t\t\t\t\t\t\t\t<\/div>\n\t\t\t\t<\/div>\n\t\t\t\t<\/div>\n\t\t<div class=\"elementor-element elementor-element-ba6390d e-flex e-con-boxed e-con e-parent\" data-id=\"ba6390d\" data-element_type=\"container\" data-e-type=\"container\" data-settings=\"{&quot;background_background&quot;:&quot;classic&quot;}\">\n\t\t\t\t\t<div class=\"e-con-inner\">\n\t\t<div class=\"elementor-element elementor-element-3236869 e-con-full e-flex e-con e-child\" data-id=\"3236869\" data-element_type=\"container\" data-e-type=\"container\">\n\t\t\t\t<div class=\"elementor-element elementor-element-baa6f46 elementor-widget__width-initial elementor-invisible elementor-widget elementor-widget-heading\" data-id=\"baa6f46\" data-element_type=\"widget\" data-e-type=\"widget\" data-settings=\"{&quot;_animation&quot;:&quot;fadeInUp&quot;}\" data-widget_type=\"heading.default\">\n\t\t\t\t<div class=\"elementor-widget-container\">\n\t\t\t\t\t<h2 class=\"elementor-heading-title elementor-size-default\">Dt. Bet\u00fcl ER <\/h2>\t\t\t\t<\/div>\n\t\t\t\t<\/div>\n\t\t\t\t<div class=\"elementor-element elementor-element-d29dd0b elementor-invisible elementor-widget elementor-widget-heading\" data-id=\"d29dd0b\" data-element_type=\"widget\" data-e-type=\"widget\" data-settings=\"{&quot;_animation&quot;:&quot;fadeInUp&quot;}\" data-widget_type=\"heading.default\">\n\t\t\t\t<div class=\"elementor-widget-container\">\n\t\t\t\t\t<h2 class=\"elementor-heading-title elementor-size-default\">La mia biografia<\/h2>\t\t\t\t<\/div>\n\t\t\t\t<\/div>\n\t\t\t\t<div class=\"elementor-element elementor-element-130e54f elementor-widget__width-initial elementor-invisible elementor-widget elementor-widget-text-editor\" data-id=\"130e54f\" data-element_type=\"widget\" data-e-type=\"widget\" data-settings=\"{&quot;_animation&quot;:&quot;fadeInUp&quot;}\" data-widget_type=\"text-editor.default\">\n\t\t\t\t<div class=\"elementor-widget-container\">\n\t\t\t\t\t\t\t\t\t<p>Nel 1992, dopo essersi laureato alla Facolt\u00e0 di Odontoiatria dell&#8217;Universit\u00e0 di Istanbul, ha lavorato in diversi policlinici e ha fondato il proprio studio con il Dt.Mehmet Bekir Er e ha prestato servizio per pi\u00f9 di 10 anni. Nel 2010 \u00e8 stato il fondatore della clinica Dent Akdeniz \u015eifa. Con oltre 30 anni di esperienza, Dt.Bet\u00fcl Er ha una buona padronanza ed esperienza nel campo del design del sorriso nel trattamento delle protesi e nei trattamenti di otturazione estetica.  <\/p><p>Dt.Bet\u00fcl Er ha anche partecipato a simposi di implantologia e protesi implantare in molti luoghi come Sevl, Chicago, Antalya e Bali sia in patria che all&#8217;estero. Parla inglese. Ha partecipato a screening e trattamenti odontoiatrici volontari in Siria e nelle tendopoli all&#8217;estero e in patria.  <\/p>\t\t\t\t\t\t\t\t<\/div>\n\t\t\t\t<\/div>\n\t\t\t\t<\/div>\n\t\t<div class=\"elementor-element elementor-element-30176fe e-con-full e-flex elementor-invisible e-con e-child\" data-id=\"30176fe\" data-element_type=\"container\" data-e-type=\"container\" data-settings=\"{&quot;background_background&quot;:&quot;classic&quot;,&quot;animation&quot;:&quot;fadeInUp&quot;}\">\n\t\t<div class=\"elementor-element elementor-element-98c9ad7 e-con-full elementor-hidden-tablet elementor-hidden-mobile e-flex e-con e-child\" data-id=\"98c9ad7\" data-element_type=\"container\" data-e-type=\"container\">\n\t\t\t\t<div class=\"elementor-element elementor-element-ec62588 elementor-widget elementor-widget-image\" data-id=\"ec62588\" data-element_type=\"widget\" data-e-type=\"widget\" data-widget_type=\"image.default\">\n\t\t\t\t<div class=\"elementor-widget-container\">\n\t\t\t\t\t\t\t\t\t\t\t\t\t\t\t\t<a href=\"https:\/\/dentakdenizsifa.com\/wp-content\/uploads\/2024\/12\/betul-er.jpg\" data-elementor-open-lightbox=\"yes\" data-elementor-lightbox-title=\"betul-er\" data-e-action-hash=\"#elementor-action%3Aaction%3Dlightbox%26settings%3DeyJpZCI6MzA4NywidXJsIjoiaHR0cHM6XC9cL2RlbnRha2Rlbml6c2lmYS5jb21cL3dwLWNvbnRlbnRcL3VwbG9hZHNcLzIwMjRcLzEyXC9iZXR1bC1lci5qcGcifQ%3D%3D\">\n\t\t\t\t\t\t\t<img fetchpriority=\"high\" decoding=\"async\" width=\"522\" height=\"654\" src=\"https:\/\/dentakdenizsifa.com\/wp-content\/uploads\/2024\/12\/betul-er.jpg\" class=\"attachment-large size-large wp-image-3087\" alt=\"\" srcset=\"https:\/\/dentakdenizsifa.com\/wp-content\/uploads\/2024\/12\/betul-er.jpg 522w, https:\/\/dentakdenizsifa.com\/wp-content\/uploads\/2024\/12\/betul-er-239x300.jpg 239w\" sizes=\"(max-width: 522px) 100vw, 522px\" \/>\t\t\t\t\t\t\t\t<\/a>\n\t\t\t\t\t\t\t\t\t\t\t\t\t\t\t<\/div>\n\t\t\t\t<\/div>\n\t\t\t\t<\/div>\n\t\t\t\t<\/div>\n\t\t\t\t\t<\/div>\n\t\t\t\t<\/div>\n\t\t\t\t<\/div>\n\t\t","protected":false},"excerpt":{"rendered":"<p>Dt. Bet\u00fcl ER La mia biografia Nel 1992, dopo essersi laureato alla Facolt\u00e0 di Odontoiatria dell&#8217;Universit\u00e0 di Istanbul, ha lavorato in diversi policlinici e ha fondato il proprio studio con il Dt.Mehmet Bekir Er e ha prestato servizio per pi\u00f9 di 10 anni. Nel 2010 \u00e8 stato il fondatore della clinica Dent Akdeniz \u015eifa. Con [&hellip;]<\/p>\n","protected":false},"author":1,"featured_media":0,"parent":0,"menu_order":0,"comment_status":"closed","ping_status":"closed","template":"elementor_header_footer","meta":{"footnotes":""},"class_list":["post-2954","page","type-page","status-publish","hentry"],"_links":{"self":[{"href":"https:\/\/dentakdenizsifa.com\/it\/wp-json\/wp\/v2\/pages\/2954","targetHints":{"allow":["GET"]}}],"collection":[{"href":"https:\/\/dentakdenizsifa.com\/it\/wp-json\/wp\/v2\/pages"}],"about":[{"href":"https:\/\/dentakdenizsifa.com\/it\/wp-json\/wp\/v2\/types\/page"}],"author":[{"embeddable":true,"href":"https:\/\/dentakdenizsifa.com\/it\/wp-json\/wp\/v2\/users\/1"}],"replies":[{"embeddable":true,"href":"https:\/\/dentakdenizsifa.com\/it\/wp-json\/wp\/v2\/comments?post=2954"}],"version-history":[{"count":1,"href":"https:\/\/dentakdenizsifa.com\/it\/wp-json\/wp\/v2\/pages\/2954\/revisions"}],"predecessor-version":[{"id":2956,"href":"https:\/\/dentakdenizsifa.com\/it\/wp-json\/wp\/v2\/pages\/2954\/revisions\/2956"}],"wp:attachment":[{"href":"https:\/\/dentakdenizsifa.com\/it\/wp-json\/wp\/v2\/media?parent=2954"}],"curies":[{"name":"wp","href":"https:\/\/api.w.org\/{rel}","templated":true}]}}