{"id":2941,"date":"2024-12-17T02:11:57","date_gmt":"2024-12-16T23:11:57","guid":{"rendered":"https:\/\/dentakdenizsifa.com\/kvkk\/"},"modified":"2025-02-23T06:37:58","modified_gmt":"2025-02-23T03:37:58","slug":"kvkk","status":"publish","type":"page","link":"https:\/\/dentakdenizsifa.com\/it\/kvkk\/","title":{"rendered":"KVKK"},"content":{"rendered":"\t\t<div data-elementor-type=\"wp-page\" data-elementor-id=\"2941\" class=\"elementor elementor-2941 elementor-821\" data-elementor-post-type=\"page\">\n\t\t\t\t<div class=\"elementor-element elementor-element-898952f e-flex e-con-boxed e-con e-parent\" data-id=\"898952f\" data-element_type=\"container\" data-e-type=\"container\">\n\t\t\t\t\t<div class=\"e-con-inner\">\n\t\t\t\t<div class=\"elementor-element elementor-element-ddd58a8 elementor-invisible elementor-widget elementor-widget-heading\" data-id=\"ddd58a8\" data-element_type=\"widget\" data-e-type=\"widget\" data-settings=\"{&quot;_animation&quot;:&quot;fadeInUp&quot;}\" data-widget_type=\"heading.default\">\n\t\t\t\t<div class=\"elementor-widget-container\">\n\t\t\t\t\t<h2 class=\"elementor-heading-title elementor-size-default\">Testo di chiarimento KVKK<\/h2>\t\t\t\t<\/div>\n\t\t\t\t<\/div>\n\t\t\t\t\t<\/div>\n\t\t\t\t<\/div>\n\t\t<div class=\"elementor-element elementor-element-ed9e037 e-flex e-con-boxed e-con e-parent\" data-id=\"ed9e037\" data-element_type=\"container\" data-e-type=\"container\">\n\t\t\t\t\t<div class=\"e-con-inner\">\n\t\t\t\t<div class=\"elementor-element elementor-element-ebf2458 elementor-widget__width-initial elementor-invisible elementor-widget elementor-widget-text-editor\" data-id=\"ebf2458\" data-element_type=\"widget\" data-e-type=\"widget\" data-settings=\"{&quot;_animation&quot;:&quot;fadeInUp&quot;}\" data-widget_type=\"text-editor.default\">\n\t\t\t\t<div class=\"elementor-widget-container\">\n\t\t\t\t\t\t\t\t\t<p>In qualit\u00e0 di Dent Akdeniz \u015eifa Oral and Dental Health Services Ltd.\u015eti., ci impegniamo a utilizzare i tuoi dati personali forniti nel modulo solo per le attivit\u00e0 di comunicazione della nostra azienda e a proteggerli nell&#8217;ambito della legge sulla protezione dei dati personali n. 6698 della Repubblica di Turchia. Come Dent Akdeniz \u015eifa Oral and Dental Health Services Ltd.\u015eti. finch\u00e9 continueremo a svolgere le nostre attivit\u00e0 commerciali, i tuoi dati personali rientrano nell&#8217;ambito di applicazione di questa legge; per informarti sulle campagne speciali che abbiamo preparato, potremo conservarli in centri dati sicuri in patria o all&#8217;estero e condividerli con partner commerciali con cui la nostra azienda ha stipulato un accordo di riservatezza. Se vuoi modificare le tue preferenze di condivisione dei dati, puoi inviare la tua richiesta al nostro specialista dei dati tramite il nostro indirizzo e-mail akdenizsifadis@gmail.com o il nostro call center al numero 0(212) 635-35-60 e cancellare la tua iscrizione.<\/p><p>Dent Akdeniz \u015eifa Oral And Dental Health Services Ltd.\u015eti. Avviso di chiarimento sulla protezione dei dati personali<\/p><p>Il presente modulo di informazione e chiarimento \u00e8 stato redatto nell&#8217;ambito del trattamento e del trasferimento di &#8220;Dati personali&#8221; di persone fisiche regolato dalla Legge n. 6698 sulla protezione dei dati personali (&#8220;Legge KVK&#8221;). Nell&#8217;ambito della Legge n. 6698, tutte le informazioni attuali che hai condiviso con la nostra azienda saranno considerate &#8220;Dati personali&#8221;. <\/p><p>La sicurezza dei tuoi dati personali \u00e8 di grande importanza per noi e i tuoi dati personali saranno conservati in conformit\u00e0 alle condizioni previste dalla normativa, nel modo pi\u00f9 sicuro possibile e per il periodo richiesto dagli obblighi di legge, in conformit\u00e0 alla normativa.<\/p><p>a) Titolare e Rappresentante<br>Ai sensi della Legge n. 6698 sulla protezione dei dati personali, i tuoi dati personali potranno essere trattati da Dent Akdeniz \u015eifa Oral and Dental Health Services Ltd.\u015eti. in qualit\u00e0 di &#8220;Titolare del trattamento&#8221; nell&#8217;ambito di quanto segue.<\/p><p>b) Per quali finalit\u00e0 i tuoi dati personali possono essere trattati<br>I tuoi dati personali raccolti potranno essere utilizzati per l&#8217;adempimento degli obblighi della nostra azienda e delle persone fisiche e giuridiche che hanno un rapporto commerciale con la nostra azienda, per informarti sugli aggiornamenti, per stabilire ed eseguire i contratti con te, per ricordare e adempiere agli obblighi di legge, per svolgere varie attivit\u00e0 pubblicitarie e di marketing, di finanziamento, esecuzione e follow-up degli affari contabili e legali, follow-up delle tue richieste e reclami &#8211; follow-up dei processi contrattuali e\/o delle richieste legali, ottenere la tua opinione attraverso sondaggi e votazioni nell&#8217;ambito della pianificazione e dell&#8217;esecuzione delle attivit\u00e0 di customer satisfaction, determinare i prodotti, i progetti e i servizi adatti a te, personalizzarli e svilupparli per te, fornire un servizio clienti efficace, informarti di modifiche legislative, politiche interne o altre notifiche che ti riguardano, festeggiare compleanni, partecipare a lotterie o concorsi, fare regali e altri eventi simili, promozioni e campagne a tuo favore, informarti via e-mail, Per informarti via SMS e fax, per informarti sulle campagne, per inviarti bollettini stampati, riviste, articoli sulle campagne, per determinare i profili dei nostri visitatori, per valutare le richieste, le domande e i reclami, per attuare le politiche aziendali in materia di risorse umane, per rispondere alle tue richieste e alle tue domande, i dati personali possono essere trattati nell&#8217;ambito delle condizioni e delle finalit\u00e0 di trattamento dei dati personali specificate negli articoli 5 e 6 della Legge n. 6698. e 6. della Legge n. 6698 nell&#8217;ambito delle condizioni e delle finalit\u00e0 del trattamento dei dati personali specificate negli articoli 5 e 6.  <\/p><p>c) A chi e per quale scopo possono essere trasferiti i dati personali trattati.<br>I tuoi dati personali raccolti sono trattati secondo i principi di conformit\u00e0 alla legge e di buona fede, accurati e aggiornati quando necessario, trattati per scopi specifici, chiari e legittimi, in relazione allo scopo per cui sono trattati, limitati e misurati, e conservati per il periodo stabilito dalla legislazione pertinente o richiesto dallo scopo per cui sono trattati. Inoltre, a condizione di rispettare le condizioni previste dagli articoli 8 e 9 della Legge KVK e di adottare le necessarie misure di sicurezza, limitatamente alle finalit\u00e0 elencate all&#8217;articolo (b) della presente notifica, le nostre affiliate o filiali indirette\/dirette nazionali\/estere, nazionali\/estere\/internazionali, istituzioni e organizzazioni pubbliche\/private, societ\u00e0 e altre terze parti o organizzazioni da cui la nostra azienda riceve servizi\/supporto\/consulenza o collabora o \u00e8 partner di progetti\/programmi\/finanziamenti. persone o organizzazioni, societ\u00e0 affiliate, consulenti, azionisti o partner di soluzioni della nostra azienda, altre societ\u00e0 del gruppo, l&#8217;Agenzia Centrale del Registro e altre istituzioni e organizzazioni autorizzate, fornitori o subappaltatori nell&#8217;ambito delle condizioni di trattamento dei dati personali e delle finalit\u00e0 specificate negli articoli 8 e 9 della Legge n. 6698. Dent Akdeniz \u015eifa Oral and Dental Health Services Ltd.\u015eti.\u015eti pu\u00f2 elaborare e conservare i tuoi dati personali su server o altri supporti elettronici situati all&#8217;estero, a condizione che vi sia un&#8217;adeguata protezione in Turchia o nel paese straniero in cui i dati personali saranno trasferiti, a condizione che siano adottate le necessarie misure di sicurezza; se non vi \u00e8 un&#8217;adeguata protezione nel paese straniero in questione, Dent Akdeniz \u015eifa Oral and Dental Health Services Ltd.\u015eti.\u015eti e i responsabili del trattamento dei dati nel paese straniero in questione si impegnano a garantire un&#8217;adeguata protezione per iscritto e con l&#8217;autorizzazione del Consiglio.<\/p><p>\u00e7) Metodo e motivo legale per la raccolta dei tuoi dati personali<\/p><p>I tuoi dati personali possono essere ottenuti dalla nostra Societ\u00e0 attraverso diversi canali quali uffici e altri ambienti fisici, call center, siti web, applicazioni mobili e piattaforme di transazioni elettroniche simili, social media o altri mezzi di comunicazione pubblici, attraverso la tua partecipazione a corsi di formazione, conferenze e ambienti simili, attraverso registrazioni scritte, verbali, audio o video o altri supporti fisici o elettronici, ecc.) in cui puoi contattare la sede centrale dell&#8217;azienda, le filiali, le agenzie, gli uffici di vendita o altri subappaltatori o partner commerciali, attraverso il metodo dell&#8217;indagine o attraverso altre societ\u00e0 del gruppo o altre persone e organizzazioni che hanno stipulato un contratto. I tuoi dati personali potranno essere raccolti, elaborati, trasferiti e conservati per le finalit\u00e0 di cui agli articoli (b) e (c) del presente testo, nell&#8217;ambito delle condizioni e delle finalit\u00e0 di trattamento dei dati personali di cui agli articoli 5 e 6 della Legge KVK.      <\/p><p>I tuoi Dati Personali sono conservati in conformit\u00e0 alla normativa per il periodo richiesto dagli obblighi di legge o per il periodo consentito dalla legislazione in materia.<\/p><p>d) I tuoi diritti in qualit\u00e0 di titolare dei dati personali<br>In qualit\u00e0 di titolare dei dati personali, se presenti alla nostra Societ\u00e0 le tue richieste in merito ai tuoi diritti attraverso le modalit\u00e0 indicate di seguito, la nostra Societ\u00e0 porter\u00e0 a termine la tua richiesta gratuitamente nel pi\u00f9 breve tempo possibile e al massimo entro trenta giorni. Tuttavia, se la Commissione per la Protezione dei Dati Personali prevede una tariffa, verr\u00e0 addebitata la tariffa stabilita dalla nostra Societ\u00e0. In questo contesto, i titolari dei dati personali;  <\/p><p>Per sapere se i dati personali vengono trattati,<\/p><p>Richiedere informazioni se i dati personali sono stati trattati,<\/p><p>Per conoscere lo scopo del trattamento dei dati personali e se questi vengono utilizzati in conformit\u00e0 con il loro scopo,<\/p><p>Conoscere le terze parti a cui vengono trasferiti i dati personali a livello nazionale o estero,<\/p><p>Richiedere la rettifica dei dati personali in caso di trattamento incompleto o errato e richiedere la notifica della transazione effettuata nell&#8217;ambito di questo scopo a terzi a cui vengono trasferiti i dati personali,<\/p><p>Sebbene siano stati trattati in conformit\u00e0 alle disposizioni della Legge KVK e di altre leggi pertinenti, di richiedere la cancellazione o la distruzione dei dati personali nel caso in cui vengano meno i motivi che ne hanno richiesto il trattamento e di richiedere la notifica della transazione effettuata nell&#8217;ambito di questo scopo a terzi a cui vengono trasferiti i dati personali,<\/p><p>Sebbene siano stati trattati in conformit\u00e0 alle disposizioni della Legge KVK e di altre leggi pertinenti, di richiedere la cancellazione o la distruzione dei dati personali nel caso in cui vengano meno i motivi che ne hanno richiesto il trattamento e di richiedere la notifica della transazione effettuata nell&#8217;ambito di questo scopo a terzi a cui vengono trasferiti i dati personali,<\/p><p>Opporsi all&#8217;emergere di un risultato a danno della persona stessa attraverso l&#8217;analisi dei dati trattati esclusivamente con sistemi automatizzati,<\/p><p>In caso di danni dovuti al trattamento illecito dei dati personali, ha il diritto di chiedere il risarcimento del danno.<\/p><p>Ai sensi del paragrafo 1 dell&#8217;articolo 13 della Legge KVK, puoi presentare alla nostra Societ\u00e0 una richiesta scritta per l&#8217;esercizio dei diritti sopra menzionati. Puoi compilare il modulo presente nella pagina web della tua richiesta, contenente le tue spiegazioni in merito al diritto che richiedi di esercitare tra i diritti specificati nell&#8217;articolo 11 della Legge KVK, e inviare una copia firmata in umido del modulo a Dent Akdeniz \u015eifa Oral And Dental Health Services Ltd.\u015eti Patient Relations Department indirizzata all&#8217;indirizzo &#8216;Akdeniz Caddesi no: 38 Fatih Istanbul&#8217; con i documenti che identificano la tua identit\u00e0 o inviarla tramite un notaio.<\/p><p>La nostra azienda si riserva il diritto di apportare modifiche alla presente informativa a causa di cambiamenti nella legge KVK e nei metodi che saranno stabiliti dal Comitato per la protezione dei dati personali.<\/p>\t\t\t\t\t\t\t\t<\/div>\n\t\t\t\t<\/div>\n\t\t\t\t\t<\/div>\n\t\t\t\t<\/div>\n\t\t\t\t<\/div>\n\t\t","protected":false},"excerpt":{"rendered":"<p>Testo di chiarimento KVKK In qualit\u00e0 di Dent Akdeniz \u015eifa Oral and Dental Health Services Ltd.\u015eti., ci impegniamo a utilizzare i tuoi dati personali forniti nel modulo solo per le attivit\u00e0 di comunicazione della nostra azienda e a proteggerli nell&#8217;ambito della legge sulla protezione dei dati personali n. 6698 della Repubblica di Turchia. Come Dent [&hellip;]<\/p>\n","protected":false},"author":1,"featured_media":0,"parent":0,"menu_order":0,"comment_status":"closed","ping_status":"closed","template":"elementor_header_footer","meta":{"footnotes":""},"class_list":["post-2941","page","type-page","status-publish","hentry"],"_links":{"self":[{"href":"https:\/\/dentakdenizsifa.com\/it\/wp-json\/wp\/v2\/pages\/2941","targetHints":{"allow":["GET"]}}],"collection":[{"href":"https:\/\/dentakdenizsifa.com\/it\/wp-json\/wp\/v2\/pages"}],"about":[{"href":"https:\/\/dentakdenizsifa.com\/it\/wp-json\/wp\/v2\/types\/page"}],"author":[{"embeddable":true,"href":"https:\/\/dentakdenizsifa.com\/it\/wp-json\/wp\/v2\/users\/1"}],"replies":[{"embeddable":true,"href":"https:\/\/dentakdenizsifa.com\/it\/wp-json\/wp\/v2\/comments?post=2941"}],"version-history":[{"count":1,"href":"https:\/\/dentakdenizsifa.com\/it\/wp-json\/wp\/v2\/pages\/2941\/revisions"}],"predecessor-version":[{"id":2944,"href":"https:\/\/dentakdenizsifa.com\/it\/wp-json\/wp\/v2\/pages\/2941\/revisions\/2944"}],"wp:attachment":[{"href":"https:\/\/dentakdenizsifa.com\/it\/wp-json\/wp\/v2\/media?parent=2941"}],"curies":[{"name":"wp","href":"https:\/\/api.w.org\/{rel}","templated":true}]}}