{"id":2930,"date":"2025-02-23T01:12:21","date_gmt":"2025-02-22T22:12:21","guid":{"rendered":"https:\/\/dentakdenizsifa.com\/dt-elif-teke\/"},"modified":"2025-02-23T06:37:47","modified_gmt":"2025-02-23T03:37:47","slug":"dt-elif-teke","status":"publish","type":"page","link":"https:\/\/dentakdenizsifa.com\/it\/dt-elif-teke\/","title":{"rendered":"Dt. Elif TEKE"},"content":{"rendered":"\t\t<div data-elementor-type=\"wp-page\" data-elementor-id=\"2930\" class=\"elementor elementor-2930 elementor-2529\" data-elementor-post-type=\"page\">\n\t\t\t\t<div class=\"elementor-element elementor-element-79c755c e-flex e-con-boxed e-con e-parent\" data-id=\"79c755c\" data-element_type=\"container\" data-e-type=\"container\" data-settings=\"{&quot;background_background&quot;:&quot;classic&quot;}\">\n\t\t\t\t\t<div class=\"e-con-inner\">\n\t\t<div class=\"elementor-element elementor-element-ba6d3b3 e-con-full e-flex e-con e-child\" data-id=\"ba6d3b3\" data-element_type=\"container\" data-e-type=\"container\">\n\t\t\t\t<div class=\"elementor-element elementor-element-fba25e7 elementor-widget__width-initial elementor-invisible elementor-widget elementor-widget-heading\" data-id=\"fba25e7\" data-element_type=\"widget\" data-e-type=\"widget\" data-settings=\"{&quot;_animation&quot;:&quot;fadeInUp&quot;}\" data-widget_type=\"heading.default\">\n\t\t\t\t<div class=\"elementor-widget-container\">\n\t\t\t\t\t<h2 class=\"elementor-heading-title elementor-size-default\">Dt. Elif TEKE <\/h2>\t\t\t\t<\/div>\n\t\t\t\t<\/div>\n\t\t\t\t<div class=\"elementor-element elementor-element-e0e5754 elementor-invisible elementor-widget elementor-widget-heading\" data-id=\"e0e5754\" data-element_type=\"widget\" data-e-type=\"widget\" data-settings=\"{&quot;_animation&quot;:&quot;fadeInUp&quot;}\" data-widget_type=\"heading.default\">\n\t\t\t\t<div class=\"elementor-widget-container\">\n\t\t\t\t\t<h2 class=\"elementor-heading-title elementor-size-default\">La mia biografia<\/h2>\t\t\t\t<\/div>\n\t\t\t\t<\/div>\n\t\t\t\t<div class=\"elementor-element elementor-element-f5bfc3d elementor-widget__width-initial elementor-invisible elementor-widget elementor-widget-text-editor\" data-id=\"f5bfc3d\" data-element_type=\"widget\" data-e-type=\"widget\" data-settings=\"{&quot;_animation&quot;:&quot;fadeInUp&quot;}\" data-widget_type=\"text-editor.default\">\n\t\t\t\t<div class=\"elementor-widget-container\">\n\t\t\t\t\t\t\t\t\t<p>La dentista Elif Teke si \u00e8 laureata presso la Facolt\u00e0 di Odontoiatria dell&#8217;Universit\u00e0 Ege nel 2020. Nella nostra clinica, fornisce servizi nel campo dell&#8217;odontoiatria estetica, delle protesi fisse (zirconio, porcellana), dell&#8217;odontoiatria generale, del trattamento dei canali radicolari, delle otturazioni, delle estrazioni, dello sbiancamento e della pedodonzia. Amando la sua professione, segue gli attuali trattamenti nel campo dell&#8217;odontoiatria e rinnova le sue conoscenze e competenze.  <\/p>\t\t\t\t\t\t\t\t<\/div>\n\t\t\t\t<\/div>\n\t\t\t\t<\/div>\n\t\t<div class=\"elementor-element elementor-element-0c8bd23 e-con-full e-flex elementor-invisible e-con e-child\" data-id=\"0c8bd23\" data-element_type=\"container\" data-e-type=\"container\" data-settings=\"{&quot;background_background&quot;:&quot;classic&quot;,&quot;animation&quot;:&quot;fadeInUp&quot;}\">\n\t\t<div class=\"elementor-element elementor-element-2d5201a e-con-full elementor-hidden-tablet elementor-hidden-mobile e-flex e-con e-child\" data-id=\"2d5201a\" data-element_type=\"container\" data-e-type=\"container\">\n\t\t\t\t<div class=\"elementor-element elementor-element-dfd41be elementor-widget elementor-widget-image\" data-id=\"dfd41be\" data-element_type=\"widget\" data-e-type=\"widget\" data-widget_type=\"image.default\">\n\t\t\t\t<div class=\"elementor-widget-container\">\n\t\t\t\t\t\t\t\t\t\t\t\t\t\t\t\t<a href=\"https:\/\/dentakdenizsifa.com\/wp-content\/uploads\/2025\/02\/Adsiz-tasarim-2025-02-19T005825.675.png\" data-elementor-open-lightbox=\"yes\" data-elementor-lightbox-title=\"Ads\u0131z tasar\u0131m - 2025-02-19T005825.675\" data-e-action-hash=\"#elementor-action%3Aaction%3Dlightbox%26settings%3DeyJpZCI6MjgzMywidXJsIjoiaHR0cHM6XC9cL2RlbnRha2Rlbml6c2lmYS5jb21cL3dwLWNvbnRlbnRcL3VwbG9hZHNcLzIwMjVcLzAyXC9BZHNpei10YXNhcmltLTIwMjUtMDItMTlUMDA1ODI1LjY3NS5wbmcifQ%3D%3D\">\n\t\t\t\t\t\t\t<img fetchpriority=\"high\" decoding=\"async\" width=\"522\" height=\"654\" src=\"https:\/\/dentakdenizsifa.com\/wp-content\/uploads\/2025\/02\/Adsiz-tasarim-2025-02-19T005825.675.png\" class=\"attachment-large size-large wp-image-2833\" alt=\"\" srcset=\"https:\/\/dentakdenizsifa.com\/wp-content\/uploads\/2025\/02\/Adsiz-tasarim-2025-02-19T005825.675.png 522w, https:\/\/dentakdenizsifa.com\/wp-content\/uploads\/2025\/02\/Adsiz-tasarim-2025-02-19T005825.675-239x300.png 239w\" sizes=\"(max-width: 522px) 100vw, 522px\" \/>\t\t\t\t\t\t\t\t<\/a>\n\t\t\t\t\t\t\t\t\t\t\t\t\t\t\t<\/div>\n\t\t\t\t<\/div>\n\t\t\t\t<\/div>\n\t\t\t\t<\/div>\n\t\t\t\t\t<\/div>\n\t\t\t\t<\/div>\n\t\t\t\t<\/div>\n\t\t","protected":false},"excerpt":{"rendered":"<p>Dt. Elif TEKE La mia biografia La dentista Elif Teke si \u00e8 laureata presso la Facolt\u00e0 di Odontoiatria dell&#8217;Universit\u00e0 Ege nel 2020. Nella nostra clinica, fornisce servizi nel campo dell&#8217;odontoiatria estetica, delle protesi fisse (zirconio, porcellana), dell&#8217;odontoiatria generale, del trattamento dei canali radicolari, delle otturazioni, delle estrazioni, dello sbiancamento e della pedodonzia. Amando la sua [&hellip;]<\/p>\n","protected":false},"author":1,"featured_media":0,"parent":0,"menu_order":0,"comment_status":"closed","ping_status":"closed","template":"","meta":{"footnotes":""},"class_list":["post-2930","page","type-page","status-publish","hentry"],"_links":{"self":[{"href":"https:\/\/dentakdenizsifa.com\/it\/wp-json\/wp\/v2\/pages\/2930","targetHints":{"allow":["GET"]}}],"collection":[{"href":"https:\/\/dentakdenizsifa.com\/it\/wp-json\/wp\/v2\/pages"}],"about":[{"href":"https:\/\/dentakdenizsifa.com\/it\/wp-json\/wp\/v2\/types\/page"}],"author":[{"embeddable":true,"href":"https:\/\/dentakdenizsifa.com\/it\/wp-json\/wp\/v2\/users\/1"}],"replies":[{"embeddable":true,"href":"https:\/\/dentakdenizsifa.com\/it\/wp-json\/wp\/v2\/comments?post=2930"}],"version-history":[{"count":1,"href":"https:\/\/dentakdenizsifa.com\/it\/wp-json\/wp\/v2\/pages\/2930\/revisions"}],"predecessor-version":[{"id":2932,"href":"https:\/\/dentakdenizsifa.com\/it\/wp-json\/wp\/v2\/pages\/2930\/revisions\/2932"}],"wp:attachment":[{"href":"https:\/\/dentakdenizsifa.com\/it\/wp-json\/wp\/v2\/media?parent=2930"}],"curies":[{"name":"wp","href":"https:\/\/api.w.org\/{rel}","templated":true}]}}