{"id":2922,"date":"2024-12-27T23:46:15","date_gmt":"2024-12-27T20:46:15","guid":{"rendered":"https:\/\/dentakdenizsifa.com\/clinica-dentale-buyukcekmece\/"},"modified":"2024-12-27T23:46:15","modified_gmt":"2024-12-27T20:46:15","slug":"clinica-dentale-buyukcekmece","status":"publish","type":"page","link":"https:\/\/dentakdenizsifa.com\/it\/clinica-dentale-buyukcekmece\/","title":{"rendered":"Clinica dentale Buyukcekmece"},"content":{"rendered":"<h3>Clinica dentale Buyukcekmece: Indirizzo per un sorriso sano ed estetico<\/h3>\n<p>Come clinica dentale Buyukcekmece, offriamo servizi con le pi\u00f9 recenti tecnologie in materia di salute dentale e applicazioni estetiche. I nostri dentisti, esperti nel loro campo, mirano a garantirti la salute orale e dentale con piani di trattamento adatti alle tue esigenze individuali. Grazie ai nostri moderni dispositivi, all&#8217;ambiente sterile e al team amichevole, siamo al tuo fianco per un sorriso sano.  <\/p>\n<h4><strong>Soluzione permanente per i denti mancanti con il trattamento implantare<\/strong><\/h4>\n<p>I denti mancanti compromettono sia le funzioni estetiche che quelle masticatorie. Il trattamento implantare che offriamo presso la Clinica Dentistica Buyukcekmece offre un aspetto naturale dei denti e una lunga durata. Il processo di trattamento \u00e8 reso confortevole dall&#8217;utilizzo di materiali di altissima qualit\u00e0 e di dispositivi tecnologicamente all&#8217;avanguardia nelle applicazioni implantari. I nostri medici esperti completano i tuoi denti mancanti con soluzioni implantari adatte alla tua struttura ossea. Scegli noi per una struttura dentale pi\u00f9 robusta ed estetica.    <\/p>\n<h4><strong>Denti impeccabili con le faccette in zirconio<\/strong><\/h4>\n<p>Nell&#8217;estetica dentale, il rivestimento in zirconio garantisce un aspetto naturale e una lunga durata. Presso la Clinica dentale B\u00fcy\u00fck\u00e7ekmece eseguiamo con competenza le applicazioni del rivestimento in zirconio, spesso preferito nel design del sorriso. Il rivestimento in zirconio conferisce un aspetto naturale al dente grazie alla sua trasmittanza luminosa, mentre la sua struttura resistente consente un utilizzo senza problemi per molti anni. \u00c8 la soluzione ideale per chi vuole avere un sorriso bianco e sano.   <\/p>\n<h4><strong>Sorriso sicuro di s\u00e9 con lo sbiancamento dei denti<\/strong><\/h4>\n<p>Prodotti come caff\u00e8, t\u00e8 e sigarette consumati nella vita quotidiana possono causare l&#8217;ingiallimento dei denti nel tempo. Puoi ritrovare il bianco naturale dei tuoi denti con il trattamento di sbiancamento applicato nella Clinica Dentale B\u00fcy\u00fck\u00e7ekmece. Grazie ai nostri metodi di sbiancamento professionali applicati in un ambiente clinico, potrai ottenere un sorriso pi\u00f9 luminoso ed estetico in breve tempo. Durante il processo di sbiancamento vengono utilizzati metodi che non danneggiano lo smalto dei denti, garantendo cos\u00ec un risultato sicuro ed efficace.   <\/p>\n","protected":false},"excerpt":{"rendered":"<p>Clinica dentale Buyukcekmece: Indirizzo per un sorriso sano ed estetico Come clinica dentale Buyukcekmece, offriamo servizi con le pi\u00f9 recenti tecnologie in materia di salute dentale e applicazioni estetiche. I nostri dentisti, esperti nel loro campo, mirano a garantirti la salute orale e dentale con piani di trattamento adatti alle tue esigenze individuali. Grazie ai [&hellip;]<\/p>\n","protected":false},"author":1,"featured_media":0,"parent":0,"menu_order":0,"comment_status":"closed","ping_status":"closed","template":"","meta":{"footnotes":""},"class_list":["post-2922","page","type-page","status-publish","hentry"],"_links":{"self":[{"href":"https:\/\/dentakdenizsifa.com\/it\/wp-json\/wp\/v2\/pages\/2922","targetHints":{"allow":["GET"]}}],"collection":[{"href":"https:\/\/dentakdenizsifa.com\/it\/wp-json\/wp\/v2\/pages"}],"about":[{"href":"https:\/\/dentakdenizsifa.com\/it\/wp-json\/wp\/v2\/types\/page"}],"author":[{"embeddable":true,"href":"https:\/\/dentakdenizsifa.com\/it\/wp-json\/wp\/v2\/users\/1"}],"replies":[{"embeddable":true,"href":"https:\/\/dentakdenizsifa.com\/it\/wp-json\/wp\/v2\/comments?post=2922"}],"version-history":[{"count":0,"href":"https:\/\/dentakdenizsifa.com\/it\/wp-json\/wp\/v2\/pages\/2922\/revisions"}],"wp:attachment":[{"href":"https:\/\/dentakdenizsifa.com\/it\/wp-json\/wp\/v2\/media?parent=2922"}],"curies":[{"name":"wp","href":"https:\/\/api.w.org\/{rel}","templated":true}]}}