{"id":3664,"date":"2025-03-19T02:22:25","date_gmt":"2025-03-18T23:22:25","guid":{"rendered":"https:\/\/dentakdenizsifa.com\/buyukcekmece-traitement-au-zirconium\/"},"modified":"2025-03-19T02:22:25","modified_gmt":"2025-03-18T23:22:25","slug":"buyukcekmece-traitement-au-zirconium","status":"publish","type":"page","link":"https:\/\/dentakdenizsifa.com\/fr\/buyukcekmece-traitement-au-zirconium\/","title":{"rendered":"Buyukcekmece Traitement au zirconium"},"content":{"rendered":"<p data-start=\"39\" data-end=\"629\">L&rsquo;esth\u00e9tique dentaire est importante pour un beau sourire. Le <strong>traitement au zirconium Buyukcekmece<\/strong> permet d&rsquo;obtenir des dents saines et naturelles. Il est plus esth\u00e9tique que les facettes \u00e0 support m\u00e9tallique. Sa structure est compatible avec les gencives. Il donne un aspect naturel gr\u00e2ce \u00e0 sa capacit\u00e9 de transmission de la lumi\u00e8re. Elle est durable et r\u00e9sistante. Elle ne laisse pas de go\u00fbt de m\u00e9tal dans la bouche. Elle n&rsquo;endommage pas les gencives. Ne provoque pas d&rsquo;allergie. Ne n\u00e9cessite pas de processus de blanchiment. Il n&rsquo;y a pas de changement de couleur. R\u00e9siste aux taches de caf\u00e9, de th\u00e9 et de cigarette. Ce traitement est appliqu\u00e9 professionnellement \u00e0 B\u00fcy\u00fck\u00e7ekmece. Examinons maintenant en d\u00e9tail ce qu&rsquo;est le <strong>traitement au zirconium de B\u00fcy\u00fck\u00e7ekmece<\/strong>.            <\/p>\n<figure id=\"attachment_3651\" aria-describedby=\"caption-attachment-3651\" style=\"width: 224px\" class=\"wp-caption alignleft\"><img fetchpriority=\"high\" decoding=\"async\" class=\" wp-image-3651\" src=\"https:\/\/dentakdenizsifa.com\/wp-content\/uploads\/2025\/03\/woman-smiles-with-dental-shade-guide-indoors-joyful-woman-with-long-hair-holds-dental-shade-guide-cl-200x300.webp\" alt=\"Une femme heureuse compare les facettes en zirconium \u00e0 la couleur de ses dents.\" width=\"224\" height=\"336\" srcset=\"https:\/\/dentakdenizsifa.com\/wp-content\/uploads\/2025\/03\/woman-smiles-with-dental-shade-guide-indoors-joyful-woman-with-long-hair-holds-dental-shade-guide-cl-200x300.webp 200w, https:\/\/dentakdenizsifa.com\/wp-content\/uploads\/2025\/03\/woman-smiles-with-dental-shade-guide-indoors-joyful-woman-with-long-hair-holds-dental-shade-guide-cl-683x1024.webp 683w, https:\/\/dentakdenizsifa.com\/wp-content\/uploads\/2025\/03\/woman-smiles-with-dental-shade-guide-indoors-joyful-woman-with-long-hair-holds-dental-shade-guide-cl-768x1152.webp 768w, https:\/\/dentakdenizsifa.com\/wp-content\/uploads\/2025\/03\/woman-smiles-with-dental-shade-guide-indoors-joyful-woman-with-long-hair-holds-dental-shade-guide-cl-1024x1536.webp 1024w, https:\/\/dentakdenizsifa.com\/wp-content\/uploads\/2025\/03\/woman-smiles-with-dental-shade-guide-indoors-joyful-woman-with-long-hair-holds-dental-shade-guide-cl-1365x2048.webp 1365w, https:\/\/dentakdenizsifa.com\/wp-content\/uploads\/2025\/03\/woman-smiles-with-dental-shade-guide-indoors-joyful-woman-with-long-hair-holds-dental-shade-guide-cl-scaled.webp 1707w\" sizes=\"(max-width: 224px) 100vw, 224px\" \/><figcaption id=\"caption-attachment-3651\" class=\"wp-caption-text\">D\u00e9couvrez les options de rev\u00eatement des dents en zirconium pour rendre votre sourire parfait ! Un traitement dentaire esth\u00e9tique \u00e0 B\u00fcy\u00fck\u00e7ekmece vous attend.<\/figcaption><\/figure>\n<h2 data-start=\"631\" data-end=\"675\"><strong data-start=\"631\" data-end=\"673\">Qu&rsquo;est-ce que le traitement au zirconium Buyukcekmece ?<\/strong><\/h2>\n<p data-start=\"677\" data-end=\"1269\">Le <a href=\"https:\/\/dentakdenizsifa.com\/zirkonyum-tedavisi\/\">zirconium<\/a> est un mat\u00e9riau solide utilis\u00e9 dans les facettes dentaires. Il offre l&rsquo;aspect le plus proche des dents naturelles. Il ne contient pas de m\u00e9tal. Il est id\u00e9al pour les patients ayant des pr\u00e9occupations esth\u00e9tiques. Il pr\u00e9sente une grande durabilit\u00e9. Il r\u00e9siste \u00e0 la pression de la mastication. Il est r\u00e9sistant aux fractures. Il offre une brillance naturelle gr\u00e2ce \u00e0 sa transmission de la lumi\u00e8re. Parfaite harmonie avec la gencive. Ne provoque pas de r\u00e9cession gingivale. Haute compatibilit\u00e9 intra-orale. Ne provoque pas de r\u00e9action allergique. Son aspect est plus naturel que celui de la porcelaine. Il peut \u00eatre utilis\u00e9 en toute s\u00e9curit\u00e9 sur les dents ant\u00e9rieures et post\u00e9rieures. Il est souvent pr\u00e9f\u00e9r\u00e9 dans la conception du sourire. Voyons maintenant comment le <strong data-start=\"1271\" data-end=\"1321\">traitement au zirconium de B\u00fcy\u00fck\u00e7ekmece <\/strong>est appliqu\u00e9.               <\/p>\n<h2 data-start=\"1271\" data-end=\"1323\"><strong data-start=\"1271\" data-end=\"1321\">Comment se d\u00e9roule le traitement au zirconium \u00e0 Buyukcekmece ?<\/strong><\/h2>\n<p data-start=\"1325\" data-end=\"1873\">Tout d&rsquo;abord, un examen d\u00e9taill\u00e9 est effectu\u00e9. L&rsquo;\u00e9tat actuel des dents est \u00e9valu\u00e9. Des mesures num\u00e9riques sont prises. Si n\u00e9cessaire, de petites abrasions sont effectu\u00e9es sur les dents. Une couche de zirconium personnalis\u00e9e est pr\u00e9par\u00e9e. La teinte adapt\u00e9e \u00e0 la couleur des dents est d\u00e9termin\u00e9e. Des facettes temporaires sont pos\u00e9es. Les facettes permanentes sont pr\u00e9par\u00e9es en laboratoire. Les facettes pr\u00e9par\u00e9es sont coll\u00e9es sur les dents. Un adh\u00e9sif sp\u00e9cial est utilis\u00e9. La conformit\u00e9 est v\u00e9rifi\u00e9e. La satisfaction du patient est importante. Le processus est achev\u00e9 en peu de temps. Un aspect naturel et esth\u00e9tique est obtenu. Voyons maintenant<strong data-start=\"1875\" data-end=\"1918\">quelle <\/strong>clinique est recommand\u00e9e<strong data-start=\"1875\" data-end=\"1918\">pour le <\/strong> <strong data-start=\"1875\" data-end=\"1918\">traitement au zirconium de B\u00fcy\u00fck\u00e7ekmece<\/strong>.              <\/p>\n<h3 data-start=\"1875\" data-end=\"1920\"><strong data-start=\"1875\" data-end=\"1918\">Buyukcekmece Zirconium Conseils de traitement<\/strong><\/h3>\n<p data-start=\"1922\" data-end=\"2494\">Il est important de choisir une clinique exp\u00e9riment\u00e9e pour le traitement au zirconium. La proc\u00e9dure doit \u00eatre effectu\u00e9e par des dentistes sp\u00e9cialis\u00e9s. Le mat\u00e9riau utilis\u00e9 doit \u00eatre de haute qualit\u00e9. Une adresse fiable \u00e0 B\u00fcy\u00fck\u00e7ekmece est la <strong data-start=\"2110\" data-end=\"2163\">polyclinique de sant\u00e9 bucco-dentaire Dent Akdeniz \u015eifa<\/strong>. Elle fournit des services gr\u00e2ce \u00e0 son \u00e9quipe de m\u00e9decins experts. Elle utilise les \u00e9quipements les plus r\u00e9cents. Un plan de traitement sp\u00e9cifique au patient est cr\u00e9\u00e9. Des r\u00e9sultats naturels et esth\u00e9tiques sont vis\u00e9s. Les <a href=\"https:\/\/tr.wikipedia.org\/wiki\/Hijyen\" target=\"_blank\" rel=\"noopener\">r\u00e8gles d&rsquo;hygi\u00e8ne<\/a>sont strictement respect\u00e9es. La satisfaction du patient est au premier plan. Le processus de traitement est confortable. Des recommandations de soins post-traitement sont donn\u00e9es. Passons maintenant aux prix du <strong data-start=\"2496\" data-end=\"2541\">traitement au zirconium de B\u00fcy\u00fck\u00e7ekmece <\/strong>.           <\/p>\n<h3 data-start=\"2496\" data-end=\"2543\"><strong data-start=\"2496\" data-end=\"2541\">Prix du traitement au zirconium Buyukcekmece<\/strong><\/h3>\n<p data-start=\"2545\" data-end=\"3152\" data-is-last-node=\"\" data-is-only-node=\"\">Les prix des traitements au zirconium d\u00e9pendent de plusieurs facteurs. Le mat\u00e9riau utilis\u00e9 influe sur le prix. Le nombre de dents est un facteur important qui d\u00e9termine le prix. L&rsquo;exp\u00e9rience du m\u00e9decin traitant joue \u00e9galement un r\u00f4le dans le prix. La technologie utilis\u00e9e dans la clinique cr\u00e9e une diff\u00e9rence de prix. La structure buccale du patient et les proc\u00e9dures suppl\u00e9mentaires n\u00e9cessaires peuvent modifier le co\u00fbt. Les prix pratiqu\u00e9s \u00e0 Buyukcekmece varient d&rsquo;une clinique \u00e0 l&rsquo;autre. Un examen est n\u00e9cessaire pour obtenir les informations les plus pr\u00e9cises sur les prix. La <strong data-start=\"2971\" data-end=\"3024\">polyclinique de sant\u00e9 bucco-dentaire Dent Akdeniz \u015eifa<\/strong> offre un service abordable et de qualit\u00e9. Pour plus d&rsquo;informations <strong data-start=\"3093\" data-end=\"3120\"><a href=\"http:\/\/www.dentakdenizsifa.com\" target=\"_new\" rel=\"noopener\" data-start=\"3095\" data-end=\"3118\">www.dentakdenizsifa.com<\/a><\/strong> Vous pouvez visiter l&rsquo;adresse.        <\/p>\n<p><iframe style=\"border: 0;\" src=\"https:\/\/www.google.com\/maps\/embed?pb=!1m18!1m12!1m3!1d3010.1303296296164!2d28.58126301198982!3d41.02240451843476!2m3!1f0!2f0!3f0!3m2!1i1024!2i768!4f13.1!3m3!1m2!1s0x14b55f4c21eea74d%3A0xd26ab3ed17af8afd!2zWcOcQ0VMRVIgQcSfxLF6IHZlIERpxZ8gU2HEn2zEscSfxLEgUG9saWtsaW5pxJ9pIELDvHnDvGvDp2VrbWVjZQ!5e0!3m2!1str!2str!4v1742339747212!5m2!1str!2str\" width=\"0,1\" height=\"0,1\" allowfullscreen=\"allowfullscreen\"><\/iframe><br \/>\n<iframe style=\"border: none; overflow: hidden;\" src=\"https:\/\/www.facebook.com\/plugins\/video.php?height=476&amp;href=https%3A%2F%2Fwww.facebook.com%2FEsteworld%2Fvideos%2F819725996335414%2F&amp;show_text=false&amp;width=267&amp;t=0\" width=\"0,1\" height=\"0,1\" frameborder=\"0\" scrolling=\"no\" allowfullscreen=\"allowfullscreen\"><\/iframe><\/p>\n","protected":false},"excerpt":{"rendered":"<p>L&rsquo;esth\u00e9tique dentaire est importante pour un beau sourire. Le traitement au zirconium Buyukcekmece permet d&rsquo;obtenir des dents saines et naturelles. Il est plus esth\u00e9tique que les facettes \u00e0 support m\u00e9tallique. Sa structure est compatible avec les gencives. Il donne un aspect naturel gr\u00e2ce \u00e0 sa capacit\u00e9 de transmission de la lumi\u00e8re. Elle est durable et [&hellip;]<\/p>\n","protected":false},"author":1,"featured_media":3646,"parent":0,"menu_order":0,"comment_status":"closed","ping_status":"closed","template":"","meta":{"footnotes":""},"class_list":["post-3664","page","type-page","status-publish","has-post-thumbnail","hentry"],"_links":{"self":[{"href":"https:\/\/dentakdenizsifa.com\/fr\/wp-json\/wp\/v2\/pages\/3664","targetHints":{"allow":["GET"]}}],"collection":[{"href":"https:\/\/dentakdenizsifa.com\/fr\/wp-json\/wp\/v2\/pages"}],"about":[{"href":"https:\/\/dentakdenizsifa.com\/fr\/wp-json\/wp\/v2\/types\/page"}],"author":[{"embeddable":true,"href":"https:\/\/dentakdenizsifa.com\/fr\/wp-json\/wp\/v2\/users\/1"}],"replies":[{"embeddable":true,"href":"https:\/\/dentakdenizsifa.com\/fr\/wp-json\/wp\/v2\/comments?post=3664"}],"version-history":[{"count":0,"href":"https:\/\/dentakdenizsifa.com\/fr\/wp-json\/wp\/v2\/pages\/3664\/revisions"}],"wp:featuredmedia":[{"embeddable":true,"href":"https:\/\/dentakdenizsifa.com\/fr\/wp-json\/wp\/v2\/media\/3646"}],"wp:attachment":[{"href":"https:\/\/dentakdenizsifa.com\/fr\/wp-json\/wp\/v2\/media?parent=3664"}],"curies":[{"name":"wp","href":"https:\/\/api.w.org\/{rel}","templated":true}]}}