{"id":3628,"date":"2025-03-11T04:45:39","date_gmt":"2025-03-11T01:45:39","guid":{"rendered":"https:\/\/dentakdenizsifa.com\/traitement-des-implants-buyukcekmece\/"},"modified":"2025-03-11T04:46:15","modified_gmt":"2025-03-11T01:46:15","slug":"traitement-des-implants-buyukcekmece","status":"publish","type":"page","link":"https:\/\/dentakdenizsifa.com\/fr\/traitement-des-implants-buyukcekmece\/","title":{"rendered":"Traitement des implants Buyukcekmece"},"content":{"rendered":"<p data-start=\"37\" data-end=\"664\">Les dents manquantes posent des probl\u00e8mes esth\u00e9tiques et de sant\u00e9. Le traitement par implants de Buyukcekmece r\u00e9sout ce probl\u00e8me de fa\u00e7on permanente. Il est appliqu\u00e9 avec des techniques de pointe \u00e0 Buyukcekmece. Des vis en titane plac\u00e9es dans l&rsquo;os de la m\u00e2choire font office de racine dentaire. Une proth\u00e8se dentaire d&rsquo;aspect naturel y est ajout\u00e9e. La fonction de mastication est r\u00e9tablie. Un sourire esth\u00e9tiquement naturel est obtenu. La proth\u00e8se est robuste et durable. C&rsquo;est une solution durable. Elle n&rsquo;endommage pas les autres dents. Elle peut \u00eatre utilis\u00e9e pendant toute une vie si elle est appliqu\u00e9e correctement. Il existe des cliniques sp\u00e9cialis\u00e9es dans ce traitement \u00e0 B\u00fcy\u00fck\u00e7ekmece. Il est important de conna\u00eetre le processus avant de se faire poser un implant. Voyons maintenant en quoi consiste le traitement par implants.             <\/p>\n<figure id=\"attachment_3597\" aria-describedby=\"caption-attachment-3597\" style=\"width: 300px\" class=\"wp-caption alignleft\"><img fetchpriority=\"high\" decoding=\"async\" class=\"size-medium wp-image-3597\" src=\"https:\/\/dentakdenizsifa.com\/wp-content\/uploads\/2025\/03\/24553956_vkar_0a2e_220301-300x232.webp\" alt=\"Traitement des implants Buyukcekmece\" width=\"300\" height=\"232\" srcset=\"https:\/\/dentakdenizsifa.com\/wp-content\/uploads\/2025\/03\/24553956_vkar_0a2e_220301-300x232.webp 300w, https:\/\/dentakdenizsifa.com\/wp-content\/uploads\/2025\/03\/24553956_vkar_0a2e_220301-1024x793.webp 1024w, https:\/\/dentakdenizsifa.com\/wp-content\/uploads\/2025\/03\/24553956_vkar_0a2e_220301-768x595.webp 768w, https:\/\/dentakdenizsifa.com\/wp-content\/uploads\/2025\/03\/24553956_vkar_0a2e_220301-1536x1189.webp 1536w, https:\/\/dentakdenizsifa.com\/wp-content\/uploads\/2025\/03\/24553956_vkar_0a2e_220301-2048x1586.webp 2048w\" sizes=\"(max-width: 300px) 100vw, 300px\" \/><figcaption id=\"caption-attachment-3597\" class=\"wp-caption-text\">Traitement des implants Buyukcekmece<\/figcaption><\/figure>\n<h2 data-start=\"666\" data-end=\"708\"><strong data-start=\"666\" data-end=\"706\">Qu&rsquo;est-ce que le traitement par implants Buyukcekmece ?<\/strong><\/h2>\n<p data-start=\"710\" data-end=\"1323\">Le traitement par implants offre une solution permanente pour remplacer les dents manquantes. Il consiste \u00e0 placer une vis dans l&rsquo;os de la m\u00e2choire. Le mat\u00e9riau utilis\u00e9 est le <a href=\"https:\/\/tr.wikipedia.org\/wiki\/Titanyum\" target=\"_blank\" rel=\"noopener\">titane<\/a>. Compatible avec le corps. Il forme une structure solide en fusionnant avec l&rsquo;os. Restaure la fonction naturelle des dents. Facilite l&rsquo;\u00e9locution et la mastication. Donne une apparence esth\u00e9tiquement naturelle. Pr\u00e9vient la charge sur les autres dents. Longue dur\u00e9e de vie. Elle peut \u00eatre utilis\u00e9e pendant toute une vie avec des soins r\u00e9guliers. La structure de la m\u00e2choire doit \u00eatre saine. Des proc\u00e9dures suppl\u00e9mentaires peuvent \u00eatre effectu\u00e9es chez les patients pr\u00e9sentant une r\u00e9sorption osseuse. Elle n\u00e9cessite une planification sp\u00e9ciale pour chaque patient. Le processus de traitement varie en fonction de la personne<strong data-start=\"1325\" data-end=\"1373\">. <\/strong>Voyons maintenant comment se d\u00e9roule le<strong data-start=\"1325\" data-end=\"1373\">traitement par implants de B\u00fcy\u00fck\u00e7ekmece <\/strong>.             <\/p>\n<h2 data-start=\"1325\" data-end=\"1375\"><strong data-start=\"1325\" data-end=\"1373\">Comment se d\u00e9roule le traitement par implants Buyukcekmece ?<\/strong><\/h2>\n<p data-start=\"1377\" data-end=\"1964\">Tout d&rsquo;abord, un examen d\u00e9taill\u00e9 est effectu\u00e9. Des radiographies sont prises et la structure osseuse est \u00e9valu\u00e9e. Si la structure osseuse est ad\u00e9quate, la planification de l&rsquo;implant est effectu\u00e9e. L&rsquo;intervention est r\u00e9alis\u00e9e sous anesth\u00e9sie locale. Une vis en titane est ins\u00e9r\u00e9e dans l&rsquo;os de la m\u00e2choire. Cette vis est attendue pendant quelques mois pour fusionner avec l&rsquo;os. Une fois la fusion termin\u00e9e, la proth\u00e8se est fix\u00e9e. La dent a un aspect naturel. Le processus de traitement varie en fonction de la personne. Si la structure osseuse est solide, la gu\u00e9rison sera plus rapide. Il convient de veiller \u00e0 la sant\u00e9 des gencives. Un entretien r\u00e9gulier prolonge la dur\u00e9e de vie de l&rsquo;implant. Il est important d&rsquo;obtenir un soutien professionnel. Examinons les cliniques recommand\u00e9es <strong data-start=\"1325\" data-end=\"1373\">pour le traitement des implants Buyukcekmece <\/strong>.            <\/p>\n<h3 data-start=\"1966\" data-end=\"2009\"><strong data-start=\"1966\" data-end=\"2007\">Conseils pour le traitement des implants Buyukcekmece<\/strong><\/h3>\n<p data-start=\"2011\" data-end=\"2633\">Le <a href=\"https:\/\/dentakdenizsifa.com\/implant-tedavisi\/\">traitement par implants<\/a> est une proc\u00e9dure d\u00e9licate. Elle doit \u00eatre r\u00e9alis\u00e9e par des m\u00e9decins exp\u00e9riment\u00e9s. La qualit\u00e9 du mat\u00e9riau utilis\u00e9 est importante. Une application correcte permet d&rsquo;obtenir des r\u00e9sultats durables. Si vous cherchez une clinique fiable \u00e0 B\u00fcy\u00fck\u00e7ekmece, <strong data-start=\"2229\" data-end=\"2282\">Dent Akdeniz \u015eifa Oral and Dental Health Polyclinic<\/strong> est un bon choix. Vous y trouverez des dentistes experts. Des appareils de derni\u00e8re technologie sont utilis\u00e9s. Elle offre un environnement st\u00e9rile et hygi\u00e9nique. Le traitement est planifi\u00e9 en fonction du patient. Des r\u00e9sultats naturels et esth\u00e9tiques sont recherch\u00e9s. La satisfaction du patient est au premier plan. Le processus de traitement est confortable. Des recommandations sur les soins post-implantaires sont donn\u00e9es. Jetons maintenant un coup d&rsquo;\u0153il aux prix.             <\/p>\n<h3 data-start=\"2635\" data-end=\"2680\"><strong data-start=\"2635\" data-end=\"2678\">Prix du traitement des implants Buyukcekmece<\/strong><\/h3>\n<p data-start=\"2682\" data-end=\"3299\" data-is-last-node=\"\" data-is-only-node=\"\">Le prix des implants d\u00e9pend de nombreux facteurs. Le mat\u00e9riau utilis\u00e9 est important. La qualit\u00e9 de la vis en titane d\u00e9termine le prix. L&rsquo;exp\u00e9rience du m\u00e9decin traitant est efficace. Les conditions de la clinique et la technologie utilis\u00e9e font une diff\u00e9rence de prix. Des proc\u00e9dures suppl\u00e9mentaires peuvent \u00eatre n\u00e9cessaires en fonction de la structure osseuse du patient. Cela peut modifier le prix. Les prix varient \u00e0 Buyukcekmece. Un examen est n\u00e9cessaire pour obtenir les informations les plus pr\u00e9cises. La <strong data-start=\"3077\" data-end=\"3130\">polyclinique de sant\u00e9 bucco-dentaire Dent Akdeniz \u015eifa<\/strong> offre un service de qualit\u00e9 \u00e0 des prix abordables. Elle est avantageuse en termes de rapport qualit\u00e9-prix. Pour plus d&rsquo;informations <strong data-start=\"3240\" data-end=\"3267\"><a href=\"http:\/\/www.dentakdenizsifa.com\" target=\"_new\" rel=\"noopener\" data-start=\"3242\" data-end=\"3265\">www.dentakdenizsifa.com<\/a><\/strong> Vous pouvez visiter l&rsquo;adresse.          <\/p>\n<p><iframe style=\"border: 0;\" src=\"https:\/\/www.google.com\/maps\/embed?pb=!1m18!1m12!1m3!1d3010.1303296241454!2d28.58126837645062!3d41.02240451855446!2m3!1f0!2f0!3f0!3m2!1i1024!2i768!4f13.1!3m3!1m2!1s0x14b55f4c21eea74d%3A0xd26ab3ed17af8afd!2zWcOcQ0VMRVIgQcSfxLF6IHZlIERpxZ8gU2HEn2zEscSfxLEgUG9saWtsaW5pxJ9pIELDvHnDvGvDp2VrbWVjZQ!5e0!3m2!1str!2str!4v1741657052554!5m2!1str!2str\" width=\"0,1\" height=\"0,1\" allowfullscreen=\"allowfullscreen\"><\/iframe><br \/>\n<iframe title=\"Lecteur vid\u00e9o YouTube\" src=\"https:\/\/www.youtube.com\/embed\/q-bbMgwrgBA?si=icEccHKcuZknKOIp\" width=\"0,1\" height=\"0,1\" frameborder=\"0\" allowfullscreen=\"allowfullscreen\"><\/iframe><\/p>\n","protected":false},"excerpt":{"rendered":"<p>Les dents manquantes posent des probl\u00e8mes esth\u00e9tiques et de sant\u00e9. Le traitement par implants de Buyukcekmece r\u00e9sout ce probl\u00e8me de fa\u00e7on permanente. Il est appliqu\u00e9 avec des techniques de pointe \u00e0 Buyukcekmece. Des vis en titane plac\u00e9es dans l&rsquo;os de la m\u00e2choire font office de racine dentaire. Une proth\u00e8se dentaire d&rsquo;aspect naturel y est ajout\u00e9e. [&hellip;]<\/p>\n","protected":false},"author":1,"featured_media":3610,"parent":0,"menu_order":0,"comment_status":"closed","ping_status":"closed","template":"","meta":{"footnotes":""},"class_list":["post-3628","page","type-page","status-publish","has-post-thumbnail","hentry"],"_links":{"self":[{"href":"https:\/\/dentakdenizsifa.com\/fr\/wp-json\/wp\/v2\/pages\/3628","targetHints":{"allow":["GET"]}}],"collection":[{"href":"https:\/\/dentakdenizsifa.com\/fr\/wp-json\/wp\/v2\/pages"}],"about":[{"href":"https:\/\/dentakdenizsifa.com\/fr\/wp-json\/wp\/v2\/types\/page"}],"author":[{"embeddable":true,"href":"https:\/\/dentakdenizsifa.com\/fr\/wp-json\/wp\/v2\/users\/1"}],"replies":[{"embeddable":true,"href":"https:\/\/dentakdenizsifa.com\/fr\/wp-json\/wp\/v2\/comments?post=3628"}],"version-history":[{"count":1,"href":"https:\/\/dentakdenizsifa.com\/fr\/wp-json\/wp\/v2\/pages\/3628\/revisions"}],"predecessor-version":[{"id":3639,"href":"https:\/\/dentakdenizsifa.com\/fr\/wp-json\/wp\/v2\/pages\/3628\/revisions\/3639"}],"wp:featuredmedia":[{"embeddable":true,"href":"https:\/\/dentakdenizsifa.com\/fr\/wp-json\/wp\/v2\/media\/3610"}],"wp:attachment":[{"href":"https:\/\/dentakdenizsifa.com\/fr\/wp-json\/wp\/v2\/media?parent=3628"}],"curies":[{"name":"wp","href":"https:\/\/api.w.org\/{rel}","templated":true}]}}