{"id":3307,"date":"2025-02-26T23:04:33","date_gmt":"2025-02-26T20:04:33","guid":{"rendered":"https:\/\/dentakdenizsifa.com\/branche-fatih\/"},"modified":"2026-05-01T15:34:43","modified_gmt":"2026-05-01T12:34:43","slug":"branche-fatih","status":"publish","type":"page","link":"https:\/\/dentakdenizsifa.com\/fr\/branche-fatih\/","title":{"rendered":"Branche Fatih"},"content":{"rendered":"\t\t<div data-elementor-type=\"wp-page\" data-elementor-id=\"3307\" class=\"elementor elementor-3307 elementor-3298\" data-elementor-post-type=\"page\">\n\t\t\t\t<div class=\"elementor-element elementor-element-fb6fd18 e-flex e-con-boxed e-con e-parent\" data-id=\"fb6fd18\" data-element_type=\"container\" data-e-type=\"container\" data-settings=\"{&quot;background_background&quot;:&quot;classic&quot;}\">\n\t\t\t\t\t<div class=\"e-con-inner\">\n\t\t<div class=\"elementor-element elementor-element-f2ecda8 e-con-full e-flex e-con e-child\" data-id=\"f2ecda8\" data-element_type=\"container\" data-e-type=\"container\" data-settings=\"{&quot;background_background&quot;:&quot;classic&quot;}\">\n\t\t\t\t<div class=\"elementor-element elementor-element-e7538dd elementor-widget__width-inherit elementor-widget elementor-widget-heading\" data-id=\"e7538dd\" data-element_type=\"widget\" data-e-type=\"widget\" data-widget_type=\"heading.default\">\n\t\t\t\t<div class=\"elementor-widget-container\">\n\t\t\t\t\t<h2 class=\"elementor-heading-title elementor-size-default\">Branche Fatih<\/h2>\t\t\t\t<\/div>\n\t\t\t\t<\/div>\n\t\t\t\t<div class=\"elementor-element elementor-element-2868c07 elementor-icon-list--layout-traditional elementor-list-item-link-full_width elementor-widget elementor-widget-icon-list\" data-id=\"2868c07\" data-element_type=\"widget\" data-e-type=\"widget\" data-widget_type=\"icon-list.default\">\n\t\t\t\t<div class=\"elementor-widget-container\">\n\t\t\t\t\t\t\t<ul class=\"elementor-icon-list-items\">\n\t\t\t\t\t\t\t<li class=\"elementor-icon-list-item\">\n\t\t\t\t\t\t\t\t\t\t\t<span class=\"elementor-icon-list-icon\">\n\t\t\t\t\t\t\t<svg aria-hidden=\"true\" class=\"e-font-icon-svg e-fas-phone-alt\" viewBox=\"0 0 512 512\" xmlns=\"http:\/\/www.w3.org\/2000\/svg\"><path d=\"M497.39 361.8l-112-48a24 24 0 0 0-28 6.9l-49.6 60.6A370.66 370.66 0 0 1 130.6 204.11l60.6-49.6a23.94 23.94 0 0 0 6.9-28l-48-112A24.16 24.16 0 0 0 122.6.61l-104 24A24 24 0 0 0 0 48c0 256.5 207.9 464 464 464a24 24 0 0 0 23.4-18.6l24-104a24.29 24.29 0 0 0-14.01-27.6z\"><\/path><\/svg>\t\t\t\t\t\t<\/span>\n\t\t\t\t\t\t\t\t\t\t<span class=\"elementor-icon-list-text\">0533 163 22 63<\/span>\n\t\t\t\t\t\t\t\t\t<\/li>\n\t\t\t\t\t\t\t\t<li class=\"elementor-icon-list-item\">\n\t\t\t\t\t\t\t\t\t\t\t<span class=\"elementor-icon-list-icon\">\n\t\t\t\t\t\t\t<svg aria-hidden=\"true\" class=\"e-font-icon-svg e-fas-phone-alt\" viewBox=\"0 0 512 512\" xmlns=\"http:\/\/www.w3.org\/2000\/svg\"><path d=\"M497.39 361.8l-112-48a24 24 0 0 0-28 6.9l-49.6 60.6A370.66 370.66 0 0 1 130.6 204.11l60.6-49.6a23.94 23.94 0 0 0 6.9-28l-48-112A24.16 24.16 0 0 0 122.6.61l-104 24A24 24 0 0 0 0 48c0 256.5 207.9 464 464 464a24 24 0 0 0 23.4-18.6l24-104a24.29 24.29 0 0 0-14.01-27.6z\"><\/path><\/svg>\t\t\t\t\t\t<\/span>\n\t\t\t\t\t\t\t\t\t\t<span class=\"elementor-icon-list-text\">0532 507 23 01<\/span>\n\t\t\t\t\t\t\t\t\t<\/li>\n\t\t\t\t\t\t\t\t<li class=\"elementor-icon-list-item\">\n\t\t\t\t\t\t\t\t\t\t\t<span class=\"elementor-icon-list-icon\">\n\t\t\t\t\t\t\t<svg aria-hidden=\"true\" class=\"e-font-icon-svg e-fas-map-marker-alt\" viewBox=\"0 0 384 512\" xmlns=\"http:\/\/www.w3.org\/2000\/svg\"><path d=\"M172.268 501.67C26.97 291.031 0 269.413 0 192 0 85.961 85.961 0 192 0s192 85.961 192 192c0 77.413-26.97 99.031-172.268 309.67-9.535 13.774-29.93 13.773-39.464 0zM192 272c44.183 0 80-35.817 80-80s-35.817-80-80-80-80 35.817-80 80 35.817 80 80 80z\"><\/path><\/svg>\t\t\t\t\t\t<\/span>\n\t\t\t\t\t\t\t\t\t\t<span class=\"elementor-icon-list-text\">Ak\u015femsettin Mahallesi, Akdeniz Caddesi. No:38, 34080 Fatih\/Istanbul, Turquie <\/span>\n\t\t\t\t\t\t\t\t\t<\/li>\n\t\t\t\t\t\t<\/ul>\n\t\t\t\t\t\t<\/div>\n\t\t\t\t<\/div>\n\t\t\t\t<div class=\"elementor-element elementor-element-13c0e1b elementor-widget elementor-widget-button\" data-id=\"13c0e1b\" data-element_type=\"widget\" data-e-type=\"widget\" data-widget_type=\"button.default\">\n\t\t\t\t<div class=\"elementor-widget-container\">\n\t\t\t\t\t\t\t\t\t<div class=\"elementor-button-wrapper\">\n\t\t\t\t\t<a class=\"elementor-button elementor-button-link elementor-size-sm\" href=\"https:\/\/maps.app.goo.gl\/pL6p9ZBYM7MT418d7\" target=\"_blank\" rel=\"noopener\">\n\t\t\t\t\t\t<span class=\"elementor-button-content-wrapper\">\n\t\t\t\t\t\t\t\t\t<span class=\"elementor-button-text\">Obtenir un itin\u00e9raire<\/span>\n\t\t\t\t\t<\/span>\n\t\t\t\t\t<\/a>\n\t\t\t\t<\/div>\n\t\t\t\t\t\t\t\t<\/div>\n\t\t\t\t<\/div>\n\t\t\t\t<\/div>\n\t\t<div class=\"elementor-element elementor-element-5e65f2c e-con-full e-flex e-con e-child\" data-id=\"5e65f2c\" data-element_type=\"container\" data-e-type=\"container\" data-settings=\"{&quot;background_background&quot;:&quot;classic&quot;}\">\n\t\t\t\t<div class=\"elementor-element elementor-element-5457503 elementor-widget elementor-widget-image\" data-id=\"5457503\" data-element_type=\"widget\" data-e-type=\"widget\" data-widget_type=\"image.default\">\n\t\t\t\t<div class=\"elementor-widget-container\">\n\t\t\t\t\t\t\t\t\t\t\t\t\t\t\t<img fetchpriority=\"high\" decoding=\"async\" width=\"800\" height=\"533\" src=\"https:\/\/dentakdenizsifa.com\/wp-content\/uploads\/2025\/02\/thumbnail.jpeg\" class=\"attachment-large size-large wp-image-3320\" alt=\"\" srcset=\"https:\/\/dentakdenizsifa.com\/wp-content\/uploads\/2025\/02\/thumbnail.jpeg 900w, https:\/\/dentakdenizsifa.com\/wp-content\/uploads\/2025\/02\/thumbnail-300x200.jpeg 300w, https:\/\/dentakdenizsifa.com\/wp-content\/uploads\/2025\/02\/thumbnail-768x512.jpeg 768w\" sizes=\"(max-width: 800px) 100vw, 800px\" \/>\t\t\t\t\t\t\t\t\t\t\t\t\t\t\t<\/div>\n\t\t\t\t<\/div>\n\t\t\t\t<\/div>\n\t\t\t\t\t<\/div>\n\t\t\t\t<\/div>\n\t\t<div class=\"elementor-element elementor-element-916e006 e-con-full e-flex e-con e-parent\" data-id=\"916e006\" data-element_type=\"container\" data-e-type=\"container\" data-settings=\"{&quot;background_background&quot;:&quot;classic&quot;}\">\n\t\t\t\t<div class=\"elementor-element elementor-element-f5dbf24 elementor-widget elementor-widget-google_maps\" data-id=\"f5dbf24\" data-element_type=\"widget\" data-e-type=\"widget\" data-widget_type=\"google_maps.default\">\n\t\t\t\t<div class=\"elementor-widget-container\">\n\t\t\t\t\t\t\t<div class=\"elementor-custom-embed\">\n\t\t\t<iframe loading=\"lazy\"\n\t\t\t\t\tsrc=\"https:\/\/maps.google.com\/maps?q=Akdeniz%20Cad.%20No%3A38%2034080%20Fatih%2F%C4%B0stanbul&#038;t=m&#038;z=15&#038;output=embed&#038;iwloc=near\"\n\t\t\t\t\ttitle=\"Akdeniz Cad. No:38 34080 Fatih\/\u0130stanbul\"\n\t\t\t\t\taria-label=\"Akdeniz Cad. No:38 34080 Fatih\/\u0130stanbul\"\n\t\t\t><\/iframe>\n\t\t<\/div>\n\t\t\t\t\t\t<\/div>\n\t\t\t\t<\/div>\n\t\t\t\t<\/div>\n\t\t<div class=\"elementor-element elementor-element-03cf64d e-flex e-con-boxed elementor-invisible e-con e-parent\" data-id=\"03cf64d\" data-element_type=\"container\" data-e-type=\"container\" data-settings=\"{&quot;background_background&quot;:&quot;classic&quot;,&quot;animation&quot;:&quot;fadeInLeft&quot;}\">\n\t\t\t\t\t<div class=\"e-con-inner\">\n\t\t\t\t<div class=\"elementor-element elementor-element-5f62089 elementor-widget elementor-widget-heading\" data-id=\"5f62089\" data-element_type=\"widget\" data-e-type=\"widget\" data-widget_type=\"heading.default\">\n\t\t\t\t<div class=\"elementor-widget-container\">\n\t\t\t\t\t<h2 class=\"elementor-heading-title elementor-size-default\">Nos m\u00e9decins<\/h2>\t\t\t\t<\/div>\n\t\t\t\t<\/div>\n\t\t\t\t<div class=\"elementor-element elementor-element-c3b6877 elementor-widget elementor-widget-heading\" data-id=\"c3b6877\" data-element_type=\"widget\" data-e-type=\"widget\" data-widget_type=\"heading.default\">\n\t\t\t\t<div class=\"elementor-widget-container\">\n\t\t\t\t\t<h2 class=\"elementor-heading-title elementor-size-default\">Nous veillons \u00e0 ce que vous ayez un sourire sain en choisissant le traitement dentaire qui vous convient le mieux. Du traitement des implants \u00e0 la conception du sourire, nous sommes \u00e0 votre service avec notre \u00e9quipe d'experts. <\/h2>\t\t\t\t<\/div>\n\t\t\t\t<\/div>\n\t\t\t\t<div class=\"elementor-element elementor-element-62a5e38 elementor-widget elementor-widget-html\" data-id=\"62a5e38\" data-element_type=\"widget\" data-e-type=\"widget\" data-widget_type=\"html.default\">\n\t\t\t\t<div class=\"elementor-widget-container\">\n\t\t\t\t\t<style>\r\n.dentakdeniz-combined-section,\r\n.dentakdeniz-combined-section *{box-sizing:border-box;}\r\n\r\n.dentakdeniz-combined-section{\r\n    font-family:'Poppins', Arial, sans-serif;\r\n    color:#1f2937;\r\n}\r\n\r\n.dentakdeniz-team-widget{\r\n    --ft-card:#ffffff;\r\n    --ft-text:#1f2937;\r\n    --ft-muted:#6b7280;\r\n    --ft-line:#e5e7eb;\r\n    --ft-accent:#0f766e;\r\n    --ft-accent2:#14b8a6;\r\n    padding:32px 16px;\r\n}\r\n\r\n.dentakdeniz-team-widget .ft-wrap{\r\n    max-width:1280px;\r\n    margin:0 auto;\r\n}\r\n\r\n.dentakdeniz-team-widget .ft-branch{\r\n    background:#ffffff;\r\n    border:1px solid var(--ft-line);\r\n    border-radius:28px;\r\n    padding:22px;\r\n}\r\n\r\n.dentakdeniz-team-widget .ft-grid{\r\n    display:grid;\r\n    grid-template-columns:repeat(4,minmax(0,1fr));\r\n    gap:22px;\r\n}\r\n\r\n.dentakdeniz-team-widget .ft-card-link{\r\n    display:block;\r\n    text-decoration:none;\r\n    color:inherit;\r\n}\r\n\r\n.dentakdeniz-team-widget .ft-card{\r\n    position:relative;\r\n    background:var(--ft-card);\r\n    border:1px solid #eef2f7;\r\n    border-radius:24px;\r\n    overflow:hidden;\r\n    transition:transform .25s ease, box-shadow .25s ease;\r\n}\r\n\r\n.dentakdeniz-team-widget .ft-card-link:hover .ft-card{\r\n    transform:translateY(-4px);\r\n    box-shadow:0 18px 34px rgba(15,23,42,.11);\r\n}\r\n\r\n.dentakdeniz-team-widget .ft-image{\r\n    position:relative;\r\n    aspect-ratio:4\/4.8;\r\n    overflow:hidden;\r\n    background:#edf2f7;\r\n}\r\n\r\n.dentakdeniz-team-widget .ft-image img{\r\n    width:100%;\r\n    height:100%;\r\n    object-fit:cover;\r\n    display:block;\r\n    transition:transform .35s ease;\r\n}\r\n\r\n.dentakdeniz-team-widget .ft-card-link:hover .ft-image img{\r\n    transform:scale(1.04);\r\n}\r\n\r\n.dentakdeniz-team-widget .ft-image::after{\r\n    content:\"\";\r\n    position:absolute;\r\n    left:0;\r\n    right:0;\r\n    bottom:0;\r\n    height:40%;\r\n    background:linear-gradient(to top, rgba(15,23,42,.14), rgba(15,23,42,0));\r\n    pointer-events:none;\r\n}\r\n\r\n.dentakdeniz-team-widget .ft-content{\r\n    padding:18px 18px 20px;\r\n}\r\n\r\n.dentakdeniz-team-widget .ft-name{\r\n    margin:0 0 8px;\r\n    color:var(--ft-text);\r\n    font-size:20px;\r\n    font-weight:700;\r\n    line-height:1.35;\r\n}\r\n\r\n.dentakdeniz-team-widget .ft-role{\r\n    margin:0;\r\n    color:var(--ft-muted);\r\n    font-size:14px;\r\n    line-height:1.7;\r\n    min-height:40px;\r\n}\r\n\r\n.dentakdeniz-team-widget .ft-line{\r\n    width:54px;\r\n    height:4px;\r\n    border-radius:999px;\r\n    background:linear-gradient(90deg,var(--ft-accent),var(--ft-accent2));\r\n    margin-top:14px;\r\n}\r\n\r\n.dentakdeniz-health-section{\r\n    --dd-text:#1f2937;\r\n    --dd-muted:#5f6b7a;\r\n    --dd-accent:#0f766e;\r\n    --dd-accent-soft:#e6f5f3;\r\n    --dd-line:#dcebea;\r\n    padding:44px 16px 56px;\r\n}\r\n\r\n.dentakdeniz-health-section .dd-wrap{\r\n    max-width:1180px;\r\n    margin:0 auto;\r\n}\r\n\r\n.dentakdeniz-health-section .dd-card{\r\n    display:grid;\r\n    grid-template-columns:0.9fr 1.1fr;\r\n    gap:28px;\r\n    align-items:center;\r\n    background:linear-gradient(135deg,#ffffff 0%,#f4fbfa 100%);\r\n    border:1px solid var(--dd-line);\r\n    border-radius:28px;\r\n    padding:20px;\r\n    overflow:hidden;\r\n    box-shadow:0 18px 45px rgba(15,118,110,.09);\r\n}\r\n\r\n.dentakdeniz-health-section .dd-image{\r\n    position:relative;\r\n    border-radius:22px;\r\n    overflow:hidden;\r\n    min-height:330px;\r\n    background:#e8f3f2;\r\n}\r\n\r\n.dentakdeniz-health-section .dd-image img{\r\n    width:100%;\r\n    height:100%;\r\n    min-height:330px;\r\n    object-fit:cover;\r\n    display:block;\r\n}\r\n\r\n.dentakdeniz-health-section .dd-image:after{\r\n    content:\"\";\r\n    position:absolute;\r\n    inset:0;\r\n    background:linear-gradient(to top,rgba(15,23,42,.22),rgba(15,23,42,0));\r\n    pointer-events:none;\r\n}\r\n\r\n.dentakdeniz-health-section .dd-badge{\r\n    position:absolute;\r\n    left:18px;\r\n    bottom:18px;\r\n    z-index:2;\r\n    display:inline-flex;\r\n    align-items:center;\r\n    gap:9px;\r\n    background:rgba(255,255,255,.94);\r\n    color:var(--dd-accent);\r\n    border:1px solid rgba(15,118,110,.16);\r\n    border-radius:999px;\r\n    padding:9px 13px;\r\n    font-size:12.5px;\r\n    font-weight:700;\r\n    box-shadow:0 12px 30px rgba(15,23,42,.13);\r\n}\r\n\r\n.dentakdeniz-health-section .dd-badge-icon{\r\n    width:26px;\r\n    height:26px;\r\n    border-radius:50%;\r\n    display:inline-flex;\r\n    align-items:center;\r\n    justify-content:center;\r\n    background:var(--dd-accent);\r\n    color:#ffffff;\r\n    font-size:14px;\r\n    flex:0 0 26px;\r\n}\r\n\r\n.dentakdeniz-health-section .dd-content{\r\n    padding:8px 8px 8px 0;\r\n    min-width:0;\r\n}\r\n\r\n.dentakdeniz-health-section .dd-kicker{\r\n    display:inline-flex;\r\n    align-items:center;\r\n    gap:8px;\r\n    margin-bottom:12px;\r\n    padding:7px 12px;\r\n    border-radius:999px;\r\n    background:var(--dd-accent-soft);\r\n    color:var(--dd-accent);\r\n    font-size:12.5px;\r\n    font-weight:700;\r\n}\r\n\r\n.dentakdeniz-health-section .dd-kicker-dot{\r\n    width:8px;\r\n    height:8px;\r\n    border-radius:50%;\r\n    background:var(--dd-accent);\r\n    box-shadow:0 0 0 5px rgba(15,118,110,.11);\r\n}\r\n\r\n.dentakdeniz-health-section h2{\r\n    margin:0 0 14px;\r\n    color:var(--dd-text);\r\n    font-size:clamp(24px,2.45vw,34px);\r\n    line-height:1.16;\r\n    font-weight:800;\r\n    letter-spacing:-.025em;\r\n    max-width:100%;\r\n    overflow-wrap:anywhere;\r\n}\r\n\r\n.dentakdeniz-health-section p{\r\n    margin:0 0 14px;\r\n    color:var(--dd-muted);\r\n    font-size:15.5px;\r\n    line-height:1.75;\r\n}\r\n\r\n.dentakdeniz-health-section .dd-highlight{\r\n    margin-top:16px;\r\n    display:flex;\r\n    gap:13px;\r\n    align-items:flex-start;\r\n    padding:16px;\r\n    background:#ffffff;\r\n    border:1px solid var(--dd-line);\r\n    border-radius:20px;\r\n    box-shadow:0 10px 24px rgba(15,23,42,.045);\r\n}\r\n\r\n.dentakdeniz-health-section .dd-highlight-icon{\r\n    width:38px;\r\n    height:38px;\r\n    border-radius:13px;\r\n    display:flex;\r\n    align-items:center;\r\n    justify-content:center;\r\n    background:linear-gradient(135deg,var(--dd-accent),#14b8a6);\r\n    color:#ffffff;\r\n    font-size:18px;\r\n    flex:0 0 38px;\r\n}\r\n\r\n.dentakdeniz-health-section .dd-highlight strong{\r\n    display:block;\r\n    color:var(--dd-text);\r\n    font-size:15.5px;\r\n    margin-bottom:4px;\r\n}\r\n\r\n.dentakdeniz-health-section .dd-highlight span{\r\n    display:block;\r\n    color:var(--dd-muted);\r\n    font-size:14px;\r\n    line-height:1.6;\r\n}\r\n\r\n@media (max-width:1024px){\r\n    .dentakdeniz-team-widget .ft-grid{\r\n        grid-template-columns:repeat(2,minmax(0,1fr));\r\n    }\r\n\r\n    .dentakdeniz-health-section .dd-card{\r\n        grid-template-columns:1fr;\r\n    }\r\n\r\n    .dentakdeniz-health-section .dd-content{\r\n        padding:4px;\r\n    }\r\n}\r\n\r\n@media(max-width:767px){\r\n    .dentakdeniz-team-widget{\r\n        padding:22px 12px;\r\n    }\r\n\r\n    .dentakdeniz-team-widget .ft-branch{\r\n        padding:16px;\r\n        border-radius:22px;\r\n    }\r\n\r\n    .dentakdeniz-team-widget .ft-grid{\r\n        grid-template-columns:1fr;\r\n        gap:16px;\r\n    }\r\n\r\n    .dentakdeniz-team-widget .ft-name{\r\n        font-size:18px;\r\n    }\r\n\r\n    .dentakdeniz-team-widget .ft-role{\r\n        min-height:auto;\r\n    }\r\n\r\n    .dentakdeniz-health-section{\r\n        padding:28px 10px 40px;\r\n    }\r\n\r\n    .dentakdeniz-health-section .dd-card{\r\n        gap:18px;\r\n        padding:12px;\r\n        border-radius:22px;\r\n    }\r\n\r\n    .dentakdeniz-health-section .dd-image,\r\n    .dentakdeniz-health-section .dd-image img{\r\n        min-height:230px;\r\n    }\r\n\r\n    .dentakdeniz-health-section h2{\r\n        font-size:clamp(23px,7vw,28px);\r\n        line-height:1.18;\r\n    }\r\n\r\n    .dentakdeniz-health-section p{\r\n        font-size:15px;\r\n        line-height:1.7;\r\n    }\r\n}\r\n<\/style>\r\n\r\n<div class=\"dentakdeniz-combined-section\">\r\n\r\n    <section class=\"dentakdeniz-team-widget\" id=\"dentakdeniz-team-widget\">\r\n        <div class=\"ft-wrap\">\r\n            <div class=\"ft-branch\">\r\n\r\n                <div class=\"ft-grid\">\r\n\r\n                    <a class=\"ft-card-link\" href=\"https:\/\/dentakdenizsifa.com\/dt-mehmet-bekir-er\/\" aria-label=\"Dr. Mehmet Bekir Er\">\r\n                        <div class=\"ft-card\">\r\n                            <div class=\"ft-image\">\r\n                                <img decoding=\"async\" src=\"https:\/\/dentakdenizsifa.com\/wp-content\/uploads\/2026\/05\/WhatsApp-Image-2026-04-29-at-15.03.11-1.jpeg\" alt=\"Dr. Mehmet Bekir Er\">\r\n                            <\/div>\r\n                            <div class=\"ft-content\">\r\n                                <h4 class=\"ft-name\">Dr. Mehmet Bekir Er<\/h4>\r\n                                <p class=\"ft-role\">Dentiste<\/p>\r\n                                <div class=\"ft-line\"><\/div>\r\n                            <\/div>\r\n                        <\/div>\r\n                    <\/a>\r\n\r\n                    <a class=\"ft-card-link\" href=\"https:\/\/dentakdenizsifa.com\/dt-sefa-arslan\/\" aria-label=\"Dr. Sefa Arslan\">\r\n                        <div class=\"ft-card\">\r\n                            <div class=\"ft-image\">\r\n                                <img decoding=\"async\" src=\"https:\/\/dentakdenizsifa.com\/wp-content\/uploads\/2026\/02\/Adsiz-tasarim-76.png\" alt=\"Dr. Sefa Arslan\">\r\n                            <\/div>\r\n                            <div class=\"ft-content\">\r\n                                <h4 class=\"ft-name\">Dr. Sefa Arslan<\/h4>\r\n                                <p class=\"ft-role\">Dentiste<\/p>\r\n                                <div class=\"ft-line\"><\/div>\r\n                            <\/div>\r\n                        <\/div>\r\n                    <\/a>\r\n\r\n                    <a class=\"ft-card-link\" href=\"https:\/\/dentakdenizsifa.com\/dt-merve-akbulut\/\" aria-label=\"Dr. Merve Akbulut\">\r\n                        <div class=\"ft-card\">\r\n                            <div class=\"ft-image\">\r\n                                <img decoding=\"async\" src=\"https:\/\/dentakdenizsifa.com\/wp-content\/uploads\/2024\/12\/merve-akbulut.jpg\" alt=\"Dr. Merve Akbulut\">\r\n                            <\/div>\r\n                            <div class=\"ft-content\">\r\n                                <h4 class=\"ft-name\">Dr. Merve Akbulut<\/h4>\r\n                                <p class=\"ft-role\">Dentiste<\/p>\r\n                                <div class=\"ft-line\"><\/div>\r\n                            <\/div>\r\n                        <\/div>\r\n                    <\/a>\r\n\r\n                    <a class=\"ft-card-link\" href=\"https:\/\/dentakdenizsifa.com\/dt-yusuf-er\/\" aria-label=\"Dr. Yusuf Er\">\r\n                        <div class=\"ft-card\">\r\n                            <div class=\"ft-image\">\r\n                                <img decoding=\"async\" src=\"https:\/\/dentakdenizsifa.com\/wp-content\/uploads\/2026\/05\/WhatsApp-Image-2026-04-29-at-15.03.11.jpeg\" alt=\"Dr. Yusuf Er\">\r\n                            <\/div>\r\n                            <div class=\"ft-content\">\r\n                                <h4 class=\"ft-name\">Dr. Yusuf Er<\/h4>\r\n                                <p class=\"ft-role\">Dentiste<\/p>\r\n                                <div class=\"ft-line\"><\/div>\r\n                            <\/div>\r\n                        <\/div>\r\n                    <\/a>\r\n\r\n                <\/div>\r\n\r\n            <\/div>\r\n        <\/div>\r\n    <\/section>\r\n\r\n    <section class=\"dentakdeniz-health-section\">\r\n        <div class=\"dd-wrap\">\r\n            <div class=\"dd-card\">\r\n\r\n                <div class=\"dd-image\">\r\n                    <img decoding=\"async\" src=\"https:\/\/dentakdenizsifa.com\/wp-content\/uploads\/2025\/10\/dentakdeniz-1024x768.jpg\" alt=\"Autorisation internationale de tourisme de sant\u00e9 de la clinique Dent Akdeniz \u015eifa\">\r\n                    <div class=\"dd-badge\">\r\n                        <span class=\"dd-badge-icon\">\u2713<\/span>\r\n                        Approuv\u00e9 par le minist\u00e8re de la Sant\u00e9\r\n                    <\/div>\r\n                <\/div>\r\n\r\n                <div class=\"dd-content\">\r\n                    <div class=\"dd-kicker\">\r\n                        <span class=\"dd-kicker-dot\"><\/span>\r\n                        Autorisation officielle\r\n                    <\/div>\r\n\r\n                    <h2>Approuv\u00e9 par le minist\u00e8re de la Sant\u00e9 de la R\u00e9publique de Turquie<\/h2>\r\n\r\n                    <p>\r\n                        En preuve de notre engagement \u00e0 fournir des services de sant\u00e9 conformes aux normes internationales,\r\n                        notre clinique a \u00e9t\u00e9 officiellement approuv\u00e9e par le minist\u00e8re de la Sant\u00e9 de la R\u00e9publique de Turquie avec le\r\n                        <strong>\u00ab Certificat d\u2019autorisation de tourisme de sant\u00e9 international \u00bb.<\/strong>\r\n                    <\/p>\r\n\r\n                    <p>\r\n                        Cette autorisation confirme que notre clinique est habilit\u00e9e \u00e0 fournir des services aux patients internationaux\r\n                        et qu\u2019elle respecte les normes \u00e9lev\u00e9es de qualit\u00e9 et de s\u00e9curit\u00e9 d\u00e9finies dans ce domaine.\r\n                    <\/p>\r\n\r\n                    <div class=\"dd-highlight\">\r\n                        <div class=\"dd-highlight-icon\">\u2605<\/div>\r\n                        <div>\r\n                            <strong>Services aux patients internationaux<\/strong>\r\n                            <span>\r\n                                Dent Akdeniz \u015eifa continue d\u2019offrir des services fiables, de haute qualit\u00e9 et centr\u00e9s sur le patient dans le cadre du tourisme de sant\u00e9.\r\n                            <\/span>\r\n                        <\/div>\r\n                    <\/div>\r\n                <\/div>\r\n\r\n            <\/div>\r\n        <\/div>\r\n    <\/section>\r\n\r\n<\/div>\t\t\t\t<\/div>\n\t\t\t\t<\/div>\n\t\t\t\t\t<\/div>\n\t\t\t\t<\/div>\n\t\t\t\t<\/div>\n\t\t","protected":false},"excerpt":{"rendered":"<p>Branche Fatih 0533 163 22 63 0532 507 23 01 Ak\u015femsettin Mahallesi, Akdeniz Caddesi. No:38, 34080 Fatih\/Istanbul, Turquie Obtenir un itin\u00e9raire Nos m\u00e9decins Nous veillons \u00e0 ce que vous ayez un sourire sain en choisissant le traitement dentaire qui vous convient le mieux. Du traitement des implants \u00e0 la conception du sourire, nous sommes \u00e0 [&hellip;]<\/p>\n","protected":false},"author":1,"featured_media":0,"parent":0,"menu_order":0,"comment_status":"closed","ping_status":"closed","template":"","meta":{"footnotes":""},"class_list":["post-3307","page","type-page","status-publish","hentry"],"_links":{"self":[{"href":"https:\/\/dentakdenizsifa.com\/fr\/wp-json\/wp\/v2\/pages\/3307","targetHints":{"allow":["GET"]}}],"collection":[{"href":"https:\/\/dentakdenizsifa.com\/fr\/wp-json\/wp\/v2\/pages"}],"about":[{"href":"https:\/\/dentakdenizsifa.com\/fr\/wp-json\/wp\/v2\/types\/page"}],"author":[{"embeddable":true,"href":"https:\/\/dentakdenizsifa.com\/fr\/wp-json\/wp\/v2\/users\/1"}],"replies":[{"embeddable":true,"href":"https:\/\/dentakdenizsifa.com\/fr\/wp-json\/wp\/v2\/comments?post=3307"}],"version-history":[{"count":16,"href":"https:\/\/dentakdenizsifa.com\/fr\/wp-json\/wp\/v2\/pages\/3307\/revisions"}],"predecessor-version":[{"id":5186,"href":"https:\/\/dentakdenizsifa.com\/fr\/wp-json\/wp\/v2\/pages\/3307\/revisions\/5186"}],"wp:attachment":[{"href":"https:\/\/dentakdenizsifa.com\/fr\/wp-json\/wp\/v2\/media?parent=3307"}],"curies":[{"name":"wp","href":"https:\/\/api.w.org\/{rel}","templated":true}]}}