{"id":1593,"date":"2024-12-17T02:11:57","date_gmt":"2024-12-16T23:11:57","guid":{"rendered":"https:\/\/dentakdenizsifa.com\/kvkk\/"},"modified":"2024-12-28T02:21:22","modified_gmt":"2024-12-27T23:21:22","slug":"kvkk","status":"publish","type":"page","link":"https:\/\/dentakdenizsifa.com\/fr\/kvkk\/","title":{"rendered":"KVKK"},"content":{"rendered":"\t\t<div data-elementor-type=\"wp-page\" data-elementor-id=\"1593\" class=\"elementor elementor-1593 elementor-821\" data-elementor-post-type=\"page\">\n\t\t\t\t<div class=\"elementor-element elementor-element-898952f e-flex e-con-boxed e-con e-parent\" data-id=\"898952f\" data-element_type=\"container\" data-e-type=\"container\">\n\t\t\t\t\t<div class=\"e-con-inner\">\n\t\t\t\t<div class=\"elementor-element elementor-element-ddd58a8 elementor-invisible elementor-widget elementor-widget-heading\" data-id=\"ddd58a8\" data-element_type=\"widget\" data-e-type=\"widget\" data-settings=\"{&quot;_animation&quot;:&quot;fadeInUp&quot;}\" data-widget_type=\"heading.default\">\n\t\t\t\t<div class=\"elementor-widget-container\">\n\t\t\t\t\t<h2 class=\"elementor-heading-title elementor-size-default\">Texte de clarification du KVKK<\/h2>\t\t\t\t<\/div>\n\t\t\t\t<\/div>\n\t\t\t\t\t<\/div>\n\t\t\t\t<\/div>\n\t\t<div class=\"elementor-element elementor-element-ed9e037 e-flex e-con-boxed e-con e-parent\" data-id=\"ed9e037\" data-element_type=\"container\" data-e-type=\"container\">\n\t\t\t\t\t<div class=\"e-con-inner\">\n\t\t\t\t<div class=\"elementor-element elementor-element-ebf2458 elementor-widget__width-initial elementor-invisible elementor-widget elementor-widget-text-editor\" data-id=\"ebf2458\" data-element_type=\"widget\" data-e-type=\"widget\" data-settings=\"{&quot;_animation&quot;:&quot;fadeInUp&quot;}\" data-widget_type=\"text-editor.default\">\n\t\t\t\t<div class=\"elementor-widget-container\">\n\t\t\t\t\t\t\t\t\t<p>En tant que Dent Akdeniz \u015eifa Oral and Dental Health Services Ltd.\u015eti, nous nous engageons \u00e0 n&rsquo;utiliser les informations personnelles que vous fournissez dans le formulaire que dans le cadre des activit\u00e9s de communication de notre soci\u00e9t\u00e9 et \u00e0 les prot\u00e9ger dans le cadre de la loi sur la protection des donn\u00e9es personnelles n\u00b0 6698 de la R\u00e9publique de Turquie. En tant que Dent Akdeniz \u015eifa Oral and Dental Health Services Ltd.\u015eti. tant que nous poursuivons nos activit\u00e9s commerciales, vos donn\u00e9es personnelles dans le cadre de cette loi ; Afin de vous informer sur les campagnes sp\u00e9ciales que nous avons pr\u00e9par\u00e9es, nous pourrons les stocker dans des centres de donn\u00e9es s\u00e9curis\u00e9s dans le pays ou \u00e0 l&rsquo;\u00e9tranger et les partager avec des partenaires commerciaux avec lesquels notre soci\u00e9t\u00e9 a conclu un accord de confidentialit\u00e9. Si vous souhaitez modifier vos pr\u00e9f\u00e9rences en mati\u00e8re de partage des donn\u00e9es, vous pouvez envoyer votre demande \u00e0 notre sp\u00e9cialiste des donn\u00e9es via notre adresse \u00e9lectronique akdenizsifadis@gmail.com ou notre centre d&rsquo;appel au 0(212) 635-35-60 et annuler votre adh\u00e9sion.<\/p>\n<p>Dent Akdeniz \u015eifa Oral And Dental Health Services Ltd.\u015eti. Avis de clarification sur la protection des donn\u00e9es \u00e0 caract\u00e8re personnel<\/p>\n<p>Ce formulaire d&rsquo;information et de clarification a \u00e9t\u00e9 pr\u00e9par\u00e9 dans le cadre du traitement et du transfert de \u00ab\u00a0donn\u00e9es personnelles\u00a0\u00bb de personnes physiques r\u00e9gies par la loi n\u00b0 6698 sur la protection des donn\u00e9es personnelles (\u00ab\u00a0loi KVK\u00a0\u00bb). Dans le cadre de la loi n\u00b0 6698, toute information actuelle que vous avez communiqu\u00e9e \u00e0 notre soci\u00e9t\u00e9 sera consid\u00e9r\u00e9e comme une \u00ab\u00a0donn\u00e9e personnelle\u00a0\u00bb. <\/p>\n<p>Nous attachons une grande importance \u00e0 la s\u00e9curit\u00e9 de vos donn\u00e9es personnelles, qui seront conserv\u00e9es dans les conditions pr\u00e9vues par la l\u00e9gislation, de la mani\u00e8re la plus s\u00fbre possible et pendant la p\u00e9riode requise par les obligations l\u00e9gales, conform\u00e9ment \u00e0 la l\u00e9gislation.<\/p>\n<p>a) Contr\u00f4leur des donn\u00e9es et repr\u00e9sentant Conform\u00e9ment \u00e0 la loi n\u00b0 6698 sur la protection des donn\u00e9es personnelles, vos donn\u00e9es personnelles peuvent \u00eatre trait\u00e9es par Dent Akdeniz \u015eifa Oral and Dental Health Services Ltd.\u015eti. en tant que \u00ab\u00a0contr\u00f4leur des donn\u00e9es\u00a0\u00bb dans le cadre de ce qui suit.<\/p>\n<p>b) Dans quel but vos donn\u00e9es \u00e0 caract\u00e8re personnel peuvent-elles \u00eatre trait\u00e9es ?<br \/>Vos donn\u00e9es personnelles collect\u00e9es peuvent \u00eatre utilis\u00e9es pour l&rsquo;ex\u00e9cution des obligations de notre soci\u00e9t\u00e9 et des personnes physiques et morales qui ont une relation d&rsquo;affaires avec notre soci\u00e9t\u00e9, pour vous informer des mises \u00e0 jour, pour \u00e9tablir et ex\u00e9cuter des contrats avec vous, pour rappeler et remplir des obligations l\u00e9gales, pour r\u00e9aliser diverses activit\u00e9s de publicit\u00e9 et de marketing, de financement, l&rsquo;ex\u00e9cution et le suivi des affaires comptables et juridiques, le suivi de vos demandes et plaintes &#8211; le suivi des processus contractuels et\/ou des demandes juridiques, l&rsquo;obtention de votre opinion par le biais d&rsquo;enqu\u00eates et de votes dans le cadre de la planification et de l&rsquo;ex\u00e9cution d&rsquo;activit\u00e9s de satisfaction de la client\u00e8le, la d\u00e9termination des produits, projets et services qui vous conviennent, leur personnalisation et leur d\u00e9veloppement, fournir un service client\u00e8le efficace, vous informer des modifications de la l\u00e9gislation, des politiques internes ou d&rsquo;autres notifications vous concernant, c\u00e9l\u00e9brer des anniversaires, participer \u00e0 des tirages au sort ou \u00e0 des concours, offrir des cadeaux et d&rsquo;autres \u00e9v\u00e9nements, promotions et campagnes similaires en votre faveur, vous informer par courrier \u00e9lectronique, Afin de vous informer par SMS et fax, de vous informer sur les campagnes, de vous envoyer des bulletins imprim\u00e9s, des magazines, des articles sur les campagnes, de d\u00e9terminer le profil de nos visiteurs, d&rsquo;\u00e9valuer les demandes, les exigences et les plaintes, de mettre en \u0153uvre les politiques de ressources humaines de notre entreprise, de r\u00e9pondre \u00e0 vos demandes et questions, les donn\u00e9es personnelles peuvent \u00eatre trait\u00e9es dans le cadre des conditions et des finalit\u00e9s du traitement des donn\u00e9es personnelles sp\u00e9cifi\u00e9es dans les articles 5 et 6 de la loi n\u00b0 6698. Les donn\u00e9es personnelles peuvent \u00eatre trait\u00e9es dans le cadre des conditions et des finalit\u00e9s de traitement des donn\u00e9es personnelles sp\u00e9cifi\u00e9es aux articles 5 et 6 de la loi n\u00b0 6698.  <\/p>\n<p>c) \u00e0 qui et dans quel but les donn\u00e9es \u00e0 caract\u00e8re personnel trait\u00e9es peuvent \u00eatre transf\u00e9r\u00e9es<br \/>Les donn\u00e9es \u00e0 caract\u00e8re personnel que vous avez collect\u00e9es sont trait\u00e9es conform\u00e9ment aux principes suivants : traitement conforme \u00e0 la loi et \u00e0 la bonne foi, exactitude et mise \u00e0 jour si n\u00e9cessaire, traitement \u00e0 des fins sp\u00e9cifiques, claires et l\u00e9gitimes, en rapport avec la finalit\u00e9 pour laquelle elles sont trait\u00e9es, limitation et mesure, et conservation pendant la p\u00e9riode stipul\u00e9e dans la l\u00e9gislation pertinente ou requise aux fins de la finalit\u00e9 pour laquelle elles sont trait\u00e9es. En outre, pour autant que nous respections les conditions stipul\u00e9es aux articles 8 et 9 de la loi sur la KVK et que nous prenions les mesures de s\u00e9curit\u00e9 n\u00e9cessaires, limit\u00e9es aux finalit\u00e9s \u00e9num\u00e9r\u00e9es \u00e0 l&rsquo;article (b) de la pr\u00e9sente notification, nos soci\u00e9t\u00e9s affili\u00e9es ou filiales indirectes\/directes, nationales\/\u00e9trang\u00e8res, institutions et organisations nationales\/\u00e9trang\u00e8res\/internationales, publiques\/priv\u00e9es, soci\u00e9t\u00e9s et autres tiers ou organisations dont notre soci\u00e9t\u00e9 re\u00e7oit des services\/soutien\/consultation ou coop\u00e8re ou est un partenaire pour un projet\/programme\/financement. les personnes ou organisations, les soci\u00e9t\u00e9s affili\u00e9es, les consultants, les actionnaires ou les partenaires de solution de notre soci\u00e9t\u00e9, les autres soci\u00e9t\u00e9s du groupe, l&rsquo;Agence centrale des registres et d&rsquo;autres institutions et organisations autoris\u00e9es, les fournisseurs ou les sous-traitants dans le cadre des conditions et des finalit\u00e9s du traitement des donn\u00e9es personnelles sp\u00e9cifi\u00e9es dans les articles 8 et 9 de la loi n\u00b0 6698. Dent Akdeniz \u015eifa Oral and Dental Health Services Ltd.\u015eti.\u015eti peut traiter et stocker vos donn\u00e9es personnelles sur des serveurs ou d&rsquo;autres supports \u00e9lectroniques situ\u00e9s \u00e0 l&rsquo;\u00e9tranger, \u00e0 condition qu&rsquo;il y ait une protection ad\u00e9quate en Turquie ou dans le pays \u00e9tranger vers lequel les donn\u00e9es personnelles seront transf\u00e9r\u00e9es, \u00e0 condition que les mesures de s\u00e9curit\u00e9 n\u00e9cessaires soient prises ; s&rsquo;il n&rsquo;y a pas de protection ad\u00e9quate dans le pays \u00e9tranger concern\u00e9, Dent Akdeniz \u015eifa Oral and Dental Health Services Ltd.\u015eti.\u015eti et les responsables du traitement des donn\u00e9es dans le pays \u00e9tranger concern\u00e9 s&rsquo;engagent par \u00e9crit \u00e0 assurer une protection ad\u00e9quate et le Conseil a donn\u00e9 son autorisation.<\/p>\n<p>\u00e7) M\u00e9thode et motif l\u00e9gal de la collecte de vos donn\u00e9es \u00e0 caract\u00e8re personnel<\/p>\n<p>Vos donn\u00e9es personnelles peuvent \u00eatre obtenues par notre soci\u00e9t\u00e9 par le biais de diff\u00e9rents canaux tels que les bureaux et autres environnements physiques, les centres d&rsquo;appels, les sites Web, les applications mobiles et les plateformes de transactions \u00e9lectroniques similaires, les m\u00e9dias sociaux ou autres canaux publics, par votre participation \u00e0 des formations, des conf\u00e9rences et des environnements similaires, par le biais d&rsquo;enregistrements \u00e9crits, verbaux, audio ou vid\u00e9o ou d&rsquo;autres m\u00e9dias physiques ou \u00e9lectroniques, etc.) o\u00f9 vous pouvez contacter le si\u00e8ge de la soci\u00e9t\u00e9, les succursales, les agences, les bureaux de vente ou d&rsquo;autres sous-traitants ou partenaires commerciaux, par le biais de la m\u00e9thode d&rsquo;enqu\u00eate ou par le biais d&rsquo;autres soci\u00e9t\u00e9s du groupe ou d&rsquo;autres personnes et organisations sous contrat. Vos donn\u00e9es personnelles peuvent \u00eatre collect\u00e9es, trait\u00e9es, transf\u00e9r\u00e9es et stock\u00e9es aux fins sp\u00e9cifi\u00e9es aux articles (b) et (c) du pr\u00e9sent texte dans le cadre des conditions et des finalit\u00e9s du traitement des donn\u00e9es personnelles sp\u00e9cifi\u00e9es aux articles 5 et 6 de la loi sur la KVK.      <\/p>\n<p>Vos donn\u00e9es personnelles sont conserv\u00e9es conform\u00e9ment \u00e0 la l\u00e9gislation pendant la p\u00e9riode requise par les obligations l\u00e9gales ou pendant la p\u00e9riode autoris\u00e9e par la l\u00e9gislation pertinente.<\/p>\n<p>d)<br \/>Vos droits en tant que propri\u00e9taire de donn\u00e9es \u00e0 caract\u00e8re personnel En tant que propri\u00e9taire de donn\u00e9es \u00e0 caract\u00e8re personnel, si vous soumettez vos demandes concernant vos droits \u00e0 notre Soci\u00e9t\u00e9 par les moyens indiqu\u00e9s ci-dessous, notre Soci\u00e9t\u00e9 finalisera votre demande gratuitement dans les meilleurs d\u00e9lais et au plus tard dans les trente jours. Toutefois, si une redevance est pr\u00e9vue par la Commission de protection des donn\u00e9es personnelles, la redevance correspondant au tarif d\u00e9termin\u00e9 par notre soci\u00e9t\u00e9 sera factur\u00e9e. Dans ce contexte, les propri\u00e9taires de donn\u00e9es personnelles ;  <\/p>\n<p>Pour savoir si des donn\u00e9es \u00e0 caract\u00e8re personnel sont trait\u00e9es,<\/p>\n<p>Demandez des informations si des donn\u00e9es personnelles ont \u00e9t\u00e9 trait\u00e9es,<\/p>\n<p>Conna\u00eetre la finalit\u00e9 du traitement des donn\u00e9es personnelles et savoir si elles sont utilis\u00e9es conform\u00e9ment \u00e0 leur finalit\u00e9,<\/p>\n<p>Conna\u00eetre les tiers auxquels les donn\u00e9es personnelles sont transf\u00e9r\u00e9es au niveau national ou \u00e0 l&rsquo;\u00e9tranger,<\/p>\n<p>Demander la correction des donn\u00e9es personnelles en cas de traitement incomplet ou incorrect et demander la notification de la transaction effectu\u00e9e dans le cadre de ce champ d&rsquo;application aux tiers auxquels les donn\u00e9es personnelles sont transf\u00e9r\u00e9es,<\/p>\n<p>Bien qu&rsquo;elles aient \u00e9t\u00e9 trait\u00e9es conform\u00e9ment aux dispositions de la loi KVK et d&rsquo;autres lois pertinentes, de demander l&rsquo;effacement ou la destruction des donn\u00e9es \u00e0 caract\u00e8re personnel dans le cas o\u00f9 les raisons justifiant leur traitement disparaissent et de demander la notification de la transaction effectu\u00e9e dans ce cadre aux tiers auxquels les donn\u00e9es \u00e0 caract\u00e8re personnel sont transf\u00e9r\u00e9es,<\/p>\n<p>Bien qu&rsquo;elles aient \u00e9t\u00e9 trait\u00e9es conform\u00e9ment aux dispositions de la loi KVK et d&rsquo;autres lois pertinentes, de demander l&rsquo;effacement ou la destruction des donn\u00e9es \u00e0 caract\u00e8re personnel dans le cas o\u00f9 les raisons justifiant leur traitement disparaissent et de demander la notification de la transaction effectu\u00e9e dans ce cadre aux tiers auxquels les donn\u00e9es \u00e0 caract\u00e8re personnel sont transf\u00e9r\u00e9es,<\/p>\n<p>S&rsquo;opposer \u00e0 ce que l&rsquo;analyse des donn\u00e9es trait\u00e9es, effectu\u00e9e exclusivement \u00e0 l&rsquo;aide de syst\u00e8mes automatis\u00e9s, aboutisse \u00e0 un r\u00e9sultat pr\u00e9judiciable \u00e0 la personne elle-m\u00eame,<\/p>\n<p>En cas de dommage d\u00fb \u00e0 un traitement illicite de donn\u00e9es \u00e0 caract\u00e8re personnel, il a le droit d&rsquo;exiger la r\u00e9paration du dommage.<\/p>\n<p>Conform\u00e9ment au paragraphe 1 de l&rsquo;article 13 de la loi KVK, vous pouvez adresser \u00e0 notre soci\u00e9t\u00e9 une demande \u00e9crite d&rsquo;exercice des droits susmentionn\u00e9s. Vous pouvez remplir le formulaire figurant sur la page web de votre demande, contenant vos explications concernant le droit que vous demandez \u00e0 utiliser parmi les droits sp\u00e9cifi\u00e9s \u00e0 l&rsquo;article 11 de la loi KVK, et envoyer une copie humide et sign\u00e9e du formulaire au d\u00e9partement des relations avec les patients de Dent Akdeniz \u015eifa Oral And Dental Health Services Ltd.\u015eti, \u00e0 l&rsquo;adresse \u00ab\u00a0Akdeniz Caddesi no : 38 Fatih Istanbul\u00a0\u00bb, accompagn\u00e9e de documents permettant d&rsquo;identifier votre identit\u00e9, ou l&rsquo;envoyer par l&rsquo;interm\u00e9diaire d&rsquo;un notaire public.<\/p>\n<p>Notre soci\u00e9t\u00e9 se r\u00e9serve le droit d&rsquo;apporter des modifications \u00e0 la pr\u00e9sente d\u00e9claration en raison de changements apport\u00e9s \u00e0 la loi KVK et aux m\u00e9thodes d\u00e9termin\u00e9es par la Commission de protection des donn\u00e9es personnelles.<\/p>\n\t\t\t\t\t\t\t\t<\/div>\n\t\t\t\t<\/div>\n\t\t\t\t\t<\/div>\n\t\t\t\t<\/div>\n\t\t\t\t<\/div>\n\t\t","protected":false},"excerpt":{"rendered":"<p>Texte de clarification du KVKK En tant que Dent Akdeniz \u015eifa Oral and Dental Health Services Ltd.\u015eti, nous nous engageons \u00e0 n&rsquo;utiliser les informations personnelles que vous fournissez dans le formulaire que dans le cadre des activit\u00e9s de communication de notre soci\u00e9t\u00e9 et \u00e0 les prot\u00e9ger dans le cadre de la loi sur la protection [&hellip;]<\/p>\n","protected":false},"author":1,"featured_media":0,"parent":0,"menu_order":0,"comment_status":"closed","ping_status":"closed","template":"elementor_header_footer","meta":{"footnotes":""},"class_list":["post-1593","page","type-page","status-publish","hentry"],"_links":{"self":[{"href":"https:\/\/dentakdenizsifa.com\/fr\/wp-json\/wp\/v2\/pages\/1593","targetHints":{"allow":["GET"]}}],"collection":[{"href":"https:\/\/dentakdenizsifa.com\/fr\/wp-json\/wp\/v2\/pages"}],"about":[{"href":"https:\/\/dentakdenizsifa.com\/fr\/wp-json\/wp\/v2\/types\/page"}],"author":[{"embeddable":true,"href":"https:\/\/dentakdenizsifa.com\/fr\/wp-json\/wp\/v2\/users\/1"}],"replies":[{"embeddable":true,"href":"https:\/\/dentakdenizsifa.com\/fr\/wp-json\/wp\/v2\/comments?post=1593"}],"version-history":[{"count":1,"href":"https:\/\/dentakdenizsifa.com\/fr\/wp-json\/wp\/v2\/pages\/1593\/revisions"}],"predecessor-version":[{"id":1594,"href":"https:\/\/dentakdenizsifa.com\/fr\/wp-json\/wp\/v2\/pages\/1593\/revisions\/1594"}],"wp:attachment":[{"href":"https:\/\/dentakdenizsifa.com\/fr\/wp-json\/wp\/v2\/media?parent=1593"}],"curies":[{"name":"wp","href":"https:\/\/api.w.org\/{rel}","templated":true}]}}