{"id":1523,"date":"2024-12-16T00:03:50","date_gmt":"2024-12-15T21:03:50","guid":{"rendered":"https:\/\/dentakdenizsifa.com\/dt-merve-akbulut\/"},"modified":"2024-12-28T01:44:58","modified_gmt":"2024-12-27T22:44:58","slug":"dt-merve-akbulut","status":"publish","type":"page","link":"https:\/\/dentakdenizsifa.com\/fr\/dt-merve-akbulut\/","title":{"rendered":"Dt. Merve AKBULUT"},"content":{"rendered":"\t\t<div data-elementor-type=\"wp-page\" data-elementor-id=\"1523\" class=\"elementor elementor-1523 elementor-755\" data-elementor-post-type=\"page\">\n\t\t\t\t<div class=\"elementor-element elementor-element-7a8b357 e-con-full elementor-hidden-desktop elementor-hidden-tablet e-flex e-con e-child\" data-id=\"7a8b357\" data-element_type=\"container\" data-e-type=\"container\">\n\t\t\t\t<div class=\"elementor-element elementor-element-d896a32 elementor-widget elementor-widget-image\" data-id=\"d896a32\" data-element_type=\"widget\" data-e-type=\"widget\" data-widget_type=\"image.default\">\n\t\t\t\t<div class=\"elementor-widget-container\">\n\t\t\t\t\t\t\t\t\t\t\t\t\t\t\t\t<a href=\"https:\/\/dentakdenizsifa.com\/wp-content\/uploads\/2024\/12\/merve-akbulut.jpg\" data-elementor-open-lightbox=\"yes\" data-elementor-lightbox-title=\"merve-akbulut\" data-e-action-hash=\"#elementor-action%3Aaction%3Dlightbox%26settings%3DeyJpZCI6MTA3NSwidXJsIjoiaHR0cHM6XC9cL2RlbnRha2Rlbml6c2lmYS5jb21cL3dwLWNvbnRlbnRcL3VwbG9hZHNcLzIwMjRcLzEyXC9tZXJ2ZS1ha2J1bHV0LmpwZyJ9\">\n\t\t\t\t\t\t\t<img fetchpriority=\"high\" decoding=\"async\" width=\"522\" height=\"654\" src=\"https:\/\/dentakdenizsifa.com\/wp-content\/uploads\/2024\/12\/merve-akbulut.jpg\" class=\"attachment-large size-large wp-image-1075\" alt=\"\" srcset=\"https:\/\/dentakdenizsifa.com\/wp-content\/uploads\/2024\/12\/merve-akbulut.jpg 522w, https:\/\/dentakdenizsifa.com\/wp-content\/uploads\/2024\/12\/merve-akbulut-239x300.jpg 239w\" sizes=\"(max-width: 522px) 100vw, 522px\" \/>\t\t\t\t\t\t\t\t<\/a>\n\t\t\t\t\t\t\t\t\t\t\t\t\t\t\t<\/div>\n\t\t\t\t<\/div>\n\t\t\t\t<\/div>\n\t\t<div class=\"elementor-element elementor-element-a051338 e-flex e-con-boxed e-con e-parent\" data-id=\"a051338\" data-element_type=\"container\" data-e-type=\"container\" data-settings=\"{&quot;background_background&quot;:&quot;classic&quot;}\">\n\t\t\t\t\t<div class=\"e-con-inner\">\n\t\t<div class=\"elementor-element elementor-element-53bc549 e-con-full e-flex e-con e-child\" data-id=\"53bc549\" data-element_type=\"container\" data-e-type=\"container\">\n\t\t\t\t<div class=\"elementor-element elementor-element-b930da9 elementor-widget__width-initial elementor-invisible elementor-widget elementor-widget-heading\" data-id=\"b930da9\" data-element_type=\"widget\" data-e-type=\"widget\" data-settings=\"{&quot;_animation&quot;:&quot;fadeInUp&quot;}\" data-widget_type=\"heading.default\">\n\t\t\t\t<div class=\"elementor-widget-container\">\n\t\t\t\t\t<h2 class=\"elementor-heading-title elementor-size-default\">Dt. Merve AKBULUT<\/h2>\t\t\t\t<\/div>\n\t\t\t\t<\/div>\n\t\t\t\t<div class=\"elementor-element elementor-element-e2b2221 elementor-invisible elementor-widget elementor-widget-heading\" data-id=\"e2b2221\" data-element_type=\"widget\" data-e-type=\"widget\" data-settings=\"{&quot;_animation&quot;:&quot;fadeInUp&quot;}\" data-widget_type=\"heading.default\">\n\t\t\t\t<div class=\"elementor-widget-container\">\n\t\t\t\t\t<h2 class=\"elementor-heading-title elementor-size-default\">Ma biographie<\/h2>\t\t\t\t<\/div>\n\t\t\t\t<\/div>\n\t\t\t\t<div class=\"elementor-element elementor-element-ce5d132 elementor-widget__width-initial elementor-invisible elementor-widget elementor-widget-text-editor\" data-id=\"ce5d132\" data-element_type=\"widget\" data-e-type=\"widget\" data-settings=\"{&quot;_animation&quot;:&quot;fadeInUp&quot;}\" data-widget_type=\"text-editor.default\">\n\t\t\t\t<div class=\"elementor-widget-container\">\n\t\t\t\t\t\t\t\t\tEn 2020, il est dipl\u00f4m\u00e9 de la facult\u00e9 de m\u00e9decine dentaire de l&rsquo;universit\u00e9 d&rsquo;Erciyes. Il ma\u00eetrise tous les domaines de la dentisterie g\u00e9n\u00e9rale qui ne n\u00e9cessitent pas de chirurgie avanc\u00e9e. Son objectif est de faire en sorte que les patients qui reportent leur traitement en raison de leurs craintes et qui perdent leurs dents puissent \u00eatre trait\u00e9s confortablement. Il suit les d\u00e9veloppements actuels li\u00e9s \u00e0 sa profession par le biais de congr\u00e8s, de s\u00e9minaires et d&rsquo;articles. En dehors de sa profession, il s&rsquo;int\u00e9resse \u00e0 l&rsquo;aquarelle et au ney.    \n\n\t\t\t\t\t\t\t\t<\/div>\n\t\t\t\t<\/div>\n\t\t\t\t<\/div>\n\t\t<div class=\"elementor-element elementor-element-cc6b45c e-con-full e-flex elementor-invisible e-con e-child\" data-id=\"cc6b45c\" data-element_type=\"container\" data-e-type=\"container\" data-settings=\"{&quot;background_background&quot;:&quot;classic&quot;,&quot;animation&quot;:&quot;fadeInUp&quot;}\">\n\t\t<div class=\"elementor-element elementor-element-9b122b3 e-con-full elementor-hidden-tablet elementor-hidden-mobile e-flex e-con e-child\" data-id=\"9b122b3\" data-element_type=\"container\" data-e-type=\"container\">\n\t\t\t\t<div class=\"elementor-element elementor-element-530ec40 elementor-widget elementor-widget-image\" data-id=\"530ec40\" data-element_type=\"widget\" data-e-type=\"widget\" data-widget_type=\"image.default\">\n\t\t\t\t<div class=\"elementor-widget-container\">\n\t\t\t\t\t\t\t\t\t\t\t\t\t\t\t\t<a href=\"https:\/\/dentakdenizsifa.com\/wp-content\/uploads\/2024\/12\/merve-akbulut.jpg\" data-elementor-open-lightbox=\"yes\" data-elementor-lightbox-title=\"merve-akbulut\" data-e-action-hash=\"#elementor-action%3Aaction%3Dlightbox%26settings%3DeyJpZCI6MTA3NSwidXJsIjoiaHR0cHM6XC9cL2RlbnRha2Rlbml6c2lmYS5jb21cL3dwLWNvbnRlbnRcL3VwbG9hZHNcLzIwMjRcLzEyXC9tZXJ2ZS1ha2J1bHV0LmpwZyJ9\">\n\t\t\t\t\t\t\t<img fetchpriority=\"high\" decoding=\"async\" width=\"522\" height=\"654\" src=\"https:\/\/dentakdenizsifa.com\/wp-content\/uploads\/2024\/12\/merve-akbulut.jpg\" class=\"attachment-large size-large wp-image-1075\" alt=\"\" srcset=\"https:\/\/dentakdenizsifa.com\/wp-content\/uploads\/2024\/12\/merve-akbulut.jpg 522w, https:\/\/dentakdenizsifa.com\/wp-content\/uploads\/2024\/12\/merve-akbulut-239x300.jpg 239w\" sizes=\"(max-width: 522px) 100vw, 522px\" \/>\t\t\t\t\t\t\t\t<\/a>\n\t\t\t\t\t\t\t\t\t\t\t\t\t\t\t<\/div>\n\t\t\t\t<\/div>\n\t\t\t\t<\/div>\n\t\t\t\t<\/div>\n\t\t\t\t\t<\/div>\n\t\t\t\t<\/div>\n\t\t\t\t<\/div>\n\t\t","protected":false},"excerpt":{"rendered":"<p>Dt. Merve AKBULUT Ma biographie En 2020, il est dipl\u00f4m\u00e9 de la facult\u00e9 de m\u00e9decine dentaire de l&rsquo;universit\u00e9 d&rsquo;Erciyes. Il ma\u00eetrise tous les domaines de la dentisterie g\u00e9n\u00e9rale qui ne n\u00e9cessitent pas de chirurgie avanc\u00e9e. Son objectif est de faire en sorte que les patients qui reportent leur traitement en raison de leurs craintes et [&hellip;]<\/p>\n","protected":false},"author":1,"featured_media":0,"parent":0,"menu_order":0,"comment_status":"closed","ping_status":"closed","template":"elementor_header_footer","meta":{"footnotes":""},"class_list":["post-1523","page","type-page","status-publish","hentry"],"_links":{"self":[{"href":"https:\/\/dentakdenizsifa.com\/fr\/wp-json\/wp\/v2\/pages\/1523","targetHints":{"allow":["GET"]}}],"collection":[{"href":"https:\/\/dentakdenizsifa.com\/fr\/wp-json\/wp\/v2\/pages"}],"about":[{"href":"https:\/\/dentakdenizsifa.com\/fr\/wp-json\/wp\/v2\/types\/page"}],"author":[{"embeddable":true,"href":"https:\/\/dentakdenizsifa.com\/fr\/wp-json\/wp\/v2\/users\/1"}],"replies":[{"embeddable":true,"href":"https:\/\/dentakdenizsifa.com\/fr\/wp-json\/wp\/v2\/comments?post=1523"}],"version-history":[{"count":1,"href":"https:\/\/dentakdenizsifa.com\/fr\/wp-json\/wp\/v2\/pages\/1523\/revisions"}],"predecessor-version":[{"id":1524,"href":"https:\/\/dentakdenizsifa.com\/fr\/wp-json\/wp\/v2\/pages\/1523\/revisions\/1524"}],"wp:attachment":[{"href":"https:\/\/dentakdenizsifa.com\/fr\/wp-json\/wp\/v2\/media?parent=1523"}],"curies":[{"name":"wp","href":"https:\/\/api.w.org\/{rel}","templated":true}]}}