{"id":1469,"date":"2024-12-14T23:53:59","date_gmt":"2024-12-14T20:53:59","guid":{"rendered":"https:\/\/dentakdenizsifa.com\/traitement-des-implants\/"},"modified":"2024-12-28T01:22:38","modified_gmt":"2024-12-27T22:22:38","slug":"traitement-des-implants","status":"publish","type":"page","link":"https:\/\/dentakdenizsifa.com\/fr\/traitement-des-implants\/","title":{"rendered":"Traitement des implants"},"content":{"rendered":"\t\t<div data-elementor-type=\"wp-page\" data-elementor-id=\"1469\" class=\"elementor elementor-1469 elementor-98\" data-elementor-post-type=\"page\">\n\t\t\t\t<div class=\"elementor-element elementor-element-7a5fb4c e-flex e-con-boxed e-con e-parent\" data-id=\"7a5fb4c\" data-element_type=\"container\" data-e-type=\"container\">\n\t\t\t\t\t<div class=\"e-con-inner\">\n\t\t\t\t<div class=\"elementor-element elementor-element-5d231b8 elementor-widget elementor-widget-heading\" data-id=\"5d231b8\" data-element_type=\"widget\" data-e-type=\"widget\" data-widget_type=\"heading.default\">\n\t\t\t\t<div class=\"elementor-widget-container\">\n\t\t\t\t\t<h1 class=\"elementor-heading-title elementor-size-default\">TRAITEMENT DES IMPLANTS<\/h1>\t\t\t\t<\/div>\n\t\t\t\t<\/div>\n\t\t\t\t\t<\/div>\n\t\t\t\t<\/div>\n\t\t<div class=\"elementor-element elementor-element-9732d79 e-flex e-con-boxed e-con e-parent\" data-id=\"9732d79\" data-element_type=\"container\" data-e-type=\"container\">\n\t\t\t\t\t<div class=\"e-con-inner\">\n\t\t\t\t<div class=\"elementor-element elementor-element-a2bd795 elementor-widget elementor-widget-text-editor\" data-id=\"a2bd795\" data-element_type=\"widget\" data-e-type=\"widget\" data-widget_type=\"text-editor.default\">\n\t\t\t\t<div class=\"elementor-widget-container\">\n\t\t\t\t\t\t\t\t\t<p>L&rsquo;implant est d\u00e9fini comme une racine dentaire artificielle plac\u00e9e dans ou sur la m\u00e2choire pour remplacer la dent manquante ou pour compl\u00e9ter les parties perdues de la bouche.<\/p>\n<p><img fetchpriority=\"high\" decoding=\"async\" class=\"wp-image-107 size-large aligncenter\" src=\"https:\/\/dentakdenizsifa.com\/wp-content\/uploads\/2024\/12\/implant-tedavisi-2-1024x683.png\" alt=\"\" width=\"800\" height=\"534\" srcset=\"https:\/\/dentakdenizsifa.com\/wp-content\/uploads\/2024\/12\/implant-tedavisi-2-1024x683.png 1024w, https:\/\/dentakdenizsifa.com\/wp-content\/uploads\/2024\/12\/implant-tedavisi-2-300x200.png 300w, https:\/\/dentakdenizsifa.com\/wp-content\/uploads\/2024\/12\/implant-tedavisi-2-768x512.png 768w, https:\/\/dentakdenizsifa.com\/wp-content\/uploads\/2024\/12\/implant-tedavisi-2.png 1200w\" sizes=\"(max-width: 800px) 100vw, 800px\" \/><\/p>\n<p>Ce type de traitement consiste \u00e0 appliquer un mat\u00e9riau en titane, facilement accept\u00e9 par le corps humain et compatible avec les tissus dentaires, dans les zones o\u00f9 les dents ont \u00e9t\u00e9 perdues. La zone \u00e0 implanter est insensibilis\u00e9e avec une anesth\u00e9sie locale et l&rsquo;implant est pos\u00e9 en 5 \u00e0 10 minutes. Il faut attendre 2,5 \u00e0 3 mois pour que l&rsquo;implant s&rsquo;int\u00e8gre \u00e0 l&rsquo;os de la m\u00e2choire, puis la deuxi\u00e8me \u00e9tape est atteinte. Les dents en porcelaine \u00e0 placer sur les implants sont mesur\u00e9es et les dents sont remplac\u00e9es dans un d\u00e9lai d&rsquo;une semaine et de dix jours.<\/p>\n<p>Pour implanter un patient, il faut une \u00e9paisseur d&rsquo;os suffisante. Les implants les plus courts disponibles sur le march\u00e9 ont une hauteur de 6 \u00e0 8 mm et un diam\u00e8tre de 3,5 \u00e0 4 mm. Par cons\u00e9quent, pour placer un implant de cette \u00e9paisseur dans l&rsquo;os de la m\u00e2choire, il faut une structure osseuse plus \u00e9paisse. Une hauteur d&rsquo;os de 7 ou 9 mm est n\u00e9cessaire pour un implant de 6 \u00e0 8 mm, et une \u00e9paisseur d&rsquo;os de 5,5 mm de diam\u00e8tre est n\u00e9cessaire pour placer un implant de 3,5 mm. Si le patient ne dispose pas de ce niveau et de cette quantit\u00e9 d&rsquo;os, des proc\u00e9dures d&rsquo;augmentation osseuse sont utilis\u00e9es avec des techniques chirurgicales avanc\u00e9es. \u00c0 cette fin, des op\u00e9rations chirurgicales telles que l&rsquo;augmentation osseuse, le treillis en titane, le soul\u00e8vement des sinus, l&rsquo;\u00e9talement osseux sont appliqu\u00e9es avec succ\u00e8s dans notre clinique.     <\/p>\n<p>En tant que famille Akdeniz \u015eifa, nous appliquons un traitement d&rsquo;implant \u00e0 chaque personne en bonne sant\u00e9 qui a termin\u00e9 son d\u00e9veloppement dans notre centre avec notre meilleure \u00e9quipe de m\u00e9decins.<\/p>\n<p>Nous assurons une assistance \u00e0 vie pour les implants.<\/p>\n<p>Nos patients re\u00e7oivent un certificat indiquant le type et la taille de l&rsquo;implant que nous avons pos\u00e9. Malheureusement, dans certaines cliniques, de nombreux patients ne peuvent pas se faire faire des dents sur l&rsquo;implant parce que la marque de l&rsquo;implant n&rsquo;est pas connue. Dans les cas o\u00f9 les implants sont soud\u00e9s \u00e0 l&rsquo;os de la m\u00e2choire mais que la marque n&rsquo;est pas connue, ces implants doivent malheureusement \u00eatre enlev\u00e9s. Nos patients peuvent faire fabriquer leur proth\u00e8se implantaire o\u00f9 qu&rsquo;ils se trouvent dans le monde, m\u00eame s&rsquo;ils ne peuvent pas revenir pour la superstructure.  <\/p>\n<h4><span style=\"color: #000000;\"><strong>Implants imm\u00e9diats Implant en un jour<\/strong><\/span><\/h4>\n<p>Une fois les proc\u00e9dures n\u00e9cessaires effectu\u00e9es, les implants peuvent \u00eatre pos\u00e9s apr\u00e8s l&rsquo;extraction d&rsquo;une dent. En m\u00eame temps, ces implants sont un traitement recommand\u00e9 par les m\u00e9decins. \u00c9tant donn\u00e9 que le r\u00e9tr\u00e9cissement de l&rsquo;os commence \u00e0 se produire dans les 24 heures qui suivent l&rsquo;extraction dentaire, la perte osseuse peut \u00eatre \u00e9vit\u00e9e gr\u00e2ce aux implants imm\u00e9diats. L&rsquo;extraction et l&rsquo;implantation le m\u00eame jour constituent un traitement confortable pour le patient.   <\/p>\n<h4><span style=\"color: #000000;\"><strong>Proth\u00e8ses r\u00e9alis\u00e9es \u00e0 partir d&rsquo;implants :<\/strong><\/span><\/h4>\n<p>Les proth\u00e8ses sur implants sont des proth\u00e8ses fixes ou amovibles. Les proth\u00e8ses fixes sont fix\u00e9es sur les implants plac\u00e9s sur l&rsquo;os de la dent. <\/p>\n<p>La proth\u00e8se amovible est un type de proth\u00e8se dentaire utilis\u00e9 dans les cas o\u00f9 il manque de nombreuses dents et o\u00f9 le traitement ne peut pas \u00eatre effectu\u00e9 avec des proth\u00e8ses fixes. La proth\u00e8se amovible est une m\u00e9thode appliqu\u00e9e aux patients qui ont des dents manquantes ou qui sont compl\u00e8tement \u00e9dent\u00e9s. Cette proc\u00e9dure peut \u00eatre facilement appliqu\u00e9e chez les patients dont la structure osseuse des dents est suffisante. Le rev\u00eatement de l&rsquo;implant peut \u00eatre compos\u00e9 de diff\u00e9rents mat\u00e9riaux selon la demande du patient. Les proth\u00e8ses implanto-port\u00e9es sont pr\u00e9par\u00e9es dans des tailles plus petites que les proth\u00e8ses traditionnelles. Cela facilite l&rsquo;acceptation de la proth\u00e8se par le patient. Comme l&rsquo;implant est soutenu, la mastication est plus forte.      <\/p>\n<h4><span style=\"color: #000000;\"><strong>Techniques chirurgicales utilis\u00e9es pour assurer un soutien osseux ad\u00e9quat lors de l&rsquo;application d&rsquo;implants :<\/strong><\/span><\/h4>\n<p>Pour que les dents implanto-port\u00e9es soient saines, les implants doivent \u00eatre entour\u00e9s d&rsquo;au moins 1 mm d&rsquo;os. Un support osseux d&rsquo;une largeur et d&rsquo;une longueur suffisantes est donc n\u00e9cessaire pour la mise en place d&rsquo;implants durables. <\/p>\n<p>Il y a deux fa\u00e7ons principales de d\u00e9terminer la pr\u00e9sence d&rsquo;une quantit\u00e9 suffisante d&rsquo;os :<\/p>\n<p>1- L&rsquo;examen clinique est effectu\u00e9 par un m\u00e9decin comp\u00e9tent et exp\u00e9riment\u00e9.<\/p>\n<p>2- La tomographie volum\u00e9trique dentaire (imagerie tridimensionnelle) est utilis\u00e9e pour voir tous les d\u00e9tails qui ne peuvent pas \u00eatre d\u00e9tect\u00e9s lors des contr\u00f4les cliniques et m\u00eame pendant l&rsquo;op\u00e9ration. Si le support osseux est insuffisant ; <\/p>\n<p>Un soutien osseux ad\u00e9quat est assur\u00e9 par des techniques chirurgicales telles que le soul\u00e8vement des sinus, l&rsquo;utilisation de poudre d&rsquo;os, l&rsquo;\u00e9talement de l&rsquo;os, l&rsquo;utilisation de treillis en titane.<\/p>\n<p>Technique de levage des sinus<\/p>\n<p>S&rsquo;il n&rsquo;y a pas assez d&rsquo;os dans la r\u00e9gion post\u00e9rieure de la m\u00e2choire sup\u00e9rieure, il s&rsquo;agit d&rsquo;une technique chirurgicale utilis\u00e9e pour assurer une nouvelle formation osseuse dans le sens vertical jusqu&rsquo;\u00e0 la zone du sinus. Le sinus est une cavit\u00e9 anatomique situ\u00e9e juste au-dessus de la m\u00e2choire sup\u00e9rieure, pr\u00e8s des molaires maxillaires l\u00e9s\u00e9es. Lorsque les dents sont perdues dans la r\u00e9gion post\u00e9rieure de la m\u00e2choire sup\u00e9rieure et que la proth\u00e8se n&rsquo;est pas r\u00e9alis\u00e9e \u00e0 temps, la distance entre la paroi du sinus et le point sup\u00e9rieur de l&rsquo;os de la m\u00e2choire, appel\u00e9 cr\u00eate, se raccourcit. Comme il n&rsquo;y a pas assez d&rsquo;os pour implanter dans cette zone, on proc\u00e8de \u00e0 un lifting du sinus pour augmenter le ratio osseux qui diminue. Cette intervention est g\u00e9n\u00e9ralement r\u00e9alis\u00e9e sous anesth\u00e9sie locale. La zone sinusale est soulev\u00e9e au niveau souhait\u00e9 et de la poudre d&rsquo;os et des greffons sont appliqu\u00e9s dans la cavit\u00e9 cr\u00e9\u00e9e par une petite fen\u00eatre ouverte par la bouche dans cette zone, puis sutur\u00e9s et la zone est referm\u00e9e. La proc\u00e9dure de greffe de sinus est utilis\u00e9e pour appliquer un traitement implantaire aux zones \u00e9dent\u00e9es en remplissant les cavit\u00e9s sinusales qui se sont affaiss\u00e9es. Cette proc\u00e9dure permet de cr\u00e9er un volume suffisant pour la longueur et la largeur de l&rsquo;implant, qui doit \u00eatre enti\u00e8rement ins\u00e9r\u00e9 dans l&rsquo;os.      <\/p>\n<p>\u00c9cartement de l&rsquo;os, division de l&rsquo;os, technique du sandwich, ost\u00e9otome divis\u00e9<\/p>\n<p>En cas d&rsquo;\u00e9paisseur insuffisante de l&rsquo;os, il s&rsquo;agit d&rsquo;une technique qui consiste \u00e0 ouvrir l&rsquo;os comme un sandwich et \u00e0 placer un implant entre les deux. Le processus d&rsquo;expansion de la m\u00e2choire est r\u00e9alis\u00e9 en s\u00e9parant l&rsquo;os horizontalement. <\/p>\n<p>Augmentation osseuse (Ogmentation de la cr\u00eate)<\/p>\n<p>Il s&rsquo;agit d&rsquo;interventions chirurgicales visant \u00e0 \u00e9paissir ou \u00e0 augmenter la hauteur de l&rsquo;os qui porte les dents afin de poser des implants. Lors de ces interventions, il est possible d&rsquo;utiliser l&rsquo;os du patient ou des poudres d&rsquo;os sp\u00e9cialement produites \u00e0 cet effet. Dans le cas o\u00f9 des poudres osseuses sont utilis\u00e9es, il est possible de poser des implants en m\u00eame temps.  <\/p>\n<p>Maille de titane (maille de titane, membrane de titane)<\/p>\n<p>Excellente biocompatibilit\u00e9, propri\u00e9t\u00e9s occlusives, tr\u00e8s bonne perm\u00e9abilit\u00e9, facile \u00e0 utiliser car souple. Il peut \u00eatre coup\u00e9 pour s&rsquo;adapter aux zones chirurgicales. Permet une reconstruction tridimensionnelle des d\u00e9fauts de l&rsquo;os alv\u00e9olaire. Il assure une bonne pr\u00e9servation du greffon osseux, am\u00e9liore la zone de r\u00e9g\u00e9n\u00e9ration osseuse, facilite le remplacement osseux. Favorise la n\u00e9oformation osseuse en agissant comme une barri\u00e8re.    <\/p>\n\t\t\t\t\t\t\t\t<\/div>\n\t\t\t\t<\/div>\n\t\t\t\t\t<\/div>\n\t\t\t\t<\/div>\n\t\t\t\t<\/div>\n\t\t","protected":false},"excerpt":{"rendered":"<p>TRAITEMENT DES IMPLANTS L&rsquo;implant est d\u00e9fini comme une racine dentaire artificielle plac\u00e9e dans ou sur la m\u00e2choire pour remplacer la dent manquante ou pour compl\u00e9ter les parties perdues de la bouche. Ce type de traitement consiste \u00e0 appliquer un mat\u00e9riau en titane, facilement accept\u00e9 par le corps humain et compatible avec les tissus dentaires, dans [&hellip;]<\/p>\n","protected":false},"author":1,"featured_media":889,"parent":0,"menu_order":0,"comment_status":"closed","ping_status":"closed","template":"elementor_header_footer","meta":{"footnotes":""},"class_list":["post-1469","page","type-page","status-publish","has-post-thumbnail","hentry"],"_links":{"self":[{"href":"https:\/\/dentakdenizsifa.com\/fr\/wp-json\/wp\/v2\/pages\/1469","targetHints":{"allow":["GET"]}}],"collection":[{"href":"https:\/\/dentakdenizsifa.com\/fr\/wp-json\/wp\/v2\/pages"}],"about":[{"href":"https:\/\/dentakdenizsifa.com\/fr\/wp-json\/wp\/v2\/types\/page"}],"author":[{"embeddable":true,"href":"https:\/\/dentakdenizsifa.com\/fr\/wp-json\/wp\/v2\/users\/1"}],"replies":[{"embeddable":true,"href":"https:\/\/dentakdenizsifa.com\/fr\/wp-json\/wp\/v2\/comments?post=1469"}],"version-history":[{"count":1,"href":"https:\/\/dentakdenizsifa.com\/fr\/wp-json\/wp\/v2\/pages\/1469\/revisions"}],"predecessor-version":[{"id":1470,"href":"https:\/\/dentakdenizsifa.com\/fr\/wp-json\/wp\/v2\/pages\/1469\/revisions\/1470"}],"wp:featuredmedia":[{"embeddable":true,"href":"https:\/\/dentakdenizsifa.com\/fr\/wp-json\/wp\/v2\/media\/889"}],"wp:attachment":[{"href":"https:\/\/dentakdenizsifa.com\/fr\/wp-json\/wp\/v2\/media?parent=1469"}],"curies":[{"name":"wp","href":"https:\/\/api.w.org\/{rel}","templated":true}]}}