{"id":1467,"date":"2024-12-15T03:17:28","date_gmt":"2024-12-15T00:17:28","guid":{"rendered":"https:\/\/dentakdenizsifa.com\/smile-design\/"},"modified":"2024-12-28T02:13:03","modified_gmt":"2024-12-27T23:13:03","slug":"smile-design","status":"publish","type":"page","link":"https:\/\/dentakdenizsifa.com\/fr\/smile-design\/","title":{"rendered":"Smile Design"},"content":{"rendered":"\t\t<div data-elementor-type=\"wp-page\" data-elementor-id=\"1467\" class=\"elementor elementor-1467 elementor-132\" data-elementor-post-type=\"page\">\n\t\t\t\t<div class=\"elementor-element elementor-element-8c652ea e-flex e-con-boxed e-con e-parent\" data-id=\"8c652ea\" data-element_type=\"container\" data-e-type=\"container\">\n\t\t\t\t\t<div class=\"e-con-inner\">\n\t\t\t\t<div class=\"elementor-element elementor-element-c2aae21 elementor-widget elementor-widget-heading\" data-id=\"c2aae21\" data-element_type=\"widget\" data-e-type=\"widget\" data-widget_type=\"heading.default\">\n\t\t\t\t<div class=\"elementor-widget-container\">\n\t\t\t\t\t<h1 class=\"elementor-heading-title elementor-size-default\">SMILE DESIGN<\/h1>\t\t\t\t<\/div>\n\t\t\t\t<\/div>\n\t\t\t\t\t<\/div>\n\t\t\t\t<\/div>\n\t\t<div class=\"elementor-element elementor-element-fca2815 e-flex e-con-boxed e-con e-parent\" data-id=\"fca2815\" data-element_type=\"container\" data-e-type=\"container\">\n\t\t\t\t\t<div class=\"e-con-inner\">\n\t\t\t\t<div class=\"elementor-element elementor-element-772a403 elementor-widget elementor-widget-text-editor\" data-id=\"772a403\" data-element_type=\"widget\" data-e-type=\"widget\" data-widget_type=\"text-editor.default\">\n\t\t\t\t<div class=\"elementor-widget-container\">\n\t\t\t\t\t\t\t\t\t<p>En \u00e9valuant la relation entre un certain nombre de crit\u00e8res esth\u00e9tiques tels que les l\u00e8vres, les gencives, les dents, la couleur du tissu entourant la l\u00e8vre, il s&rsquo;agit de concevoir un sourire personnalis\u00e9 en utilisant des stratifi\u00e9s en porcelaine, des facettes en emax ou en zirconium, le blanchiment des dents et de petits syst\u00e8mes de collage ou une combinaison de tous ces \u00e9l\u00e9ments en fonction des souhaits particuliers de la personne.<\/p>\n<p><img fetchpriority=\"high\" decoding=\"async\" class=\"wp-image-139 size-large aligncenter\" src=\"https:\/\/dentakdenizsifa.com\/wp-content\/uploads\/2024\/12\/gulus-tasarimi-tedavisi-1024x683.png\" alt=\"\" width=\"800\" height=\"534\" srcset=\"https:\/\/dentakdenizsifa.com\/wp-content\/uploads\/2024\/12\/gulus-tasarimi-tedavisi-1024x683.png 1024w, https:\/\/dentakdenizsifa.com\/wp-content\/uploads\/2024\/12\/gulus-tasarimi-tedavisi-300x200.png 300w, https:\/\/dentakdenizsifa.com\/wp-content\/uploads\/2024\/12\/gulus-tasarimi-tedavisi-768x512.png 768w, https:\/\/dentakdenizsifa.com\/wp-content\/uploads\/2024\/12\/gulus-tasarimi-tedavisi.png 1200w\" sizes=\"(max-width: 800px) 100vw, 800px\" \/><\/p>\n<p>Quelques-unes des m\u00e9thodes que nous utilisons pour la conception du sourire dans notre clinique ;<\/p>\n<p>1-Traitement de porcelaine (lamina), qui peut \u00eatre appliqu\u00e9 dans les cas o\u00f9 la forme structurelle est irr\u00e9guli\u00e8re, discr\u00e8te, et o\u00f9 un effet suffisant ne peut \u00eatre obtenu avec le blanchiment.<\/p>\n<p>2 &#8211; Facettes en porcelaine, facettes en zirconium et facettes en porcelaine emax appliqu\u00e9es en cas d&rsquo;abrasion et de perte de mat\u00e9riau dans les dents pour diff\u00e9rentes raisons, de dents pr\u00e9sentant une d\u00e9coloration excessive, de recouvrements d&rsquo;implants, de dents dont la structure est d\u00e9t\u00e9rior\u00e9e, d&rsquo;applications de ponts, de renforcement et de prolongation de la dur\u00e9e de vie des dents et d&rsquo;apparence naturelle.<\/p>\n<p>3-Les proc\u00e9dures d&rsquo;obturation esth\u00e9tique (bonding), qui consistent \u00e0 combler ces espaces par des obturations sans endommager les dents dans les cas o\u00f9 il y a des espaces entre les dents chez les patients.<\/p>\n<p>4-Application de blanchiment sur les dents qui ont perdu leur blancheur<\/p>\n<p>Pour obtenir un beau sourire, il ne suffit pas d&rsquo;avoir des dents blanches. Outre la blancheur, l&rsquo;aspect sain des gencives et la proportion des dents sont \u00e9galement tr\u00e8s importants. La conception du sourire vise \u00e0 obtenir un sourire parfait en veillant \u00e0 l&rsquo;harmonie des gencives, des dents et des l\u00e8vres.  <\/p>\n<p>A- Facette stratifi\u00e9e (feuille de porcelaine)<\/p>\n<p>Laminated signifie feuille en latin. Les facettes dentaires stratifi\u00e9es sont utilis\u00e9es pour corriger les diff\u00e9rences de couleur des dents, les fissures et les fractures dentaires, les d\u00e9colorations caus\u00e9es par les plombages, et pour r\u00e9unir des dents s\u00e9par\u00e9es (fermeture de diast\u00e8me). <\/p>\n<p>Comme alternative au traitement orthodontique dans la correction des dents tordues et courb\u00e9es, une application esth\u00e9tique peut \u00eatre r\u00e9alis\u00e9e en appliquant la porcelaine lamin\u00e9e uniquement sur la surface frontale au lieu de donner une forme de dent taill\u00e9e en abrasant de tous les c\u00f4t\u00e9s de la dent. Avec cette m\u00e9thode, il s&rsquo;agit d&rsquo;une application de proth\u00e8se tr\u00e8s protectrice puisqu&rsquo;elle est taill\u00e9e jusqu&rsquo;\u00e0 0,3 -0,7 mm de la structure de la dent, et un sourire naturel et esth\u00e9tique est fourni en raison de la structure de la porcelaine elle-m\u00eame puisqu&rsquo;il n&rsquo;y a pas de m\u00e9tal dans la sous-structure. Les stratifi\u00e9s permettent de blanchir les dents, de combler les espaces entre les dents et d&rsquo;obtenir un beau sourire. Les stratifi\u00e9s sont tr\u00e8s r\u00e9sistants \u00e0 l&rsquo;abrasion et leurs surfaces sont tr\u00e8s lisses, de sorte qu&rsquo;il n&rsquo;y a pas de d\u00e9coloration due au tabagisme ou \u00e0 d&rsquo;autres raisons similaires.<\/p>\n<p>\u00c9tant donn\u00e9 qu&rsquo;un mat\u00e9riau sp\u00e9cial est utilis\u00e9 comme adh\u00e9sif pendant la proc\u00e9dure, il est impossible que les facettes se d\u00e9tachent ou se s\u00e9parent de la surface de la dent pour quelque raison que ce soit.<\/p>\n<p>Rev\u00eatements de zirconium B<\/p>\n<p>Le zirconium est un \u00e9l\u00e9ment chimique pr\u00e9sent dans la nature. Il appartient au groupe des rev\u00eatements sans support m\u00e9tallique et offre un aspect plus naturel que les rev\u00eatements \u00e0 support m\u00e9tallique.En raison de sa plus grande transmission de la lumi\u00e8re par rapport aux rev\u00eatements \u00e0 base de m\u00e9tal, il ne cr\u00e9e pas de couleur fonc\u00e9e dans les gencives et ne cr\u00e9e pas de PROBL\u00c8MES tels que le reflet de couleur noire sur le bord de la gencive, ce qui est possible dans les dents en porcelaine avec des rev\u00eatements m\u00e9talliques \u00e0 l&rsquo;avenir. En outre, en raison de la transmission de la lumi\u00e8re du zirconium, l&rsquo;aspect mat des dents dispara\u00eet et un aspect plus sain, plus transparent et plus naturel est obtenu en raison de l&rsquo;aspect des dents le plus proche de l&rsquo;original.C&rsquo;est un type de traitement dentaire id\u00e9al pour les patients allergiques aux m\u00e9taux, il est durable, minimise les taches caus\u00e9es par le tabagisme ou d&rsquo;autres raisons, ne provoque pas de mauvaise haleine, ne cause pas de probl\u00e8mes de gencives, ne provoque pas de changements de go\u00fbt dans la bouche.<\/p>\n<p>Le zirconium est fr\u00e9quemment utilis\u00e9 en dentisterie en raison de son faible diam\u00e8tre de grain, de sa grande r\u00e9sistance \u00e0 la traction et de son infrastructure esth\u00e9tique. Il est tr\u00e8s r\u00e9sistant \u00e0 la temp\u00e9rature et \u00e0 l&rsquo;abrasion.<\/p>\n<p>Gr\u00e2ce aux innovations dans le domaine de la dentisterie, le zirconium est aujourd&rsquo;hui privil\u00e9gi\u00e9 pour les rev\u00eatements dentaires. Alors que les traitements dentaires \u00e9taient auparavant r\u00e9alis\u00e9s \u00e0 l&rsquo;aide de rev\u00eatements en porcelaine, l&rsquo;utilisation de rev\u00eatements dentaires en zirconium a commenc\u00e9 \u00e0 augmenter au cours des derni\u00e8res ann\u00e9es. Le zirconium est un mat\u00e9riau de rev\u00eatement qui remplace la porcelaine dans le monde dentaire d&rsquo;aujourd&rsquo;hui. Le zirconium, qui donne \u00e0 la dent un aspect plus naturel que la porcelaine, est une m\u00e9thode de rev\u00eatement pr\u00e9f\u00e9r\u00e9e par de nombreux dentistes.   <\/p>\n<p>C-Emax Coatings<\/p>\n<p>L&rsquo;esth\u00e9tique est donc maximale. Le plus grand avantage de cette application est que l&rsquo;on n&rsquo;utilise pas de m\u00e9tal. La surface est prot\u00e9g\u00e9e contre les taches et la formation de plaque.<\/p>\n<p>Comme il ne contient pas de m\u00e9tal, il ne provoque pas de r\u00e9action allergique, il n&rsquo;y a pas de formation de couleur violac\u00e9e sur les gencives et les bords des dents, il n&rsquo;endommage pas la structure de la dent, les substances qu&rsquo;il contient font partie des structures les plus compatibles avec la dent.<\/p>\n<p>Comme il transmet la lumi\u00e8re, il n&rsquo;y a pas d&rsquo;aspect mat, les options de couleur sont tr\u00e8s nombreuses, la structure de la dent est glissante et lisse. C&rsquo;est pourquoi la formation de tartre dentaire est pratiquement inexistante, ce qui pr\u00e9vient l&rsquo;apparition de maladies des gencives. Le proc\u00e9d\u00e9 de rev\u00eatement dentaire EMax s&rsquo;applique principalement aux incisives ant\u00e9rieures. Les rev\u00eatements Emax \u00e9tant moins durables que les rev\u00eatements en zirconium, les rev\u00eatements en zirconium sont pr\u00e9f\u00e9r\u00e9s pour les dents de la r\u00e9gion post\u00e9rieure.<\/p>\n<p>Emax est un mat\u00e9riau compos\u00e9 de c\u00e9ramique monolithique de disilicate de lithium. la transmission de la lumi\u00e8re est plus \u00e9lev\u00e9e que celle du zirconium. pour cette raison, il est plus naturel et plus esth\u00e9tique que le zirconium, il a une structure vitreuse. mais comme il n&rsquo;est pas aussi durable que le zirconium, le rev\u00eatement de zirconium est pr\u00e9f\u00e9r\u00e9 dans les zones o\u00f9 la pression est \u00e9lev\u00e9e.<\/p>\n\t\t\t\t\t\t\t\t<\/div>\n\t\t\t\t<\/div>\n\t\t\t\t\t<\/div>\n\t\t\t\t<\/div>\n\t\t<div class=\"elementor-element elementor-element-90bffbf e-flex e-con-boxed e-con e-parent\" data-id=\"90bffbf\" data-element_type=\"container\" data-e-type=\"container\">\n\t\t\t\t\t<div class=\"e-con-inner\">\n\t\t<div class=\"elementor-element elementor-element-d09ebcb e-con-full e-flex e-con e-child\" data-id=\"d09ebcb\" data-element_type=\"container\" data-e-type=\"container\">\n\t\t\t\t<div class=\"elementor-element elementor-element-378b147 elementor-widget elementor-widget-image\" data-id=\"378b147\" data-element_type=\"widget\" data-e-type=\"widget\" data-widget_type=\"image.default\">\n\t\t\t\t<div class=\"elementor-widget-container\">\n\t\t\t\t\t\t\t\t\t\t\t\t\t\t\t<img decoding=\"async\" width=\"707\" height=\"900\" src=\"https:\/\/dentakdenizsifa.com\/wp-content\/uploads\/2024\/12\/g13-1.jpg\" class=\"attachment-large size-large wp-image-901\" alt=\"\" srcset=\"https:\/\/dentakdenizsifa.com\/wp-content\/uploads\/2024\/12\/g13-1.jpg 707w, https:\/\/dentakdenizsifa.com\/wp-content\/uploads\/2024\/12\/g13-1-236x300.jpg 236w\" sizes=\"(max-width: 707px) 100vw, 707px\" \/>\t\t\t\t\t\t\t\t\t\t\t\t\t\t\t<\/div>\n\t\t\t\t<\/div>\n\t\t\t\t<\/div>\n\t\t<div class=\"elementor-element elementor-element-f0f9256 e-con-full e-flex e-con e-child\" data-id=\"f0f9256\" data-element_type=\"container\" data-e-type=\"container\">\n\t\t\t\t<div class=\"elementor-element elementor-element-af130a4 elementor-widget elementor-widget-text-editor\" data-id=\"af130a4\" data-element_type=\"widget\" data-e-type=\"widget\" data-widget_type=\"text-editor.default\">\n\t\t\t\t<div class=\"elementor-widget-container\">\n\t\t\t\t\t\t\t\t\tFacettes en porcelaine Le rev\u00eatement dentaire en porcelaine est une technique de rev\u00eatement dentaire obtenue \u00e0 partir de la porcelaine et produite pour couvrir la surface originale de la dent. La dent en porcelaine est une m\u00e9thode de traitement appliqu\u00e9e pour \u00e9liminer les probl\u00e8mes esth\u00e9tiques des dents et pour offrir aux gens un sourire de meilleure qualit\u00e9. Le rev\u00eatement des dents en porcelaine est un inconv\u00e9nient pour les patients qui ont des pr\u00e9occupations d&rsquo;ordre esth\u00e9tique. Comme sa transmission de la lumi\u00e8re est inf\u00e9rieure \u00e0 celle du zirconium et de l&#8217;emax, elle ne peut pas refl\u00e9ter la couleur naturelle de la dent. Il en r\u00e9sulte une couleur terne et sans \u00e9clat. Il n&rsquo;est pas possible d&rsquo;obtenir un aspect naturel, en particulier sur les dents de devant. Comme il s&rsquo;agit de rev\u00eatements \u00e0 base de m\u00e9tal, leur durabilit\u00e9 est bonne. E-Blanchiment des dents (Bleaching) Le blanchiment des dents au laser est un processus de blanchiment des dents utilisant la technologie la plus r\u00e9cente. cette technique est actuellement la derni\u00e8re technologie en mati\u00e8re de blanchiment permanent des dents. le processus de blanchiment des dents au laser que nous utilisons aujourd&rsquo;hui ne cause aucun dommage \u00e0 la surface et \u00e0 l&rsquo;\u00e9mail de la dent.\n\n \n\n   \n\n\n\n\n\n\t\t\t\t\t\t\t\t<\/div>\n\t\t\t\t<\/div>\n\t\t\t\t<\/div>\n\t\t\t\t\t<\/div>\n\t\t\t\t<\/div>\n\t\t<div class=\"elementor-element elementor-element-5f63f3b e-flex e-con-boxed e-con e-parent\" data-id=\"5f63f3b\" data-element_type=\"container\" data-e-type=\"container\">\n\t\t\t\t\t<div class=\"e-con-inner\">\n\t\t<div class=\"elementor-element elementor-element-1d81805 e-con-full e-flex e-con e-child\" data-id=\"1d81805\" data-element_type=\"container\" data-e-type=\"container\">\n\t\t\t\t<div class=\"elementor-element elementor-element-f10b1c8 elementor-widget elementor-widget-text-editor\" data-id=\"f10b1c8\" data-element_type=\"widget\" data-e-type=\"widget\" data-widget_type=\"text-editor.default\">\n\t\t\t\t<div class=\"elementor-widget-container\">\n\t\t\t\t\t\t\t\t\t<p>Les traitements de blanchiment des dents, dont le taux de r\u00e9ussite est tr\u00e8s \u00e9lev\u00e9, peuvent endommager vos dents s&rsquo;ils ne sont pas appliqu\u00e9s par un dentiste. Le blanchiment des dents au laser est une proc\u00e9dure qui dure environ une heure dans un environnement clinique. Le blanchiment est le processus d&rsquo;\u00e9claircissement de la couleur des dents \u00e0 l&rsquo;aide de substances chimiques. \u00c9tant donn\u00e9 que les dents peuvent \u00eatre affect\u00e9es par des substances color\u00e9es provenant de l&rsquo;ext\u00e9rieur pendant 15 jours apr\u00e8s le processus de blanchiment au laser, il faut veiller \u00e0 ne pas consommer d&rsquo;aliments et de boissons colorants. Pendant ce processus, une plaque protectrice est plac\u00e9e sur la gencive autour de la dent pour emp\u00eacher la gencive d&rsquo;\u00eatre affect\u00e9e par les produits chimiques. Dans notre clinique, nous appliquons la proc\u00e9dure de blanchiment en toute s\u00e9curit\u00e9 et avec succ\u00e8s, ce qui permet d&rsquo;obtenir un blanchiment optimal.<\/p>\n\t\t\t\t\t\t\t\t<\/div>\n\t\t\t\t<\/div>\n\t\t\t\t<\/div>\n\t\t<div class=\"elementor-element elementor-element-5aca3c3 e-con-full e-flex e-con e-child\" data-id=\"5aca3c3\" data-element_type=\"container\" data-e-type=\"container\">\n\t\t\t\t<div class=\"elementor-element elementor-element-0314205 elementor-widget elementor-widget-image\" data-id=\"0314205\" data-element_type=\"widget\" data-e-type=\"widget\" data-widget_type=\"image.default\">\n\t\t\t\t<div class=\"elementor-widget-container\">\n\t\t\t\t\t\t\t\t\t\t\t\t\t\t\t<img decoding=\"async\" width=\"225\" height=\"300\" src=\"https:\/\/dentakdenizsifa.com\/wp-content\/uploads\/2024\/12\/b-225x300-1.jpg\" class=\"attachment-large size-large wp-image-907\" alt=\"\" \/>\t\t\t\t\t\t\t\t\t\t\t\t\t\t\t<\/div>\n\t\t\t\t<\/div>\n\t\t\t\t<\/div>\n\t\t\t\t\t<\/div>\n\t\t\t\t<\/div>\n\t\t\t\t<\/div>\n\t\t","protected":false},"excerpt":{"rendered":"<p>SMILE DESIGN En \u00e9valuant la relation entre un certain nombre de crit\u00e8res esth\u00e9tiques tels que les l\u00e8vres, les gencives, les dents, la couleur du tissu entourant la l\u00e8vre, il s&rsquo;agit de concevoir un sourire personnalis\u00e9 en utilisant des stratifi\u00e9s en porcelaine, des facettes en emax ou en zirconium, le blanchiment des dents et de petits [&hellip;]<\/p>\n","protected":false},"author":1,"featured_media":919,"parent":0,"menu_order":0,"comment_status":"closed","ping_status":"closed","template":"elementor_header_footer","meta":{"footnotes":""},"class_list":["post-1467","page","type-page","status-publish","has-post-thumbnail","hentry"],"_links":{"self":[{"href":"https:\/\/dentakdenizsifa.com\/fr\/wp-json\/wp\/v2\/pages\/1467","targetHints":{"allow":["GET"]}}],"collection":[{"href":"https:\/\/dentakdenizsifa.com\/fr\/wp-json\/wp\/v2\/pages"}],"about":[{"href":"https:\/\/dentakdenizsifa.com\/fr\/wp-json\/wp\/v2\/types\/page"}],"author":[{"embeddable":true,"href":"https:\/\/dentakdenizsifa.com\/fr\/wp-json\/wp\/v2\/users\/1"}],"replies":[{"embeddable":true,"href":"https:\/\/dentakdenizsifa.com\/fr\/wp-json\/wp\/v2\/comments?post=1467"}],"version-history":[{"count":1,"href":"https:\/\/dentakdenizsifa.com\/fr\/wp-json\/wp\/v2\/pages\/1467\/revisions"}],"predecessor-version":[{"id":1468,"href":"https:\/\/dentakdenizsifa.com\/fr\/wp-json\/wp\/v2\/pages\/1467\/revisions\/1468"}],"wp:featuredmedia":[{"embeddable":true,"href":"https:\/\/dentakdenizsifa.com\/fr\/wp-json\/wp\/v2\/media\/919"}],"wp:attachment":[{"href":"https:\/\/dentakdenizsifa.com\/fr\/wp-json\/wp\/v2\/media?parent=1467"}],"curies":[{"name":"wp","href":"https:\/\/api.w.org\/{rel}","templated":true}]}}