{"id":1447,"date":"2024-12-15T03:34:59","date_gmt":"2024-12-15T00:34:59","guid":{"rendered":"https:\/\/dentakdenizsifa.com\/orthodontie\/"},"modified":"2024-12-28T02:52:42","modified_gmt":"2024-12-27T23:52:42","slug":"orthodontie","status":"publish","type":"page","link":"https:\/\/dentakdenizsifa.com\/fr\/orthodontie\/","title":{"rendered":"Orthodontie"},"content":{"rendered":"\t\t<div data-elementor-type=\"wp-page\" data-elementor-id=\"1447\" class=\"elementor elementor-1447 elementor-178\" data-elementor-post-type=\"page\">\n\t\t\t\t<div class=\"elementor-element elementor-element-7f93597 e-flex e-con-boxed e-con e-parent\" data-id=\"7f93597\" data-element_type=\"container\" data-e-type=\"container\">\n\t\t\t\t\t<div class=\"e-con-inner\">\n\t\t\t\t<div class=\"elementor-element elementor-element-25c4c05 elementor-widget elementor-widget-heading\" data-id=\"25c4c05\" data-element_type=\"widget\" data-e-type=\"widget\" data-widget_type=\"heading.default\">\n\t\t\t\t<div class=\"elementor-widget-container\">\n\t\t\t\t\t<h1 class=\"elementor-heading-title elementor-size-default\">TRAITEMENT ORTHODONTIQUE<\/h1>\t\t\t\t<\/div>\n\t\t\t\t<\/div>\n\t\t\t\t\t<\/div>\n\t\t\t\t<\/div>\n\t\t<div class=\"elementor-element elementor-element-cd07197 e-flex e-con-boxed e-con e-parent\" data-id=\"cd07197\" data-element_type=\"container\" data-e-type=\"container\">\n\t\t\t\t\t<div class=\"e-con-inner\">\n\t\t\t\t<div class=\"elementor-element elementor-element-9055829 elementor-widget elementor-widget-text-editor\" data-id=\"9055829\" data-element_type=\"widget\" data-e-type=\"widget\" data-widget_type=\"text-editor.default\">\n\t\t\t\t<div class=\"elementor-widget-container\">\n\t\t\t\t\t\t\t\t\t<p><img fetchpriority=\"high\" decoding=\"async\" class=\"aligncenter wp-image-181 size-large\" src=\"https:\/\/dentakdenizsifa.com\/wp-content\/uploads\/2024\/12\/ortodonti-tedavisi-1024x683.png\" alt=\"\" width=\"800\" height=\"534\" srcset=\"https:\/\/dentakdenizsifa.com\/wp-content\/uploads\/2024\/12\/ortodonti-tedavisi-1024x683.png 1024w, https:\/\/dentakdenizsifa.com\/wp-content\/uploads\/2024\/12\/ortodonti-tedavisi-300x200.png 300w, https:\/\/dentakdenizsifa.com\/wp-content\/uploads\/2024\/12\/ortodonti-tedavisi-768x512.png 768w, https:\/\/dentakdenizsifa.com\/wp-content\/uploads\/2024\/12\/ortodonti-tedavisi.png 1200w\" sizes=\"(max-width: 800px) 100vw, 800px\" \/><\/p>\n<p>L&rsquo;orthodontie est la branche de la m\u00e9decine dentaire qui d\u00e9tecte et traite les dents encombr\u00e9es et les relations incompatibles entre les m\u00e2choires. Selon le probl\u00e8me orthodontique existant dans la bouche, il existe des traitements par plaques transparentes (invisalign), des brackets fixes et des traitements orthodontiques mobiles. <\/p>\n<p>Avec notre \u00e9quipe d&rsquo;orthodontistes experts dans notre clinique ;<\/p>\n<p>Traitement par plaque transparente Traitement orthodontique mobile Traitement d&rsquo;expansion de la m\u00e2choire sup\u00e9rieure Traitement de l&rsquo;occlusion profonde Traitement des troubles de la fermeture Traitements orthop\u00e9diques de la m\u00e2choire Traitement de renforcement Plaque de nuit Les traitements contre le bruxisme (grincement des dents) sont appliqu\u00e9s avec succ\u00e8s.<\/p>\n<p>Plaque transparente invisalign &#8211; Traitement dentaire sans fil La technique qui consiste \u00e0 faire en sorte que les dents atteignent la position souhait\u00e9e sans utiliser d&rsquo;appareil dentaire, uniquement avec un appareil, est appel\u00e9e traitement de la plaque transparente.<\/p>\n<p>Quels sont les avantages d&rsquo;un traitement orthodontique sans fil ?<\/p>\n<p>Les plaques transparentes \u00e9liminent les probl\u00e8mes esth\u00e9tiques li\u00e9s \u00e0 l&rsquo;utilisation d&rsquo;appareils tels que les bagues, les brackets, etc. Elles \u00e9liminent les irritations mineures et l&rsquo;inconfort que l&rsquo;on peut ressentir pendant la p\u00e9riode d&rsquo;accoutumance aux bagues. L&rsquo;entretien et l&rsquo;utilisation quotidienne des plaques dentaires transparentes sont \u00e9galement plus pratiques que les bagues.<\/p>\n<p>Contrairement aux appareils dentaires, il n&rsquo;y a pas de danger \u00e0 utiliser du fil dentaire et une brosse \u00e0 dents. Le probl\u00e8me de rupture des brackets que l&rsquo;on rencontre dans le traitement par appareil dentaire n&rsquo;existe pas avec les plaques. L&rsquo;important dans le traitement de redressement des dents sans fil est que le patient porte les plaques r\u00e9guli\u00e8rement et pendant la dur\u00e9e requise (18 heures par jour). <\/p>\n\t\t\t\t\t\t\t\t<\/div>\n\t\t\t\t<\/div>\n\t\t\t\t\t<\/div>\n\t\t\t\t<\/div>\n\t\t\t\t<\/div>\n\t\t","protected":false},"excerpt":{"rendered":"<p>TRAITEMENT ORTHODONTIQUE L&rsquo;orthodontie est la branche de la m\u00e9decine dentaire qui d\u00e9tecte et traite les dents encombr\u00e9es et les relations incompatibles entre les m\u00e2choires. Selon le probl\u00e8me orthodontique existant dans la bouche, il existe des traitements par plaques transparentes (invisalign), des brackets fixes et des traitements orthodontiques mobiles. Avec notre \u00e9quipe d&rsquo;orthodontistes experts dans notre [&hellip;]<\/p>\n","protected":false},"author":1,"featured_media":937,"parent":0,"menu_order":0,"comment_status":"closed","ping_status":"closed","template":"elementor_header_footer","meta":{"footnotes":""},"class_list":["post-1447","page","type-page","status-publish","has-post-thumbnail","hentry"],"_links":{"self":[{"href":"https:\/\/dentakdenizsifa.com\/fr\/wp-json\/wp\/v2\/pages\/1447","targetHints":{"allow":["GET"]}}],"collection":[{"href":"https:\/\/dentakdenizsifa.com\/fr\/wp-json\/wp\/v2\/pages"}],"about":[{"href":"https:\/\/dentakdenizsifa.com\/fr\/wp-json\/wp\/v2\/types\/page"}],"author":[{"embeddable":true,"href":"https:\/\/dentakdenizsifa.com\/fr\/wp-json\/wp\/v2\/users\/1"}],"replies":[{"embeddable":true,"href":"https:\/\/dentakdenizsifa.com\/fr\/wp-json\/wp\/v2\/comments?post=1447"}],"version-history":[{"count":1,"href":"https:\/\/dentakdenizsifa.com\/fr\/wp-json\/wp\/v2\/pages\/1447\/revisions"}],"predecessor-version":[{"id":1448,"href":"https:\/\/dentakdenizsifa.com\/fr\/wp-json\/wp\/v2\/pages\/1447\/revisions\/1448"}],"wp:featuredmedia":[{"embeddable":true,"href":"https:\/\/dentakdenizsifa.com\/fr\/wp-json\/wp\/v2\/media\/937"}],"wp:attachment":[{"href":"https:\/\/dentakdenizsifa.com\/fr\/wp-json\/wp\/v2\/media?parent=1447"}],"curies":[{"name":"wp","href":"https:\/\/api.w.org\/{rel}","templated":true}]}}