{"id":1430,"date":"2024-12-15T03:39:23","date_gmt":"2024-12-15T00:39:23","guid":{"rendered":"https:\/\/dentakdenizsifa.com\/pedodontie\/"},"modified":"2024-12-28T02:54:49","modified_gmt":"2024-12-27T23:54:49","slug":"pedodontie","status":"publish","type":"page","link":"https:\/\/dentakdenizsifa.com\/fr\/pedodontie\/","title":{"rendered":"P\u00e9dodontie"},"content":{"rendered":"\t\t<div data-elementor-type=\"wp-page\" data-elementor-id=\"1430\" class=\"elementor elementor-1430 elementor-194\" data-elementor-post-type=\"page\">\n\t\t\t\t<div class=\"elementor-element elementor-element-6953c53 e-flex e-con-boxed e-con e-parent\" data-id=\"6953c53\" data-element_type=\"container\" data-e-type=\"container\">\n\t\t\t\t\t<div class=\"e-con-inner\">\n\t\t\t\t<div class=\"elementor-element elementor-element-93d56bf elementor-widget elementor-widget-heading\" data-id=\"93d56bf\" data-element_type=\"widget\" data-e-type=\"widget\" data-widget_type=\"heading.default\">\n\t\t\t\t<div class=\"elementor-widget-container\">\n\t\t\t\t\t<h1 class=\"elementor-heading-title elementor-size-default\">TRAITEMENT P\u00c9DODONTIQUE<\/h1>\t\t\t\t<\/div>\n\t\t\t\t<\/div>\n\t\t\t\t\t<\/div>\n\t\t\t\t<\/div>\n\t\t<div class=\"elementor-element elementor-element-9a348ef e-flex e-con-boxed e-con e-parent\" data-id=\"9a348ef\" data-element_type=\"container\" data-e-type=\"container\">\n\t\t\t\t\t<div class=\"e-con-inner\">\n\t\t\t\t<div class=\"elementor-element elementor-element-7215733 elementor-widget elementor-widget-text-editor\" data-id=\"7215733\" data-element_type=\"widget\" data-e-type=\"widget\" data-widget_type=\"text-editor.default\">\n\t\t\t\t<div class=\"elementor-widget-container\">\n\t\t\t\t\t\t\t\t\t<p><img fetchpriority=\"high\" decoding=\"async\" class=\"aligncenter wp-image-196 size-large\" src=\"https:\/\/dentakdenizsifa.com\/wp-content\/uploads\/2024\/12\/pedodonti-tedavisi-1024x683.png\" alt=\"\" width=\"800\" height=\"534\" srcset=\"https:\/\/dentakdenizsifa.com\/wp-content\/uploads\/2024\/12\/pedodonti-tedavisi-1024x683.png 1024w, https:\/\/dentakdenizsifa.com\/wp-content\/uploads\/2024\/12\/pedodonti-tedavisi-300x200.png 300w, https:\/\/dentakdenizsifa.com\/wp-content\/uploads\/2024\/12\/pedodonti-tedavisi-768x512.png 768w, https:\/\/dentakdenizsifa.com\/wp-content\/uploads\/2024\/12\/pedodonti-tedavisi.png 1200w\" sizes=\"(max-width: 800px) 100vw, 800px\" \/><\/p>\n<p>Il s&rsquo;agit d&rsquo;un service qui vise \u00e0 prot\u00e9ger les dents de lait et les dents permanentes saines des enfants \u00e2g\u00e9s de 0 \u00e0 13 ans et \u00e0 \u00e9liminer les probl\u00e8mes caus\u00e9s par les caries, les traumatismes, les facteurs h\u00e9r\u00e9ditaires et autres facteurs similaires au niveau de ces dents.<\/p>\n<p>En tant que p\u00e9dodontiste, nous travaillons avec nos m\u00e9decins sp\u00e9cialistes dans notre clinique.<\/p>\n<p>Quelles sont les applications que nous r\u00e9alisons en p\u00e9dodontie ?<\/p>\n<p>1-Formation en soins dentaires<\/p>\n<p>2-Applications de protection<\/p>\n<p>-Applications du scellant pour fissures<\/p>\n<p>-Applications fluor\u00e9es<\/p>\n<p>3-Nettoyage dentaire<\/p>\n<p>Traitements d&rsquo;extraction de 4 dents<\/p>\n<p>5-Traitements conservateurs et endodontiques<\/p>\n<p>6-Traitements des fractures<\/p>\n<p>Supports \u00e0 7 places<\/p>\n<p>Nos p\u00e9dodontistes ont re\u00e7u une formation sp\u00e9ciale sur la mani\u00e8re de calmer et de d\u00e9tendre les enfants avant et pendant le traitement dentaire.<br \/>\nEn outre, notre environnement clinique actuel, notre style et notre personnel de soutien sont enti\u00e8rement adapt\u00e9s aux besoins des enfants.<br \/>\nLes enfants se sentent donc beaucoup plus \u00e0 l&rsquo;aise et en s\u00e9curit\u00e9 dans notre clinique dentaire d&rsquo;Akdeniz \u015eifa.<br \/>\nLe confort que nous leur apportons dans les salles d&rsquo;attente, les jouets, les livres de coloriage, en particulier les Legos, qui sont d&rsquo;une grande importance pour le d\u00e9veloppement de la coordination des mains et des yeux, les bulletins de notes pr\u00e9par\u00e9s pour nos enfants apr\u00e8s le traitement, les dipl\u00f4mes de courage en sont quelques-uns.   <\/p>\n<p>Nous fournissons un service avec notre approche amicale, patiente, prudente, attentive et notre personnel expert.<br \/>\nNotre objectif principal est de vous offrir une exp\u00e9rience de traitement saine et fiable. <\/p>\n\t\t\t\t\t\t\t\t<\/div>\n\t\t\t\t<\/div>\n\t\t\t\t\t<\/div>\n\t\t\t\t<\/div>\n\t\t\t\t<\/div>\n\t\t","protected":false},"excerpt":{"rendered":"<p>TRAITEMENT P\u00c9DODONTIQUE Il s&rsquo;agit d&rsquo;un service qui vise \u00e0 prot\u00e9ger les dents de lait et les dents permanentes saines des enfants \u00e2g\u00e9s de 0 \u00e0 13 ans et \u00e0 \u00e9liminer les probl\u00e8mes caus\u00e9s par les caries, les traumatismes, les facteurs h\u00e9r\u00e9ditaires et autres facteurs similaires au niveau de ces dents. En tant que p\u00e9dodontiste, nous [&hellip;]<\/p>\n","protected":false},"author":1,"featured_media":949,"parent":0,"menu_order":0,"comment_status":"closed","ping_status":"closed","template":"elementor_header_footer","meta":{"footnotes":""},"class_list":["post-1430","page","type-page","status-publish","has-post-thumbnail","hentry"],"_links":{"self":[{"href":"https:\/\/dentakdenizsifa.com\/fr\/wp-json\/wp\/v2\/pages\/1430","targetHints":{"allow":["GET"]}}],"collection":[{"href":"https:\/\/dentakdenizsifa.com\/fr\/wp-json\/wp\/v2\/pages"}],"about":[{"href":"https:\/\/dentakdenizsifa.com\/fr\/wp-json\/wp\/v2\/types\/page"}],"author":[{"embeddable":true,"href":"https:\/\/dentakdenizsifa.com\/fr\/wp-json\/wp\/v2\/users\/1"}],"replies":[{"embeddable":true,"href":"https:\/\/dentakdenizsifa.com\/fr\/wp-json\/wp\/v2\/comments?post=1430"}],"version-history":[{"count":2,"href":"https:\/\/dentakdenizsifa.com\/fr\/wp-json\/wp\/v2\/pages\/1430\/revisions"}],"predecessor-version":[{"id":2265,"href":"https:\/\/dentakdenizsifa.com\/fr\/wp-json\/wp\/v2\/pages\/1430\/revisions\/2265"}],"wp:featuredmedia":[{"embeddable":true,"href":"https:\/\/dentakdenizsifa.com\/fr\/wp-json\/wp\/v2\/media\/949"}],"wp:attachment":[{"href":"https:\/\/dentakdenizsifa.com\/fr\/wp-json\/wp\/v2\/media?parent=1430"}],"curies":[{"name":"wp","href":"https:\/\/api.w.org\/{rel}","templated":true}]}}