{"id":1426,"date":"2024-12-15T03:41:52","date_gmt":"2024-12-15T00:41:52","guid":{"rendered":"https:\/\/dentakdenizsifa.com\/endodontie\/"},"modified":"2024-12-28T01:56:54","modified_gmt":"2024-12-27T22:56:54","slug":"endodontie","status":"publish","type":"page","link":"https:\/\/dentakdenizsifa.com\/fr\/endodontie\/","title":{"rendered":"Endodontie"},"content":{"rendered":"\t\t<div data-elementor-type=\"wp-page\" data-elementor-id=\"1426\" class=\"elementor elementor-1426 elementor-204\" data-elementor-post-type=\"page\">\n\t\t\t\t<div class=\"elementor-element elementor-element-db2a9b1 e-flex e-con-boxed e-con e-parent\" data-id=\"db2a9b1\" data-element_type=\"container\" data-e-type=\"container\">\n\t\t\t\t\t<div class=\"e-con-inner\">\n\t\t\t\t<div class=\"elementor-element elementor-element-3b4575e elementor-widget elementor-widget-heading\" data-id=\"3b4575e\" data-element_type=\"widget\" data-e-type=\"widget\" data-widget_type=\"heading.default\">\n\t\t\t\t<div class=\"elementor-widget-container\">\n\t\t\t\t\t<h1 class=\"elementor-heading-title elementor-size-default\">TRAITEMENT ENDODONTIQUE<\/h1>\t\t\t\t<\/div>\n\t\t\t\t<\/div>\n\t\t\t\t\t<\/div>\n\t\t\t\t<\/div>\n\t\t<div class=\"elementor-element elementor-element-60066b0 e-flex e-con-boxed e-con e-parent\" data-id=\"60066b0\" data-element_type=\"container\" data-e-type=\"container\">\n\t\t\t\t\t<div class=\"e-con-inner\">\n\t\t\t\t<div class=\"elementor-element elementor-element-704bd19 elementor-widget elementor-widget-text-editor\" data-id=\"704bd19\" data-element_type=\"widget\" data-e-type=\"widget\" data-widget_type=\"text-editor.default\">\n\t\t\t\t<div class=\"elementor-widget-container\">\n\t\t\t\t\t\t\t\t\t<p><img fetchpriority=\"high\" decoding=\"async\" class=\"aligncenter wp-image-206 size-large\" src=\"https:\/\/dentakdenizsifa.com\/wp-content\/uploads\/2024\/12\/endodonti-tedavisi-1024x683.png\" alt=\"\" width=\"800\" height=\"534\" srcset=\"https:\/\/dentakdenizsifa.com\/wp-content\/uploads\/2024\/12\/endodonti-tedavisi-1024x683.png 1024w, https:\/\/dentakdenizsifa.com\/wp-content\/uploads\/2024\/12\/endodonti-tedavisi-300x200.png 300w, https:\/\/dentakdenizsifa.com\/wp-content\/uploads\/2024\/12\/endodonti-tedavisi-768x512.png 768w, https:\/\/dentakdenizsifa.com\/wp-content\/uploads\/2024\/12\/endodonti-tedavisi.png 1200w\" sizes=\"(max-width: 800px) 100vw, 800px\" \/><\/p>\n<p>La m\u00e9thode endodontique est une sorte de cong\u00e9lation de la dent. En g\u00e9n\u00e9ral, l&rsquo;objectif de l&rsquo;endodontie est de sauver la dent de l&rsquo;extraction. Au lieu d&rsquo;extraire une dent malade ou ab\u00eem\u00e9e, le dentiste effectue un traitement canalaire afin de s&rsquo;assurer que la dent reste en bouche pendant longtemps.<\/p>\n<p>Lorsque la pulpe des dents (tissu vivant contenant le faisceau vasculo-nerveux) est infect\u00e9e par des caries non trait\u00e9es, lorsque la pulpe est endommag\u00e9e par des fractures, des fissures, des traumatismes et des obturations ant\u00e9rieures, lorsque la pulpe est endommag\u00e9e par le grincement des dents, dans le cas de restaurations proth\u00e9tiques de dents encombr\u00e9es, un traitement canalaire peut s&rsquo;av\u00e9rer n\u00e9cessaire.<\/p>\n<p>Gr\u00e2ce aux progr\u00e8s technologiques, le traitement du canal radiculaire a cess\u00e9 d&rsquo;\u00eatre un traitement douloureux et redoutable. Le tissu pulpaire de la dent est atteint sous anesth\u00e9sie locale et le nombre de radiographies prises pendant le traitement est r\u00e9duit gr\u00e2ce \u00e0 la mesure de la longueur des racines \u00e0 l&rsquo;aide d&rsquo;appareils \u00e9lectroniques appel\u00e9s localisateurs d&rsquo;apex. Gr\u00e2ce aux syst\u00e8mes d&rsquo;instruments rotatifs, le canal est form\u00e9 et combl\u00e9 rapidement, confortablement et de mani\u00e8re ad\u00e9quate. <\/p>\n<p>Dans notre clinique, nous pratiquons \u00e9galement le REZEKS\u0130YON (chirurgie de l&rsquo;extr\u00e9mit\u00e9 de la dent), qui est une proc\u00e9dure chirurgicale endodontique. Il s&rsquo;agit d&rsquo;une proc\u00e9dure chirurgicale pratiqu\u00e9e dans les cas o\u00f9 le traitement du canal radiculaire n&rsquo;est pas suffisant ou appropri\u00e9.<\/p>\n<p>Ce traitement consiste \u00e0 renouveler le traitement canalaire dans les cas o\u00f9 l&rsquo;on pense que les obturations canalaires sont mal faites et malsaines, en cas d&rsquo;inflammation ou de formation d&rsquo;abc\u00e8s et de douleur sous un ouvrage ayant subi un traitement canalaire.<\/p>\n<p>En tant que clinique dentaire d&rsquo;Akdeniz \u015eifa, nous garantissons une r\u00e9ussite optimale du traitement en appliquant les derni\u00e8res technologies d\u00e9velopp\u00e9es dans nos traitements canalaires.<\/p>\n\t\t\t\t\t\t\t\t<\/div>\n\t\t\t\t<\/div>\n\t\t\t\t\t<\/div>\n\t\t\t\t<\/div>\n\t\t\t\t<\/div>\n\t\t","protected":false},"excerpt":{"rendered":"<p>TRAITEMENT ENDODONTIQUE La m\u00e9thode endodontique est une sorte de cong\u00e9lation de la dent. En g\u00e9n\u00e9ral, l&rsquo;objectif de l&rsquo;endodontie est de sauver la dent de l&rsquo;extraction. Au lieu d&rsquo;extraire une dent malade ou ab\u00eem\u00e9e, le dentiste effectue un traitement canalaire afin de s&rsquo;assurer que la dent reste en bouche pendant longtemps. Lorsque la pulpe des dents [&hellip;]<\/p>\n","protected":false},"author":1,"featured_media":961,"parent":0,"menu_order":0,"comment_status":"closed","ping_status":"closed","template":"elementor_header_footer","meta":{"footnotes":""},"class_list":["post-1426","page","type-page","status-publish","has-post-thumbnail","hentry"],"_links":{"self":[{"href":"https:\/\/dentakdenizsifa.com\/fr\/wp-json\/wp\/v2\/pages\/1426","targetHints":{"allow":["GET"]}}],"collection":[{"href":"https:\/\/dentakdenizsifa.com\/fr\/wp-json\/wp\/v2\/pages"}],"about":[{"href":"https:\/\/dentakdenizsifa.com\/fr\/wp-json\/wp\/v2\/types\/page"}],"author":[{"embeddable":true,"href":"https:\/\/dentakdenizsifa.com\/fr\/wp-json\/wp\/v2\/users\/1"}],"replies":[{"embeddable":true,"href":"https:\/\/dentakdenizsifa.com\/fr\/wp-json\/wp\/v2\/comments?post=1426"}],"version-history":[{"count":1,"href":"https:\/\/dentakdenizsifa.com\/fr\/wp-json\/wp\/v2\/pages\/1426\/revisions"}],"predecessor-version":[{"id":1427,"href":"https:\/\/dentakdenizsifa.com\/fr\/wp-json\/wp\/v2\/pages\/1426\/revisions\/1427"}],"wp:featuredmedia":[{"embeddable":true,"href":"https:\/\/dentakdenizsifa.com\/fr\/wp-json\/wp\/v2\/media\/961"}],"wp:attachment":[{"href":"https:\/\/dentakdenizsifa.com\/fr\/wp-json\/wp\/v2\/media?parent=1426"}],"curies":[{"name":"wp","href":"https:\/\/api.w.org\/{rel}","templated":true}]}}