{"id":1403,"date":"2024-12-15T03:45:02","date_gmt":"2024-12-15T00:45:02","guid":{"rendered":"https:\/\/dentakdenizsifa.com\/parodontologie\/"},"modified":"2024-12-28T03:19:10","modified_gmt":"2024-12-28T00:19:10","slug":"parodontologie","status":"publish","type":"page","link":"https:\/\/dentakdenizsifa.com\/fr\/parodontologie\/","title":{"rendered":"Parodontologie"},"content":{"rendered":"\t\t<div data-elementor-type=\"wp-page\" data-elementor-id=\"1403\" class=\"elementor elementor-1403 elementor-217\" data-elementor-post-type=\"page\">\n\t\t\t\t<div class=\"elementor-element elementor-element-e639450 e-flex e-con-boxed e-con e-parent\" data-id=\"e639450\" data-element_type=\"container\" data-e-type=\"container\">\n\t\t\t\t\t<div class=\"e-con-inner\">\n\t\t\t\t<div class=\"elementor-element elementor-element-2db531d elementor-widget elementor-widget-heading\" data-id=\"2db531d\" data-element_type=\"widget\" data-e-type=\"widget\" data-widget_type=\"heading.default\">\n\t\t\t\t<div class=\"elementor-widget-container\">\n\t\t\t\t\t<h1 class=\"elementor-heading-title elementor-size-default\">TRAITEMENT PARODONTOLOGIQUE<\/h1>\t\t\t\t<\/div>\n\t\t\t\t<\/div>\n\t\t\t\t\t<\/div>\n\t\t\t\t<\/div>\n\t\t<div class=\"elementor-element elementor-element-3741001 e-flex e-con-boxed e-con e-parent\" data-id=\"3741001\" data-element_type=\"container\" data-e-type=\"container\">\n\t\t\t\t\t<div class=\"e-con-inner\">\n\t\t\t\t<div class=\"elementor-element elementor-element-613a968 elementor-widget elementor-widget-text-editor\" data-id=\"613a968\" data-element_type=\"widget\" data-e-type=\"widget\" data-widget_type=\"text-editor.default\">\n\t\t\t\t<div class=\"elementor-widget-container\">\n\t\t\t\t\t\t\t\t\t<p><img fetchpriority=\"high\" decoding=\"async\" class=\"aligncenter wp-image-219 size-large\" src=\"https:\/\/dentakdenizsifa.com\/wp-content\/uploads\/2024\/12\/periodontoloji-tedavisi-1024x683.png\" alt=\"\" width=\"800\" height=\"534\" srcset=\"https:\/\/dentakdenizsifa.com\/wp-content\/uploads\/2024\/12\/periodontoloji-tedavisi-1024x683.png 1024w, https:\/\/dentakdenizsifa.com\/wp-content\/uploads\/2024\/12\/periodontoloji-tedavisi-300x200.png 300w, https:\/\/dentakdenizsifa.com\/wp-content\/uploads\/2024\/12\/periodontoloji-tedavisi-768x512.png 768w, https:\/\/dentakdenizsifa.com\/wp-content\/uploads\/2024\/12\/periodontoloji-tedavisi.png 1200w\" sizes=\"(max-width: 800px) 100vw, 800px\" \/><\/p>\n<p>Il s&rsquo;agit d&rsquo;un d\u00e9partement qui s&rsquo;occupe des maladies des tissus entourant les dents, des gencives et des os entourant les racines des dents et de leur traitement.<\/p>\n<p>Dans notre clinique, dans ce contexte ;<\/p>\n<p>a &#8211; Nettoyage du tartre : La plaque bact\u00e9rienne se transforme en tartre \u00e0 la suite d&rsquo;un durcissement au fil du temps. Il est connu sous diff\u00e9rents noms tels que d\u00e9tartrage, nettoyage du tartre, nettoyage de la plaque dentaire. Outre la d\u00e9coloration des dents, la plaque dentaire provoque une mauvaise haleine et des caries dentaires. C&rsquo;est pourquoi le tartre doit \u00eatre nettoy\u00e9 par un dentiste tous les six mois.<\/p>\n<p>Le d\u00e9tartrage n&rsquo;est pas nocif. Le tartre dentaire nuit \u00e0 notre sant\u00e9 bucco-dentaire en provoquant une mauvaise haleine, une d\u00e9coloration des dents, des troubles gingivaux, des caries et de nombreux autres probl\u00e8mes similaires. Ces situations ne doivent pas \u00eatre provoqu\u00e9es. Bien entendu, les patients doivent \u00e9galement soutenir ce processus en utilisant la bonne brosse \u00e0 dents, le bon dentifrice, les bonnes techniques de brossage, un nettoyage r\u00e9gulier, l&rsquo;utilisation r\u00e9guli\u00e8re du fil dentaire et des bains de bouche.<\/p>\n<p>b-Gingivectomie : Il s&rsquo;agit de l&rsquo;ablation chirurgicale du tissu gingival.<\/p>\n<p>c-Gingivoplastie : Il s&rsquo;agit de fa\u00e7onner des tissus gingivaux sains autour de la dent.<\/p>\n<p>La gingivectomie et la gingivoplastie sont utilis\u00e9es dans les cas suivants<\/p>\n<p>1-Elimination des (fausses) poches ps\u00e9do au-dessus de l&rsquo;os<\/p>\n<p>2 &#8211; \u00c9limination des excroissances fibreuses et \u0153d\u00e9mateuses dans les gencives<\/p>\n<p>3 &#8211; Pour am\u00e9liorer l&rsquo;esth\u00e9tique en \u00e9liminant les asym\u00e9tries des gencives.<\/p>\n<p>4 &#8211; Suppression de la forme et de la d\u00e9formation des bords gingivaux<\/p>\n<p>5-En augmentant la r\u00e9tention de la couronne \u00e0 r\u00e9aliser<\/p>\n<p>6-Il est utilis\u00e9 pour am\u00e9liorer l&rsquo;aspect esth\u00e9tique en allongeant la longueur des dents courtes dues \u00e0 un retard d&rsquo;\u00e9ruption passive, ce que nous appelons le syndrome de la dent courte.<\/p>\n<p>Halitose :<\/p>\n<p>Il s&rsquo;agit d&rsquo;une odeur mauvaise ou d\u00e9sagr\u00e9able due \u00e0 des causes intra-orales ou extra-orales.<br \/>\nOn estime qu&rsquo;elle touche environ un quart de la population mondiale.<br \/>\nLes causes de la mauvaise haleine peuvent \u00eatre pathologiques ou physiologiques, voire les deux.  <\/p>\n<p>80 \u00e0 90 % des cas d&rsquo;halitose pathologique sont d&rsquo;origine buccale.<br \/>\nLes maladies des gencives et des muqueuses, les champignons et les infections, les implants et les proth\u00e8ses d\u00e9fectueux, les caries dentaires, les plombages d\u00e9fectueux, la diminution de la salive et la s\u00e9cheresse buccale, les cancers de la bouche, les maladies des amygdales sont \u00e0 l&rsquo;origine de l&rsquo;halitose. <\/p>\n<p>La mauvaise haleine provoqu\u00e9e par la langue est une autre cause dans la bouche.<br \/>\nLe dos de la langue, en particulier, ne peut pas \u00eatre bien nettoy\u00e9 par la salive.<br \/>\nLes langues pr\u00e9sentant des fissures structurelles indent\u00e9es et saillantes sont \u00e9galement une source importante d&rsquo;odeurs.<br \/>\nC&rsquo;est pourquoi la langue doit \u00eatre bross\u00e9e en m\u00eame temps que les dents.   <\/p>\n<p>Sur le plan prophylactique, nous pouvons minimiser, voire \u00e9liminer les mauvaises odeurs dans la bouche en enseignant l&rsquo;hygi\u00e8ne bucco-dentaire, en montrant \u00e0 nos patients les bonnes techniques de brossage et en effectuant des contr\u00f4les r\u00e9guliers tous les six mois.<\/p>\n<p>Halitose physiologique<\/p>\n<p>Il s&rsquo;agit d&rsquo;une mauvaise haleine qui se manifeste apr\u00e8s une faim prolong\u00e9e ou apr\u00e8s des repas dus \u00e0 des habitudes alimentaires.<br \/>\nElle r\u00e9sulte de l&rsquo;interaction entre les bact\u00e9ries et les aliments riches en prot\u00e9ines tels que la viande rouge, le poisson, le fromage et les produits laitiers.<br \/>\nL&rsquo;halitose physiologique peut \u00e9galement survenir apr\u00e8s avoir fum\u00e9, bu de l&rsquo;alcool et du caf\u00e9, ainsi que des aliments odorants tels que les oignons, l&rsquo;ail et les \u00e9pices.  <\/p>\n<p>L&rsquo;halitose physiologique peut \u00eatre \u00e9limin\u00e9e en faisant attention \u00e0 l&rsquo;hygi\u00e8ne bucco-dentaire.<\/p>\n\t\t\t\t\t\t\t\t<\/div>\n\t\t\t\t<\/div>\n\t\t\t\t\t<\/div>\n\t\t\t\t<\/div>\n\t\t\t\t<\/div>\n\t\t","protected":false},"excerpt":{"rendered":"<p>TRAITEMENT PARODONTOLOGIQUE Il s&rsquo;agit d&rsquo;un d\u00e9partement qui s&rsquo;occupe des maladies des tissus entourant les dents, des gencives et des os entourant les racines des dents et de leur traitement. Dans notre clinique, dans ce contexte ; a &#8211; Nettoyage du tartre : La plaque bact\u00e9rienne se transforme en tartre \u00e0 la suite d&rsquo;un durcissement au [&hellip;]<\/p>\n","protected":false},"author":1,"featured_media":973,"parent":0,"menu_order":0,"comment_status":"closed","ping_status":"closed","template":"elementor_header_footer","meta":{"footnotes":""},"class_list":["post-1403","page","type-page","status-publish","has-post-thumbnail","hentry"],"_links":{"self":[{"href":"https:\/\/dentakdenizsifa.com\/fr\/wp-json\/wp\/v2\/pages\/1403","targetHints":{"allow":["GET"]}}],"collection":[{"href":"https:\/\/dentakdenizsifa.com\/fr\/wp-json\/wp\/v2\/pages"}],"about":[{"href":"https:\/\/dentakdenizsifa.com\/fr\/wp-json\/wp\/v2\/types\/page"}],"author":[{"embeddable":true,"href":"https:\/\/dentakdenizsifa.com\/fr\/wp-json\/wp\/v2\/users\/1"}],"replies":[{"embeddable":true,"href":"https:\/\/dentakdenizsifa.com\/fr\/wp-json\/wp\/v2\/comments?post=1403"}],"version-history":[{"count":2,"href":"https:\/\/dentakdenizsifa.com\/fr\/wp-json\/wp\/v2\/pages\/1403\/revisions"}],"predecessor-version":[{"id":2267,"href":"https:\/\/dentakdenizsifa.com\/fr\/wp-json\/wp\/v2\/pages\/1403\/revisions\/2267"}],"wp:featuredmedia":[{"embeddable":true,"href":"https:\/\/dentakdenizsifa.com\/fr\/wp-json\/wp\/v2\/media\/973"}],"wp:attachment":[{"href":"https:\/\/dentakdenizsifa.com\/fr\/wp-json\/wp\/v2\/media?parent=1403"}],"curies":[{"name":"wp","href":"https:\/\/api.w.org\/{rel}","templated":true}]}}