{"id":1399,"date":"2024-12-15T03:47:49","date_gmt":"2024-12-15T00:47:49","guid":{"rendered":"https:\/\/dentakdenizsifa.com\/traitement-des-protheses\/"},"modified":"2024-12-28T03:27:01","modified_gmt":"2024-12-28T00:27:01","slug":"traitement-des-protheses","status":"publish","type":"page","link":"https:\/\/dentakdenizsifa.com\/fr\/traitement-des-protheses\/","title":{"rendered":"Traitement des proth\u00e8ses"},"content":{"rendered":"\t\t<div data-elementor-type=\"wp-page\" data-elementor-id=\"1399\" class=\"elementor elementor-1399 elementor-227\" data-elementor-post-type=\"page\">\n\t\t\t\t<div class=\"elementor-element elementor-element-1e6d29c e-flex e-con-boxed e-con e-parent\" data-id=\"1e6d29c\" data-element_type=\"container\" data-e-type=\"container\">\n\t\t\t\t\t<div class=\"e-con-inner\">\n\t\t\t\t<div class=\"elementor-element elementor-element-df80673 elementor-widget elementor-widget-heading\" data-id=\"df80673\" data-element_type=\"widget\" data-e-type=\"widget\" data-widget_type=\"heading.default\">\n\t\t\t\t<div class=\"elementor-widget-container\">\n\t\t\t\t\t<h1 class=\"elementor-heading-title elementor-size-default\">TRAITEMENT DES PROTH\u00c8SES<\/h1>\t\t\t\t<\/div>\n\t\t\t\t<\/div>\n\t\t\t\t\t<\/div>\n\t\t\t\t<\/div>\n\t\t<div class=\"elementor-element elementor-element-84ee364 e-flex e-con-boxed e-con e-parent\" data-id=\"84ee364\" data-element_type=\"container\" data-e-type=\"container\">\n\t\t\t\t\t<div class=\"e-con-inner\">\n\t\t\t\t<div class=\"elementor-element elementor-element-c4cf067 elementor-widget elementor-widget-text-editor\" data-id=\"c4cf067\" data-element_type=\"widget\" data-e-type=\"widget\" data-widget_type=\"text-editor.default\">\n\t\t\t\t<div class=\"elementor-widget-container\">\n\t\t\t\t\t\t\t\t\t<p><img fetchpriority=\"high\" decoding=\"async\" class=\"aligncenter wp-image-230 size-large\" src=\"https:\/\/dentakdenizsifa.com\/wp-content\/uploads\/2024\/12\/protez-tedavisi-1024x683.png\" alt=\"\" width=\"800\" height=\"534\" srcset=\"https:\/\/dentakdenizsifa.com\/wp-content\/uploads\/2024\/12\/protez-tedavisi-1024x683.png 1024w, https:\/\/dentakdenizsifa.com\/wp-content\/uploads\/2024\/12\/protez-tedavisi-300x200.png 300w, https:\/\/dentakdenizsifa.com\/wp-content\/uploads\/2024\/12\/protez-tedavisi-768x512.png 768w, https:\/\/dentakdenizsifa.com\/wp-content\/uploads\/2024\/12\/protez-tedavisi.png 1200w\" sizes=\"(max-width: 800px) 100vw, 800px\" \/><\/p>\n<p>Elle vise \u00e0 r\u00e9tablir l&rsquo;esth\u00e9tique, la phonation et la fonction que le patient a perdues en reconstruisant les dents perdues et les tissus environnants intrabuccaux.<\/p>\n<p>les options de traitement en mati\u00e8re de proth\u00e8ses dentaires.<\/p>\n<p>Proth\u00e8ses fixes :<\/p>\n<p>Les proth\u00e8ses fabriqu\u00e9es et coll\u00e9es ou viss\u00e9es sur des dents naturelles ou sur des implants sont incluses dans ce groupe.<\/p>\n<p>Par rapport aux proth\u00e8ses amovibles, elles sont plus facilement accept\u00e9es par le patient et ne peuvent pas \u00eatre enlev\u00e9es par ce dernier. Dans la proth\u00e8se, on essaie de retrouver les fonctions perdues par le patient, tout en corrigeant les troubles de l&rsquo;\u00e9locution et en am\u00e9liorant l&rsquo;aspect esth\u00e9tique.<\/p>\n<p>Avec le d\u00e9veloppement de la technologie, les applications de proth\u00e8ses fixes, qui peuvent imiter l&rsquo;apparence naturelle avec de nombreuses applications diff\u00e9rentes, ont maintenant \u00e9t\u00e9 ajout\u00e9es aux solutions cliniques. Il y a des types de proth\u00e8ses, des facettes en porcelaine \u00e0 support m\u00e9tallique, emax, des facettes en zirconium, des facettes stratifi\u00e9es, des proth\u00e8ses fixes soutenues par des implants. Votre m\u00e9decin vous recommandera la plus appropri\u00e9e.<\/p>\n<p>Proth\u00e8ses attach\u00e9es de pr\u00e9cision<\/p>\n<p>Il s&rsquo;agit d&rsquo;un type de proth\u00e8se dentaire appliqu\u00e9 dans les cas o\u00f9 il manque de nombreuses dents et o\u00f9 le traitement ne peut pas \u00eatre effectu\u00e9 avec des proth\u00e8ses fixes. Elle est \u00e9galement connue sous le nom de proth\u00e8se \u00e0 enclenchement en raison de la pr\u00e9sence d&rsquo;attaches cach\u00e9es qui s&rsquo;ins\u00e8rent dans les fentes pr\u00e9par\u00e9es dans les dents.<\/p>\n<p>Les parties des proth\u00e8ses \u00e0 liaison de pr\u00e9cision qui s&rsquo;ins\u00e8rent dans les orbites emp\u00eachent la proth\u00e8se de se d\u00e9loger, de sorte qu&rsquo;elles ne bougent pas en mangeant. Avec le temps, les ligaments sensibles peuvent se rel\u00e2cher, auquel cas les pneus peuvent \u00eatre facilement remplac\u00e9s.<\/p>\n<p>Comme les parties des proth\u00e8ses \u00e0 liaison de pr\u00e9cision qui re\u00e7oivent le soutien des dents se trouvent \u00e0 l&rsquo;int\u00e9rieur de la proth\u00e8se, elles sont beaucoup plus esth\u00e9tiques que les proth\u00e8ses \u00e0 crochets. Les proth\u00e8ses amovibles infligent des traumatismes aux dents lorsqu&rsquo;elles sont mises en place et retir\u00e9es et peuvent provoquer la fonte de l&rsquo;os de la m\u00e2choire. C&rsquo;est pourquoi les implants dentaires doivent \u00eatre plac\u00e9s dans l&rsquo;os de la m\u00e2choire en l&rsquo;absence d&rsquo;un grand nombre de dents.<\/p>\n<p>Proth\u00e8se amovible<\/p>\n<p>Il s&rsquo;agit des appareils utilis\u00e9s pour le traitement d&rsquo;une ou plusieurs dents manquantes, qui peuvent \u00eatre facilement ins\u00e9r\u00e9s et retir\u00e9s lorsque le patient le souhaite. Les proth\u00e8ses totales, les proth\u00e8ses partielles et les proth\u00e8ses imm\u00e9diates sont diff\u00e9renci\u00e9es comme suit.<\/p>\n<p>Les proth\u00e8ses totales sont des proth\u00e8ses en acrylique qui sont soutenues par le tissu osseux restant dans les m\u00e2choires sup\u00e9rieure et inf\u00e9rieure lorsqu&rsquo;il n&rsquo;y a plus de dents naturelles dans votre bouche.<\/p>\n<p>Les proth\u00e8ses partielles sont des proth\u00e8ses amovibles r\u00e9alis\u00e9es dans les cas o\u00f9 une partie des dents naturelles est pr\u00e9sente et o\u00f9 certaines d&rsquo;entre elles ont \u00e9t\u00e9 extraites. Ces types de proth\u00e8ses assurent la r\u00e9tention gr\u00e2ce \u00e0 des fils de crochet reli\u00e9s aux dents principales. Les patients qui pensent que l&rsquo;aspect de ces fils n&rsquo;est pas esth\u00e9tique peuvent, si les conditions n\u00e9cessaires sont r\u00e9unies, r\u00e9aliser des proth\u00e8ses esth\u00e9tiques avec une connexion sensible.<\/p>\n<p>Les proth\u00e8ses imm\u00e9diates sont des proth\u00e8ses qui sont pr\u00e9par\u00e9es et ins\u00e9r\u00e9es dans la bouche du patient en peu de temps, sans attendre la cicatrisation, lorsque toutes les dents principales ont \u00e9t\u00e9 extraites, lorsque le patient ne veut pas \u00eatre \u00e9dent\u00e9 ou lorsque des implants ont \u00e9t\u00e9 pos\u00e9s mais qu&rsquo;une p\u00e9riode d&rsquo;attente est n\u00e9cessaire.<\/p>\n<p>La meilleure alternative aux proth\u00e8ses amovibles classiques est la proth\u00e8se implantaire, qui permet d&rsquo;augmenter la r\u00e9tention et la stabilit\u00e9 des proth\u00e8ses.<\/p>\n<p>Proth\u00e8ses sur implants :<\/p>\n<p>Il s&rsquo;agit d&rsquo;une m\u00e9thode appliqu\u00e9e aux patients souffrant d&rsquo;un manque de dents ou aux patients compl\u00e8tement \u00e9dent\u00e9s. Cette proc\u00e9dure peut \u00eatre facilement appliqu\u00e9e aux patients ayant une structure osseuse suffisante.<\/p>\n<p>Les proth\u00e8ses implanto-port\u00e9es sont pr\u00e9par\u00e9es dans des tailles plus petites que les proth\u00e8ses traditionnelles, ce qui facilite le respect de la proth\u00e8se par le patient. Les proth\u00e8ses implanto-port\u00e9es r\u00e9sistent mieux \u00e0 la force de mastication.  <\/p>\n\t\t\t\t\t\t\t\t<\/div>\n\t\t\t\t<\/div>\n\t\t\t\t\t<\/div>\n\t\t\t\t<\/div>\n\t\t\t\t<\/div>\n\t\t","protected":false},"excerpt":{"rendered":"<p>TRAITEMENT DES PROTH\u00c8SES Elle vise \u00e0 r\u00e9tablir l&rsquo;esth\u00e9tique, la phonation et la fonction que le patient a perdues en reconstruisant les dents perdues et les tissus environnants intrabuccaux. les options de traitement en mati\u00e8re de proth\u00e8ses dentaires. Proth\u00e8ses fixes : Les proth\u00e8ses fabriqu\u00e9es et coll\u00e9es ou viss\u00e9es sur des dents naturelles ou sur des implants [&hellip;]<\/p>\n","protected":false},"author":1,"featured_media":985,"parent":0,"menu_order":0,"comment_status":"closed","ping_status":"closed","template":"elementor_header_footer","meta":{"footnotes":""},"class_list":["post-1399","page","type-page","status-publish","has-post-thumbnail","hentry"],"_links":{"self":[{"href":"https:\/\/dentakdenizsifa.com\/fr\/wp-json\/wp\/v2\/pages\/1399","targetHints":{"allow":["GET"]}}],"collection":[{"href":"https:\/\/dentakdenizsifa.com\/fr\/wp-json\/wp\/v2\/pages"}],"about":[{"href":"https:\/\/dentakdenizsifa.com\/fr\/wp-json\/wp\/v2\/types\/page"}],"author":[{"embeddable":true,"href":"https:\/\/dentakdenizsifa.com\/fr\/wp-json\/wp\/v2\/users\/1"}],"replies":[{"embeddable":true,"href":"https:\/\/dentakdenizsifa.com\/fr\/wp-json\/wp\/v2\/comments?post=1399"}],"version-history":[{"count":1,"href":"https:\/\/dentakdenizsifa.com\/fr\/wp-json\/wp\/v2\/pages\/1399\/revisions"}],"predecessor-version":[{"id":1401,"href":"https:\/\/dentakdenizsifa.com\/fr\/wp-json\/wp\/v2\/pages\/1399\/revisions\/1401"}],"wp:featuredmedia":[{"embeddable":true,"href":"https:\/\/dentakdenizsifa.com\/fr\/wp-json\/wp\/v2\/media\/985"}],"wp:attachment":[{"href":"https:\/\/dentakdenizsifa.com\/fr\/wp-json\/wp\/v2\/media?parent=1399"}],"curies":[{"name":"wp","href":"https:\/\/api.w.org\/{rel}","templated":true}]}}