{"id":1375,"date":"2024-12-15T03:50:41","date_gmt":"2024-12-15T00:50:41","guid":{"rendered":"https:\/\/dentakdenizsifa.com\/diagnostic-oral\/"},"modified":"2024-12-28T02:51:06","modified_gmt":"2024-12-27T23:51:06","slug":"diagnostic-oral","status":"publish","type":"page","link":"https:\/\/dentakdenizsifa.com\/fr\/diagnostic-oral\/","title":{"rendered":"Diagnostic oral"},"content":{"rendered":"\t\t<div data-elementor-type=\"wp-page\" data-elementor-id=\"1375\" class=\"elementor elementor-1375 elementor-237\" data-elementor-post-type=\"page\">\n\t\t\t\t<div class=\"elementor-element elementor-element-c8a0128 e-flex e-con-boxed e-con e-parent\" data-id=\"c8a0128\" data-element_type=\"container\" data-e-type=\"container\">\n\t\t\t\t\t<div class=\"e-con-inner\">\n\t\t\t\t<div class=\"elementor-element elementor-element-189673f elementor-widget elementor-widget-heading\" data-id=\"189673f\" data-element_type=\"widget\" data-e-type=\"widget\" data-widget_type=\"heading.default\">\n\t\t\t\t<div class=\"elementor-widget-container\">\n\t\t\t\t\t<h1 class=\"elementor-heading-title elementor-size-default\">DIAGNOSTIC BUCCO-DENTAIRE TRAITEMENT<\/h1>\t\t\t\t<\/div>\n\t\t\t\t<\/div>\n\t\t\t\t\t<\/div>\n\t\t\t\t<\/div>\n\t\t<div class=\"elementor-element elementor-element-6cf8dc4 e-flex e-con-boxed e-con e-parent\" data-id=\"6cf8dc4\" data-element_type=\"container\" data-e-type=\"container\">\n\t\t\t\t\t<div class=\"e-con-inner\">\n\t\t\t\t<div class=\"elementor-element elementor-element-24c55e3 elementor-widget elementor-widget-text-editor\" data-id=\"24c55e3\" data-element_type=\"widget\" data-e-type=\"widget\" data-widget_type=\"text-editor.default\">\n\t\t\t\t<div class=\"elementor-widget-container\">\n\t\t\t\t\t\t\t\t\t<p><img fetchpriority=\"high\" decoding=\"async\" class=\"aligncenter wp-image-243 size-large\" src=\"https:\/\/dentakdenizsifa.com\/wp-content\/uploads\/2024\/12\/oral-diagnoz-tedavisi-1024x683.png\" alt=\"\" width=\"800\" height=\"534\" srcset=\"https:\/\/dentakdenizsifa.com\/wp-content\/uploads\/2024\/12\/oral-diagnoz-tedavisi-1024x683.png 1024w, https:\/\/dentakdenizsifa.com\/wp-content\/uploads\/2024\/12\/oral-diagnoz-tedavisi-300x200.png 300w, https:\/\/dentakdenizsifa.com\/wp-content\/uploads\/2024\/12\/oral-diagnoz-tedavisi-768x512.png 768w, https:\/\/dentakdenizsifa.com\/wp-content\/uploads\/2024\/12\/oral-diagnoz-tedavisi.png 1200w\" sizes=\"(max-width: 800px) 100vw, 800px\" \/><\/p>\n<p>Les traitements dentaires sont tr\u00e8s vari\u00e9s et de nombreux patients peuvent avoir besoin de plus d&rsquo;un traitement. Ces traitements doivent \u00eatre planifi\u00e9s correctement. En m\u00eame temps, il faut d\u00e9cider quel traitement doit \u00eatre prioritaire.  <\/p>\n<p>La base de la planification du traitement est le diagnostic correct. L&rsquo;\u00e9l\u00e9ment le plus important pour parvenir \u00e0 un diagnostic correct est l&rsquo;exp\u00e9rience.<\/p>\n<p>L&rsquo;examen intrabuccal, l&rsquo;imagerie panoramique et p\u00e9ri-apicale, la tomographie volum\u00e9trique dentaire sont utilis\u00e9s \u00e0 cette fin.<\/p>\n<p>Il est clair que la r\u00e9gion de la bouche, des m\u00e2choires et du visage n&rsquo;est pas une r\u00e9gion ind\u00e9pendante du corps humain. Diverses maladies syst\u00e9miques se manifestent par des sympt\u00f4mes dans et autour de la bouche. Lorsque des maladies syst\u00e9miques telles que le diab\u00e8te, les maladies cardiaques ou l&rsquo;hypertension art\u00e9rielle sont connues et qu&rsquo;elles ont un impact n\u00e9gatif sur les traitements dentaires pr\u00e9vus, il est \u00e9galement demand\u00e9, lors du premier examen, d&rsquo;orienter le patient vers le sp\u00e9cialiste appropri\u00e9.<\/p>\n<p>Chaque probl\u00e8me buccal doit \u00eatre examin\u00e9 avec soin et le diagnostic le plus pr\u00e9cis et le plus complet doit \u00eatre \u00e9tabli, et surtout, puisque ce diagnostic d\u00e9terminera le traitement, ce processus est effectu\u00e9 par notre m\u00e9decin en chef, le Dr Bekir Er, qui a 25 ans d&rsquo;exp\u00e9rience, et par nos m\u00e9decins, chacun exp\u00e9riment\u00e9 dans son domaine.<\/p>\n<p>D&rsquo;apr\u00e8s les enqu\u00eates de satisfaction, les attentes des patients \u00e0 l&rsquo;\u00e9gard de la clinique o\u00f9 ils sont trait\u00e9s sont les suivantes :<\/p>\n<p>Diagnostic correct, traitement correct, professionnels de la sant\u00e9 bien inform\u00e9s, qualifi\u00e9s et comp\u00e9tents, respect, service attentif, service amical, service rapide, environnement propre, prix raisonnable.<\/p>\n<p>En tant que polyclinique Akdeniz \u015eifa, notre objectif est de veiller \u00e0 ce que chaque patient se trouve dans les meilleures conditions et entre des mains fiables&#8230; Pour cela, notre clinique vous offre des services de sant\u00e9 de haute qualit\u00e9, ainsi qu&rsquo;un visage souriant, un environnement spacieux o\u00f9 vous vous sentirez toujours sp\u00e9cial, \u00e0 un prix raisonnable.<\/p>\n\t\t\t\t\t\t\t\t<\/div>\n\t\t\t\t<\/div>\n\t\t\t\t\t<\/div>\n\t\t\t\t<\/div>\n\t\t\t\t<\/div>\n\t\t","protected":false},"excerpt":{"rendered":"<p>DIAGNOSTIC BUCCO-DENTAIRE TRAITEMENT Les traitements dentaires sont tr\u00e8s vari\u00e9s et de nombreux patients peuvent avoir besoin de plus d&rsquo;un traitement. Ces traitements doivent \u00eatre planifi\u00e9s correctement. En m\u00eame temps, il faut d\u00e9cider quel traitement doit \u00eatre prioritaire. La base de la planification du traitement est le diagnostic correct. L&rsquo;\u00e9l\u00e9ment le plus important pour parvenir \u00e0 [&hellip;]<\/p>\n","protected":false},"author":1,"featured_media":997,"parent":0,"menu_order":0,"comment_status":"closed","ping_status":"closed","template":"elementor_header_footer","meta":{"footnotes":""},"class_list":["post-1375","page","type-page","status-publish","has-post-thumbnail","hentry"],"_links":{"self":[{"href":"https:\/\/dentakdenizsifa.com\/fr\/wp-json\/wp\/v2\/pages\/1375","targetHints":{"allow":["GET"]}}],"collection":[{"href":"https:\/\/dentakdenizsifa.com\/fr\/wp-json\/wp\/v2\/pages"}],"about":[{"href":"https:\/\/dentakdenizsifa.com\/fr\/wp-json\/wp\/v2\/types\/page"}],"author":[{"embeddable":true,"href":"https:\/\/dentakdenizsifa.com\/fr\/wp-json\/wp\/v2\/users\/1"}],"replies":[{"embeddable":true,"href":"https:\/\/dentakdenizsifa.com\/fr\/wp-json\/wp\/v2\/comments?post=1375"}],"version-history":[{"count":1,"href":"https:\/\/dentakdenizsifa.com\/fr\/wp-json\/wp\/v2\/pages\/1375\/revisions"}],"predecessor-version":[{"id":1377,"href":"https:\/\/dentakdenizsifa.com\/fr\/wp-json\/wp\/v2\/pages\/1375\/revisions\/1377"}],"wp:featuredmedia":[{"embeddable":true,"href":"https:\/\/dentakdenizsifa.com\/fr\/wp-json\/wp\/v2\/media\/997"}],"wp:attachment":[{"href":"https:\/\/dentakdenizsifa.com\/fr\/wp-json\/wp\/v2\/media?parent=1375"}],"curies":[{"name":"wp","href":"https:\/\/api.w.org\/{rel}","templated":true}]}}