{"id":1371,"date":"2024-12-15T03:58:47","date_gmt":"2024-12-15T00:58:47","guid":{"rendered":"https:\/\/dentakdenizsifa.com\/traitements-conservateurs\/"},"modified":"2024-12-28T02:03:38","modified_gmt":"2024-12-27T23:03:38","slug":"traitements-conservateurs","status":"publish","type":"page","link":"https:\/\/dentakdenizsifa.com\/fr\/traitements-conservateurs\/","title":{"rendered":"Traitements conservateurs"},"content":{"rendered":"\t\t<div data-elementor-type=\"wp-page\" data-elementor-id=\"1371\" class=\"elementor elementor-1371 elementor-253\" data-elementor-post-type=\"page\">\n\t\t\t\t<div class=\"elementor-element elementor-element-279d616 e-flex e-con-boxed e-con e-parent\" data-id=\"279d616\" data-element_type=\"container\" data-e-type=\"container\">\n\t\t\t\t\t<div class=\"e-con-inner\">\n\t\t\t\t<div class=\"elementor-element elementor-element-ce73ad4 elementor-widget elementor-widget-heading\" data-id=\"ce73ad4\" data-element_type=\"widget\" data-e-type=\"widget\" data-widget_type=\"heading.default\">\n\t\t\t\t<div class=\"elementor-widget-container\">\n\t\t\t\t\t<h1 class=\"elementor-heading-title elementor-size-default\">TRAITEMENT CONSERVATEUR<\/h1>\t\t\t\t<\/div>\n\t\t\t\t<\/div>\n\t\t\t\t\t<\/div>\n\t\t\t\t<\/div>\n\t\t<div class=\"elementor-element elementor-element-df33e74 e-flex e-con-boxed e-con e-parent\" data-id=\"df33e74\" data-element_type=\"container\" data-e-type=\"container\">\n\t\t\t\t\t<div class=\"e-con-inner\">\n\t\t\t\t<div class=\"elementor-element elementor-element-024268d elementor-widget elementor-widget-text-editor\" data-id=\"024268d\" data-element_type=\"widget\" data-e-type=\"widget\" data-widget_type=\"text-editor.default\">\n\t\t\t\t<div class=\"elementor-widget-container\">\n\t\t\t\t\t\t\t\t\t<p><img fetchpriority=\"high\" decoding=\"async\" class=\"aligncenter wp-image-255 size-large\" src=\"https:\/\/dentakdenizsifa.com\/wp-content\/uploads\/2024\/12\/konservatif-tedaviler-1024x683.png\" alt=\"\" width=\"800\" height=\"534\" srcset=\"https:\/\/dentakdenizsifa.com\/wp-content\/uploads\/2024\/12\/konservatif-tedaviler-1024x683.png 1024w, https:\/\/dentakdenizsifa.com\/wp-content\/uploads\/2024\/12\/konservatif-tedaviler-300x200.png 300w, https:\/\/dentakdenizsifa.com\/wp-content\/uploads\/2024\/12\/konservatif-tedaviler-768x512.png 768w, https:\/\/dentakdenizsifa.com\/wp-content\/uploads\/2024\/12\/konservatif-tedaviler.png 1200w\" sizes=\"(max-width: 800px) 100vw, 800px\" \/><\/p>\n<p>Il couvre toutes les applications li\u00e9es aux traitements dentaires. Les principaux de ces traitements : <\/p>\n<p>a- Stratifi\u00e9s composites : Les stratifi\u00e9s composites sont des restaurations esth\u00e9tiques et cosm\u00e9tiques r\u00e9alis\u00e9es \u00e0 l&rsquo;aide d&rsquo;un mat\u00e9riau composite sur les faces avant des dents afin de modifier la couleur, la forme, d&rsquo;agrandir ou de traiter un d\u00e9faut et de donner un aspect esth\u00e9tique aux dents sans les endommager.<\/p>\n<p>Proc\u00e9dure :<\/p>\n<p>Nous utilisons le stratifi\u00e9 composite pour les obturations esth\u00e9tiques des dents de devant, dans les cas o\u00f9 il y a un espace entre les dents (diast\u00e8me), dans la r\u00e9paration des dents cari\u00e9es et cass\u00e9es pour quelque raison que ce soit, lorsque nous avons besoin de changer la couleur de la dent. La caract\u00e9ristique la plus importante de cette application est qu&rsquo;elle peut \u00eatre r\u00e9alis\u00e9e en une seule s\u00e9ance et qu&rsquo;elle est tr\u00e8s \u00e9conomique. <\/p>\n<p>b-Obturations esth\u00e9tiques : Il s&rsquo;agit d&rsquo;obtenir un aspect plus naturel et esth\u00e9tique en utilisant un mat\u00e9riau composite dans les dents et un mat\u00e9riau d&rsquo;obturation de la couleur des dents de la personne. L&rsquo;obturation en composite durcit \u00e0 la lumi\u00e8re halog\u00e8ne et est chimiquement li\u00e9e \u00e0 la dent. Elle est beaucoup plus durable, plus esth\u00e9tique et plus saine que les amalgames.<\/p>\n<p>c-Occupation par incrustation et onlay en c\u00e9ramique : nous utilisons ces restaurations lorsque des caries importantes se produisent et qu&rsquo;il y a une perte excessive de mat\u00e9riau. Les inlays et onlays sont une solution interm\u00e9diaire entre l&rsquo;obturation et la couronne (facette). <\/p>\n<p>Les inlays et onlays sont utilis\u00e9s lorsque la structure de la dent n&rsquo;est pas suffisante pour supporter l&rsquo;obturation et que la dent n&rsquo;est pas assez endommag\u00e9e pour \u00eatre recouverte d&rsquo;une couronne. Il s&rsquo;agit d&rsquo;obturations dentaires \u00e0 base de porcelaine pr\u00e9par\u00e9es par un technicien dentaire en laboratoire. <\/p>\n\t\t\t\t\t\t\t\t<\/div>\n\t\t\t\t<\/div>\n\t\t\t\t\t<\/div>\n\t\t\t\t<\/div>\n\t\t\t\t<\/div>\n\t\t","protected":false},"excerpt":{"rendered":"<p>TRAITEMENT CONSERVATEUR Il couvre toutes les applications li\u00e9es aux traitements dentaires. Les principaux de ces traitements : a- Stratifi\u00e9s composites : Les stratifi\u00e9s composites sont des restaurations esth\u00e9tiques et cosm\u00e9tiques r\u00e9alis\u00e9es \u00e0 l&rsquo;aide d&rsquo;un mat\u00e9riau composite sur les faces avant des dents afin de modifier la couleur, la forme, d&rsquo;agrandir ou de traiter un d\u00e9faut [&hellip;]<\/p>\n","protected":false},"author":1,"featured_media":1009,"parent":0,"menu_order":0,"comment_status":"closed","ping_status":"closed","template":"elementor_header_footer","meta":{"footnotes":""},"class_list":["post-1371","page","type-page","status-publish","has-post-thumbnail","hentry"],"_links":{"self":[{"href":"https:\/\/dentakdenizsifa.com\/fr\/wp-json\/wp\/v2\/pages\/1371","targetHints":{"allow":["GET"]}}],"collection":[{"href":"https:\/\/dentakdenizsifa.com\/fr\/wp-json\/wp\/v2\/pages"}],"about":[{"href":"https:\/\/dentakdenizsifa.com\/fr\/wp-json\/wp\/v2\/types\/page"}],"author":[{"embeddable":true,"href":"https:\/\/dentakdenizsifa.com\/fr\/wp-json\/wp\/v2\/users\/1"}],"replies":[{"embeddable":true,"href":"https:\/\/dentakdenizsifa.com\/fr\/wp-json\/wp\/v2\/comments?post=1371"}],"version-history":[{"count":1,"href":"https:\/\/dentakdenizsifa.com\/fr\/wp-json\/wp\/v2\/pages\/1371\/revisions"}],"predecessor-version":[{"id":1373,"href":"https:\/\/dentakdenizsifa.com\/fr\/wp-json\/wp\/v2\/pages\/1371\/revisions\/1373"}],"wp:featuredmedia":[{"embeddable":true,"href":"https:\/\/dentakdenizsifa.com\/fr\/wp-json\/wp\/v2\/media\/1009"}],"wp:attachment":[{"href":"https:\/\/dentakdenizsifa.com\/fr\/wp-json\/wp\/v2\/media?parent=1371"}],"curies":[{"name":"wp","href":"https:\/\/api.w.org\/{rel}","templated":true}]}}