{"id":1366,"date":"2024-12-15T04:09:05","date_gmt":"2024-12-15T01:09:05","guid":{"rendered":"https:\/\/dentakdenizsifa.com\/traitement-des-facettes-lamellaires\/"},"modified":"2024-12-28T02:00:27","modified_gmt":"2024-12-27T23:00:27","slug":"traitement-des-facettes-lamellaires","status":"publish","type":"page","link":"https:\/\/dentakdenizsifa.com\/fr\/traitement-des-facettes-lamellaires\/","title":{"rendered":"Traitement des facettes lamellaires"},"content":{"rendered":"\t\t<div data-elementor-type=\"wp-page\" data-elementor-id=\"1366\" class=\"elementor elementor-1366 elementor-266\" data-elementor-post-type=\"page\">\n\t\t\t\t<div class=\"elementor-element elementor-element-913e404 e-flex e-con-boxed e-con e-parent\" data-id=\"913e404\" data-element_type=\"container\" data-e-type=\"container\">\n\t\t\t\t\t<div class=\"e-con-inner\">\n\t\t\t\t<div class=\"elementor-element elementor-element-46880af elementor-widget elementor-widget-heading\" data-id=\"46880af\" data-element_type=\"widget\" data-e-type=\"widget\" data-widget_type=\"heading.default\">\n\t\t\t\t<div class=\"elementor-widget-container\">\n\t\t\t\t\t<h1 class=\"elementor-heading-title elementor-size-default\">TRAITEMENT DES FACETTES LAMINAIRES<\/h1>\t\t\t\t<\/div>\n\t\t\t\t<\/div>\n\t\t\t\t\t<\/div>\n\t\t\t\t<\/div>\n\t\t<div class=\"elementor-element elementor-element-6e59024 e-flex e-con-boxed e-con e-parent\" data-id=\"6e59024\" data-element_type=\"container\" data-e-type=\"container\">\n\t\t\t\t\t<div class=\"e-con-inner\">\n\t\t\t\t<div class=\"elementor-element elementor-element-58c7a67 elementor-widget elementor-widget-text-editor\" data-id=\"58c7a67\" data-element_type=\"widget\" data-e-type=\"widget\" data-widget_type=\"text-editor.default\">\n\t\t\t\t<div class=\"elementor-widget-container\">\n\t\t\t\t\t\t\t\t\t<p><img fetchpriority=\"high\" decoding=\"async\" class=\"aligncenter wp-image-270 size-large\" src=\"https:\/\/dentakdenizsifa.com\/wp-content\/uploads\/2024\/12\/lamine-1024x683.png\" alt=\"\" width=\"800\" height=\"534\" srcset=\"https:\/\/dentakdenizsifa.com\/wp-content\/uploads\/2024\/12\/lamine-1024x683.png 1024w, https:\/\/dentakdenizsifa.com\/wp-content\/uploads\/2024\/12\/lamine-300x200.png 300w, https:\/\/dentakdenizsifa.com\/wp-content\/uploads\/2024\/12\/lamine-768x512.png 768w, https:\/\/dentakdenizsifa.com\/wp-content\/uploads\/2024\/12\/lamine.png 1200w\" sizes=\"(max-width: 800px) 100vw, 800px\" \/><\/p>\n<p>Le traitement \u00e0 la feuille de porcelaine (lamin\u00e9e), qui peut \u00eatre appliqu\u00e9 dans les cas o\u00f9 la forme structurelle est in\u00e9gale, s\u00e9par\u00e9e, et o\u00f9 un effet suffisant ne peut \u00eatre obtenu avec le blanchiment, est une m\u00e9thode qui donne une blancheur naturelle aux dents et permet aux patients d&rsquo;avoir un sourire esth\u00e9tique.<\/p>\n<p>Dans cette m\u00e9thode, une fine couche de porcelaine sp\u00e9cialement pr\u00e9par\u00e9e pour le patient est plac\u00e9e sur la surface avant des dents.<\/p>\n<p>\u00c9tant donn\u00e9 qu&rsquo;un mat\u00e9riau sp\u00e9cial est utilis\u00e9 comme adh\u00e9sif pendant la proc\u00e9dure, il est impossible que les facettes se d\u00e9tachent ou se s\u00e9parent de la surface de la dent pour quelque raison que ce soit.<\/p>\n<p>La couche de porcelaine appliqu\u00e9e aux patients est r\u00e9sistante aux taches et \u00e0 l&rsquo;abrasion. Elle peut donc \u00eatre utilis\u00e9e pendant de nombreuses ann\u00e9es avec des soins bucco-dentaires r\u00e9guliers et appropri\u00e9s. <\/p>\n\t\t\t\t\t\t\t\t<\/div>\n\t\t\t\t<\/div>\n\t\t\t\t\t<\/div>\n\t\t\t\t<\/div>\n\t\t\t\t<\/div>\n\t\t","protected":false},"excerpt":{"rendered":"<p>TRAITEMENT DES FACETTES LAMINAIRES Le traitement \u00e0 la feuille de porcelaine (lamin\u00e9e), qui peut \u00eatre appliqu\u00e9 dans les cas o\u00f9 la forme structurelle est in\u00e9gale, s\u00e9par\u00e9e, et o\u00f9 un effet suffisant ne peut \u00eatre obtenu avec le blanchiment, est une m\u00e9thode qui donne une blancheur naturelle aux dents et permet aux patients d&rsquo;avoir un sourire [&hellip;]<\/p>\n","protected":false},"author":1,"featured_media":1039,"parent":0,"menu_order":0,"comment_status":"closed","ping_status":"closed","template":"elementor_header_footer","meta":{"footnotes":""},"class_list":["post-1366","page","type-page","status-publish","has-post-thumbnail","hentry"],"_links":{"self":[{"href":"https:\/\/dentakdenizsifa.com\/fr\/wp-json\/wp\/v2\/pages\/1366","targetHints":{"allow":["GET"]}}],"collection":[{"href":"https:\/\/dentakdenizsifa.com\/fr\/wp-json\/wp\/v2\/pages"}],"about":[{"href":"https:\/\/dentakdenizsifa.com\/fr\/wp-json\/wp\/v2\/types\/page"}],"author":[{"embeddable":true,"href":"https:\/\/dentakdenizsifa.com\/fr\/wp-json\/wp\/v2\/users\/1"}],"replies":[{"embeddable":true,"href":"https:\/\/dentakdenizsifa.com\/fr\/wp-json\/wp\/v2\/comments?post=1366"}],"version-history":[{"count":1,"href":"https:\/\/dentakdenizsifa.com\/fr\/wp-json\/wp\/v2\/pages\/1366\/revisions"}],"predecessor-version":[{"id":1368,"href":"https:\/\/dentakdenizsifa.com\/fr\/wp-json\/wp\/v2\/pages\/1366\/revisions\/1368"}],"wp:featuredmedia":[{"embeddable":true,"href":"https:\/\/dentakdenizsifa.com\/fr\/wp-json\/wp\/v2\/media\/1039"}],"wp:attachment":[{"href":"https:\/\/dentakdenizsifa.com\/fr\/wp-json\/wp\/v2\/media?parent=1366"}],"curies":[{"name":"wp","href":"https:\/\/api.w.org\/{rel}","templated":true}]}}