{"id":1347,"date":"2024-12-15T04:11:10","date_gmt":"2024-12-15T01:11:10","guid":{"rendered":"https:\/\/dentakdenizsifa.com\/traitement-au-zirconium\/"},"modified":"2024-12-28T03:30:18","modified_gmt":"2024-12-28T00:30:18","slug":"traitement-au-zirconium","status":"publish","type":"page","link":"https:\/\/dentakdenizsifa.com\/fr\/traitement-au-zirconium\/","title":{"rendered":"Traitement au zirconium"},"content":{"rendered":"\t\t<div data-elementor-type=\"wp-page\" data-elementor-id=\"1347\" class=\"elementor elementor-1347 elementor-282\" data-elementor-post-type=\"page\">\n\t\t\t\t<div class=\"elementor-element elementor-element-c127f5a e-flex e-con-boxed e-con e-parent\" data-id=\"c127f5a\" data-element_type=\"container\" data-e-type=\"container\">\n\t\t\t\t\t<div class=\"e-con-inner\">\n\t\t\t\t<div class=\"elementor-element elementor-element-83a1614 elementor-widget elementor-widget-heading\" data-id=\"83a1614\" data-element_type=\"widget\" data-e-type=\"widget\" data-widget_type=\"heading.default\">\n\t\t\t\t<div class=\"elementor-widget-container\">\n\t\t\t\t\t<h1 class=\"elementor-heading-title elementor-size-default\">TRAITEMENT AU ZIRCONIUM<\/h1>\t\t\t\t<\/div>\n\t\t\t\t<\/div>\n\t\t\t\t\t<\/div>\n\t\t\t\t<\/div>\n\t\t<div class=\"elementor-element elementor-element-e3c550d e-flex e-con-boxed e-con e-parent\" data-id=\"e3c550d\" data-element_type=\"container\" data-e-type=\"container\">\n\t\t\t\t\t<div class=\"e-con-inner\">\n\t\t\t\t<div class=\"elementor-element elementor-element-153979f elementor-widget elementor-widget-text-editor\" data-id=\"153979f\" data-element_type=\"widget\" data-e-type=\"widget\" data-widget_type=\"text-editor.default\">\n\t\t\t\t<div class=\"elementor-widget-container\">\n\t\t\t\t\t\t\t\t\t<p><img fetchpriority=\"high\" decoding=\"async\" class=\"aligncenter wp-image-269 size-large\" src=\"https:\/\/dentakdenizsifa.com\/wp-content\/uploads\/2024\/12\/zirkonyum-1024x683.png\" alt=\"\" width=\"800\" height=\"534\" srcset=\"https:\/\/dentakdenizsifa.com\/wp-content\/uploads\/2024\/12\/zirkonyum-1024x683.png 1024w, https:\/\/dentakdenizsifa.com\/wp-content\/uploads\/2024\/12\/zirkonyum-300x200.png 300w, https:\/\/dentakdenizsifa.com\/wp-content\/uploads\/2024\/12\/zirkonyum-768x512.png 768w, https:\/\/dentakdenizsifa.com\/wp-content\/uploads\/2024\/12\/zirkonyum.png 1200w\" sizes=\"(max-width: 800px) 100vw, 800px\" \/><\/p>\n<p>Afin d&rsquo;\u00e9viter la perte totale de dents d\u00e9form\u00e9es et us\u00e9es pour diverses raisons, les facettes sont fr\u00e9quemment appliqu\u00e9es par les dentistes. Ces proc\u00e9dures de rev\u00eatement peuvent \u00eatre r\u00e9alis\u00e9es \u00e0 des fins esth\u00e9tiques, en cas de fractures dentaires ou de dents manquantes, en cas de caries qui ne peuvent \u00eatre trait\u00e9es par des obturations normales. <\/p>\n<p>Pour que la dent retrouve son aspect d&rsquo;origine, le processus de rev\u00eatement est appliqu\u00e9 \u00e0 l&rsquo;aide d&rsquo;un mat\u00e9riau m\u00e9tallique ou non m\u00e9tallique. Il s&rsquo;agit de mat\u00e9riaux tels que la c\u00e9ramique, la porcelaine ou le zirconium. <\/p>\n<p>La transmission de la lumi\u00e8re du mat\u00e9riau en zirconium utilis\u00e9 pour le rev\u00eatement des dents est plus \u00e9lev\u00e9e que celle des rev\u00eatements \u00e0 base de m\u00e9tal. Il a donc un aspect plus naturel. En outre, le zirconium est un mat\u00e9riau plus sain pour les gencives et minimise les taches caus\u00e9es par le tabagisme ou d&rsquo;autres raisons.  <\/p>\n<p>Il ne provoque pas de mauvaise haleine et n&rsquo;entra\u00eene pas de modification du go\u00fbt dans la bouche. Gr\u00e2ce \u00e0 sa r\u00e9sistance \u00e0 la chaleur, il constitue une meilleure option pour les patients sensibles. <\/p>\n\t\t\t\t\t\t\t\t<\/div>\n\t\t\t\t<\/div>\n\t\t\t\t\t<\/div>\n\t\t\t\t<\/div>\n\t\t\t\t<\/div>\n\t\t","protected":false},"excerpt":{"rendered":"<p>TRAITEMENT AU ZIRCONIUM Afin d&rsquo;\u00e9viter la perte totale de dents d\u00e9form\u00e9es et us\u00e9es pour diverses raisons, les facettes sont fr\u00e9quemment appliqu\u00e9es par les dentistes. Ces proc\u00e9dures de rev\u00eatement peuvent \u00eatre r\u00e9alis\u00e9es \u00e0 des fins esth\u00e9tiques, en cas de fractures dentaires ou de dents manquantes, en cas de caries qui ne peuvent \u00eatre trait\u00e9es par des [&hellip;]<\/p>\n","protected":false},"author":1,"featured_media":1033,"parent":0,"menu_order":0,"comment_status":"closed","ping_status":"closed","template":"elementor_header_footer","meta":{"footnotes":""},"class_list":["post-1347","page","type-page","status-publish","has-post-thumbnail","hentry"],"_links":{"self":[{"href":"https:\/\/dentakdenizsifa.com\/fr\/wp-json\/wp\/v2\/pages\/1347","targetHints":{"allow":["GET"]}}],"collection":[{"href":"https:\/\/dentakdenizsifa.com\/fr\/wp-json\/wp\/v2\/pages"}],"about":[{"href":"https:\/\/dentakdenizsifa.com\/fr\/wp-json\/wp\/v2\/types\/page"}],"author":[{"embeddable":true,"href":"https:\/\/dentakdenizsifa.com\/fr\/wp-json\/wp\/v2\/users\/1"}],"replies":[{"embeddable":true,"href":"https:\/\/dentakdenizsifa.com\/fr\/wp-json\/wp\/v2\/comments?post=1347"}],"version-history":[{"count":1,"href":"https:\/\/dentakdenizsifa.com\/fr\/wp-json\/wp\/v2\/pages\/1347\/revisions"}],"predecessor-version":[{"id":1349,"href":"https:\/\/dentakdenizsifa.com\/fr\/wp-json\/wp\/v2\/pages\/1347\/revisions\/1349"}],"wp:featuredmedia":[{"embeddable":true,"href":"https:\/\/dentakdenizsifa.com\/fr\/wp-json\/wp\/v2\/media\/1033"}],"wp:attachment":[{"href":"https:\/\/dentakdenizsifa.com\/fr\/wp-json\/wp\/v2\/media?parent=1347"}],"curies":[{"name":"wp","href":"https:\/\/api.w.org\/{rel}","templated":true}]}}