{"id":1342,"date":"2024-12-15T04:12:36","date_gmt":"2024-12-15T01:12:36","guid":{"rendered":"https:\/\/dentakdenizsifa.com\/traitement-e-max\/"},"modified":"2024-12-28T01:51:36","modified_gmt":"2024-12-27T22:51:36","slug":"traitement-e-max","status":"publish","type":"page","link":"https:\/\/dentakdenizsifa.com\/fr\/traitement-e-max\/","title":{"rendered":"Traitement E-Max"},"content":{"rendered":"\t\t<div data-elementor-type=\"wp-page\" data-elementor-id=\"1342\" class=\"elementor elementor-1342 elementor-287\" data-elementor-post-type=\"page\">\n\t\t\t\t<div class=\"elementor-element elementor-element-3c734c2 e-flex e-con-boxed e-con e-parent\" data-id=\"3c734c2\" data-element_type=\"container\" data-e-type=\"container\">\n\t\t\t\t\t<div class=\"e-con-inner\">\n\t\t\t\t<div class=\"elementor-element elementor-element-68bedf5 elementor-widget elementor-widget-heading\" data-id=\"68bedf5\" data-element_type=\"widget\" data-e-type=\"widget\" data-widget_type=\"heading.default\">\n\t\t\t\t<div class=\"elementor-widget-container\">\n\t\t\t\t\t<h1 class=\"elementor-heading-title elementor-size-default\">TRAITEMENT E-MAX<\/h1>\t\t\t\t<\/div>\n\t\t\t\t<\/div>\n\t\t\t\t\t<\/div>\n\t\t\t\t<\/div>\n\t\t<div class=\"elementor-element elementor-element-07feeb8 e-flex e-con-boxed e-con e-parent\" data-id=\"07feeb8\" data-element_type=\"container\" data-e-type=\"container\">\n\t\t\t\t\t<div class=\"e-con-inner\">\n\t\t\t\t<div class=\"elementor-element elementor-element-cbc116c elementor-widget elementor-widget-text-editor\" data-id=\"cbc116c\" data-element_type=\"widget\" data-e-type=\"widget\" data-widget_type=\"text-editor.default\">\n\t\t\t\t<div class=\"elementor-widget-container\">\n\t\t\t\t\t\t\t\t\t<p><img fetchpriority=\"high\" decoding=\"async\" class=\"aligncenter wp-image-288 size-large\" src=\"https:\/\/dentakdenizsifa.com\/wp-content\/uploads\/2024\/12\/e-max-1024x683.png\" alt=\"\" width=\"800\" height=\"534\" srcset=\"https:\/\/dentakdenizsifa.com\/wp-content\/uploads\/2024\/12\/e-max-1024x683.png 1024w, https:\/\/dentakdenizsifa.com\/wp-content\/uploads\/2024\/12\/e-max-300x200.png 300w, https:\/\/dentakdenizsifa.com\/wp-content\/uploads\/2024\/12\/e-max-768x512.png 768w, https:\/\/dentakdenizsifa.com\/wp-content\/uploads\/2024\/12\/e-max.png 1200w\" sizes=\"(max-width: 800px) 100vw, 800px\" \/><\/p>\n<p>L&rsquo;esth\u00e9tique est donc maximale. Le plus grand avantage de cette application est que l&rsquo;on n&rsquo;utilise pas de m\u00e9tal. La surface est prot\u00e9g\u00e9e contre les taches et la formation de plaque.<\/p>\n<p>Comme il ne contient pas de m\u00e9tal, il ne provoque pas de r\u00e9action allergique, il n&rsquo;y a pas de formation de couleur violac\u00e9e sur les gencives et les bords des dents, il n&rsquo;endommage pas la structure de la dent, les substances qu&rsquo;il contient font partie des structures les plus compatibles avec la dent.<\/p>\n<p>Comme il transmet la lumi\u00e8re, il n&rsquo;y a pas d&rsquo;aspect mat, les options de couleur sont tr\u00e8s nombreuses, la structure de la dent est glissante et lisse. C&rsquo;est pourquoi la formation de tartre dentaire est pratiquement inexistante, ce qui pr\u00e9vient l&rsquo;apparition de maladies des gencives. Le proc\u00e9d\u00e9 de rev\u00eatement dentaire EMax s&rsquo;applique principalement aux incisives ant\u00e9rieures. Les rev\u00eatements Emax \u00e9tant moins durables que les rev\u00eatements en zirconium, les rev\u00eatements en zirconium sont pr\u00e9f\u00e9r\u00e9s pour les dents de la r\u00e9gion post\u00e9rieure.<\/p>\n<p>Emax est un mat\u00e9riau compos\u00e9 de c\u00e9ramique monolithique de disilicate de lithium. la transmission de la lumi\u00e8re est plus \u00e9lev\u00e9e que celle du zirconium. pour cette raison, il est plus naturel et plus esth\u00e9tique que le zirconium, il a une structure vitreuse. mais comme il n&rsquo;est pas aussi durable que le zirconium, le rev\u00eatement de zirconium est pr\u00e9f\u00e9r\u00e9 dans les zones o\u00f9 la pression est \u00e9lev\u00e9e.<\/p>\n\t\t\t\t\t\t\t\t<\/div>\n\t\t\t\t<\/div>\n\t\t\t\t\t<\/div>\n\t\t\t\t<\/div>\n\t\t\t\t<\/div>\n\t\t","protected":false},"excerpt":{"rendered":"<p>TRAITEMENT E-MAX L&rsquo;esth\u00e9tique est donc maximale. Le plus grand avantage de cette application est que l&rsquo;on n&rsquo;utilise pas de m\u00e9tal. La surface est prot\u00e9g\u00e9e contre les taches et la formation de plaque. Comme il ne contient pas de m\u00e9tal, il ne provoque pas de r\u00e9action allergique, il n&rsquo;y a pas de formation de couleur violac\u00e9e [&hellip;]<\/p>\n","protected":false},"author":1,"featured_media":1045,"parent":0,"menu_order":0,"comment_status":"closed","ping_status":"closed","template":"elementor_header_footer","meta":{"footnotes":""},"class_list":["post-1342","page","type-page","status-publish","has-post-thumbnail","hentry"],"_links":{"self":[{"href":"https:\/\/dentakdenizsifa.com\/fr\/wp-json\/wp\/v2\/pages\/1342","targetHints":{"allow":["GET"]}}],"collection":[{"href":"https:\/\/dentakdenizsifa.com\/fr\/wp-json\/wp\/v2\/pages"}],"about":[{"href":"https:\/\/dentakdenizsifa.com\/fr\/wp-json\/wp\/v2\/types\/page"}],"author":[{"embeddable":true,"href":"https:\/\/dentakdenizsifa.com\/fr\/wp-json\/wp\/v2\/users\/1"}],"replies":[{"embeddable":true,"href":"https:\/\/dentakdenizsifa.com\/fr\/wp-json\/wp\/v2\/comments?post=1342"}],"version-history":[{"count":1,"href":"https:\/\/dentakdenizsifa.com\/fr\/wp-json\/wp\/v2\/pages\/1342\/revisions"}],"predecessor-version":[{"id":1343,"href":"https:\/\/dentakdenizsifa.com\/fr\/wp-json\/wp\/v2\/pages\/1342\/revisions\/1343"}],"wp:featuredmedia":[{"embeddable":true,"href":"https:\/\/dentakdenizsifa.com\/fr\/wp-json\/wp\/v2\/media\/1045"}],"wp:attachment":[{"href":"https:\/\/dentakdenizsifa.com\/fr\/wp-json\/wp\/v2\/media?parent=1342"}],"curies":[{"name":"wp","href":"https:\/\/api.w.org\/{rel}","templated":true}]}}