{"id":1318,"date":"2024-12-15T04:14:06","date_gmt":"2024-12-15T01:14:06","guid":{"rendered":"https:\/\/dentakdenizsifa.com\/facette-en-porcelaine\/"},"modified":"2024-12-28T03:22:30","modified_gmt":"2024-12-28T00:22:30","slug":"facette-en-porcelaine","status":"publish","type":"page","link":"https:\/\/dentakdenizsifa.com\/fr\/facette-en-porcelaine\/","title":{"rendered":"Facette en porcelaine"},"content":{"rendered":"\t\t<div data-elementor-type=\"wp-page\" data-elementor-id=\"1318\" class=\"elementor elementor-1318 elementor-293\" data-elementor-post-type=\"page\">\n\t\t\t\t<div class=\"elementor-element elementor-element-4f944ab e-flex e-con-boxed e-con e-parent\" data-id=\"4f944ab\" data-element_type=\"container\" data-e-type=\"container\">\n\t\t\t\t\t<div class=\"e-con-inner\">\n\t\t\t\t<div class=\"elementor-element elementor-element-f77c891 elementor-widget elementor-widget-heading\" data-id=\"f77c891\" data-element_type=\"widget\" data-e-type=\"widget\" data-widget_type=\"heading.default\">\n\t\t\t\t<div class=\"elementor-widget-container\">\n\t\t\t\t\t<h1 class=\"elementor-heading-title elementor-size-default\">FACETTE EN PORCELAINE<\/h1>\t\t\t\t<\/div>\n\t\t\t\t<\/div>\n\t\t\t\t\t<\/div>\n\t\t\t\t<\/div>\n\t\t<div class=\"elementor-element elementor-element-6a4fccc e-flex e-con-boxed e-con e-parent\" data-id=\"6a4fccc\" data-element_type=\"container\" data-e-type=\"container\">\n\t\t\t\t\t<div class=\"e-con-inner\">\n\t\t\t\t<div class=\"elementor-element elementor-element-ab34667 elementor-widget elementor-widget-text-editor\" data-id=\"ab34667\" data-element_type=\"widget\" data-e-type=\"widget\" data-widget_type=\"text-editor.default\">\n\t\t\t\t<div class=\"elementor-widget-container\">\n\t\t\t\t\t\t\t\t\t<p><img fetchpriority=\"high\" decoding=\"async\" class=\"aligncenter wp-image-267 size-large\" src=\"https:\/\/dentakdenizsifa.com\/wp-content\/uploads\/2024\/12\/porselen-dis-1024x683.png\" alt=\"\" width=\"800\" height=\"534\" srcset=\"https:\/\/dentakdenizsifa.com\/wp-content\/uploads\/2024\/12\/porselen-dis-1024x683.png 1024w, https:\/\/dentakdenizsifa.com\/wp-content\/uploads\/2024\/12\/porselen-dis-300x200.png 300w, https:\/\/dentakdenizsifa.com\/wp-content\/uploads\/2024\/12\/porselen-dis-768x512.png 768w, https:\/\/dentakdenizsifa.com\/wp-content\/uploads\/2024\/12\/porselen-dis.png 1200w\" sizes=\"(max-width: 800px) 100vw, 800px\" \/><\/p>\n<p>Le rev\u00eatement de la dent en porcelaine est une technique de rev\u00eatement dentaire obtenue \u00e0 partir de porcelaine et produite pour couvrir la surface originale de la dent. La dent en porcelaine est une m\u00e9thode de traitement appliqu\u00e9e pour \u00e9liminer les probl\u00e8mes esth\u00e9tiques des dents et pour offrir aux gens un sourire de meilleure qualit\u00e9. <\/p>\n<p>Les facettes dentaires en porcelaine pr\u00e9sentent un inconv\u00e9nient pour les patients soucieux de leur esth\u00e9tique. Comme la transmission de la lumi\u00e8re est plus faible que celle du zirconium et de l&#8217;emax, elle ne peut pas refl\u00e9ter la couleur naturelle de la dent. Il en r\u00e9sulte une couleur terne et sans \u00e9clat. Il n&rsquo;est pas possible d&rsquo;obtenir un aspect naturel, en particulier sur les dents de devant.   <\/p>\n<p>Ils ont une bonne durabilit\u00e9 car ce sont des rev\u00eatements \u00e0 base de m\u00e9tal.<\/p>\n\t\t\t\t\t\t\t\t<\/div>\n\t\t\t\t<\/div>\n\t\t\t\t\t<\/div>\n\t\t\t\t<\/div>\n\t\t\t\t<\/div>\n\t\t","protected":false},"excerpt":{"rendered":"<p>FACETTE EN PORCELAINE Le rev\u00eatement de la dent en porcelaine est une technique de rev\u00eatement dentaire obtenue \u00e0 partir de porcelaine et produite pour couvrir la surface originale de la dent. La dent en porcelaine est une m\u00e9thode de traitement appliqu\u00e9e pour \u00e9liminer les probl\u00e8mes esth\u00e9tiques des dents et pour offrir aux gens un sourire [&hellip;]<\/p>\n","protected":false},"author":1,"featured_media":1021,"parent":0,"menu_order":0,"comment_status":"closed","ping_status":"closed","template":"elementor_header_footer","meta":{"footnotes":""},"class_list":["post-1318","page","type-page","status-publish","has-post-thumbnail","hentry"],"_links":{"self":[{"href":"https:\/\/dentakdenizsifa.com\/fr\/wp-json\/wp\/v2\/pages\/1318","targetHints":{"allow":["GET"]}}],"collection":[{"href":"https:\/\/dentakdenizsifa.com\/fr\/wp-json\/wp\/v2\/pages"}],"about":[{"href":"https:\/\/dentakdenizsifa.com\/fr\/wp-json\/wp\/v2\/types\/page"}],"author":[{"embeddable":true,"href":"https:\/\/dentakdenizsifa.com\/fr\/wp-json\/wp\/v2\/users\/1"}],"replies":[{"embeddable":true,"href":"https:\/\/dentakdenizsifa.com\/fr\/wp-json\/wp\/v2\/comments?post=1318"}],"version-history":[{"count":1,"href":"https:\/\/dentakdenizsifa.com\/fr\/wp-json\/wp\/v2\/pages\/1318\/revisions"}],"predecessor-version":[{"id":1320,"href":"https:\/\/dentakdenizsifa.com\/fr\/wp-json\/wp\/v2\/pages\/1318\/revisions\/1320"}],"wp:featuredmedia":[{"embeddable":true,"href":"https:\/\/dentakdenizsifa.com\/fr\/wp-json\/wp\/v2\/media\/1021"}],"wp:attachment":[{"href":"https:\/\/dentakdenizsifa.com\/fr\/wp-json\/wp\/v2\/media?parent=1318"}],"curies":[{"name":"wp","href":"https:\/\/api.w.org\/{rel}","templated":true}]}}