{"id":1313,"date":"2024-12-15T04:15:24","date_gmt":"2024-12-15T01:15:24","guid":{"rendered":"https:\/\/dentakdenizsifa.com\/blanchiment-des-dents\/"},"modified":"2024-12-28T01:29:28","modified_gmt":"2024-12-27T22:29:28","slug":"blanchiment-des-dents","status":"publish","type":"page","link":"https:\/\/dentakdenizsifa.com\/fr\/blanchiment-des-dents\/","title":{"rendered":"Blanchiment des dents"},"content":{"rendered":"\t\t<div data-elementor-type=\"wp-page\" data-elementor-id=\"1313\" class=\"elementor elementor-1313 elementor-299\" data-elementor-post-type=\"page\">\n\t\t\t\t<div class=\"elementor-element elementor-element-ed65e31 e-flex e-con-boxed e-con e-parent\" data-id=\"ed65e31\" data-element_type=\"container\" data-e-type=\"container\">\n\t\t\t\t\t<div class=\"e-con-inner\">\n\t\t\t\t<div class=\"elementor-element elementor-element-61d2a23 elementor-widget elementor-widget-heading\" data-id=\"61d2a23\" data-element_type=\"widget\" data-e-type=\"widget\" data-widget_type=\"heading.default\">\n\t\t\t\t<div class=\"elementor-widget-container\">\n\t\t\t\t\t<h1 class=\"elementor-heading-title elementor-size-default\">BLANCHIMENT DES DENTS<\/h1>\t\t\t\t<\/div>\n\t\t\t\t<\/div>\n\t\t\t\t\t<\/div>\n\t\t\t\t<\/div>\n\t\t<div class=\"elementor-element elementor-element-59fee2e e-flex e-con-boxed e-con e-parent\" data-id=\"59fee2e\" data-element_type=\"container\" data-e-type=\"container\">\n\t\t\t\t\t<div class=\"e-con-inner\">\n\t\t\t\t<div class=\"elementor-element elementor-element-1671c40 elementor-widget elementor-widget-text-editor\" data-id=\"1671c40\" data-element_type=\"widget\" data-e-type=\"widget\" data-widget_type=\"text-editor.default\">\n\t\t\t\t<div class=\"elementor-widget-container\">\n\t\t\t\t\t\t\t\t\t<\/p>\n<p><img fetchpriority=\"high\" decoding=\"async\" class=\"aligncenter wp-image-268 size-large\" src=\"https:\/\/dentakdenizsifa.com\/wp-content\/uploads\/2024\/12\/dis-beyazlatma-1024x683.png\" alt=\"\" width=\"800\" height=\"534\" srcset=\"https:\/\/dentakdenizsifa.com\/wp-content\/uploads\/2024\/12\/dis-beyazlatma-1024x683.png 1024w, https:\/\/dentakdenizsifa.com\/wp-content\/uploads\/2024\/12\/dis-beyazlatma-300x200.png 300w, https:\/\/dentakdenizsifa.com\/wp-content\/uploads\/2024\/12\/dis-beyazlatma-768x512.png 768w, https:\/\/dentakdenizsifa.com\/wp-content\/uploads\/2024\/12\/dis-beyazlatma.png 1200w\" sizes=\"(max-width: 800px) 100vw, 800px\" \/>Les aliments et les boissons contenant des colorants consomm\u00e9s dans la vie quotidienne, ainsi que les troubles pass\u00e9s remontant \u00e0 l&rsquo;enfance, peuvent provoquer des d\u00e9colorations. Ces d\u00e9colorations peuvent \u00eatre facilement r\u00e9solues gr\u00e2ce au d\u00e9veloppement de diff\u00e9rentes m\u00e9thodes et mat\u00e9riaux de restauration en dentisterie. <\/p>\n<p>Il s&rsquo;agit du syst\u00e8me de blanchiment le plus rapide, le plus fiable et le plus efficace, compos\u00e9 d&rsquo;un gel blanchissant et d&rsquo;une lumi\u00e8re, qui peut \u00e9claircir la couleur des dents de 3 \u00e0 4 tons en peu de temps.<\/p>\n<p>Bien que la dur\u00e9e du blanchiment varie en fonction de la structure dentaire de la personne, l&rsquo;effet dure environ 2 \u00e0 3 ans.<\/p>\n<p>La variation de cette p\u00e9riode d\u00e9pend de la surface lisse ou non des dents, de la structure de la salive, de la consommation de th\u00e9, de caf\u00e9 et de cigarettes, ainsi que du soin apport\u00e9 ou non aux dents.<\/p>\n\t\t\t\t\t\t\t\t<\/div>\n\t\t\t\t<\/div>\n\t\t\t\t\t<\/div>\n\t\t\t\t<\/div>\n\t\t\t\t<\/div>\n\t\t","protected":false},"excerpt":{"rendered":"<p>BLANCHIMENT DES DENTS Les aliments et les boissons contenant des colorants consomm\u00e9s dans la vie quotidienne, ainsi que les troubles pass\u00e9s remontant \u00e0 l&rsquo;enfance, peuvent provoquer des d\u00e9colorations. Ces d\u00e9colorations peuvent \u00eatre facilement r\u00e9solues gr\u00e2ce au d\u00e9veloppement de diff\u00e9rentes m\u00e9thodes et mat\u00e9riaux de restauration en dentisterie. Il s&rsquo;agit du syst\u00e8me de blanchiment le plus rapide, [&hellip;]<\/p>\n","protected":false},"author":1,"featured_media":1027,"parent":0,"menu_order":0,"comment_status":"closed","ping_status":"closed","template":"elementor_header_footer","meta":{"footnotes":""},"class_list":["post-1313","page","type-page","status-publish","has-post-thumbnail","hentry"],"_links":{"self":[{"href":"https:\/\/dentakdenizsifa.com\/fr\/wp-json\/wp\/v2\/pages\/1313","targetHints":{"allow":["GET"]}}],"collection":[{"href":"https:\/\/dentakdenizsifa.com\/fr\/wp-json\/wp\/v2\/pages"}],"about":[{"href":"https:\/\/dentakdenizsifa.com\/fr\/wp-json\/wp\/v2\/types\/page"}],"author":[{"embeddable":true,"href":"https:\/\/dentakdenizsifa.com\/fr\/wp-json\/wp\/v2\/users\/1"}],"replies":[{"embeddable":true,"href":"https:\/\/dentakdenizsifa.com\/fr\/wp-json\/wp\/v2\/comments?post=1313"}],"version-history":[{"count":1,"href":"https:\/\/dentakdenizsifa.com\/fr\/wp-json\/wp\/v2\/pages\/1313\/revisions"}],"predecessor-version":[{"id":1315,"href":"https:\/\/dentakdenizsifa.com\/fr\/wp-json\/wp\/v2\/pages\/1313\/revisions\/1315"}],"wp:featuredmedia":[{"embeddable":true,"href":"https:\/\/dentakdenizsifa.com\/fr\/wp-json\/wp\/v2\/media\/1027"}],"wp:attachment":[{"href":"https:\/\/dentakdenizsifa.com\/fr\/wp-json\/wp\/v2\/media?parent=1313"}],"curies":[{"name":"wp","href":"https:\/\/api.w.org\/{rel}","templated":true}]}}