{"id":1285,"date":"2024-12-15T23:35:03","date_gmt":"2024-12-15T20:35:03","guid":{"rendered":"https:\/\/dentakdenizsifa.com\/dt-mehmet-bekir-er\/"},"modified":"2025-02-23T01:31:48","modified_gmt":"2025-02-22T22:31:48","slug":"dt-mehmet-bekir-er","status":"publish","type":"page","link":"https:\/\/dentakdenizsifa.com\/fr\/dt-mehmet-bekir-er\/","title":{"rendered":"Dt. Mehmet Bekir ER"},"content":{"rendered":"\t\t<div data-elementor-type=\"wp-page\" data-elementor-id=\"1285\" class=\"elementor elementor-1285 elementor-717\" data-elementor-post-type=\"page\">\n\t\t\t\t<div class=\"elementor-element elementor-element-7a73335 e-con-full elementor-hidden-desktop elementor-hidden-tablet e-flex e-con e-child\" data-id=\"7a73335\" data-element_type=\"container\" data-e-type=\"container\">\n\t\t\t\t<div class=\"elementor-element elementor-element-0c80cbc elementor-widget elementor-widget-image\" data-id=\"0c80cbc\" data-element_type=\"widget\" data-e-type=\"widget\" data-widget_type=\"image.default\">\n\t\t\t\t<div class=\"elementor-widget-container\">\n\t\t\t\t\t\t\t\t\t\t\t\t\t\t\t\t<a href=\"https:\/\/dentakdenizsifa.com\/wp-content\/uploads\/2024\/12\/bekir-er.jpg\" data-elementor-open-lightbox=\"yes\" data-elementor-lightbox-title=\"bekir-er\" data-e-action-hash=\"#elementor-action%3Aaction%3Dlightbox%26settings%3DeyJpZCI6MTA1MSwidXJsIjoiaHR0cHM6XC9cL2RlbnRha2Rlbml6c2lmYS5jb21cL3dwLWNvbnRlbnRcL3VwbG9hZHNcLzIwMjRcLzEyXC9iZWtpci1lci5qcGcifQ%3D%3D\">\n\t\t\t\t\t\t\t<img fetchpriority=\"high\" decoding=\"async\" width=\"522\" height=\"654\" src=\"https:\/\/dentakdenizsifa.com\/wp-content\/uploads\/2024\/12\/bekir-er.jpg\" class=\"attachment-large size-large wp-image-1051\" alt=\"\" srcset=\"https:\/\/dentakdenizsifa.com\/wp-content\/uploads\/2024\/12\/bekir-er.jpg 522w, https:\/\/dentakdenizsifa.com\/wp-content\/uploads\/2024\/12\/bekir-er-239x300.jpg 239w\" sizes=\"(max-width: 522px) 100vw, 522px\" \/>\t\t\t\t\t\t\t\t<\/a>\n\t\t\t\t\t\t\t\t\t\t\t\t\t\t\t<\/div>\n\t\t\t\t<\/div>\n\t\t\t\t<\/div>\n\t\t<div class=\"elementor-element elementor-element-5b3327c e-flex e-con-boxed e-con e-parent\" data-id=\"5b3327c\" data-element_type=\"container\" data-e-type=\"container\" data-settings=\"{&quot;background_background&quot;:&quot;classic&quot;}\">\n\t\t\t\t\t<div class=\"e-con-inner\">\n\t\t<div class=\"elementor-element elementor-element-5811a16 e-con-full e-flex e-con e-child\" data-id=\"5811a16\" data-element_type=\"container\" data-e-type=\"container\">\n\t\t\t\t<div class=\"elementor-element elementor-element-4a983a9 elementor-widget__width-initial elementor-invisible elementor-widget elementor-widget-heading\" data-id=\"4a983a9\" data-element_type=\"widget\" data-e-type=\"widget\" data-settings=\"{&quot;_animation&quot;:&quot;fadeInUp&quot;}\" data-widget_type=\"heading.default\">\n\t\t\t\t<div class=\"elementor-widget-container\">\n\t\t\t\t\t<h2 class=\"elementor-heading-title elementor-size-default\">Dt. Mehmet Bekir ER<\/h2>\t\t\t\t<\/div>\n\t\t\t\t<\/div>\n\t\t\t\t<div class=\"elementor-element elementor-element-b107b34 elementor-invisible elementor-widget elementor-widget-heading\" data-id=\"b107b34\" data-element_type=\"widget\" data-e-type=\"widget\" data-settings=\"{&quot;_animation&quot;:&quot;fadeInUp&quot;}\" data-widget_type=\"heading.default\">\n\t\t\t\t<div class=\"elementor-widget-container\">\n\t\t\t\t\t<h2 class=\"elementor-heading-title elementor-size-default\">Ma biographie<\/h2>\t\t\t\t<\/div>\n\t\t\t\t<\/div>\n\t\t\t\t<div class=\"elementor-element elementor-element-070753f elementor-widget__width-initial elementor-invisible elementor-widget elementor-widget-text-editor\" data-id=\"070753f\" data-element_type=\"widget\" data-e-type=\"widget\" data-settings=\"{&quot;_animation&quot;:&quot;fadeInUp&quot;}\" data-widget_type=\"text-editor.default\">\n\t\t\t\t<div class=\"elementor-widget-container\">\n\t\t\t\t\t\t\t\t\t<p>Le docteur Mehmet Bekir Er, dipl\u00f4m\u00e9 de la facult\u00e9 de m\u00e9decine dentaire de l&rsquo;universit\u00e9 d&rsquo;Istanbul, a ouvert son propre cabinet apr\u00e8s l&rsquo;obtention de son dipl\u00f4me et a exerc\u00e9 pendant plus de dix ans. Depuis 2010, il est le fondateur et l&rsquo;associ\u00e9 principal de la polyclinique dentaire Dent Akdeniz \u015eifa. <\/p>\n<p>Mehmet Bekir Er, qui a plus de 30 ans d&rsquo;exp\u00e9rience, a une bonne ma\u00eetrise et de l&rsquo;exp\u00e9rience dans le traitement des implants, le traitement des proth\u00e8ses et les implants du jour m\u00eame.<\/p>\n<p>Le Dt. Mehmet Bekir Er a \u00e9galement particip\u00e9 \u00e0 des symposiums sur les implants et les proth\u00e8ses implantaires dans son pays et \u00e0 l&rsquo;\u00e9tranger (Antalya, S\u00e9oul, Allemagne, Chicago et Bali). Il parle couramment l&rsquo;arabe. <\/p>\n<p>Il a particip\u00e9 \u00e0 des d\u00e9pistages et \u00e0 des traitements dentaires volontaires en Syrie et dans des villages de tentes, dans son pays et \u00e0 l&rsquo;\u00e9tranger.<\/p>\n\t\t\t\t\t\t\t\t<\/div>\n\t\t\t\t<\/div>\n\t\t\t\t<\/div>\n\t\t<div class=\"elementor-element elementor-element-ed4074b e-con-full e-flex elementor-invisible e-con e-child\" data-id=\"ed4074b\" data-element_type=\"container\" data-e-type=\"container\" data-settings=\"{&quot;background_background&quot;:&quot;classic&quot;,&quot;animation&quot;:&quot;fadeInUp&quot;}\">\n\t\t<div class=\"elementor-element elementor-element-4670721 e-con-full elementor-hidden-tablet elementor-hidden-mobile e-flex e-con e-child\" data-id=\"4670721\" data-element_type=\"container\" data-e-type=\"container\">\n\t\t\t\t<div class=\"elementor-element elementor-element-331b737 elementor-widget elementor-widget-image\" data-id=\"331b737\" data-element_type=\"widget\" data-e-type=\"widget\" data-widget_type=\"image.default\">\n\t\t\t\t<div class=\"elementor-widget-container\">\n\t\t\t\t\t\t\t\t\t\t\t\t\t\t\t\t<a href=\"https:\/\/dentakdenizsifa.com\/wp-content\/uploads\/2024\/12\/bekir-er.jpg\" data-elementor-open-lightbox=\"yes\" data-elementor-lightbox-title=\"bekir-er\" data-e-action-hash=\"#elementor-action%3Aaction%3Dlightbox%26settings%3DeyJpZCI6MTA1MSwidXJsIjoiaHR0cHM6XC9cL2RlbnRha2Rlbml6c2lmYS5jb21cL3dwLWNvbnRlbnRcL3VwbG9hZHNcLzIwMjRcLzEyXC9iZWtpci1lci5qcGcifQ%3D%3D\">\n\t\t\t\t\t\t\t<img fetchpriority=\"high\" decoding=\"async\" width=\"522\" height=\"654\" src=\"https:\/\/dentakdenizsifa.com\/wp-content\/uploads\/2024\/12\/bekir-er.jpg\" class=\"attachment-large size-large wp-image-1051\" alt=\"\" srcset=\"https:\/\/dentakdenizsifa.com\/wp-content\/uploads\/2024\/12\/bekir-er.jpg 522w, https:\/\/dentakdenizsifa.com\/wp-content\/uploads\/2024\/12\/bekir-er-239x300.jpg 239w\" sizes=\"(max-width: 522px) 100vw, 522px\" \/>\t\t\t\t\t\t\t\t<\/a>\n\t\t\t\t\t\t\t\t\t\t\t\t\t\t\t<\/div>\n\t\t\t\t<\/div>\n\t\t\t\t<\/div>\n\t\t\t\t<\/div>\n\t\t\t\t\t<\/div>\n\t\t\t\t<\/div>\n\t\t\t\t<\/div>\n\t\t","protected":false},"excerpt":{"rendered":"<p>Dt. Mehmet Bekir ER Ma biographie Le docteur Mehmet Bekir Er, dipl\u00f4m\u00e9 de la facult\u00e9 de m\u00e9decine dentaire de l&rsquo;universit\u00e9 d&rsquo;Istanbul, a ouvert son propre cabinet apr\u00e8s l&rsquo;obtention de son dipl\u00f4me et a exerc\u00e9 pendant plus de dix ans. Depuis 2010, il est le fondateur et l&rsquo;associ\u00e9 principal de la polyclinique dentaire Dent Akdeniz \u015eifa. [&hellip;]<\/p>\n","protected":false},"author":1,"featured_media":0,"parent":0,"menu_order":0,"comment_status":"closed","ping_status":"closed","template":"elementor_header_footer","meta":{"footnotes":""},"class_list":["post-1285","page","type-page","status-publish","hentry"],"_links":{"self":[{"href":"https:\/\/dentakdenizsifa.com\/fr\/wp-json\/wp\/v2\/pages\/1285","targetHints":{"allow":["GET"]}}],"collection":[{"href":"https:\/\/dentakdenizsifa.com\/fr\/wp-json\/wp\/v2\/pages"}],"about":[{"href":"https:\/\/dentakdenizsifa.com\/fr\/wp-json\/wp\/v2\/types\/page"}],"author":[{"embeddable":true,"href":"https:\/\/dentakdenizsifa.com\/fr\/wp-json\/wp\/v2\/users\/1"}],"replies":[{"embeddable":true,"href":"https:\/\/dentakdenizsifa.com\/fr\/wp-json\/wp\/v2\/comments?post=1285"}],"version-history":[{"count":2,"href":"https:\/\/dentakdenizsifa.com\/fr\/wp-json\/wp\/v2\/pages\/1285\/revisions"}],"predecessor-version":[{"id":2607,"href":"https:\/\/dentakdenizsifa.com\/fr\/wp-json\/wp\/v2\/pages\/1285\/revisions\/2607"}],"wp:attachment":[{"href":"https:\/\/dentakdenizsifa.com\/fr\/wp-json\/wp\/v2\/media?parent=1285"}],"curies":[{"name":"wp","href":"https:\/\/api.w.org\/{rel}","templated":true}]}}