{"id":1267,"date":"2024-12-15T23:35:45","date_gmt":"2024-12-15T20:35:45","guid":{"rendered":"https:\/\/dentakdenizsifa.com\/dt-sefa-arslan\/"},"modified":"2024-12-28T01:54:35","modified_gmt":"2024-12-27T22:54:35","slug":"dt-sefa-arslan","status":"publish","type":"page","link":"https:\/\/dentakdenizsifa.com\/fr\/dt-sefa-arslan\/","title":{"rendered":"Dt. Sefa ARSLAN"},"content":{"rendered":"\t\t<div data-elementor-type=\"wp-page\" data-elementor-id=\"1267\" class=\"elementor elementor-1267 elementor-721\" data-elementor-post-type=\"page\">\n\t\t\t\t<div class=\"elementor-element elementor-element-ed4bc9b e-con-full elementor-hidden-desktop elementor-hidden-tablet e-flex e-con e-child\" data-id=\"ed4bc9b\" data-element_type=\"container\" data-e-type=\"container\">\n\t\t\t\t<div class=\"elementor-element elementor-element-189baff elementor-widget elementor-widget-image\" data-id=\"189baff\" data-element_type=\"widget\" data-e-type=\"widget\" data-widget_type=\"image.default\">\n\t\t\t\t<div class=\"elementor-widget-container\">\n\t\t\t\t\t\t\t\t\t\t\t\t\t\t\t\t<a href=\"https:\/\/dentakdenizsifa.com\/wp-content\/uploads\/2024\/12\/sefa.jpg\" data-elementor-open-lightbox=\"yes\" data-elementor-lightbox-title=\"sefa\" data-e-action-hash=\"#elementor-action%3Aaction%3Dlightbox%26settings%3DeyJpZCI6MTA2MywidXJsIjoiaHR0cHM6XC9cL2RlbnRha2Rlbml6c2lmYS5jb21cL3dwLWNvbnRlbnRcL3VwbG9hZHNcLzIwMjRcLzEyXC9zZWZhLmpwZyJ9\">\n\t\t\t\t\t\t\t<img fetchpriority=\"high\" decoding=\"async\" width=\"522\" height=\"654\" src=\"https:\/\/dentakdenizsifa.com\/wp-content\/uploads\/2024\/12\/sefa.jpg\" class=\"attachment-large size-large wp-image-1063\" alt=\"\" srcset=\"https:\/\/dentakdenizsifa.com\/wp-content\/uploads\/2024\/12\/sefa.jpg 522w, https:\/\/dentakdenizsifa.com\/wp-content\/uploads\/2024\/12\/sefa-239x300.jpg 239w\" sizes=\"(max-width: 522px) 100vw, 522px\" \/>\t\t\t\t\t\t\t\t<\/a>\n\t\t\t\t\t\t\t\t\t\t\t\t\t\t\t<\/div>\n\t\t\t\t<\/div>\n\t\t\t\t<\/div>\n\t\t<div class=\"elementor-element elementor-element-cd751db e-flex e-con-boxed e-con e-parent\" data-id=\"cd751db\" data-element_type=\"container\" data-e-type=\"container\" data-settings=\"{&quot;background_background&quot;:&quot;classic&quot;}\">\n\t\t\t\t\t<div class=\"e-con-inner\">\n\t\t<div class=\"elementor-element elementor-element-f3f1f86 e-con-full e-flex e-con e-child\" data-id=\"f3f1f86\" data-element_type=\"container\" data-e-type=\"container\">\n\t\t\t\t<div class=\"elementor-element elementor-element-4881d2e elementor-widget__width-initial elementor-invisible elementor-widget elementor-widget-heading\" data-id=\"4881d2e\" data-element_type=\"widget\" data-e-type=\"widget\" data-settings=\"{&quot;_animation&quot;:&quot;fadeInUp&quot;}\" data-widget_type=\"heading.default\">\n\t\t\t\t<div class=\"elementor-widget-container\">\n\t\t\t\t\t<h2 class=\"elementor-heading-title elementor-size-default\">Dt. Sefa ARSLAN<\/h2>\t\t\t\t<\/div>\n\t\t\t\t<\/div>\n\t\t\t\t<div class=\"elementor-element elementor-element-134fad5 elementor-invisible elementor-widget elementor-widget-heading\" data-id=\"134fad5\" data-element_type=\"widget\" data-e-type=\"widget\" data-settings=\"{&quot;_animation&quot;:&quot;fadeInUp&quot;}\" data-widget_type=\"heading.default\">\n\t\t\t\t<div class=\"elementor-widget-container\">\n\t\t\t\t\t<h2 class=\"elementor-heading-title elementor-size-default\">Ma biographie<\/h2>\t\t\t\t<\/div>\n\t\t\t\t<\/div>\n\t\t\t\t<div class=\"elementor-element elementor-element-4ed8822 elementor-widget__width-initial elementor-invisible elementor-widget elementor-widget-text-editor\" data-id=\"4ed8822\" data-element_type=\"widget\" data-e-type=\"widget\" data-settings=\"{&quot;_animation&quot;:&quot;fadeInUp&quot;}\" data-widget_type=\"text-editor.default\">\n\t\t\t\t<div class=\"elementor-widget-container\">\n\t\t\t\t\t\t\t\t\t<p>En 2010, Dt.Sefa Arslan est dipl\u00f4m\u00e9 de la Facult\u00e9 de m\u00e9decine dentaire de l&rsquo;Universit\u00e9 Atat\u00fcrk d&rsquo;Erzurum. Apr\u00e8s avoir obtenu son dipl\u00f4me, il a cr\u00e9\u00e9 sa propre clinique \u00e0 Erzincan et y a travaill\u00e9 pendant 3 ans. Depuis 2013, il travaille \u00e0 la polyclinique dentaire Dent Akdeniz \u015fifa o\u00f9 il est associ\u00e9. Il a travaill\u00e9 comme m\u00e9decin b\u00e9n\u00e9vole dans son pays et \u00e0 l&rsquo;\u00e9tranger. Il a effectu\u00e9 des traitements dentaires dans des zones de guerre et des villes de tentes en Syrie.   <\/p>\n<p>La formation \u00e0 l&rsquo;expansion osseuse Ostem au printemps et la formation aux proc\u00e9dures chirurgicales et aux applications dans les cr\u00eates \u00e9troites, les protocoles de mise en charge directe dans les quatre cas, les applications de levage direct et indirect des sinus, la pr\u00e9paration et les applications des laminats et bien d&rsquo;autres formations et cours ont \u00e9t\u00e9 compl\u00e9t\u00e9s avec succ\u00e8s et ont re\u00e7u des certificats.<\/p>\n\t\t\t\t\t\t\t\t<\/div>\n\t\t\t\t<\/div>\n\t\t\t\t<\/div>\n\t\t<div class=\"elementor-element elementor-element-e457737 e-con-full e-flex elementor-invisible e-con e-child\" data-id=\"e457737\" data-element_type=\"container\" data-e-type=\"container\" data-settings=\"{&quot;background_background&quot;:&quot;classic&quot;,&quot;animation&quot;:&quot;fadeInUp&quot;}\">\n\t\t<div class=\"elementor-element elementor-element-3170e13 e-con-full elementor-hidden-tablet elementor-hidden-mobile e-flex e-con e-child\" data-id=\"3170e13\" data-element_type=\"container\" data-e-type=\"container\">\n\t\t\t\t<div class=\"elementor-element elementor-element-30c865c elementor-widget elementor-widget-image\" data-id=\"30c865c\" data-element_type=\"widget\" data-e-type=\"widget\" data-widget_type=\"image.default\">\n\t\t\t\t<div class=\"elementor-widget-container\">\n\t\t\t\t\t\t\t\t\t\t\t\t\t\t\t\t<a href=\"https:\/\/dentakdenizsifa.com\/wp-content\/uploads\/2024\/12\/sefa.jpg\" data-elementor-open-lightbox=\"yes\" data-elementor-lightbox-title=\"sefa\" data-e-action-hash=\"#elementor-action%3Aaction%3Dlightbox%26settings%3DeyJpZCI6MTA2MywidXJsIjoiaHR0cHM6XC9cL2RlbnRha2Rlbml6c2lmYS5jb21cL3dwLWNvbnRlbnRcL3VwbG9hZHNcLzIwMjRcLzEyXC9zZWZhLmpwZyJ9\">\n\t\t\t\t\t\t\t<img fetchpriority=\"high\" decoding=\"async\" width=\"522\" height=\"654\" src=\"https:\/\/dentakdenizsifa.com\/wp-content\/uploads\/2024\/12\/sefa.jpg\" class=\"attachment-large size-large wp-image-1063\" alt=\"\" srcset=\"https:\/\/dentakdenizsifa.com\/wp-content\/uploads\/2024\/12\/sefa.jpg 522w, https:\/\/dentakdenizsifa.com\/wp-content\/uploads\/2024\/12\/sefa-239x300.jpg 239w\" sizes=\"(max-width: 522px) 100vw, 522px\" \/>\t\t\t\t\t\t\t\t<\/a>\n\t\t\t\t\t\t\t\t\t\t\t\t\t\t\t<\/div>\n\t\t\t\t<\/div>\n\t\t\t\t<\/div>\n\t\t\t\t<\/div>\n\t\t\t\t\t<\/div>\n\t\t\t\t<\/div>\n\t\t\t\t<\/div>\n\t\t","protected":false},"excerpt":{"rendered":"<p>Dt. Sefa ARSLAN Ma biographie En 2010, Dt.Sefa Arslan est dipl\u00f4m\u00e9 de la Facult\u00e9 de m\u00e9decine dentaire de l&rsquo;Universit\u00e9 Atat\u00fcrk d&rsquo;Erzurum. Apr\u00e8s avoir obtenu son dipl\u00f4me, il a cr\u00e9\u00e9 sa propre clinique \u00e0 Erzincan et y a travaill\u00e9 pendant 3 ans. Depuis 2013, il travaille \u00e0 la polyclinique dentaire Dent Akdeniz \u015fifa o\u00f9 il est [&hellip;]<\/p>\n","protected":false},"author":1,"featured_media":0,"parent":0,"menu_order":0,"comment_status":"closed","ping_status":"closed","template":"elementor_header_footer","meta":{"footnotes":""},"class_list":["post-1267","page","type-page","status-publish","hentry"],"_links":{"self":[{"href":"https:\/\/dentakdenizsifa.com\/fr\/wp-json\/wp\/v2\/pages\/1267","targetHints":{"allow":["GET"]}}],"collection":[{"href":"https:\/\/dentakdenizsifa.com\/fr\/wp-json\/wp\/v2\/pages"}],"about":[{"href":"https:\/\/dentakdenizsifa.com\/fr\/wp-json\/wp\/v2\/types\/page"}],"author":[{"embeddable":true,"href":"https:\/\/dentakdenizsifa.com\/fr\/wp-json\/wp\/v2\/users\/1"}],"replies":[{"embeddable":true,"href":"https:\/\/dentakdenizsifa.com\/fr\/wp-json\/wp\/v2\/comments?post=1267"}],"version-history":[{"count":1,"href":"https:\/\/dentakdenizsifa.com\/fr\/wp-json\/wp\/v2\/pages\/1267\/revisions"}],"predecessor-version":[{"id":1268,"href":"https:\/\/dentakdenizsifa.com\/fr\/wp-json\/wp\/v2\/pages\/1267\/revisions\/1268"}],"wp:attachment":[{"href":"https:\/\/dentakdenizsifa.com\/fr\/wp-json\/wp\/v2\/media?parent=1267"}],"curies":[{"name":"wp","href":"https:\/\/api.w.org\/{rel}","templated":true}]}}