{"id":1226,"date":"2024-12-15T03:28:40","date_gmt":"2024-12-15T00:28:40","guid":{"rendered":"https:\/\/dentakdenizsifa.com\/chirurgie-de-la-machoire\/"},"modified":"2024-12-28T01:26:54","modified_gmt":"2024-12-27T22:26:54","slug":"chirurgie-de-la-machoire","status":"publish","type":"page","link":"https:\/\/dentakdenizsifa.com\/fr\/chirurgie-de-la-machoire\/","title":{"rendered":"Chirurgie de la m\u00e2choire"},"content":{"rendered":"\t\t<div data-elementor-type=\"wp-page\" data-elementor-id=\"1226\" class=\"elementor elementor-1226 elementor-150\" data-elementor-post-type=\"page\">\n\t\t\t\t<div class=\"elementor-element elementor-element-f282017 e-flex e-con-boxed e-con e-parent\" data-id=\"f282017\" data-element_type=\"container\" data-e-type=\"container\">\n\t\t\t\t\t<div class=\"e-con-inner\">\n\t\t\t\t<div class=\"elementor-element elementor-element-b035313 elementor-widget elementor-widget-heading\" data-id=\"b035313\" data-element_type=\"widget\" data-e-type=\"widget\" data-widget_type=\"heading.default\">\n\t\t\t\t<div class=\"elementor-widget-container\">\n\t\t\t\t\t<h1 class=\"elementor-heading-title elementor-size-default\">CHIRURGIE DE LA M\u00c2CHOIRE<\/h1>\t\t\t\t<\/div>\n\t\t\t\t<\/div>\n\t\t\t\t\t<\/div>\n\t\t\t\t<\/div>\n\t\t<div class=\"elementor-element elementor-element-4643720 e-flex e-con-boxed e-con e-parent\" data-id=\"4643720\" data-element_type=\"container\" data-e-type=\"container\">\n\t\t\t\t\t<div class=\"e-con-inner\">\n\t\t\t\t<div class=\"elementor-element elementor-element-9d21e60 elementor-widget elementor-widget-text-editor\" data-id=\"9d21e60\" data-element_type=\"widget\" data-e-type=\"widget\" data-widget_type=\"text-editor.default\">\n\t\t\t\t<div class=\"elementor-widget-container\">\n\t\t\t\t\t\t\t\t\t<p><img fetchpriority=\"high\" decoding=\"async\" class=\"alignnone wp-image-151 size-large\" src=\"https:\/\/dentakdenizsifa.com\/wp-content\/uploads\/2024\/12\/cene-cerrahisi-tedavisi-1024x683.png\" alt=\"\" width=\"800\" height=\"534\" srcset=\"https:\/\/dentakdenizsifa.com\/wp-content\/uploads\/2024\/12\/cene-cerrahisi-tedavisi-1024x683.png 1024w, https:\/\/dentakdenizsifa.com\/wp-content\/uploads\/2024\/12\/cene-cerrahisi-tedavisi-300x200.png 300w, https:\/\/dentakdenizsifa.com\/wp-content\/uploads\/2024\/12\/cene-cerrahisi-tedavisi-768x512.png 768w, https:\/\/dentakdenizsifa.com\/wp-content\/uploads\/2024\/12\/cene-cerrahisi-tedavisi.png 1200w\" sizes=\"(max-width: 800px) 100vw, 800px\" \/><\/p>\n<p>Sous le nom de chirurgie maxillo-faciale ;<\/p>\n<p>-Chirurgie implantaire ; les techniques chirurgicales utilis\u00e9es pour la formation de nouveaux os ont \u00e9t\u00e9 mentionn\u00e9es.<\/p>\n<p>-En endodontie, traitement par r\u00e9section apicale,<\/p>\n<p>-En parodontologie ; dans les op\u00e9rations de gingivectomie,<\/p>\n<p>-En orthodontie, pour l&rsquo;extraction des dents de sagesse, des canines et des petites molaires incluses qui ne peuvent \u00eatre remplac\u00e9es par un traitement orthodontique,<\/p>\n<p>-Extractions chirurgicales : si une dent incluse n&rsquo;a pas encore fait suffisamment \u00e9ruption, nous devons retirer la gencive ou l&rsquo;os pour pouvoir l&rsquo;extraire. La zone doit \u00eatre sutur\u00e9e pour qu&rsquo;elle puisse \u00eatre correctement referm\u00e9e et gu\u00e9rie. Dans certains cas, les extractions dentaires se transforment en extractions chirurgicales. Si la dent n&rsquo;est pas sortie enti\u00e8re lors de l&rsquo;extraction, la proc\u00e9dure se poursuit par une extraction chirurgicale.   <\/p>\n<p>Les dents de sagesse sont g\u00e9n\u00e9ralement extraites chirurgicalement. L&rsquo;extraction des dents pr\u00e9sentant une perte excessive de mati\u00e8re, des extr\u00e9mit\u00e9s de racines ou des dents avec de longues racines incurv\u00e9es peut n\u00e9cessiter une extraction chirurgicale. Dans certains cas, l&rsquo;os autour de la dent devient dense, ce qui n\u00e9cessite un traitement chirurgical.  <\/p>\n\t\t\t\t\t\t\t\t<\/div>\n\t\t\t\t<\/div>\n\t\t\t\t\t<\/div>\n\t\t\t\t<\/div>\n\t\t\t\t<\/div>\n\t\t","protected":false},"excerpt":{"rendered":"<p>CHIRURGIE DE LA M\u00c2CHOIRE Sous le nom de chirurgie maxillo-faciale ; -Chirurgie implantaire ; les techniques chirurgicales utilis\u00e9es pour la formation de nouveaux os ont \u00e9t\u00e9 mentionn\u00e9es. -En endodontie, traitement par r\u00e9section apicale, -En parodontologie ; dans les op\u00e9rations de gingivectomie, -En orthodontie, pour l&rsquo;extraction des dents de sagesse, des canines et des petites molaires [&hellip;]<\/p>\n","protected":false},"author":1,"featured_media":931,"parent":0,"menu_order":0,"comment_status":"closed","ping_status":"closed","template":"elementor_header_footer","meta":{"footnotes":""},"class_list":["post-1226","page","type-page","status-publish","has-post-thumbnail","hentry"],"_links":{"self":[{"href":"https:\/\/dentakdenizsifa.com\/fr\/wp-json\/wp\/v2\/pages\/1226","targetHints":{"allow":["GET"]}}],"collection":[{"href":"https:\/\/dentakdenizsifa.com\/fr\/wp-json\/wp\/v2\/pages"}],"about":[{"href":"https:\/\/dentakdenizsifa.com\/fr\/wp-json\/wp\/v2\/types\/page"}],"author":[{"embeddable":true,"href":"https:\/\/dentakdenizsifa.com\/fr\/wp-json\/wp\/v2\/users\/1"}],"replies":[{"embeddable":true,"href":"https:\/\/dentakdenizsifa.com\/fr\/wp-json\/wp\/v2\/comments?post=1226"}],"version-history":[{"count":1,"href":"https:\/\/dentakdenizsifa.com\/fr\/wp-json\/wp\/v2\/pages\/1226\/revisions"}],"predecessor-version":[{"id":1227,"href":"https:\/\/dentakdenizsifa.com\/fr\/wp-json\/wp\/v2\/pages\/1226\/revisions\/1227"}],"wp:featuredmedia":[{"embeddable":true,"href":"https:\/\/dentakdenizsifa.com\/fr\/wp-json\/wp\/v2\/media\/931"}],"wp:attachment":[{"href":"https:\/\/dentakdenizsifa.com\/fr\/wp-json\/wp\/v2\/media?parent=1226"}],"curies":[{"name":"wp","href":"https:\/\/api.w.org\/{rel}","templated":true}]}}