{"id":3720,"date":"2025-03-23T03:43:30","date_gmt":"2025-03-23T00:43:30","guid":{"rendered":"https:\/\/dentakdenizsifa.com\/cirugia-maxilofacial\/"},"modified":"2025-03-23T03:43:30","modified_gmt":"2025-03-23T00:43:30","slug":"cirugia-maxilofacial","status":"publish","type":"page","link":"https:\/\/dentakdenizsifa.com\/es\/cirugia-maxilofacial\/","title":{"rendered":"Cirug\u00eda Maxilofacial"},"content":{"rendered":"<p class=\"\" data-start=\"35\" data-end=\"724\"><strong data-start=\"0\" data-end=\"31\" data-is-only-node=\"\">Cirug\u00eda Maxilofacial<\/strong>La cirug\u00eda mandibular es una aplicaci\u00f3n integral que requiere conocimientos especializados, en la que se tratan problemas estructurales, funcionales o est\u00e9ticos de la zona mandibular y bucal con m\u00e9todos quir\u00fargicos modernos. No es s\u00f3lo un tratamiento est\u00e9tico, sino tambi\u00e9n funcional. Ofrece soluciones a problemas estructurales relacionados con la mand\u00edbula. Abarca muchas afecciones, como extracci\u00f3n dental, diente impactado, fractura de mand\u00edbula. Es eficaz en los problemas de apertura y cierre de la boca. Mejora las funciones del habla y la masticaci\u00f3n. Mejora la est\u00e9tica facial. Favorece la alineaci\u00f3n de los dientes. Prepara el terreno para tratamientos de ortodoncia. Suele realizarse con anestesia local. En algunos casos, puede preferirse la anestesia general. La intervenci\u00f3n quir\u00fargica requiere experiencia. En B\u00fcy\u00fck\u00e7ekmece hay m\u00e9dicos de \u00e9xito en este campo. Con una planificaci\u00f3n adecuada se obtienen resultados eficaces. Veamos ahora en qu\u00e9 consiste esta intervenci\u00f3n.<\/p>\n<figure id=\"attachment_3691\" aria-describedby=\"caption-attachment-3691\" style=\"width: 330px\" class=\"wp-caption alignleft\"><img fetchpriority=\"high\" decoding=\"async\" class=\" wp-image-3691\" src=\"https:\/\/dentakdenizsifa.com\/wp-content\/uploads\/2025\/03\/close-up-doctor-checking-man-300x200.webp\" alt=\"Cirug\u00eda Maxilofacial\" width=\"330\" height=\"220\" srcset=\"https:\/\/dentakdenizsifa.com\/wp-content\/uploads\/2025\/03\/close-up-doctor-checking-man-300x200.webp 300w, https:\/\/dentakdenizsifa.com\/wp-content\/uploads\/2025\/03\/close-up-doctor-checking-man-1024x682.webp 1024w, https:\/\/dentakdenizsifa.com\/wp-content\/uploads\/2025\/03\/close-up-doctor-checking-man-768x512.webp 768w, https:\/\/dentakdenizsifa.com\/wp-content\/uploads\/2025\/03\/close-up-doctor-checking-man-1536x1024.webp 1536w, https:\/\/dentakdenizsifa.com\/wp-content\/uploads\/2025\/03\/close-up-doctor-checking-man.webp 2000w\" sizes=\"(max-width: 330px) 100vw, 330px\" \/><figcaption id=\"caption-attachment-3691\" class=\"wp-caption-text\">Cirug\u00eda Maxilofacial<\/figcaption><\/figure>\n<h2 data-start=\"726\" data-end=\"766\"><strong data-start=\"726\" data-end=\"764\">\u00bfQu\u00e9 es la Cirug\u00eda Maxilofacial Buyukcekmece?<\/strong><\/h2>\n<p class=\"\" data-start=\"768\" data-end=\"1536\">La cirug\u00eda maxilofacial es el tratamiento quir\u00fargico de las enfermedades de la boca, los dientes y la mand\u00edbula. Se intervienen problemas cong\u00e9nitos o adquiridos relacionados con la mand\u00edbula. La extracci\u00f3n de dientes impactados es una de las intervenciones m\u00e1s frecuentes. Tambi\u00e9n pueden extirparse quir\u00fargicamente formaciones como quistes y tumores. Pueden hacerse correcciones \u00f3seas tras la extracci\u00f3n de un diente. Pueden aplicarse procedimientos de alisado \u00f3seo antes de <a href=\"https:\/\/tr.wikipedia.org\/wiki\/Protez\" target=\"_blank\" rel=\"noopener\">la pr\u00f3tesis<\/a>. Se realizan injertos \u00f3seos en pacientes con reabsorci\u00f3n \u00f3sea mandibular. Se tratan los problemas de la articulaci\u00f3n mandibular. Los procedimientos de alargamiento o acortamiento de la mand\u00edbula tambi\u00e9n entran en el \u00e1mbito de la cirug\u00eda. Tambi\u00e9n se realizan aplicaciones est\u00e9ticas. Se proporciona simetr\u00eda mandibular antes de dise\u00f1ar la sonrisa. Todos estos procedimientos requieren una planificaci\u00f3n detallada. Se da prioridad a la comodidad del paciente. Pasemos ahora a c\u00f3mo se realiza la cirug\u00eda maxilar.            <\/p>\n<p data-start=\"768\" data-end=\"1536\">Te puede interesar <a href=\"https:\/\/dentakdenizsifa.com\/cene-cerrahisi\/\"><strong data-start=\"1538\" data-end=\"1584\">Cirug\u00eda de mand\u00edbula<\/strong><\/a><\/p>\n<h2 data-start=\"1538\" data-end=\"1586\"><strong data-start=\"1538\" data-end=\"1584\">\u00bfC\u00f3mo se realiza la cirug\u00eda maxilar en Buyukcekmece?<\/strong><\/h2>\n<p class=\"\" data-start=\"1588\" data-end=\"2184\">El primer paso es un examen detallado. Se examina la estructura de la mand\u00edbula mediante radiograf\u00edas y tomograf\u00edas. Se determina claramente el problema. Se crea un plan de tratamiento especial para el paciente. Las intervenciones sencillas se realizan con anestesia local. En los casos m\u00e1s complejos, se prefiere la anestesia general. Si hay un diente retenido, se extrae mediante una incisi\u00f3n quir\u00fargica. Las correcciones \u00f3seas se realizan con t\u00e9cnicas precisas. Si es necesario, se aplica un injerto \u00f3seo. Tras la intervenci\u00f3n se inicia el proceso de curaci\u00f3n. Se controlan el dolor y la inflamaci\u00f3n. Se utilizan regularmente los medicamentos prescritos por el m\u00e9dico. Se presta atenci\u00f3n a la higiene bucal. Deben hacerse revisiones peri\u00f3dicas. Veamos ahora las cl\u00ednicas recomendadas.              <\/p>\n<h3 data-start=\"2186\" data-end=\"2227\"><strong data-start=\"2186\" data-end=\"2225\">Cirug\u00eda Maxilofacial en Buyukcekmece Recomendada<\/strong><\/h3>\n<p class=\"\" data-start=\"2229\" data-end=\"2881\">La cirug\u00eda de mand\u00edbula es un procedimiento serio y delicado. Por tanto, elegir la cl\u00ednica adecuada es muy importante. Deben preferirse especialistas que hagan su trabajo meticulosamente. El equipo debe ser moderno y est\u00e9ril. Hay cl\u00ednicas fiables en Buyukcekmece. Especialmente <strong data-start=\"2478\" data-end=\"2531\">la Policl\u00ednica de Salud Bucodental Dent Akdeniz \u015eifa<\/strong> destaca en este campo. Atiende con personal m\u00e9dico experimentado. La infraestructura tecnol\u00f3gica es fuerte. Tienen un enfoque especial para cada paciente. Ofrecen apoyo antes y despu\u00e9s del procedimiento. Trabajan centrados en la satisfacci\u00f3n del paciente. El proceso de tratamiento es c\u00f3modo y seguro. Los pacientes aprecian la limpieza y disciplina de la cl\u00ednica. Hablemos ahora del precio.             <\/p>\n<h3 data-start=\"2883\" data-end=\"2926\"><strong data-start=\"2883\" data-end=\"2924\">Precios de la cirug\u00eda maxilofacial en Buyukcekmece<\/strong><\/h3>\n<p class=\"\" data-start=\"2928\" data-end=\"3552\">Los precios de la cirug\u00eda de mand\u00edbula no son fijos. El tipo de intervenci\u00f3n determina el precio. Hay una diferencia entre la extracci\u00f3n de un diente impactado y el injerto \u00f3seo. El material y la tecnolog\u00eda utilizados son importantes. El proceso de tratamiento tambi\u00e9n afecta al precio. La experiencia del cirujano puede afectar al precio. La calidad de la cl\u00ednica tambi\u00e9n es un factor determinante. Los precios en Buyukcekmece var\u00edan de una cl\u00ednica a otra. La informaci\u00f3n m\u00e1s precisa se da despu\u00e9s del examen. <strong data-start=\"3320\" data-end=\"3373\">La Policl\u00ednica de Salud Bucodental Dent Akdeniz \u015eifa<\/strong> ofrece soluciones asequibles y de calidad. Tambi\u00e9n se ofrecen opciones de pago espec\u00edficas para cada paciente. Para informaci\u00f3n detallada y cita <strong data-start=\"3493\" data-end=\"3520\"><a href=\"http:\/\/www.dentakdenizsifa.com\" target=\"_new\" rel=\"noopener\" data-start=\"3495\" data-end=\"3518\">www.dentakdenizsifa.com<\/a><\/strong> Puedes visitar la direcci\u00f3n          <\/p>\n<p><iframe style=\"border: 0;\" src=\"https:\/\/www.google.com\/maps\/embed?pb=!1m18!1m12!1m3!1d3010.0486432533517!2d28.579143876450743!3d41.024191718444236!2m3!1f0!2f0!3f0!3m2!1i1024!2i768!4f13.1!3m3!1m2!1s0x14b55fdaec774a49%3A0x9c2fb1553912c196!2zxLBzdGFuYnVsIELDvHnDvGvDp2VrbWVjZSBBxJ_EsXogdmUgRGnFnyBTYcSfbMSxxJ_EsSBNZXJrZXpp!5e0!3m2!1str!2str!4v1742689951926!5m2!1str!2str\" width=\"0,1\" height=\"0,1\" allowfullscreen=\"allowfullscreen\"><\/iframe><br \/>\n<iframe title=\"Reproductor de v\u00eddeo de YouTube\" src=\"https:\/\/www.youtube.com\/embed\/Beg2QUFMg_M?si=taaY_iyJTnvB35dv\" width=\"0,1\" height=\"0,1\" frameborder=\"0\" allowfullscreen=\"allowfullscreen\"><\/iframe><\/p>\n","protected":false},"excerpt":{"rendered":"<p>Cirug\u00eda MaxilofacialLa cirug\u00eda mandibular es una aplicaci\u00f3n integral que requiere conocimientos especializados, en la que se tratan problemas estructurales, funcionales o est\u00e9ticos de la zona mandibular y bucal con m\u00e9todos quir\u00fargicos modernos. No es s\u00f3lo un tratamiento est\u00e9tico, sino tambi\u00e9n funcional. Ofrece soluciones a problemas estructurales relacionados con la mand\u00edbula. Abarca muchas afecciones, como extracci\u00f3n [&hellip;]<\/p>\n","protected":false},"author":1,"featured_media":3708,"parent":0,"menu_order":0,"comment_status":"closed","ping_status":"closed","template":"","meta":{"footnotes":""},"class_list":["post-3720","page","type-page","status-publish","has-post-thumbnail","hentry"],"_links":{"self":[{"href":"https:\/\/dentakdenizsifa.com\/es\/wp-json\/wp\/v2\/pages\/3720","targetHints":{"allow":["GET"]}}],"collection":[{"href":"https:\/\/dentakdenizsifa.com\/es\/wp-json\/wp\/v2\/pages"}],"about":[{"href":"https:\/\/dentakdenizsifa.com\/es\/wp-json\/wp\/v2\/types\/page"}],"author":[{"embeddable":true,"href":"https:\/\/dentakdenizsifa.com\/es\/wp-json\/wp\/v2\/users\/1"}],"replies":[{"embeddable":true,"href":"https:\/\/dentakdenizsifa.com\/es\/wp-json\/wp\/v2\/comments?post=3720"}],"version-history":[{"count":0,"href":"https:\/\/dentakdenizsifa.com\/es\/wp-json\/wp\/v2\/pages\/3720\/revisions"}],"wp:featuredmedia":[{"embeddable":true,"href":"https:\/\/dentakdenizsifa.com\/es\/wp-json\/wp\/v2\/media\/3708"}],"wp:attachment":[{"href":"https:\/\/dentakdenizsifa.com\/es\/wp-json\/wp\/v2\/media?parent=3720"}],"curies":[{"name":"wp","href":"https:\/\/api.w.org\/{rel}","templated":true}]}}