{"id":3669,"date":"2025-03-19T02:22:25","date_gmt":"2025-03-18T23:22:25","guid":{"rendered":"https:\/\/dentakdenizsifa.com\/tratamiento-con-circonio-buyukcekmece\/"},"modified":"2025-03-19T02:22:25","modified_gmt":"2025-03-18T23:22:25","slug":"tratamiento-con-circonio-buyukcekmece","status":"publish","type":"page","link":"https:\/\/dentakdenizsifa.com\/es\/tratamiento-con-circonio-buyukcekmece\/","title":{"rendered":"Tratamiento con circonio Buyukcekmece"},"content":{"rendered":"<p data-start=\"39\" data-end=\"629\">La est\u00e9tica dental es importante para tener una sonrisa bonita. <strong>El tratamiento con circonio Buyukcekmece<\/strong> ofrece unos dientes sanos y de aspecto natural. Es m\u00e1s est\u00e9tico que las carillas con soporte met\u00e1lico. Tiene una estructura compatible con las enc\u00edas. Proporciona un aspecto natural gracias a su caracter\u00edstica de transmisi\u00f3n de la luz. Es duradero y de larga duraci\u00f3n. No deja sabor met\u00e1lico en la boca. No da\u00f1a las enc\u00edas. No causa alergia. No requiere proceso de blanqueamiento. No experimenta cambios de color. Es resistente a las manchas de caf\u00e9, t\u00e9 y cigarrillo. Este tratamiento se aplica profesionalmente en B\u00fcy\u00fck\u00e7ekmece. Examinemos ahora en detalle en qu\u00e9 consiste el <strong>tratamiento con circonio<\/strong>de <strong>B\u00fcy\u00fck\u00e7ekmece<\/strong>.            <\/p>\n<figure id=\"attachment_3651\" aria-describedby=\"caption-attachment-3651\" style=\"width: 224px\" class=\"wp-caption alignleft\"><img fetchpriority=\"high\" decoding=\"async\" class=\" wp-image-3651\" src=\"https:\/\/dentakdenizsifa.com\/wp-content\/uploads\/2025\/03\/woman-smiles-with-dental-shade-guide-indoors-joyful-woman-with-long-hair-holds-dental-shade-guide-cl-200x300.webp\" alt=\"Una mujer feliz compara las carillas de circonio para igualar el color de sus dientes.\" width=\"224\" height=\"336\" srcset=\"https:\/\/dentakdenizsifa.com\/wp-content\/uploads\/2025\/03\/woman-smiles-with-dental-shade-guide-indoors-joyful-woman-with-long-hair-holds-dental-shade-guide-cl-200x300.webp 200w, https:\/\/dentakdenizsifa.com\/wp-content\/uploads\/2025\/03\/woman-smiles-with-dental-shade-guide-indoors-joyful-woman-with-long-hair-holds-dental-shade-guide-cl-683x1024.webp 683w, https:\/\/dentakdenizsifa.com\/wp-content\/uploads\/2025\/03\/woman-smiles-with-dental-shade-guide-indoors-joyful-woman-with-long-hair-holds-dental-shade-guide-cl-768x1152.webp 768w, https:\/\/dentakdenizsifa.com\/wp-content\/uploads\/2025\/03\/woman-smiles-with-dental-shade-guide-indoors-joyful-woman-with-long-hair-holds-dental-shade-guide-cl-1024x1536.webp 1024w, https:\/\/dentakdenizsifa.com\/wp-content\/uploads\/2025\/03\/woman-smiles-with-dental-shade-guide-indoors-joyful-woman-with-long-hair-holds-dental-shade-guide-cl-1365x2048.webp 1365w, https:\/\/dentakdenizsifa.com\/wp-content\/uploads\/2025\/03\/woman-smiles-with-dental-shade-guide-indoors-joyful-woman-with-long-hair-holds-dental-shade-guide-cl-scaled.webp 1707w\" sizes=\"(max-width: 224px) 100vw, 224px\" \/><figcaption id=\"caption-attachment-3651\" class=\"wp-caption-text\">\u00a1Descubre las opciones de recubrimiento dental con circonio para que tu sonrisa sea perfecta! El tratamiento dental est\u00e9tico en B\u00fcy\u00fck\u00e7ekmece te est\u00e1 esperando.<\/figcaption><\/figure>\n<h2 data-start=\"631\" data-end=\"675\"><strong data-start=\"631\" data-end=\"673\">\u00bfQu\u00e9 es el tratamiento con circonio Buyukcekmece?<\/strong><\/h2>\n<p data-start=\"677\" data-end=\"1269\"><a href=\"https:\/\/dentakdenizsifa.com\/zirkonyum-tedavisi\/\">El circonio<\/a> es un material resistente que se utiliza en las carillas dentales. Proporciona el aspecto m\u00e1s parecido a los dientes naturales. No contiene metal. Es ideal para pacientes con problemas est\u00e9ticos. Tiene una gran durabilidad. Es resistente a la presi\u00f3n de la masticaci\u00f3n. Es resistente a las fracturas. Ofrece un brillo natural gracias a su transmisi\u00f3n de la luz. Armoniza perfectamente con la enc\u00eda. No provoca recesi\u00f3n gingival. Alta compatibilidad intraoral. No provoca reacciones al\u00e9rgicas. Tiene un aspecto m\u00e1s natural que la porcelana. Puede utilizarse con seguridad en dientes anteriores y posteriores. Se prefiere con frecuencia en el dise\u00f1o de sonrisas. Examinemos ahora c\u00f3mo se aplica <strong data-start=\"1271\" data-end=\"1321\">el Tratamiento con Circonio B\u00fcy\u00fck\u00e7ekmece <\/strong>.               <\/p>\n<h2 data-start=\"1271\" data-end=\"1323\"><strong data-start=\"1271\" data-end=\"1321\">\u00bfC\u00f3mo es el tratamiento con circonio en Buyukcekmece?<\/strong><\/h2>\n<p data-start=\"1325\" data-end=\"1873\">En primer lugar, se realiza un examen detallado. Se eval\u00faa el estado actual de los dientes. Se toman medidas digitales. Si es necesario, se hacen peque\u00f1as abrasiones en los dientes. Se prepara el revestimiento de circonio personalizado. Se determina el tono adecuado al color del diente. Se colocan las carillas provisionales. Se preparan las carillas permanentes en el laboratorio. Las carillas preparadas se pegan a los dientes. Se utiliza un adhesivo especial. Se comprueba el cumplimiento. La satisfacci\u00f3n del paciente es importante. El proceso se completa en poco tiempo. Se obtiene un aspecto natural y est\u00e9tico. Veamos ahora<strong data-start=\"1875\" data-end=\"1918\">qu\u00e9 <\/strong>cl\u00ednica se recomienda<strong data-start=\"1875\" data-end=\"1918\">para el <\/strong> <strong data-start=\"1875\" data-end=\"1918\">Tratamiento con Circonio B\u00fcy\u00fck\u00e7ekmece<\/strong>.              <\/p>\n<h3 data-start=\"1875\" data-end=\"1920\"><strong data-start=\"1875\" data-end=\"1918\">Consejos para el tratamiento con circonio Buyukcekmece<\/strong><\/h3>\n<p data-start=\"1922\" data-end=\"2494\">Es importante elegir una cl\u00ednica experimentada para el tratamiento con circonio. El procedimiento debe ser realizado por dentistas especializados. El material utilizado debe ser de alta calidad. Una direcci\u00f3n fiable en B\u00fcy\u00fck\u00e7ekmece es la <strong data-start=\"2110\" data-end=\"2163\">Policl\u00ednica de Salud Bucodental Dent Akdeniz \u015eifa<\/strong>. Presta servicio con su personal m\u00e9dico experto. Se utilizan equipos de \u00faltima tecnolog\u00eda. Se crea un plan de tratamiento espec\u00edfico para cada paciente. Se persiguen resultados naturales y est\u00e9ticos. Se siguen estrictamente <a href=\"https:\/\/tr.wikipedia.org\/wiki\/Hijyen\" target=\"_blank\" rel=\"noopener\">las normas de higiene<\/a>. La satisfacci\u00f3n del paciente est\u00e1 en primer plano. Se proporciona un proceso de tratamiento c\u00f3modo. Se dan recomendaciones de cuidados postratamiento. Pasemos ahora a los precios <strong data-start=\"2496\" data-end=\"2541\">del Tratamiento con Circonio de B\u00fcy\u00fck\u00e7ekmece <\/strong>.           <\/p>\n<h3 data-start=\"2496\" data-end=\"2543\"><strong data-start=\"2496\" data-end=\"2541\">Precios del tratamiento con circonio Buyukcekmece<\/strong><\/h3>\n<p data-start=\"2545\" data-end=\"3152\" data-is-last-node=\"\" data-is-only-node=\"\">Los precios del tratamiento con circonio dependen de varios factores. El material utilizado influye en el precio. El n\u00famero de dientes es un factor importante que determina el precio. La experiencia del m\u00e9dico tratante tambi\u00e9n influye en el precio. La tecnolog\u00eda utilizada en la cl\u00ednica crea una diferencia de precio. La estructura oral del paciente y los procedimientos adicionales necesarios pueden modificar el coste. Los precios en Buyukcekmece var\u00edan de una cl\u00ednica a otra. Para obtener la informaci\u00f3n m\u00e1s precisa sobre los precios, es necesario examinarse. <strong data-start=\"2971\" data-end=\"3024\">La Policl\u00ednica de Salud Bucodental Dent Akdeniz \u015eifa<\/strong> ofrece un servicio asequible y de calidad. Para informaci\u00f3n detallada <strong data-start=\"3093\" data-end=\"3120\"><a href=\"http:\/\/www.dentakdenizsifa.com\" target=\"_new\" rel=\"noopener\" data-start=\"3095\" data-end=\"3118\">www.dentakdenizsifa.com<\/a><\/strong> Puedes visitar la direcci\u00f3n.        <\/p>\n<p><iframe style=\"border: 0;\" src=\"https:\/\/www.google.com\/maps\/embed?pb=!1m18!1m12!1m3!1d3010.1303296296164!2d28.58126301198982!3d41.02240451843476!2m3!1f0!2f0!3f0!3m2!1i1024!2i768!4f13.1!3m3!1m2!1s0x14b55f4c21eea74d%3A0xd26ab3ed17af8afd!2zWcOcQ0VMRVIgQcSfxLF6IHZlIERpxZ8gU2HEn2zEscSfxLEgUG9saWtsaW5pxJ9pIELDvHnDvGvDp2VrbWVjZQ!5e0!3m2!1str!2str!4v1742339747212!5m2!1str!2str\" width=\"0,1\" height=\"0,1\" allowfullscreen=\"allowfullscreen\"><\/iframe><br \/>\n<iframe style=\"border: none; overflow: hidden;\" src=\"https:\/\/www.facebook.com\/plugins\/video.php?height=476&amp;href=https%3A%2F%2Fwww.facebook.com%2FEsteworld%2Fvideos%2F819725996335414%2F&amp;show_text=false&amp;width=267&amp;t=0\" width=\"0,1\" height=\"0,1\" frameborder=\"0\" scrolling=\"no\" allowfullscreen=\"allowfullscreen\"><\/iframe><\/p>\n","protected":false},"excerpt":{"rendered":"<p>La est\u00e9tica dental es importante para tener una sonrisa bonita. El tratamiento con circonio Buyukcekmece ofrece unos dientes sanos y de aspecto natural. Es m\u00e1s est\u00e9tico que las carillas con soporte met\u00e1lico. Tiene una estructura compatible con las enc\u00edas. Proporciona un aspecto natural gracias a su caracter\u00edstica de transmisi\u00f3n de la luz. Es duradero y [&hellip;]<\/p>\n","protected":false},"author":1,"featured_media":3650,"parent":0,"menu_order":0,"comment_status":"closed","ping_status":"closed","template":"","meta":{"footnotes":""},"class_list":["post-3669","page","type-page","status-publish","has-post-thumbnail","hentry"],"_links":{"self":[{"href":"https:\/\/dentakdenizsifa.com\/es\/wp-json\/wp\/v2\/pages\/3669","targetHints":{"allow":["GET"]}}],"collection":[{"href":"https:\/\/dentakdenizsifa.com\/es\/wp-json\/wp\/v2\/pages"}],"about":[{"href":"https:\/\/dentakdenizsifa.com\/es\/wp-json\/wp\/v2\/types\/page"}],"author":[{"embeddable":true,"href":"https:\/\/dentakdenizsifa.com\/es\/wp-json\/wp\/v2\/users\/1"}],"replies":[{"embeddable":true,"href":"https:\/\/dentakdenizsifa.com\/es\/wp-json\/wp\/v2\/comments?post=3669"}],"version-history":[{"count":0,"href":"https:\/\/dentakdenizsifa.com\/es\/wp-json\/wp\/v2\/pages\/3669\/revisions"}],"wp:featuredmedia":[{"embeddable":true,"href":"https:\/\/dentakdenizsifa.com\/es\/wp-json\/wp\/v2\/media\/3650"}],"wp:attachment":[{"href":"https:\/\/dentakdenizsifa.com\/es\/wp-json\/wp\/v2\/media?parent=3669"}],"curies":[{"name":"wp","href":"https:\/\/api.w.org\/{rel}","templated":true}]}}