{"id":3634,"date":"2025-03-11T04:45:39","date_gmt":"2025-03-11T01:45:39","guid":{"rendered":"https:\/\/dentakdenizsifa.com\/tratamiento-con-implantes-buyukcekmece\/"},"modified":"2025-03-11T04:45:39","modified_gmt":"2025-03-11T01:45:39","slug":"tratamiento-con-implantes-buyukcekmece","status":"publish","type":"page","link":"https:\/\/dentakdenizsifa.com\/es\/tratamiento-con-implantes-buyukcekmece\/","title":{"rendered":"Tratamiento con implantes Buyukcekmece"},"content":{"rendered":"<p data-start=\"37\" data-end=\"664\">La falta de dientes crea problemas est\u00e9ticos y de salud. El tratamiento con implantes de Buyukcekmece resuelve este problema de forma permanente. Se aplica con t\u00e9cnicas avanzadas en Buyukcekmece. Los tornillos de titanio colocados en el hueso maxilar act\u00faan como ra\u00edz del diente. Sobre ella se coloca una pr\u00f3tesis dental de aspecto natural. Se restablece la funci\u00f3n masticatoria. Se consigue una sonrisa est\u00e9ticamente natural. Es robusta y duradera. Es una soluci\u00f3n duradera. No da\u00f1a otros dientes. Se puede utilizar toda la vida si se aplica correctamente. Hay cl\u00ednicas especializadas en B\u00fcy\u00fck\u00e7ekmece que realizan este tratamiento. Es importante conocer el proceso antes de someterse a un implante. Veamos ahora en qu\u00e9 consiste el tratamiento con implantes.             <\/p>\n<figure id=\"attachment_3597\" aria-describedby=\"caption-attachment-3597\" style=\"width: 300px\" class=\"wp-caption alignleft\"><img fetchpriority=\"high\" decoding=\"async\" class=\"size-medium wp-image-3597\" src=\"https:\/\/dentakdenizsifa.com\/wp-content\/uploads\/2025\/03\/24553956_vkar_0a2e_220301-300x232.webp\" alt=\"Tratamiento con implantes Buyukcekmece\" width=\"300\" height=\"232\" srcset=\"https:\/\/dentakdenizsifa.com\/wp-content\/uploads\/2025\/03\/24553956_vkar_0a2e_220301-300x232.webp 300w, https:\/\/dentakdenizsifa.com\/wp-content\/uploads\/2025\/03\/24553956_vkar_0a2e_220301-1024x793.webp 1024w, https:\/\/dentakdenizsifa.com\/wp-content\/uploads\/2025\/03\/24553956_vkar_0a2e_220301-768x595.webp 768w, https:\/\/dentakdenizsifa.com\/wp-content\/uploads\/2025\/03\/24553956_vkar_0a2e_220301-1536x1189.webp 1536w, https:\/\/dentakdenizsifa.com\/wp-content\/uploads\/2025\/03\/24553956_vkar_0a2e_220301-2048x1586.webp 2048w\" sizes=\"(max-width: 300px) 100vw, 300px\" \/><figcaption id=\"caption-attachment-3597\" class=\"wp-caption-text\">Tratamiento con implantes Buyukcekmece<\/figcaption><\/figure>\n<h2 data-start=\"666\" data-end=\"708\"><strong data-start=\"666\" data-end=\"706\">\u00bfQu\u00e9 es el tratamiento con implantes Buyukcekmece?<\/strong><\/h2>\n<p data-start=\"710\" data-end=\"1323\">El tratamiento con implantes ofrece una soluci\u00f3n permanente para sustituir los dientes perdidos. Se aplica colocando un tornillo en el hueso maxilar. Se utiliza material de <a href=\"https:\/\/tr.wikipedia.org\/wiki\/Titanyum\" target=\"_blank\" rel=\"noopener\">titanio<\/a>. Es compatible con el cuerpo. Forma una estructura s\u00f3lida al fusionarse con el hueso. Restaura la funci\u00f3n natural del diente. Facilita el habla y la masticaci\u00f3n. Proporciona un aspecto est\u00e9ticamente natural. Evita la carga sobre otros dientes. De larga duraci\u00f3n. Puede utilizarse durante toda la vida con cuidados regulares. Se requiere una estructura maxilar sana. Pueden realizarse procedimientos adicionales en pacientes con reabsorci\u00f3n \u00f3sea. Requiere una planificaci\u00f3n especial para cada paciente. El proceso de tratamiento var\u00eda seg\u00fan la persona. Veamos ahora c\u00f3mo se realiza el<strong data-start=\"1325\" data-end=\"1373\">Tratamiento con Implantes B\u00fcy\u00fck\u00e7ekmece <\/strong>.             <\/p>\n<h2 data-start=\"1325\" data-end=\"1375\"><strong data-start=\"1325\" data-end=\"1373\">\u00bfC\u00f3mo se realiza el tratamiento con implantes Buyukcekmece?<\/strong><\/h2>\n<p data-start=\"1377\" data-end=\"1964\">En primer lugar, se realiza un examen detallado. Se toman radiograf\u00edas y se eval\u00faa la estructura \u00f3sea. Si hay una estructura \u00f3sea adecuada, se realiza la planificaci\u00f3n del implante. La intervenci\u00f3n se realiza con anestesia local. Se introduce un tornillo de titanio en el hueso maxilar. Se espera unos meses a que este tornillo se fusione con el hueso. Una vez completada la fusi\u00f3n, se coloca la pr\u00f3tesis. El diente adquiere un aspecto natural. El proceso de tratamiento var\u00eda seg\u00fan la persona. Si la estructura \u00f3sea es fuerte, la curaci\u00f3n ser\u00e1 m\u00e1s r\u00e1pida. Hay que prestar atenci\u00f3n a la salud de las enc\u00edas. Un mantenimiento regular prolonga la vida del implante. Es importante contar con ayuda profesional. Veamos las cl\u00ednicas recomendadas <strong data-start=\"1325\" data-end=\"1373\">para el tratamiento de implantes en Buyukcekmece <\/strong>.            <\/p>\n<h3 data-start=\"1966\" data-end=\"2009\"><strong data-start=\"1966\" data-end=\"2007\">Consejos para el tratamiento de implantes Buyukcekmece<\/strong><\/h3>\n<p data-start=\"2011\" data-end=\"2633\"><a href=\"https:\/\/dentakdenizsifa.com\/implant-tedavisi\/\">El tratamiento con implantes<\/a> es un procedimiento delicado. Debe ser realizado por m\u00e9dicos experimentados. La calidad del material utilizado es importante. Con la aplicaci\u00f3n correcta se obtienen resultados duraderos. Si buscas una cl\u00ednica fiable en B\u00fcy\u00fck\u00e7ekmece, <strong data-start=\"2229\" data-end=\"2282\">la Policl\u00ednica de Salud Bucodental Dent Akdeniz \u015eifa<\/strong> es una buena elecci\u00f3n. Atiende con dentistas expertos. Se utilizan aparatos de \u00faltima tecnolog\u00eda. Ofrece un entorno est\u00e9ril e higi\u00e9nico. Se realiza una planificaci\u00f3n del tratamiento espec\u00edfica para cada paciente. Se persiguen resultados naturales y est\u00e9ticos. La satisfacci\u00f3n del paciente est\u00e1 en primer plano. Se proporciona un proceso de tratamiento c\u00f3modo. Se dan recomendaciones para el cuidado postimplante. Ahora echemos un vistazo a los precios.             <\/p>\n<h3 data-start=\"2635\" data-end=\"2680\"><strong data-start=\"2635\" data-end=\"2678\">Precios del tratamiento con implantes Buyukcekmece<\/strong><\/h3>\n<p data-start=\"2682\" data-end=\"3299\" data-is-last-node=\"\" data-is-only-node=\"\">Los precios de los implantes dependen de muchos factores. El material utilizado es importante. La calidad del tornillo de titanio determina el precio. La experiencia del m\u00e9dico tratante es eficaz. Las condiciones cl\u00ednicas y la tecnolog\u00eda utilizada marcan la diferencia de precio. Pueden ser necesarios procedimientos adicionales seg\u00fan la estructura \u00f3sea del paciente. Esto puede modificar el coste. Los precios var\u00edan en Buyukcekmece. Para obtener la informaci\u00f3n m\u00e1s precisa, es necesario someterse a un examen. <strong data-start=\"3077\" data-end=\"3130\">La Policl\u00ednica de Salud Bucodental Dent Akdeniz \u015eifa<\/strong> ofrece un servicio de calidad a precios asequibles. Es ventajoso en cuanto a relaci\u00f3n calidad-precio. Para obtener informaci\u00f3n detallada <strong data-start=\"3240\" data-end=\"3267\"><a href=\"http:\/\/www.dentakdenizsifa.com\" target=\"_new\" rel=\"noopener\" data-start=\"3242\" data-end=\"3265\">www.dentakdenizsifa.com<\/a><\/strong> Puedes visitar la direcci\u00f3n          <\/p>\n<p><iframe style=\"border: 0;\" src=\"https:\/\/www.google.com\/maps\/embed?pb=!1m18!1m12!1m3!1d3010.1303296241454!2d28.58126837645062!3d41.02240451855446!2m3!1f0!2f0!3f0!3m2!1i1024!2i768!4f13.1!3m3!1m2!1s0x14b55f4c21eea74d%3A0xd26ab3ed17af8afd!2zWcOcQ0VMRVIgQcSfxLF6IHZlIERpxZ8gU2HEn2zEscSfxLEgUG9saWtsaW5pxJ9pIELDvHnDvGvDp2VrbWVjZQ!5e0!3m2!1str!2str!4v1741657052554!5m2!1str!2str\" width=\"0,1\" height=\"0,1\" allowfullscreen=\"allowfullscreen\"><\/iframe><br \/>\n<iframe title=\"Reproductor de v\u00eddeo de YouTube\" src=\"https:\/\/www.youtube.com\/embed\/q-bbMgwrgBA?si=icEccHKcuZknKOIp\" width=\"0,1\" height=\"0,1\" frameborder=\"0\" allowfullscreen=\"allowfullscreen\"><\/iframe><\/p>\n","protected":false},"excerpt":{"rendered":"<p>La falta de dientes crea problemas est\u00e9ticos y de salud. El tratamiento con implantes de Buyukcekmece resuelve este problema de forma permanente. Se aplica con t\u00e9cnicas avanzadas en Buyukcekmece. Los tornillos de titanio colocados en el hueso maxilar act\u00faan como ra\u00edz del diente. Sobre ella se coloca una pr\u00f3tesis dental de aspecto natural. Se restablece [&hellip;]<\/p>\n","protected":false},"author":1,"featured_media":3614,"parent":0,"menu_order":0,"comment_status":"closed","ping_status":"closed","template":"","meta":{"footnotes":""},"class_list":["post-3634","page","type-page","status-publish","has-post-thumbnail","hentry"],"_links":{"self":[{"href":"https:\/\/dentakdenizsifa.com\/es\/wp-json\/wp\/v2\/pages\/3634","targetHints":{"allow":["GET"]}}],"collection":[{"href":"https:\/\/dentakdenizsifa.com\/es\/wp-json\/wp\/v2\/pages"}],"about":[{"href":"https:\/\/dentakdenizsifa.com\/es\/wp-json\/wp\/v2\/types\/page"}],"author":[{"embeddable":true,"href":"https:\/\/dentakdenizsifa.com\/es\/wp-json\/wp\/v2\/users\/1"}],"replies":[{"embeddable":true,"href":"https:\/\/dentakdenizsifa.com\/es\/wp-json\/wp\/v2\/comments?post=3634"}],"version-history":[{"count":0,"href":"https:\/\/dentakdenizsifa.com\/es\/wp-json\/wp\/v2\/pages\/3634\/revisions"}],"wp:featuredmedia":[{"embeddable":true,"href":"https:\/\/dentakdenizsifa.com\/es\/wp-json\/wp\/v2\/media\/3614"}],"wp:attachment":[{"href":"https:\/\/dentakdenizsifa.com\/es\/wp-json\/wp\/v2\/media?parent=3634"}],"curies":[{"name":"wp","href":"https:\/\/api.w.org\/{rel}","templated":true}]}}