{"id":3074,"date":"2024-12-15T03:17:28","date_gmt":"2024-12-15T00:17:28","guid":{"rendered":"https:\/\/dentakdenizsifa.com\/diseno-de-sonrisas\/"},"modified":"2025-02-23T06:38:56","modified_gmt":"2025-02-23T03:38:56","slug":"diseno-de-sonrisas","status":"publish","type":"page","link":"https:\/\/dentakdenizsifa.com\/es\/diseno-de-sonrisas\/","title":{"rendered":"Dise\u00f1o de sonrisas"},"content":{"rendered":"\t\t<div data-elementor-type=\"wp-page\" data-elementor-id=\"3074\" class=\"elementor elementor-3074 elementor-132\" data-elementor-post-type=\"page\">\n\t\t\t\t<div class=\"elementor-element elementor-element-8c652ea e-flex e-con-boxed e-con e-parent\" data-id=\"8c652ea\" data-element_type=\"container\" data-e-type=\"container\">\n\t\t\t\t\t<div class=\"e-con-inner\">\n\t\t\t\t<div class=\"elementor-element elementor-element-c2aae21 elementor-widget elementor-widget-heading\" data-id=\"c2aae21\" data-element_type=\"widget\" data-e-type=\"widget\" data-widget_type=\"heading.default\">\n\t\t\t\t<div class=\"elementor-widget-container\">\n\t\t\t\t\t<h1 class=\"elementor-heading-title elementor-size-default\">DISE\u00d1O DE SONRISAS<\/h1>\t\t\t\t<\/div>\n\t\t\t\t<\/div>\n\t\t\t\t\t<\/div>\n\t\t\t\t<\/div>\n\t\t<div class=\"elementor-element elementor-element-fca2815 e-flex e-con-boxed e-con e-parent\" data-id=\"fca2815\" data-element_type=\"container\" data-e-type=\"container\">\n\t\t\t\t\t<div class=\"e-con-inner\">\n\t\t\t\t<div class=\"elementor-element elementor-element-772a403 elementor-widget elementor-widget-text-editor\" data-id=\"772a403\" data-element_type=\"widget\" data-e-type=\"widget\" data-widget_type=\"text-editor.default\">\n\t\t\t\t<div class=\"elementor-widget-container\">\n\t\t\t\t\t\t\t\t\t<p>Mediante la evaluaci\u00f3n de la relaci\u00f3n entre una serie de criterios est\u00e9ticos, como los labios, las enc\u00edas, los dientes, el color del tejido que rodea el labio, se dise\u00f1a una sonrisa personalizada utilizando l\u00e1minas de porcelana, carillas emax o con soporte de circonio, blanqueamiento dental y peque\u00f1os sistemas de adhesi\u00f3n o una combinaci\u00f3n de todos ellos de acuerdo con los deseos especiales de la persona.<\/p><p><img fetchpriority=\"high\" decoding=\"async\" class=\"wp-image-139 size-large aligncenter\" src=\"https:\/\/dentakdenizsifa.com\/wp-content\/uploads\/2024\/12\/gulus-tasarimi-tedavisi-1024x683.png\" alt=\"\" width=\"800\" height=\"534\" srcset=\"https:\/\/dentakdenizsifa.com\/wp-content\/uploads\/2024\/12\/gulus-tasarimi-tedavisi-1024x683.png 1024w, https:\/\/dentakdenizsifa.com\/wp-content\/uploads\/2024\/12\/gulus-tasarimi-tedavisi-300x200.png 300w, https:\/\/dentakdenizsifa.com\/wp-content\/uploads\/2024\/12\/gulus-tasarimi-tedavisi-768x512.png 768w, https:\/\/dentakdenizsifa.com\/wp-content\/uploads\/2024\/12\/gulus-tasarimi-tedavisi.png 1200w\" sizes=\"(max-width: 800px) 100vw, 800px\" \/><\/p><p>Algunos de los m\u00e9todos que utilizamos para el dise\u00f1o de sonrisas en nuestra cl\u00ednica;<\/p><p>Tratamiento de 1 l\u00e1mina de porcelana (l\u00e1mina), que puede aplicarse en los casos en que la forma estructural es irregular, discreta, y no puede obtenerse un efecto suficiente con el blanqueamiento<\/p><p>2-Carillas de porcelana, carillas de circonio y carillas de porcelana emax aplicadas en casos de abrasi\u00f3n y p\u00e9rdida de material en los dientes por diferentes causas, dientes con decoloraci\u00f3n excesiva, sobreimplantes, dientes con estructura deteriorada, aplicaciones de puentes, reforzando y prolongando la vida de los dientes y teniendo un aspecto natural.<\/p><p>3-Procedimientos est\u00e9ticos de obturaci\u00f3n (bonding), que es el proceso de rellenar estos huecos con empastes sin da\u00f1ar los dientes en los casos en que hay huecos entre los dientes de los pacientes<\/p><p>4-Aplicaci\u00f3n blanqueadora sobre los dientes que han perdido su blancura<\/p><p>Para conseguir una sonrisa bonita, no basta con tener los dientes blancos. Adem\u00e1s de la blancura, tambi\u00e9n son muy importantes el aspecto sano de las enc\u00edas y la proporci\u00f3n de los dientes. Con el dise\u00f1o de la sonrisa, se pretende conseguir una sonrisa perfecta garantizando la armon\u00eda de enc\u00edas, dientes y labios.  <\/p><p>A- Chapa laminada (porcelana en hoja)<\/p><p>Laminado significa hoja en lat\u00edn. Las carillas dentales laminadas se aplican para diferencias de color en los dientes, grietas y fracturas dentales, decoloraciones causadas por empastes, uni\u00f3n de dientes separados (cierre de diastemas). <\/p><p>Como alternativa al tratamiento de ortodoncia en la correcci\u00f3n de dientes torcidos y curvados, se puede hacer una aplicaci\u00f3n est\u00e9tica aplicando s\u00f3lo la superficie frontal de la porcelana de la hoja en lugar de dar una forma de diente cortado por abrasi\u00f3n desde todos los lados del diente. Con este m\u00e9todo, es una aplicaci\u00f3n de pr\u00f3tesis muy protectora, ya que se corta hasta 0,3 -0,7 mm de la estructura del diente, y se proporciona una sonrisa natural y est\u00e9tica debido a la estructura de la propia porcelana, ya que no hay metal en la subestructura. Con los laminados se pueden blanquear los dientes, rellenar los huecos entre los dientes y tener una sonrisa bonita. Los laminados son muy resistentes a la abrasi\u00f3n y sus superficies son muy lisas, por lo que no se produce la decoloraci\u00f3n que puede producirse por fumar y motivos similares.<\/p><p>Como durante el procedimiento se utiliza un material especial como adhesivo, no es posible que las carillas se caigan o se separen de la superficie del diente por ning\u00fan motivo.<\/p><p>Revestimientos de circonio B<\/p><p>El circonio es un elemento qu\u00edmico que se encuentra en la naturaleza. Pertenece al grupo de los recubrimientos sin soporte met\u00e1lico y ofrece un aspecto m\u00e1s natural en comparaci\u00f3n con los recubrimientos con soporte met\u00e1lico.Debido a su mayor transmitancia de la luz en comparaci\u00f3n con los recubrimientos con soporte met\u00e1lico, no crea un color oscuro en las enc\u00edas y no crea PROBLEMAS como el reflejo del color negro en el borde gingival, que es posible en los dientes de porcelana con recubrimientos met\u00e1licos en el futuro. Adem\u00e1s, debido a la transmitancia de la luz del circonio, desaparece el aspecto mate de los dientes y se obtiene un aspecto m\u00e1s sano, transparente y natural, ya que el aspecto de los dientes es m\u00e1s parecido al original.Es un tipo de tratamiento dental ideal para pacientes con alergia a los metales, es duradero, minimiza las manchas causadas por el tabaco u otras razones, no provoca mal aliento, no causa problemas en las enc\u00edas, no provoca cambios de sabor en la boca.<\/p><p>El circonio se utiliza con frecuencia en odontolog\u00eda por su bajo di\u00e1metro de grano, su alta resistencia a la tracci\u00f3n y su infraestructura est\u00e9tica. Es muy resistente a la temperatura y a la abrasi\u00f3n.<\/p><p>Gracias a las innovaciones en el campo de la odontolog\u00eda, ahora se prefiere el circonio para los recubrimientos dentales. Mientras que antes los tratamientos dentales se realizaban con revestimiento de porcelana, en los \u00faltimos a\u00f1os ha empezado a aumentar el uso del revestimiento dental de circonio. El circonio es un material de revestimiento que sustituye a la porcelana en el mundo de la odontolog\u00eda actual. El circonio, que da un aspecto m\u00e1s natural al diente que la porcelana, es un m\u00e9todo de recubrimiento preferido por muchos dentistas.   <\/p><p>Revestimientos C-Emax<\/p><p>Significa m\u00e1xima est\u00e9tica. La mayor ventaja de esta aplicaci\u00f3n es que no se utiliza metal. As\u00ed, se obtiene un aspecto transparente y cercano al natural. La superficie queda protegida contra las manchas y la formaci\u00f3n de placa.<\/p><p>Al no contener metal, no provoca reacciones al\u00e9rgicas, no se produce la formaci\u00f3n de coloraci\u00f3n viol\u00e1cea en las enc\u00edas y los bordes de los dientes, no da\u00f1a la estructura dental, las sustancias de su contenido se encuentran entre las estructuras m\u00e1s compatibles con el diente.<\/p><p>Como tiene transmitancia luminosa, no tiene aspecto mate, las opciones de color son bastante elevadas, la estructura dental es resbaladiza y lisa. Por eso, la formaci\u00f3n de sarro dental es casi inexistente, lo que previene la aparici\u00f3n de enfermedades de las enc\u00edas. El proceso de recubrimiento dental EMax se aplica principalmente en los incisivos frontales. Como los recubrimientos Emax son m\u00e1s d\u00e9biles que los de circonio en cuanto a durabilidad, se prefieren los recubrimientos de circonio para los dientes de la regi\u00f3n posterior.<\/p><p>Emax es un material formado por cer\u00e1mica monol\u00edtica de disilicato de litio. la transmitancia luminosa es mayor que la del circonio. por ello, es m\u00e1s natural y m\u00e1s est\u00e9tico que el circonio, tiene una estructura v\u00edtrea. pero como no es tan duradero como el circonio, se prefiere el revestimiento de circonio en zonas donde la presi\u00f3n es elevada.<\/p>\t\t\t\t\t\t\t\t<\/div>\n\t\t\t\t<\/div>\n\t\t\t\t\t<\/div>\n\t\t\t\t<\/div>\n\t\t<div class=\"elementor-element elementor-element-90bffbf e-flex e-con-boxed e-con e-parent\" data-id=\"90bffbf\" data-element_type=\"container\" data-e-type=\"container\">\n\t\t\t\t\t<div class=\"e-con-inner\">\n\t\t<div class=\"elementor-element elementor-element-d09ebcb e-con-full e-flex e-con e-child\" data-id=\"d09ebcb\" data-element_type=\"container\" data-e-type=\"container\">\n\t\t\t\t<div class=\"elementor-element elementor-element-378b147 elementor-widget elementor-widget-image\" data-id=\"378b147\" data-element_type=\"widget\" data-e-type=\"widget\" data-widget_type=\"image.default\">\n\t\t\t\t<div class=\"elementor-widget-container\">\n\t\t\t\t\t\t\t\t\t\t\t\t\t\t\t<img decoding=\"async\" width=\"707\" height=\"900\" src=\"https:\/\/dentakdenizsifa.com\/wp-content\/uploads\/2024\/12\/g13-1.jpg\" class=\"attachment-large size-large wp-image-3076\" alt=\"\" srcset=\"https:\/\/dentakdenizsifa.com\/wp-content\/uploads\/2024\/12\/g13-1.jpg 707w, https:\/\/dentakdenizsifa.com\/wp-content\/uploads\/2024\/12\/g13-1-236x300.jpg 236w\" sizes=\"(max-width: 707px) 100vw, 707px\" \/>\t\t\t\t\t\t\t\t\t\t\t\t\t\t\t<\/div>\n\t\t\t\t<\/div>\n\t\t\t\t<\/div>\n\t\t<div class=\"elementor-element elementor-element-f0f9256 e-con-full e-flex e-con e-child\" data-id=\"f0f9256\" data-element_type=\"container\" data-e-type=\"container\">\n\t\t\t\t<div class=\"elementor-element elementor-element-af130a4 elementor-widget elementor-widget-text-editor\" data-id=\"af130a4\" data-element_type=\"widget\" data-e-type=\"widget\" data-widget_type=\"text-editor.default\">\n\t\t\t\t<div class=\"elementor-widget-container\">\n\t\t\t\t\t\t\t\t\tCarillas de porcelana D\n\nEl recubrimiento dental de porcelana es una t\u00e9cnica de recubrimiento dental obtenida a partir de porcelana y producida para cubrir la superficie original del diente. El diente de porcelana es un m\u00e9todo de tratamiento que se aplica para eliminar las preocupaciones est\u00e9ticas que se producen en los dientes y proporcionar a las personas una sonrisa de mejor calidad. \n\nLas carillas dentales de porcelana son una desventaja para los pacientes preocupados por el aspecto est\u00e9tico. Como su transmisi\u00f3n de la luz es menor en comparaci\u00f3n con el circonio y el emax, no puede reflejar el color natural del diente. Esto provoca un color apagado y sin brillo. No puede captar el aspecto natural, sobre todo en los dientes frontales.   \n\nTienen una buena durabilidad, ya que son revestimientos con soporte met\u00e1lico.\n\nBlanqueamiento dental electr\u00f3nico (Bleaching)\n\nEl blanqueamiento dental con l\u00e1ser es un proceso de blanqueamiento dental que utiliza la tecnolog\u00eda m\u00e1s avanzada. Esta t\u00e9cnica es actualmente la \u00faltima tecnolog\u00eda en blanqueamiento dental permanente. El proceso de blanqueamiento dental con l\u00e1ser que utilizamos hoy en d\u00eda no causa ning\u00fan da\u00f1o a la superficie ni al esmalte del diente.\t\t\t\t\t\t\t\t<\/div>\n\t\t\t\t<\/div>\n\t\t\t\t<\/div>\n\t\t\t\t\t<\/div>\n\t\t\t\t<\/div>\n\t\t<div class=\"elementor-element elementor-element-5f63f3b e-flex e-con-boxed e-con e-parent\" data-id=\"5f63f3b\" data-element_type=\"container\" data-e-type=\"container\">\n\t\t\t\t\t<div class=\"e-con-inner\">\n\t\t<div class=\"elementor-element elementor-element-1d81805 e-con-full e-flex e-con e-child\" data-id=\"1d81805\" data-element_type=\"container\" data-e-type=\"container\">\n\t\t\t\t<div class=\"elementor-element elementor-element-f10b1c8 elementor-widget elementor-widget-text-editor\" data-id=\"f10b1c8\" data-element_type=\"widget\" data-e-type=\"widget\" data-widget_type=\"text-editor.default\">\n\t\t\t\t<div class=\"elementor-widget-container\">\n\t\t\t\t\t\t\t\t\tLos tratamientos de blanqueamiento dental con un porcentaje de \u00e9xito muy elevado pueden da\u00f1ar tus dientes si no los aplica un dentista.El blanqueamiento dental con l\u00e1ser es un procedimiento que dura aproximadamente 1 hora en un entorno cl\u00ednico. El blanqueamiento es el proceso de aclarar el color de los dientes mediante sustancias qu\u00edmicas. Dado que los dientes pueden verse afectados por sustancias coloreadas procedentes del exterior durante 15 d\u00edas despu\u00e9s del blanqueamiento con l\u00e1ser, hay que tener cuidado de no consumir alimentos ni bebidas coloreadas. Durante este proceso, se coloca una placa protectora en la enc\u00eda alrededor del diente para evitar que la enc\u00eda se vea afectada por las sustancias qu\u00edmicas. En nuestra cl\u00ednica, aplicamos con seguridad y \u00e9xito el procedimiento de blanqueamiento, que proporciona un blanqueamiento \u00f3ptimo.\t\t\t\t\t\t\t\t<\/div>\n\t\t\t\t<\/div>\n\t\t\t\t<\/div>\n\t\t<div class=\"elementor-element elementor-element-5aca3c3 e-con-full e-flex e-con e-child\" data-id=\"5aca3c3\" data-element_type=\"container\" data-e-type=\"container\">\n\t\t\t\t<div class=\"elementor-element elementor-element-0314205 elementor-widget elementor-widget-image\" data-id=\"0314205\" data-element_type=\"widget\" data-e-type=\"widget\" data-widget_type=\"image.default\">\n\t\t\t\t<div class=\"elementor-widget-container\">\n\t\t\t\t\t\t\t\t\t\t\t\t\t\t\t<img decoding=\"async\" width=\"225\" height=\"300\" src=\"https:\/\/dentakdenizsifa.com\/wp-content\/uploads\/2024\/12\/b-225x300-1.jpg\" class=\"attachment-large size-large wp-image-3077\" alt=\"\" \/>\t\t\t\t\t\t\t\t\t\t\t\t\t\t\t<\/div>\n\t\t\t\t<\/div>\n\t\t\t\t<\/div>\n\t\t\t\t\t<\/div>\n\t\t\t\t<\/div>\n\t\t\t\t<\/div>\n\t\t","protected":false},"excerpt":{"rendered":"<p>DISE\u00d1O DE SONRISAS Mediante la evaluaci\u00f3n de la relaci\u00f3n entre una serie de criterios est\u00e9ticos, como los labios, las enc\u00edas, los dientes, el color del tejido que rodea el labio, se dise\u00f1a una sonrisa personalizada utilizando l\u00e1minas de porcelana, carillas emax o con soporte de circonio, blanqueamiento dental y peque\u00f1os sistemas de adhesi\u00f3n o una [&hellip;]<\/p>\n","protected":false},"author":1,"featured_media":3079,"parent":0,"menu_order":0,"comment_status":"closed","ping_status":"closed","template":"elementor_header_footer","meta":{"footnotes":""},"class_list":["post-3074","page","type-page","status-publish","has-post-thumbnail","hentry"],"_links":{"self":[{"href":"https:\/\/dentakdenizsifa.com\/es\/wp-json\/wp\/v2\/pages\/3074","targetHints":{"allow":["GET"]}}],"collection":[{"href":"https:\/\/dentakdenizsifa.com\/es\/wp-json\/wp\/v2\/pages"}],"about":[{"href":"https:\/\/dentakdenizsifa.com\/es\/wp-json\/wp\/v2\/types\/page"}],"author":[{"embeddable":true,"href":"https:\/\/dentakdenizsifa.com\/es\/wp-json\/wp\/v2\/users\/1"}],"replies":[{"embeddable":true,"href":"https:\/\/dentakdenizsifa.com\/es\/wp-json\/wp\/v2\/comments?post=3074"}],"version-history":[{"count":1,"href":"https:\/\/dentakdenizsifa.com\/es\/wp-json\/wp\/v2\/pages\/3074\/revisions"}],"predecessor-version":[{"id":3080,"href":"https:\/\/dentakdenizsifa.com\/es\/wp-json\/wp\/v2\/pages\/3074\/revisions\/3080"}],"wp:featuredmedia":[{"embeddable":true,"href":"https:\/\/dentakdenizsifa.com\/es\/wp-json\/wp\/v2\/media\/3079"}],"wp:attachment":[{"href":"https:\/\/dentakdenizsifa.com\/es\/wp-json\/wp\/v2\/media?parent=3074"}],"curies":[{"name":"wp","href":"https:\/\/api.w.org\/{rel}","templated":true}]}}