{"id":3055,"date":"2024-12-15T03:28:40","date_gmt":"2024-12-15T00:28:40","guid":{"rendered":"https:\/\/dentakdenizsifa.com\/cirugia-de-mandibula\/"},"modified":"2025-02-23T06:38:55","modified_gmt":"2025-02-23T03:38:55","slug":"cirugia-de-mandibula","status":"publish","type":"page","link":"https:\/\/dentakdenizsifa.com\/es\/cirugia-de-mandibula\/","title":{"rendered":"Cirug\u00eda de mand\u00edbula"},"content":{"rendered":"\t\t<div data-elementor-type=\"wp-page\" data-elementor-id=\"3055\" class=\"elementor elementor-3055 elementor-150\" data-elementor-post-type=\"page\">\n\t\t\t\t<div class=\"elementor-element elementor-element-f282017 e-flex e-con-boxed e-con e-parent\" data-id=\"f282017\" data-element_type=\"container\" data-e-type=\"container\">\n\t\t\t\t\t<div class=\"e-con-inner\">\n\t\t\t\t<div class=\"elementor-element elementor-element-b035313 elementor-widget elementor-widget-heading\" data-id=\"b035313\" data-element_type=\"widget\" data-e-type=\"widget\" data-widget_type=\"heading.default\">\n\t\t\t\t<div class=\"elementor-widget-container\">\n\t\t\t\t\t<h1 class=\"elementor-heading-title elementor-size-default\">CIRUG\u00cdA DE MAND\u00cdBULA<\/h1>\t\t\t\t<\/div>\n\t\t\t\t<\/div>\n\t\t\t\t\t<\/div>\n\t\t\t\t<\/div>\n\t\t<div class=\"elementor-element elementor-element-4643720 e-flex e-con-boxed e-con e-parent\" data-id=\"4643720\" data-element_type=\"container\" data-e-type=\"container\">\n\t\t\t\t\t<div class=\"e-con-inner\">\n\t\t\t\t<div class=\"elementor-element elementor-element-9d21e60 elementor-widget elementor-widget-text-editor\" data-id=\"9d21e60\" data-element_type=\"widget\" data-e-type=\"widget\" data-widget_type=\"text-editor.default\">\n\t\t\t\t<div class=\"elementor-widget-container\">\n\t\t\t\t\t\t\t\t\t<p><img fetchpriority=\"high\" decoding=\"async\" class=\"alignnone wp-image-151 size-large\" src=\"https:\/\/dentakdenizsifa.com\/wp-content\/uploads\/2024\/12\/cene-cerrahisi-tedavisi-1024x683.png\" alt=\"\" width=\"800\" height=\"534\" srcset=\"https:\/\/dentakdenizsifa.com\/wp-content\/uploads\/2024\/12\/cene-cerrahisi-tedavisi-1024x683.png 1024w, https:\/\/dentakdenizsifa.com\/wp-content\/uploads\/2024\/12\/cene-cerrahisi-tedavisi-300x200.png 300w, https:\/\/dentakdenizsifa.com\/wp-content\/uploads\/2024\/12\/cene-cerrahisi-tedavisi-768x512.png 768w, https:\/\/dentakdenizsifa.com\/wp-content\/uploads\/2024\/12\/cene-cerrahisi-tedavisi.png 1200w\" sizes=\"(max-width: 800px) 100vw, 800px\" \/><\/p><p>Bajo el nombre de cirug\u00eda maxilofacial;<\/p><p>-Cirug\u00eda de implantes; se mencionaron las t\u00e9cnicas quir\u00fargicas utilizadas para la formaci\u00f3n de hueso nuevo.<\/p><p>-En endodoncia; tratamiento de resecci\u00f3n apical,<\/p><p>-En periodoncia; en operaciones de gingivectom\u00eda,<\/p><p>-En ortodoncia; en la extracci\u00f3n de muelas del juicio impactadas, caninos y molares peque\u00f1os que no pueden sustituirse mediante tratamiento ortod\u00f3ncico,<\/p><p>-Extracciones quir\u00fargicas; si un diente impactado a\u00fan no ha erupcionado lo suficiente, necesitamos retirar la enc\u00eda o el hueso para poder extraerlo. Esto se denomina extracci\u00f3n quir\u00fargica. Hay que suturar la zona para que pueda cerrarse y cicatrizar adecuadamente. A veces hay casos en que las extracciones dentales se convierten en extracciones quir\u00fargicas. Si el diente no sali\u00f3 entero durante la extracci\u00f3n, se contin\u00faa con la extracci\u00f3n quir\u00fargica.   <\/p><p>Las muelas del juicio tambi\u00e9n suelen extraerse quir\u00fargicamente. La extracci\u00f3n de dientes con p\u00e9rdida excesiva de material, puntas radiculares o dientes con ra\u00edces largas y curvadas puede requerir una extracci\u00f3n quir\u00fargica. Puede haber casos en los que el hueso que rodea al diente se vuelva denso, lo que requiere un tratamiento quir\u00fargico.  <\/p>\t\t\t\t\t\t\t\t<\/div>\n\t\t\t\t<\/div>\n\t\t\t\t\t<\/div>\n\t\t\t\t<\/div>\n\t\t\t\t<\/div>\n\t\t","protected":false},"excerpt":{"rendered":"<p>CIRUG\u00cdA DE MAND\u00cdBULA Bajo el nombre de cirug\u00eda maxilofacial; -Cirug\u00eda de implantes; se mencionaron las t\u00e9cnicas quir\u00fargicas utilizadas para la formaci\u00f3n de hueso nuevo. -En endodoncia; tratamiento de resecci\u00f3n apical, -En periodoncia; en operaciones de gingivectom\u00eda, -En ortodoncia; en la extracci\u00f3n de muelas del juicio impactadas, caninos y molares peque\u00f1os que no pueden sustituirse mediante [&hellip;]<\/p>\n","protected":false},"author":1,"featured_media":3057,"parent":0,"menu_order":0,"comment_status":"closed","ping_status":"closed","template":"elementor_header_footer","meta":{"footnotes":""},"class_list":["post-3055","page","type-page","status-publish","has-post-thumbnail","hentry"],"_links":{"self":[{"href":"https:\/\/dentakdenizsifa.com\/es\/wp-json\/wp\/v2\/pages\/3055","targetHints":{"allow":["GET"]}}],"collection":[{"href":"https:\/\/dentakdenizsifa.com\/es\/wp-json\/wp\/v2\/pages"}],"about":[{"href":"https:\/\/dentakdenizsifa.com\/es\/wp-json\/wp\/v2\/types\/page"}],"author":[{"embeddable":true,"href":"https:\/\/dentakdenizsifa.com\/es\/wp-json\/wp\/v2\/users\/1"}],"replies":[{"embeddable":true,"href":"https:\/\/dentakdenizsifa.com\/es\/wp-json\/wp\/v2\/comments?post=3055"}],"version-history":[{"count":1,"href":"https:\/\/dentakdenizsifa.com\/es\/wp-json\/wp\/v2\/pages\/3055\/revisions"}],"predecessor-version":[{"id":3058,"href":"https:\/\/dentakdenizsifa.com\/es\/wp-json\/wp\/v2\/pages\/3055\/revisions\/3058"}],"wp:featuredmedia":[{"embeddable":true,"href":"https:\/\/dentakdenizsifa.com\/es\/wp-json\/wp\/v2\/media\/3057"}],"wp:attachment":[{"href":"https:\/\/dentakdenizsifa.com\/es\/wp-json\/wp\/v2\/media?parent=3055"}],"curies":[{"name":"wp","href":"https:\/\/api.w.org\/{rel}","templated":true}]}}