{"id":3048,"date":"2024-12-14T23:53:59","date_gmt":"2024-12-14T20:53:59","guid":{"rendered":"https:\/\/dentakdenizsifa.com\/tratamiento-con-implantes\/"},"modified":"2025-02-23T06:39:00","modified_gmt":"2025-02-23T03:39:00","slug":"tratamiento-con-implantes","status":"publish","type":"page","link":"https:\/\/dentakdenizsifa.com\/es\/tratamiento-con-implantes\/","title":{"rendered":"Tratamiento con implantes"},"content":{"rendered":"\t\t<div data-elementor-type=\"wp-page\" data-elementor-id=\"3048\" class=\"elementor elementor-3048 elementor-98\" data-elementor-post-type=\"page\">\n\t\t\t\t<div class=\"elementor-element elementor-element-7a5fb4c e-flex e-con-boxed e-con e-parent\" data-id=\"7a5fb4c\" data-element_type=\"container\" data-e-type=\"container\">\n\t\t\t\t\t<div class=\"e-con-inner\">\n\t\t\t\t<div class=\"elementor-element elementor-element-5d231b8 elementor-widget elementor-widget-heading\" data-id=\"5d231b8\" data-element_type=\"widget\" data-e-type=\"widget\" data-widget_type=\"heading.default\">\n\t\t\t\t<div class=\"elementor-widget-container\">\n\t\t\t\t\t<h1 class=\"elementor-heading-title elementor-size-default\">TRATAMIENTO CON IMPLANTES<\/h1>\t\t\t\t<\/div>\n\t\t\t\t<\/div>\n\t\t\t\t\t<\/div>\n\t\t\t\t<\/div>\n\t\t<div class=\"elementor-element elementor-element-9732d79 e-flex e-con-boxed e-con e-parent\" data-id=\"9732d79\" data-element_type=\"container\" data-e-type=\"container\">\n\t\t\t\t\t<div class=\"e-con-inner\">\n\t\t\t\t<div class=\"elementor-element elementor-element-a2bd795 elementor-widget elementor-widget-text-editor\" data-id=\"a2bd795\" data-element_type=\"widget\" data-e-type=\"widget\" data-widget_type=\"text-editor.default\">\n\t\t\t\t<div class=\"elementor-widget-container\">\n\t\t\t\t\t\t\t\t\t<p>El implante se define como una ra\u00edz dental artificial colocada en o sobre la mand\u00edbula para sustituir el diente que falta o completar las partes perdidas de la boca.<\/p><p><img fetchpriority=\"high\" decoding=\"async\" class=\"wp-image-107 size-large aligncenter\" src=\"https:\/\/dentakdenizsifa.com\/wp-content\/uploads\/2024\/12\/implant-tedavisi-2-1024x683.png\" alt=\"\" width=\"800\" height=\"534\" srcset=\"https:\/\/dentakdenizsifa.com\/wp-content\/uploads\/2024\/12\/implant-tedavisi-2-1024x683.png 1024w, https:\/\/dentakdenizsifa.com\/wp-content\/uploads\/2024\/12\/implant-tedavisi-2-300x200.png 300w, https:\/\/dentakdenizsifa.com\/wp-content\/uploads\/2024\/12\/implant-tedavisi-2-768x512.png 768w, https:\/\/dentakdenizsifa.com\/wp-content\/uploads\/2024\/12\/implant-tedavisi-2.png 1200w\" sizes=\"(max-width: 800px) 100vw, 800px\" \/><\/p><p>Este tipo de tratamiento se realiza aplicando un material de titanio, que el cuerpo humano acepta f\u00e1cilmente y es compatible con el tejido dental, en las zonas donde se ha producido la p\u00e9rdida de dientes. La zona que se va a implantar se adormece con anestesia local y el implante se coloca en 5-10 minutos. Se espera entre 2,5 y 3 meses para que el implante se integre en el hueso maxilar y se pasa a la segunda fase. Se miden los dientes de porcelana que se van a colocar sobre los implantes y se sustituyen los dientes en una semana y diez d\u00edas.<\/p><p>Para poder implantar a un paciente, se necesita un grosor \u00f3seo suficiente. Los implantes m\u00e1s cortos disponibles en el mercado tienen una altura de 6-8 mm y un di\u00e1metro de 3,5-4 mm. Por tanto, para colocar un implante de este grosor en el maxilar, se necesita una estructura \u00f3sea m\u00e1s gruesa. Se necesita una altura \u00f3sea de 7 \u00f3 9 mm para un implante de 6-8 mm, y un grosor \u00f3seo de 5,5 mm de di\u00e1metro para colocar un implante de 3,5 mm. Si el paciente no tiene este nivel y cantidad de hueso, se utilizan procedimientos de aumento \u00f3seo con t\u00e9cnicas quir\u00fargicas avanzadas. Para ello, en nuestra cl\u00ednica se aplican con \u00e9xito operaciones quir\u00fargicas como el aumento \u00f3seo, la malla de titanio, la elevaci\u00f3n de seno y la extensi\u00f3n \u00f3sea.     <\/p><p>Como familia Akdeniz \u015eifa, aplicamos el tratamiento implantol\u00f3gico a todo individuo sano que haya completado su desarrollo en nuestro centro con nuestro mejor personal m\u00e9dico.<\/p><p>Proporcionamos asistencia de por vida para los implantes.<\/p><p>Nuestros pacientes con implantes reciben un certificado en el que se indica el tipo y el tama\u00f1o del implante que les hemos aplicado. Desgraciadamente, en algunas cl\u00ednicas hay muchos pacientes a los que no se les pueden hacer dientes sobre el implante porque no se conoce la marca del implante. En los casos en que los implantes est\u00e1n fusionados al hueso maxilar pero no se conoce la marca, desgraciadamente hay que extraer estos implantes. Nuestros pacientes pueden hacerse la pr\u00f3tesis sobre implantes en cualquier parte del mundo, incluso si se da la situaci\u00f3n de que no pueden volver para la superestructura.  <\/p><h4><span style=\"color: #000000;\"><strong>Implantes inmediatos Implante en un d\u00eda<\/strong><\/span><\/h4><p>Una vez realizados los procedimientos necesarios, se pueden hacer implantes tras la extracci\u00f3n del diente. Al mismo tiempo, estos implantes son un tratamiento recomendado por los m\u00e9dicos. Dado que la contracci\u00f3n \u00f3sea empieza a producirse en las primeras 24 horas tras la extracci\u00f3n dental, la p\u00e9rdida de hueso puede evitarse con implantes inmediatos. La extracci\u00f3n y el implante en el mismo d\u00eda es un tratamiento c\u00f3modo para el paciente.   <\/p><h4><span style=\"color: #000000;\"><strong>Pr\u00f3tesis fabricadas con apoyo de implantes:<\/strong><\/span><\/h4><p>Las pr\u00f3tesis sobre implantes son pr\u00f3tesis fijas o removibles. Las pr\u00f3tesis fijas se fijan sobre implantes colocados en el hueso del diente. <\/p><p>La pr\u00f3tesis removible es un tipo de pr\u00f3tesis dental que se aplica en los casos en que faltan muchos dientes y no se puede realizar el tratamiento con pr\u00f3tesis fijas. La pr\u00f3tesis removible es un m\u00e9todo que se aplica en pacientes a los que les faltan dientes o en pacientes completamente desdentados. Este procedimiento puede aplicarse f\u00e1cilmente en pacientes con suficiente estructura \u00f3sea dental. El recubrimiento del implante puede ser de distintos materiales, seg\u00fan lo que pida el paciente. Las pr\u00f3tesis implantosoportadas se preparan en tama\u00f1os m\u00e1s peque\u00f1os en comparaci\u00f3n con los procedimientos de pr\u00f3tesis tradicionales. Esto facilita la adaptaci\u00f3n del paciente a la pr\u00f3tesis. Como el implante est\u00e1 soportado, la masticaci\u00f3n es m\u00e1s fuerte.      <\/p><h4><span style=\"color: #000000;\"><strong>T\u00e9cnicas Quir\u00fargicas Utilizadas para Proporcionar un Soporte \u00d3seo Adecuado en la Aplicaci\u00f3n de Implantes:<\/strong><\/span><\/h4><p>Para poder fabricar dientes implantosoportados de forma saludable, los implantes deben estar rodeados de al menos 1 mm de hueso. Por tanto, se requiere un soporte \u00f3seo de anchura y longitud suficientes para la aplicaci\u00f3n de implantes duraderos. <\/p><p>Hay dos formas principales de determinar la presencia de hueso suficiente:<\/p><p>1- El examen cl\u00ednico lo realiza un m\u00e9dico con conocimientos y experiencia.<\/p><p>2- La tomograf\u00eda volum\u00e9trica dental (imagen tridimensional) se utiliza para ver todos los detalles que no se pueden detectar en los controles cl\u00ednicos e incluso durante la operaci\u00f3n. Si no hay suficiente soporte \u00f3seo <\/p><p>Se proporciona un soporte \u00f3seo adecuado utilizando t\u00e9cnicas quir\u00fargicas como la elevaci\u00f3n de seno, el uso de polvo \u00f3seo, la extensi\u00f3n \u00f3sea, el uso de malla de titanio.<\/p><p>T\u00e9cnica de elevaci\u00f3n de seno<\/p><p>Si no hay suficiente hueso en la regi\u00f3n posterior del maxilar superior, es una t\u00e9cnica quir\u00fargica que se utiliza para proporcionar formaci\u00f3n de hueso nuevo en direcci\u00f3n vertical a la zona del seno. El seno es la cavidad anat\u00f3mica situada justo encima del maxilar superior, cerca de los molares maxilares lesionados. Cuando se pierden los dientes en la regi\u00f3n posterior del maxilar superior y la pr\u00f3tesis no se fabrica a tiempo, se acorta la distancia entre la pared del seno y el punto superior del hueso maxilar, denominado colina de la cresta, y como no hay hueso suficiente para implantar en esta zona, se realiza una elevaci\u00f3n de seno para aumentar la proporci\u00f3n de hueso que disminuye. Esta intervenci\u00f3n suele realizarse con anestesia local. Se levanta la zona sinusal al nivel deseado y se aplica polvo e injerto \u00f3seo en la cavidad creada mediante una peque\u00f1a ventana abierta a trav\u00e9s de la boca en esa zona, se sutura y se cierra la zona. El procedimiento de injerto sinusal se utiliza para aplicar el tratamiento con implantes en las zonas desdentadas como resultado del relleno de las cavidades sinusales que se han hundido. Gracias a este procedimiento, se crea un volumen suficiente para la longitud y anchura del implante, que debe insertarse completamente en el hueso.      <\/p><p>Separaci\u00f3n \u00f3sea, divisi\u00f3n \u00f3sea, t\u00e9cnica s\u00e1ndwich, osteotomo de divisi\u00f3n<\/p><p>En caso de grosor \u00f3seo insuficiente, es una t\u00e9cnica en la que el hueso se abre como un s\u00e1ndwich y se coloca un implante entre ellos. El proceso de expansi\u00f3n de la mand\u00edbula se realiza separando el hueso horizontalmente. <\/p><p>Aumento \u00f3seo (Ogmentaci\u00f3n de la cresta)<\/p><p>Son procedimientos quir\u00fargicos que se realizan para engrosar o aumentar la altura del hueso que soporta los dientes con el fin de hacer implantes. Durante estos procedimientos, se puede utilizar el propio hueso del paciente o polvos \u00f3seos especialmente producidos. En las sesiones en las que se utilizan polvos \u00f3seos, tambi\u00e9n puede ser posible colocar implantes al mismo tiempo.  <\/p><p>Malla de titanio (Malla de titanio, Membrana de titanio)<\/p><p>Excelente biocompatibilidad, propiedades oclusivas, muy buena permeabilidad, se puede utilizar f\u00e1cilmente porque es blando. Se puede cortar para adaptarla a las zonas quir\u00fargicas. Proporciona una reconstrucci\u00f3n tridimensional de los defectos \u00f3seos alveolares. Asegura la conservaci\u00f3n adecuada del injerto \u00f3seo, mejora la zona de regeneraci\u00f3n \u00f3sea, facilita la sustituci\u00f3n \u00f3sea. Ayuda a la neoformaci\u00f3n \u00f3sea actuando como barrera.    <\/p>\t\t\t\t\t\t\t\t<\/div>\n\t\t\t\t<\/div>\n\t\t\t\t\t<\/div>\n\t\t\t\t<\/div>\n\t\t\t\t<\/div>\n\t\t","protected":false},"excerpt":{"rendered":"<p>TRATAMIENTO CON IMPLANTES El implante se define como una ra\u00edz dental artificial colocada en o sobre la mand\u00edbula para sustituir el diente que falta o completar las partes perdidas de la boca. Este tipo de tratamiento se realiza aplicando un material de titanio, que el cuerpo humano acepta f\u00e1cilmente y es compatible con el tejido [&hellip;]<\/p>\n","protected":false},"author":1,"featured_media":3050,"parent":0,"menu_order":0,"comment_status":"closed","ping_status":"closed","template":"elementor_header_footer","meta":{"footnotes":""},"class_list":["post-3048","page","type-page","status-publish","has-post-thumbnail","hentry"],"_links":{"self":[{"href":"https:\/\/dentakdenizsifa.com\/es\/wp-json\/wp\/v2\/pages\/3048","targetHints":{"allow":["GET"]}}],"collection":[{"href":"https:\/\/dentakdenizsifa.com\/es\/wp-json\/wp\/v2\/pages"}],"about":[{"href":"https:\/\/dentakdenizsifa.com\/es\/wp-json\/wp\/v2\/types\/page"}],"author":[{"embeddable":true,"href":"https:\/\/dentakdenizsifa.com\/es\/wp-json\/wp\/v2\/users\/1"}],"replies":[{"embeddable":true,"href":"https:\/\/dentakdenizsifa.com\/es\/wp-json\/wp\/v2\/comments?post=3048"}],"version-history":[{"count":1,"href":"https:\/\/dentakdenizsifa.com\/es\/wp-json\/wp\/v2\/pages\/3048\/revisions"}],"predecessor-version":[{"id":3052,"href":"https:\/\/dentakdenizsifa.com\/es\/wp-json\/wp\/v2\/pages\/3048\/revisions\/3052"}],"wp:featuredmedia":[{"embeddable":true,"href":"https:\/\/dentakdenizsifa.com\/es\/wp-json\/wp\/v2\/media\/3050"}],"wp:attachment":[{"href":"https:\/\/dentakdenizsifa.com\/es\/wp-json\/wp\/v2\/media?parent=3048"}],"curies":[{"name":"wp","href":"https:\/\/api.w.org\/{rel}","templated":true}]}}