{"id":3040,"date":"2024-12-15T03:34:59","date_gmt":"2024-12-15T00:34:59","guid":{"rendered":"https:\/\/dentakdenizsifa.com\/ortodoncia\/"},"modified":"2025-02-23T06:38:36","modified_gmt":"2025-02-23T03:38:36","slug":"ortodoncia","status":"publish","type":"page","link":"https:\/\/dentakdenizsifa.com\/es\/ortodoncia\/","title":{"rendered":"Ortodoncia"},"content":{"rendered":"\t\t<div data-elementor-type=\"wp-page\" data-elementor-id=\"3040\" class=\"elementor elementor-3040 elementor-178\" data-elementor-post-type=\"page\">\n\t\t\t\t<div class=\"elementor-element elementor-element-7f93597 e-flex e-con-boxed e-con e-parent\" data-id=\"7f93597\" data-element_type=\"container\" data-e-type=\"container\">\n\t\t\t\t\t<div class=\"e-con-inner\">\n\t\t\t\t<div class=\"elementor-element elementor-element-25c4c05 elementor-widget elementor-widget-heading\" data-id=\"25c4c05\" data-element_type=\"widget\" data-e-type=\"widget\" data-widget_type=\"heading.default\">\n\t\t\t\t<div class=\"elementor-widget-container\">\n\t\t\t\t\t<h1 class=\"elementor-heading-title elementor-size-default\">TRATAMIENTO DE ORTODONCIA<\/h1>\t\t\t\t<\/div>\n\t\t\t\t<\/div>\n\t\t\t\t\t<\/div>\n\t\t\t\t<\/div>\n\t\t<div class=\"elementor-element elementor-element-cd07197 e-flex e-con-boxed e-con e-parent\" data-id=\"cd07197\" data-element_type=\"container\" data-e-type=\"container\">\n\t\t\t\t\t<div class=\"e-con-inner\">\n\t\t\t\t<div class=\"elementor-element elementor-element-9055829 elementor-widget elementor-widget-text-editor\" data-id=\"9055829\" data-element_type=\"widget\" data-e-type=\"widget\" data-widget_type=\"text-editor.default\">\n\t\t\t\t<div class=\"elementor-widget-container\">\n\t\t\t\t\t\t\t\t\t<p><img fetchpriority=\"high\" decoding=\"async\" class=\"aligncenter wp-image-181 size-large\" src=\"https:\/\/dentakdenizsifa.com\/wp-content\/uploads\/2024\/12\/ortodonti-tedavisi-1024x683.png\" alt=\"\" width=\"800\" height=\"534\" srcset=\"https:\/\/dentakdenizsifa.com\/wp-content\/uploads\/2024\/12\/ortodonti-tedavisi-1024x683.png 1024w, https:\/\/dentakdenizsifa.com\/wp-content\/uploads\/2024\/12\/ortodonti-tedavisi-300x200.png 300w, https:\/\/dentakdenizsifa.com\/wp-content\/uploads\/2024\/12\/ortodonti-tedavisi-768x512.png 768w, https:\/\/dentakdenizsifa.com\/wp-content\/uploads\/2024\/12\/ortodonti-tedavisi.png 1200w\" sizes=\"(max-width: 800px) 100vw, 800px\" \/><\/p><p>La rama de la odontolog\u00eda que detecta y trata los dientes api\u00f1ados y las relaciones incompatibles de los maxilares se llama ortodoncia. Seg\u00fan el problema de ortodoncia existente en la boca, hay tratamientos con placas transparentes (invisalign), brackets fijos y ortodoncia m\u00f3vil. <\/p><p>Con el personal m\u00e9dico experto en ortodoncia de nuestra cl\u00ednica;<\/p><p>Tratamiento de placa transparente<br>Tratamiento de ortodoncia m\u00f3vil<br>Tratamiento de expansi\u00f3n del maxilar superior<br>Tratamiento de la mordida abierta-profunda<br>Tratamiento de los trastornos de cierre<br>Tratamientos ortop\u00e9dicos del maxilar<br>Tratamiento de refuerzo<br>Placa nocturna<br>Los tratamientos del bruxismo (rechinar de dientes) se aplican con \u00e9xito.<br>Placa transparente invisalign &#8211; Tratamiento dental sin aparatos<br>La t\u00e9cnica para conseguir que los dientes alcancen la posici\u00f3n deseada sin utilizar aparatos, s\u00f3lo con aparatos, se denomina tratamiento de placa transparente.<\/p><p>\u00bfQu\u00e9 ventajas ofrece el tratamiento ortod\u00f3ncico inal\u00e1mbrico?<\/p><p>Las preocupaciones est\u00e9ticas en el uso de dispositivos como aparatos, brackets, etc. se eliminan en las placas transparentes.<br>Elimina las peque\u00f1as irritaciones y molestias que pueden experimentarse durante el periodo de acostumbramiento a los aparatos.<br>El mantenimiento y el uso diario de las placas dentales transparentes tambi\u00e9n son m\u00e1s pr\u00e1cticos que los aparatos.<br>A diferencia de los brackets, el uso de hilo dental y cepillo de dientes no es perjudicial.<br>El problema de la rotura de los brackets que se observa en el tratamiento con brackets no existe en las placas.<br>Lo importante en el tratamiento de correcci\u00f3n dental sin brackets es que el paciente lleve las placas con regularidad y durante el tiempo necesario (18 horas al d\u00eda). <\/p>\t\t\t\t\t\t\t\t<\/div>\n\t\t\t\t<\/div>\n\t\t\t\t\t<\/div>\n\t\t\t\t<\/div>\n\t\t\t\t<\/div>\n\t\t","protected":false},"excerpt":{"rendered":"<p>TRATAMIENTO DE ORTODONCIA La rama de la odontolog\u00eda que detecta y trata los dientes api\u00f1ados y las relaciones incompatibles de los maxilares se llama ortodoncia. Seg\u00fan el problema de ortodoncia existente en la boca, hay tratamientos con placas transparentes (invisalign), brackets fijos y ortodoncia m\u00f3vil. Con el personal m\u00e9dico experto en ortodoncia de nuestra cl\u00ednica; [&hellip;]<\/p>\n","protected":false},"author":1,"featured_media":3042,"parent":0,"menu_order":0,"comment_status":"closed","ping_status":"closed","template":"elementor_header_footer","meta":{"footnotes":""},"class_list":["post-3040","page","type-page","status-publish","has-post-thumbnail","hentry"],"_links":{"self":[{"href":"https:\/\/dentakdenizsifa.com\/es\/wp-json\/wp\/v2\/pages\/3040","targetHints":{"allow":["GET"]}}],"collection":[{"href":"https:\/\/dentakdenizsifa.com\/es\/wp-json\/wp\/v2\/pages"}],"about":[{"href":"https:\/\/dentakdenizsifa.com\/es\/wp-json\/wp\/v2\/types\/page"}],"author":[{"embeddable":true,"href":"https:\/\/dentakdenizsifa.com\/es\/wp-json\/wp\/v2\/users\/1"}],"replies":[{"embeddable":true,"href":"https:\/\/dentakdenizsifa.com\/es\/wp-json\/wp\/v2\/comments?post=3040"}],"version-history":[{"count":1,"href":"https:\/\/dentakdenizsifa.com\/es\/wp-json\/wp\/v2\/pages\/3040\/revisions"}],"predecessor-version":[{"id":3045,"href":"https:\/\/dentakdenizsifa.com\/es\/wp-json\/wp\/v2\/pages\/3040\/revisions\/3045"}],"wp:featuredmedia":[{"embeddable":true,"href":"https:\/\/dentakdenizsifa.com\/es\/wp-json\/wp\/v2\/media\/3042"}],"wp:attachment":[{"href":"https:\/\/dentakdenizsifa.com\/es\/wp-json\/wp\/v2\/media?parent=3040"}],"curies":[{"name":"wp","href":"https:\/\/api.w.org\/{rel}","templated":true}]}}