{"id":3034,"date":"2024-12-15T03:45:02","date_gmt":"2024-12-15T00:45:02","guid":{"rendered":"https:\/\/dentakdenizsifa.com\/periodoncia\/"},"modified":"2025-02-23T06:38:36","modified_gmt":"2025-02-23T03:38:36","slug":"periodoncia","status":"publish","type":"page","link":"https:\/\/dentakdenizsifa.com\/es\/periodoncia\/","title":{"rendered":"Periodoncia"},"content":{"rendered":"\t\t<div data-elementor-type=\"wp-page\" data-elementor-id=\"3034\" class=\"elementor elementor-3034 elementor-217\" data-elementor-post-type=\"page\">\n\t\t\t\t<div class=\"elementor-element elementor-element-e639450 e-flex e-con-boxed e-con e-parent\" data-id=\"e639450\" data-element_type=\"container\" data-e-type=\"container\">\n\t\t\t\t\t<div class=\"e-con-inner\">\n\t\t\t\t<div class=\"elementor-element elementor-element-2db531d elementor-widget elementor-widget-heading\" data-id=\"2db531d\" data-element_type=\"widget\" data-e-type=\"widget\" data-widget_type=\"heading.default\">\n\t\t\t\t<div class=\"elementor-widget-container\">\n\t\t\t\t\t<h1 class=\"elementor-heading-title elementor-size-default\">TRATAMIENTO PERIODONTAL<\/h1>\t\t\t\t<\/div>\n\t\t\t\t<\/div>\n\t\t\t\t\t<\/div>\n\t\t\t\t<\/div>\n\t\t<div class=\"elementor-element elementor-element-3741001 e-flex e-con-boxed e-con e-parent\" data-id=\"3741001\" data-element_type=\"container\" data-e-type=\"container\">\n\t\t\t\t\t<div class=\"e-con-inner\">\n\t\t\t\t<div class=\"elementor-element elementor-element-613a968 elementor-widget elementor-widget-text-editor\" data-id=\"613a968\" data-element_type=\"widget\" data-e-type=\"widget\" data-widget_type=\"text-editor.default\">\n\t\t\t\t<div class=\"elementor-widget-container\">\n\t\t\t\t\t\t\t\t\t<p><img fetchpriority=\"high\" decoding=\"async\" class=\"aligncenter wp-image-219 size-large\" src=\"https:\/\/dentakdenizsifa.com\/wp-content\/uploads\/2024\/12\/periodontoloji-tedavisi-1024x683.png\" alt=\"\" width=\"800\" height=\"534\" srcset=\"https:\/\/dentakdenizsifa.com\/wp-content\/uploads\/2024\/12\/periodontoloji-tedavisi-1024x683.png 1024w, https:\/\/dentakdenizsifa.com\/wp-content\/uploads\/2024\/12\/periodontoloji-tedavisi-300x200.png 300w, https:\/\/dentakdenizsifa.com\/wp-content\/uploads\/2024\/12\/periodontoloji-tedavisi-768x512.png 768w, https:\/\/dentakdenizsifa.com\/wp-content\/uploads\/2024\/12\/periodontoloji-tedavisi.png 1200w\" sizes=\"(max-width: 800px) 100vw, 800px\" \/><\/p><p>Es un departamento que se ocupa de las enfermedades de los tejidos que rodean los dientes, las enc\u00edas y las enfermedades \u00f3seas que rodean las ra\u00edces de los dientes y de su tratamiento.<\/p><p>En nuestra cl\u00ednica en este contexto;<\/p><p>a &#8211; Limpieza del sarro: La placa bacteriana se convierte en sarro al endurecerse con el tiempo. Aparece con distintos nombres, como limpieza del sarro, limpieza del sarro, limpieza de la placa dental. Adem\u00e1s de decolorar los dientes, la placa dental provoca mal aliento y caries dental. Por eso, el c\u00e1lculo dental debe ser limpiado por un dentista cada seis meses.<\/p><p>La eliminaci\u00f3n del sarro no es perjudicial. Los c\u00e1lculos dentales perjudican nuestra salud bucodental con mal aliento, decoloraci\u00f3n de los dientes, trastornos gingivales, caries y muchos problemas similares. Estas situaciones no deben provocarse. Por supuesto, adem\u00e1s de esto, los pacientes deben apoyar este proceso con el cepillo de dientes adecuado, la pasta dent\u00edfrica adecuada, las t\u00e9cnicas de cepillado correctas, la limpieza peri\u00f3dica, el uso regular de hilo dental y enjuague bucal.<\/p><p>b-Gingivectom\u00eda: Es la extirpaci\u00f3n quir\u00fargica del tejido gingival.<\/p><p>c-Gingivoplastia: Es el proceso de dar forma a los tejidos gingivales sanos alrededor del diente.<\/p><p>La gingivectom\u00eda y la gingivoplastia se utilizan en los siguientes casos<\/p><p>1-Eliminaci\u00f3n de las bolsas psedo (falsas) por encima del hueso<\/p><p>2-Eliminaci\u00f3n de crecimientos fibrosos y edematosos en las enc\u00edas<\/p><p>3-Para proporcionar est\u00e9tica eliminando las asimetr\u00edas de las enc\u00edas<\/p><p>4-Eliminaci\u00f3n de la forma y deformidad de los bordes gingivales<\/p><p>5-En aumentar la retenci\u00f3n de la corona a realizar<\/p><p>6-Se utiliza para proporcionar un aspecto est\u00e9tico alargando la longitud de los dientes cortos debidos al retraso de la erupci\u00f3n pasiva, lo que llamamos s\u00edndrome del diente corto.<\/p><p>Halitosis:<\/p><p>Se refiere al mal olor o desagradable debido a causas intraorales o extraorales. Se cree que afecta a una cuarta parte de la poblaci\u00f3n mundial. Las causas del mal aliento pueden ser patol\u00f3gicas o fisiol\u00f3gicas, o en algunos casos ambas.  <\/p><p>El 80-90% de las halitosis patol\u00f3gicas son de origen oral. Las enfermedades de las enc\u00edas y las mucosas, los hongos y las infecciones, los implantes y pr\u00f3tesis en mal estado, las caries dentales, los empastes en mal estado, la disminuci\u00f3n de saliva y la sequedad de boca, los c\u00e1nceres orales, las enfermedades de las am\u00edgdalas provocan halitosis. <\/p><p>Otra causa del mal aliento en la boca es el mal aliento inducido por la lengua. Sobre todo la parte posterior de la lengua no se puede limpiar bien con la saliva. Las lenguas con fisuras (hendiduras) estructuralmente indentadas y salientes tambi\u00e9n son una fuente importante de mal olor. Por esta raz\u00f3n, la lengua debe cepillarse mientras se cepillan los dientes.   <\/p><p>Profil\u00e1cticamente, podemos minimizar o incluso eliminar los malos olores de la boca ense\u00f1ando higiene bucal, mostrando a nuestros pacientes t\u00e9cnicas correctas de cepillado y revisiones peri\u00f3dicas cada seis meses.<\/p><p>Halitosis fisiol\u00f3gica<\/p><p>Es un olor bucal que se percibe tras un hambre prolongada o despu\u00e9s de las comidas debido a los h\u00e1bitos alimentarios. Se produce como resultado de la interacci\u00f3n de las bacterias con alimentos con alto contenido en prote\u00ednas, como la carne roja, el pescado, el queso y los productos l\u00e1cteos. La halitosis fisiol\u00f3gica tambi\u00e9n puede producirse tras fumar, beber alcohol y caf\u00e9, as\u00ed como con alimentos olorosos como la cebolla, el ajo y las especias.  <\/p><p>La halitosis fisiol\u00f3gica puede eliminarse prestando atenci\u00f3n a la higiene bucal.<\/p>\t\t\t\t\t\t\t\t<\/div>\n\t\t\t\t<\/div>\n\t\t\t\t\t<\/div>\n\t\t\t\t<\/div>\n\t\t\t\t<\/div>\n\t\t","protected":false},"excerpt":{"rendered":"<p>TRATAMIENTO PERIODONTAL Es un departamento que se ocupa de las enfermedades de los tejidos que rodean los dientes, las enc\u00edas y las enfermedades \u00f3seas que rodean las ra\u00edces de los dientes y de su tratamiento. En nuestra cl\u00ednica en este contexto; a &#8211; Limpieza del sarro: La placa bacteriana se convierte en sarro al endurecerse [&hellip;]<\/p>\n","protected":false},"author":1,"featured_media":3036,"parent":0,"menu_order":0,"comment_status":"closed","ping_status":"closed","template":"elementor_header_footer","meta":{"footnotes":""},"class_list":["post-3034","page","type-page","status-publish","has-post-thumbnail","hentry"],"_links":{"self":[{"href":"https:\/\/dentakdenizsifa.com\/es\/wp-json\/wp\/v2\/pages\/3034","targetHints":{"allow":["GET"]}}],"collection":[{"href":"https:\/\/dentakdenizsifa.com\/es\/wp-json\/wp\/v2\/pages"}],"about":[{"href":"https:\/\/dentakdenizsifa.com\/es\/wp-json\/wp\/v2\/types\/page"}],"author":[{"embeddable":true,"href":"https:\/\/dentakdenizsifa.com\/es\/wp-json\/wp\/v2\/users\/1"}],"replies":[{"embeddable":true,"href":"https:\/\/dentakdenizsifa.com\/es\/wp-json\/wp\/v2\/comments?post=3034"}],"version-history":[{"count":1,"href":"https:\/\/dentakdenizsifa.com\/es\/wp-json\/wp\/v2\/pages\/3034\/revisions"}],"predecessor-version":[{"id":3039,"href":"https:\/\/dentakdenizsifa.com\/es\/wp-json\/wp\/v2\/pages\/3034\/revisions\/3039"}],"wp:featuredmedia":[{"embeddable":true,"href":"https:\/\/dentakdenizsifa.com\/es\/wp-json\/wp\/v2\/media\/3036"}],"wp:attachment":[{"href":"https:\/\/dentakdenizsifa.com\/es\/wp-json\/wp\/v2\/media?parent=3034"}],"curies":[{"name":"wp","href":"https:\/\/api.w.org\/{rel}","templated":true}]}}