{"id":3025,"date":"2024-12-15T03:39:23","date_gmt":"2024-12-15T00:39:23","guid":{"rendered":"https:\/\/dentakdenizsifa.com\/pedodoncia\/"},"modified":"2025-02-23T06:38:36","modified_gmt":"2025-02-23T03:38:36","slug":"pedodoncia","status":"publish","type":"page","link":"https:\/\/dentakdenizsifa.com\/es\/pedodoncia\/","title":{"rendered":"Pedodoncia"},"content":{"rendered":"\t\t<div data-elementor-type=\"wp-page\" data-elementor-id=\"3025\" class=\"elementor elementor-3025 elementor-194\" data-elementor-post-type=\"page\">\n\t\t\t\t<div class=\"elementor-element elementor-element-6953c53 e-flex e-con-boxed e-con e-parent\" data-id=\"6953c53\" data-element_type=\"container\" data-e-type=\"container\">\n\t\t\t\t\t<div class=\"e-con-inner\">\n\t\t\t\t<div class=\"elementor-element elementor-element-93d56bf elementor-widget elementor-widget-heading\" data-id=\"93d56bf\" data-element_type=\"widget\" data-e-type=\"widget\" data-widget_type=\"heading.default\">\n\t\t\t\t<div class=\"elementor-widget-container\">\n\t\t\t\t\t<h1 class=\"elementor-heading-title elementor-size-default\">TRATAMIENTO ODONTOPEDI\u00c1TRICO<\/h1>\t\t\t\t<\/div>\n\t\t\t\t<\/div>\n\t\t\t\t\t<\/div>\n\t\t\t\t<\/div>\n\t\t<div class=\"elementor-element elementor-element-9a348ef e-flex e-con-boxed e-con e-parent\" data-id=\"9a348ef\" data-element_type=\"container\" data-e-type=\"container\">\n\t\t\t\t\t<div class=\"e-con-inner\">\n\t\t\t\t<div class=\"elementor-element elementor-element-7215733 elementor-widget elementor-widget-text-editor\" data-id=\"7215733\" data-element_type=\"widget\" data-e-type=\"widget\" data-widget_type=\"text-editor.default\">\n\t\t\t\t<div class=\"elementor-widget-container\">\n\t\t\t\t\t\t\t\t\t<p><img fetchpriority=\"high\" decoding=\"async\" class=\"aligncenter wp-image-196 size-large\" src=\"https:\/\/dentakdenizsifa.com\/wp-content\/uploads\/2024\/12\/pedodonti-tedavisi-1024x683.png\" alt=\"\" width=\"800\" height=\"534\" srcset=\"https:\/\/dentakdenizsifa.com\/wp-content\/uploads\/2024\/12\/pedodonti-tedavisi-1024x683.png 1024w, https:\/\/dentakdenizsifa.com\/wp-content\/uploads\/2024\/12\/pedodonti-tedavisi-300x200.png 300w, https:\/\/dentakdenizsifa.com\/wp-content\/uploads\/2024\/12\/pedodonti-tedavisi-768x512.png 768w, https:\/\/dentakdenizsifa.com\/wp-content\/uploads\/2024\/12\/pedodonti-tedavisi.png 1200w\" sizes=\"(max-width: 800px) 100vw, 800px\" \/><\/p><p>Es un departamento cuyo objetivo es proteger los dientes de leche y permanentes sanos de los ni\u00f1os de 0 a 13 a\u00f1os y eliminar los problemas causados por caries, traumatismos, factores hereditarios y similares en estos dientes.<\/p><p>Como pedodoncia, trabajamos con nuestros m\u00e9dicos especialistas en nuestra cl\u00ednica.<\/p><p>\u00bfQu\u00e9 aplicaciones realizamos en Pedodoncia?<\/p><p>1-Formaci\u00f3n en Odontolog\u00eda<\/p><p>2-Aplicaciones protectoras<\/p><p>-Aplicaciones del sellador de fisuras<\/p><p>-Aplicaciones del Fl\u00faor<\/p><p>3-Limpieza dental<\/p><p>Tratamientos de extracci\u00f3n de 4 dientes<\/p><p>5-Tratamientos conservadores y endod\u00f3nticos<\/p><p>6-Tratamientos de fracturas<\/p><p>Porta 7<\/p><p>Nuestros odontopediatras han recibido formaci\u00f3n especial sobre c\u00f3mo calmar y relajar a los ni\u00f1os antes y durante el tratamiento dental. Adem\u00e1s, nuestro actual entorno cl\u00ednico, estilo y personal auxiliar est\u00e1n totalmente adaptados a las necesidades de los ni\u00f1os. Por eso, los ni\u00f1os se sienten mucho m\u00e1s c\u00f3modos y seguros en nuestra Cl\u00ednica Dental Akdeniz \u015eifa. La comodidad que les proporcionamos en las salas de espera, los juguetes, los libros para colorear, especialmente los Legos, que son de gran importancia para el desarrollo de la coordinaci\u00f3n de manos y ojos, los boletines de notas preparados para nuestros ni\u00f1os despu\u00e9s del tratamiento, los diplomas de valent\u00eda son algunos de ellos.   <\/p><p>Te atendemos con nuestro enfoque amable, paciente, cuidadoso y atento, y con personal experto. Nuestro principal objetivo es proporcionarte una experiencia de tratamiento saludable y fiable. <\/p>\t\t\t\t\t\t\t\t<\/div>\n\t\t\t\t<\/div>\n\t\t\t\t\t<\/div>\n\t\t\t\t<\/div>\n\t\t\t\t<\/div>\n\t\t","protected":false},"excerpt":{"rendered":"<p>TRATAMIENTO ODONTOPEDI\u00c1TRICO Es un departamento cuyo objetivo es proteger los dientes de leche y permanentes sanos de los ni\u00f1os de 0 a 13 a\u00f1os y eliminar los problemas causados por caries, traumatismos, factores hereditarios y similares en estos dientes. Como pedodoncia, trabajamos con nuestros m\u00e9dicos especialistas en nuestra cl\u00ednica. \u00bfQu\u00e9 aplicaciones realizamos en Pedodoncia? 1-Formaci\u00f3n [&hellip;]<\/p>\n","protected":false},"author":1,"featured_media":3027,"parent":0,"menu_order":0,"comment_status":"closed","ping_status":"closed","template":"elementor_header_footer","meta":{"footnotes":""},"class_list":["post-3025","page","type-page","status-publish","has-post-thumbnail","hentry"],"_links":{"self":[{"href":"https:\/\/dentakdenizsifa.com\/es\/wp-json\/wp\/v2\/pages\/3025","targetHints":{"allow":["GET"]}}],"collection":[{"href":"https:\/\/dentakdenizsifa.com\/es\/wp-json\/wp\/v2\/pages"}],"about":[{"href":"https:\/\/dentakdenizsifa.com\/es\/wp-json\/wp\/v2\/types\/page"}],"author":[{"embeddable":true,"href":"https:\/\/dentakdenizsifa.com\/es\/wp-json\/wp\/v2\/users\/1"}],"replies":[{"embeddable":true,"href":"https:\/\/dentakdenizsifa.com\/es\/wp-json\/wp\/v2\/comments?post=3025"}],"version-history":[{"count":1,"href":"https:\/\/dentakdenizsifa.com\/es\/wp-json\/wp\/v2\/pages\/3025\/revisions"}],"predecessor-version":[{"id":3031,"href":"https:\/\/dentakdenizsifa.com\/es\/wp-json\/wp\/v2\/pages\/3025\/revisions\/3031"}],"wp:featuredmedia":[{"embeddable":true,"href":"https:\/\/dentakdenizsifa.com\/es\/wp-json\/wp\/v2\/media\/3027"}],"wp:attachment":[{"href":"https:\/\/dentakdenizsifa.com\/es\/wp-json\/wp\/v2\/media?parent=3025"}],"curies":[{"name":"wp","href":"https:\/\/api.w.org\/{rel}","templated":true}]}}