{"id":3019,"date":"2024-12-15T03:47:49","date_gmt":"2024-12-15T00:47:49","guid":{"rendered":"https:\/\/dentakdenizsifa.com\/tratamiento-protesico\/"},"modified":"2025-02-23T06:38:36","modified_gmt":"2025-02-23T03:38:36","slug":"tratamiento-protesico","status":"publish","type":"page","link":"https:\/\/dentakdenizsifa.com\/es\/tratamiento-protesico\/","title":{"rendered":"Tratamiento prot\u00e9sico"},"content":{"rendered":"\t\t<div data-elementor-type=\"wp-page\" data-elementor-id=\"3019\" class=\"elementor elementor-3019 elementor-227\" data-elementor-post-type=\"page\">\n\t\t\t\t<div class=\"elementor-element elementor-element-1e6d29c e-flex e-con-boxed e-con e-parent\" data-id=\"1e6d29c\" data-element_type=\"container\" data-e-type=\"container\">\n\t\t\t\t\t<div class=\"e-con-inner\">\n\t\t\t\t<div class=\"elementor-element elementor-element-df80673 elementor-widget elementor-widget-heading\" data-id=\"df80673\" data-element_type=\"widget\" data-e-type=\"widget\" data-widget_type=\"heading.default\">\n\t\t\t\t<div class=\"elementor-widget-container\">\n\t\t\t\t\t<h1 class=\"elementor-heading-title elementor-size-default\">TRATAMIENTO PROT\u00c9SICO<\/h1>\t\t\t\t<\/div>\n\t\t\t\t<\/div>\n\t\t\t\t\t<\/div>\n\t\t\t\t<\/div>\n\t\t<div class=\"elementor-element elementor-element-84ee364 e-flex e-con-boxed e-con e-parent\" data-id=\"84ee364\" data-element_type=\"container\" data-e-type=\"container\">\n\t\t\t\t\t<div class=\"e-con-inner\">\n\t\t\t\t<div class=\"elementor-element elementor-element-c4cf067 elementor-widget elementor-widget-text-editor\" data-id=\"c4cf067\" data-element_type=\"widget\" data-e-type=\"widget\" data-widget_type=\"text-editor.default\">\n\t\t\t\t<div class=\"elementor-widget-container\">\n\t\t\t\t\t\t\t\t\t<p><img fetchpriority=\"high\" decoding=\"async\" class=\"aligncenter wp-image-230 size-large\" src=\"https:\/\/dentakdenizsifa.com\/wp-content\/uploads\/2024\/12\/protez-tedavisi-1024x683.png\" alt=\"\" width=\"800\" height=\"534\" srcset=\"https:\/\/dentakdenizsifa.com\/wp-content\/uploads\/2024\/12\/protez-tedavisi-1024x683.png 1024w, https:\/\/dentakdenizsifa.com\/wp-content\/uploads\/2024\/12\/protez-tedavisi-300x200.png 300w, https:\/\/dentakdenizsifa.com\/wp-content\/uploads\/2024\/12\/protez-tedavisi-768x512.png 768w, https:\/\/dentakdenizsifa.com\/wp-content\/uploads\/2024\/12\/protez-tedavisi.png 1200w\" sizes=\"(max-width: 800px) 100vw, 800px\" \/><\/p><p>Su objetivo es recuperar la est\u00e9tica, la fonaci\u00f3n y la funci\u00f3n que el paciente ha perdido, reconstruyendo los dientes perdidos y los tejidos intraorales circundantes.<\/p><p>opciones terap\u00e9uticas en el tratamiento prot\u00e9sico dental.<\/p><p>Pr\u00f3tesis fijas:<\/p><p>Se incluyen en este grupo las pr\u00f3tesis fabricadas y pegadas o atornilladas sobre dientes naturales o sobre implantes.<\/p><p>En comparaci\u00f3n con las pr\u00f3tesis removibles, el paciente las acepta m\u00e1s f\u00e1cilmente y no puede quit\u00e1rselas. En las pr\u00f3tesis se intentan recuperar las funciones perdidas por el paciente, al mismo tiempo que se pretende corregir la alteraci\u00f3n del habla y mejorar el aspecto est\u00e9tico.<\/p><p>Con el desarrollo de la tecnolog\u00eda, ahora se han a\u00f1adido a las soluciones cl\u00ednicas las aplicaciones de pr\u00f3tesis fijas, que pueden imitar el aspecto natural con muchas aplicaciones diferentes. Hay tipos de pr\u00f3tesis, carillas de porcelana soportadas por metal, emax, carillas de circonio, carillas laminadas, pr\u00f3tesis fijas soportadas por implantes. Tu m\u00e9dico te recomendar\u00e1 la m\u00e1s adecuada.<\/p><p>Pr\u00f3tesis de precisi\u00f3n<\/p><p>Es un tipo de pr\u00f3tesis dental que se aplica en los casos en que faltan muchos dientes y no se puede realizar el tratamiento con pr\u00f3tesis fijas. Tambi\u00e9n se conoce como pr\u00f3tesis de encaje entre la gente debido a sus retenedores ocultos que encajan en las ranuras preparadas en los dientes.<\/p><p>Las piezas de las pr\u00f3tesis ligadas con precisi\u00f3n que encajan en los encajes impiden que la pr\u00f3tesis se desplace, por lo que no se mueven al comer, y con el tiempo puede producirse un aflojamiento de los ligamentos sensibles, en cuyo caso los neum\u00e1ticos pueden sustituirse f\u00e1cilmente.<\/p><p>Como las partes de las pr\u00f3tesis ligadas de precisi\u00f3n que reciben apoyo de los dientes est\u00e1n dentro de la pr\u00f3tesis, son mucho m\u00e1s est\u00e9ticas que las pr\u00f3tesis enganchadas. Las pr\u00f3tesis removibles producen traumatismos en los dientes cuando se colocan y se retiran, y pueden provocar fusi\u00f3n en el hueso maxilar, por lo que los implantes dentales deben colocarse en el hueso maxilar en ausencia de un gran n\u00famero de dientes.<\/p><p>Pr\u00f3tesis removible<\/p><p>Son los aparatos utilizados en el tratamiento de uno o varios dientes ausentes, que pueden colocarse y retirarse f\u00e1cilmente cuando el paciente lo desee. Las pr\u00f3tesis totales, las parciales y las inmediatas se diferencian en.<\/p><p>Las pr\u00f3tesis totales son pr\u00f3tesis hechas de acr\u00edlico, que se apoyan en el tejido \u00f3seo que queda en los maxilares superior e inferior cuando no quedan dientes naturales en tu boca.<\/p><p>Las pr\u00f3tesis parciales son pr\u00f3tesis removibles que se fabrican en los casos en que hay algunos dientes naturales y otros se han extra\u00eddo. Este tipo de pr\u00f3tesis proporciona retenci\u00f3n con alambres de ganchillo conectados a los dientes principales. Los pacientes que consideran que este aspecto de alambre no es est\u00e9tico, si se dan las condiciones necesarias, pueden fabricarse pr\u00f3tesis est\u00e9ticas con conexi\u00f3n sensible.<\/p><p>Las pr\u00f3tesis inmediatas son pr\u00f3tesis que se preparan e insertan en la boca del paciente en poco tiempo sin esperar a la cicatrizaci\u00f3n en caso de que se hayan extra\u00eddo todos los dientes principales, cuando el paciente no quiere quedarse sin dientes o cuando se han colocado implantes pero se requiere un periodo de espera.<\/p><p>La mejor alternativa a las pr\u00f3tesis removibles cl\u00e1sicas son las pr\u00f3tesis implantosoportadas. Con el proceso implantosoportado, aumentan tanto la retenci\u00f3n como la estabilidad de las pr\u00f3tesis.<\/p><p>Pr\u00f3tesis implantosoportadas:<\/p><p>Es un m\u00e9todo que se aplica en pacientes con deficiencia dental o completamente desdentados. Este procedimiento puede aplicarse f\u00e1cilmente en pacientes con suficiente estructura \u00f3sea dental.<\/p><p>Las pr\u00f3tesis implantosoportadas se preparan en tama\u00f1os m\u00e1s peque\u00f1os en comparaci\u00f3n con los procedimientos de pr\u00f3tesis tradicionales. Esto facilita la adaptaci\u00f3n del paciente a la pr\u00f3tesis. Las pr\u00f3tesis implantosoportadas tienen mayor resistencia a la fuerza masticatoria.  <\/p>\t\t\t\t\t\t\t\t<\/div>\n\t\t\t\t<\/div>\n\t\t\t\t\t<\/div>\n\t\t\t\t<\/div>\n\t\t\t\t<\/div>\n\t\t","protected":false},"excerpt":{"rendered":"<p>TRATAMIENTO PROT\u00c9SICO Su objetivo es recuperar la est\u00e9tica, la fonaci\u00f3n y la funci\u00f3n que el paciente ha perdido, reconstruyendo los dientes perdidos y los tejidos intraorales circundantes. opciones terap\u00e9uticas en el tratamiento prot\u00e9sico dental. Pr\u00f3tesis fijas: Se incluyen en este grupo las pr\u00f3tesis fabricadas y pegadas o atornilladas sobre dientes naturales o sobre implantes. En [&hellip;]<\/p>\n","protected":false},"author":1,"featured_media":3023,"parent":0,"menu_order":0,"comment_status":"closed","ping_status":"closed","template":"elementor_header_footer","meta":{"footnotes":""},"class_list":["post-3019","page","type-page","status-publish","has-post-thumbnail","hentry"],"_links":{"self":[{"href":"https:\/\/dentakdenizsifa.com\/es\/wp-json\/wp\/v2\/pages\/3019","targetHints":{"allow":["GET"]}}],"collection":[{"href":"https:\/\/dentakdenizsifa.com\/es\/wp-json\/wp\/v2\/pages"}],"about":[{"href":"https:\/\/dentakdenizsifa.com\/es\/wp-json\/wp\/v2\/types\/page"}],"author":[{"embeddable":true,"href":"https:\/\/dentakdenizsifa.com\/es\/wp-json\/wp\/v2\/users\/1"}],"replies":[{"embeddable":true,"href":"https:\/\/dentakdenizsifa.com\/es\/wp-json\/wp\/v2\/comments?post=3019"}],"version-history":[{"count":1,"href":"https:\/\/dentakdenizsifa.com\/es\/wp-json\/wp\/v2\/pages\/3019\/revisions"}],"predecessor-version":[{"id":3024,"href":"https:\/\/dentakdenizsifa.com\/es\/wp-json\/wp\/v2\/pages\/3019\/revisions\/3024"}],"wp:featuredmedia":[{"embeddable":true,"href":"https:\/\/dentakdenizsifa.com\/es\/wp-json\/wp\/v2\/media\/3023"}],"wp:attachment":[{"href":"https:\/\/dentakdenizsifa.com\/es\/wp-json\/wp\/v2\/media?parent=3019"}],"curies":[{"name":"wp","href":"https:\/\/api.w.org\/{rel}","templated":true}]}}