{"id":3011,"date":"2024-12-15T03:41:52","date_gmt":"2024-12-15T00:41:52","guid":{"rendered":"https:\/\/dentakdenizsifa.com\/endodoncia\/"},"modified":"2025-02-23T06:38:35","modified_gmt":"2025-02-23T03:38:35","slug":"endodoncia","status":"publish","type":"page","link":"https:\/\/dentakdenizsifa.com\/es\/endodoncia\/","title":{"rendered":"Endodoncia"},"content":{"rendered":"\t\t<div data-elementor-type=\"wp-page\" data-elementor-id=\"3011\" class=\"elementor elementor-3011 elementor-204\" data-elementor-post-type=\"page\">\n\t\t\t\t<div class=\"elementor-element elementor-element-db2a9b1 e-flex e-con-boxed e-con e-parent\" data-id=\"db2a9b1\" data-element_type=\"container\" data-e-type=\"container\">\n\t\t\t\t\t<div class=\"e-con-inner\">\n\t\t\t\t<div class=\"elementor-element elementor-element-3b4575e elementor-widget elementor-widget-heading\" data-id=\"3b4575e\" data-element_type=\"widget\" data-e-type=\"widget\" data-widget_type=\"heading.default\">\n\t\t\t\t<div class=\"elementor-widget-container\">\n\t\t\t\t\t<h1 class=\"elementor-heading-title elementor-size-default\">TRATAMIENTO ENDOD\u00d3NTICO<\/h1>\t\t\t\t<\/div>\n\t\t\t\t<\/div>\n\t\t\t\t\t<\/div>\n\t\t\t\t<\/div>\n\t\t<div class=\"elementor-element elementor-element-60066b0 e-flex e-con-boxed e-con e-parent\" data-id=\"60066b0\" data-element_type=\"container\" data-e-type=\"container\">\n\t\t\t\t\t<div class=\"e-con-inner\">\n\t\t\t\t<div class=\"elementor-element elementor-element-704bd19 elementor-widget elementor-widget-text-editor\" data-id=\"704bd19\" data-element_type=\"widget\" data-e-type=\"widget\" data-widget_type=\"text-editor.default\">\n\t\t\t\t<div class=\"elementor-widget-container\">\n\t\t\t\t\t\t\t\t\t<p><img fetchpriority=\"high\" decoding=\"async\" class=\"aligncenter wp-image-206 size-large\" src=\"https:\/\/dentakdenizsifa.com\/wp-content\/uploads\/2024\/12\/endodonti-tedavisi-1024x683.png\" alt=\"\" width=\"800\" height=\"534\" srcset=\"https:\/\/dentakdenizsifa.com\/wp-content\/uploads\/2024\/12\/endodonti-tedavisi-1024x683.png 1024w, https:\/\/dentakdenizsifa.com\/wp-content\/uploads\/2024\/12\/endodonti-tedavisi-300x200.png 300w, https:\/\/dentakdenizsifa.com\/wp-content\/uploads\/2024\/12\/endodonti-tedavisi-768x512.png 768w, https:\/\/dentakdenizsifa.com\/wp-content\/uploads\/2024\/12\/endodonti-tedavisi.png 1200w\" sizes=\"(max-width: 800px) 100vw, 800px\" \/><\/p><p>Generalmente, el objetivo de la endodoncia es salvar el diente de la extracci\u00f3n. En lugar de extraer un diente enfermo o da\u00f1ado, el dentista realiza una endodoncia para garantizar que el diente permanezca en la boca durante mucho tiempo.<\/p><p>En los casos en que la pulpa de los dientes (tejido vivo que contiene el haz vasculonervioso) se infecta debido a caries no tratadas, en los casos en que la pulpa est\u00e1 da\u00f1ada por fracturas, fisuras, traumatismos y empastes anteriores en el diente, en los casos en que la pulpa est\u00e1 da\u00f1ada como consecuencia del rechinamiento de los dientes, en las restauraciones prot\u00e9sicas de dientes api\u00f1ados, puede ser necesario un tratamiento de conductos.<\/p><p>Con el desarrollo de la tecnolog\u00eda, el tratamiento de conductos ha dejado de ser un tratamiento doloroso y temible. Se llega al tejido pulpar del diente con anestesia local y se reduce el n\u00famero de radiograf\u00edas realizadas durante el tratamiento midiendo las longitudes radiculares con unos dispositivos electr\u00f3nicos llamados localizadores de \u00e1pices. Con los sistemas de instrumentos rotatorios, el conducto se forma y rellena de forma r\u00e1pida, c\u00f3moda y adecuada. <\/p><p>En nuestra cl\u00ednica tambi\u00e9n realizamos el REZEKS\u0130YON (cirug\u00eda de la punta radicular del diente), que es un procedimiento quir\u00fargico endod\u00f3ntico. Es un procedimiento quir\u00fargico que se realiza en los casos en que el tratamiento de conductos no es suficiente o adecuado.<\/p><p>Adem\u00e1s, en nuestra cl\u00ednica tambi\u00e9n se aplica el tratamiento de retratamiento, que es el proceso de renovaci\u00f3n del tratamiento de conductos en los casos en que pensamos que los empastes de los conductos est\u00e1n mal hechos y no son saludables, en caso de inflamaci\u00f3n o formaci\u00f3n de abscesos y dolor debajo de una obra que se ha sometido a un tratamiento de conductos.<\/p><p>Como Cl\u00ednica Dental Akdeniz \u015eifa, garantizamos el \u00e9xito \u00f3ptimo del tratamiento aplicando la \u00faltima tecnolog\u00eda desarrollada en nuestros tratamientos de conductos.<\/p>\t\t\t\t\t\t\t\t<\/div>\n\t\t\t\t<\/div>\n\t\t\t\t\t<\/div>\n\t\t\t\t<\/div>\n\t\t\t\t<\/div>\n\t\t","protected":false},"excerpt":{"rendered":"<p>TRATAMIENTO ENDOD\u00d3NTICO Generalmente, el objetivo de la endodoncia es salvar el diente de la extracci\u00f3n. En lugar de extraer un diente enfermo o da\u00f1ado, el dentista realiza una endodoncia para garantizar que el diente permanezca en la boca durante mucho tiempo. En los casos en que la pulpa de los dientes (tejido vivo que contiene [&hellip;]<\/p>\n","protected":false},"author":1,"featured_media":3013,"parent":0,"menu_order":0,"comment_status":"closed","ping_status":"closed","template":"elementor_header_footer","meta":{"footnotes":""},"class_list":["post-3011","page","type-page","status-publish","has-post-thumbnail","hentry"],"_links":{"self":[{"href":"https:\/\/dentakdenizsifa.com\/es\/wp-json\/wp\/v2\/pages\/3011","targetHints":{"allow":["GET"]}}],"collection":[{"href":"https:\/\/dentakdenizsifa.com\/es\/wp-json\/wp\/v2\/pages"}],"about":[{"href":"https:\/\/dentakdenizsifa.com\/es\/wp-json\/wp\/v2\/types\/page"}],"author":[{"embeddable":true,"href":"https:\/\/dentakdenizsifa.com\/es\/wp-json\/wp\/v2\/users\/1"}],"replies":[{"embeddable":true,"href":"https:\/\/dentakdenizsifa.com\/es\/wp-json\/wp\/v2\/comments?post=3011"}],"version-history":[{"count":1,"href":"https:\/\/dentakdenizsifa.com\/es\/wp-json\/wp\/v2\/pages\/3011\/revisions"}],"predecessor-version":[{"id":3015,"href":"https:\/\/dentakdenizsifa.com\/es\/wp-json\/wp\/v2\/pages\/3011\/revisions\/3015"}],"wp:featuredmedia":[{"embeddable":true,"href":"https:\/\/dentakdenizsifa.com\/es\/wp-json\/wp\/v2\/media\/3013"}],"wp:attachment":[{"href":"https:\/\/dentakdenizsifa.com\/es\/wp-json\/wp\/v2\/media?parent=3011"}],"curies":[{"name":"wp","href":"https:\/\/api.w.org\/{rel}","templated":true}]}}