{"id":3006,"date":"2024-12-15T03:50:41","date_gmt":"2024-12-15T00:50:41","guid":{"rendered":"https:\/\/dentakdenizsifa.com\/diagnostico-oral\/"},"modified":"2025-02-23T06:38:23","modified_gmt":"2025-02-23T03:38:23","slug":"diagnostico-oral","status":"publish","type":"page","link":"https:\/\/dentakdenizsifa.com\/es\/diagnostico-oral\/","title":{"rendered":"Diagn\u00f3stico oral"},"content":{"rendered":"\t\t<div data-elementor-type=\"wp-page\" data-elementor-id=\"3006\" class=\"elementor elementor-3006 elementor-237\" data-elementor-post-type=\"page\">\n\t\t\t\t<div class=\"elementor-element elementor-element-c8a0128 e-flex e-con-boxed e-con e-parent\" data-id=\"c8a0128\" data-element_type=\"container\" data-e-type=\"container\">\n\t\t\t\t\t<div class=\"e-con-inner\">\n\t\t\t\t<div class=\"elementor-element elementor-element-189673f elementor-widget elementor-widget-heading\" data-id=\"189673f\" data-element_type=\"widget\" data-e-type=\"widget\" data-widget_type=\"heading.default\">\n\t\t\t\t<div class=\"elementor-widget-container\">\n\t\t\t\t\t<h1 class=\"elementor-heading-title elementor-size-default\">TRATAMIENTO DIAGN\u00d3STICO ORAL<\/h1>\t\t\t\t<\/div>\n\t\t\t\t<\/div>\n\t\t\t\t\t<\/div>\n\t\t\t\t<\/div>\n\t\t<div class=\"elementor-element elementor-element-6cf8dc4 e-flex e-con-boxed e-con e-parent\" data-id=\"6cf8dc4\" data-element_type=\"container\" data-e-type=\"container\">\n\t\t\t\t\t<div class=\"e-con-inner\">\n\t\t\t\t<div class=\"elementor-element elementor-element-24c55e3 elementor-widget elementor-widget-text-editor\" data-id=\"24c55e3\" data-element_type=\"widget\" data-e-type=\"widget\" data-widget_type=\"text-editor.default\">\n\t\t\t\t<div class=\"elementor-widget-container\">\n\t\t\t\t\t\t\t\t\t<p><img fetchpriority=\"high\" decoding=\"async\" class=\"aligncenter wp-image-243 size-large\" src=\"https:\/\/dentakdenizsifa.com\/wp-content\/uploads\/2024\/12\/oral-diagnoz-tedavisi-1024x683.png\" alt=\"\" width=\"800\" height=\"534\" srcset=\"https:\/\/dentakdenizsifa.com\/wp-content\/uploads\/2024\/12\/oral-diagnoz-tedavisi-1024x683.png 1024w, https:\/\/dentakdenizsifa.com\/wp-content\/uploads\/2024\/12\/oral-diagnoz-tedavisi-300x200.png 300w, https:\/\/dentakdenizsifa.com\/wp-content\/uploads\/2024\/12\/oral-diagnoz-tedavisi-768x512.png 768w, https:\/\/dentakdenizsifa.com\/wp-content\/uploads\/2024\/12\/oral-diagnoz-tedavisi.png 1200w\" sizes=\"(max-width: 800px) 100vw, 800px\" \/><\/p><p>Los tratamientos dentales son muy diversos y muchos pacientes pueden necesitar m\u00e1s de un tratamiento. Estos tratamientos deben planificarse correctamente. Al mismo tiempo, se decide qu\u00e9 tratamiento debe ser prioritario.  <\/p><p>La base de la planificaci\u00f3n del tratamiento es el diagn\u00f3stico correcto. Lo m\u00e1s importante para llegar al diagn\u00f3stico correcto es la experiencia.<\/p><p>Para ello se utilizan el examen intraoral, la imagen panor\u00e1mica y peri apical, y la tomograf\u00eda volum\u00e9trica dental.<\/p><p>Est\u00e1 claro que la zona de la boca, la mand\u00edbula y la cara no es una regi\u00f3n independiente del cuerpo humano. Diversas enfermedades sist\u00e9micas dan s\u00edntomas en la boca y sus alrededores. Cuando se conocen enfermedades sist\u00e9micas como la diabetes, las cardiopat\u00edas, la hipertensi\u00f3n arterial, que afectan negativamente a los tratamientos dentales previstos, es una solicitud que se hace durante el primer examen para dirigir al paciente al especialista pertinente.<\/p><p>Todos los problemas de la boca deben examinarse cuidadosamente y se debe hacer el diagn\u00f3stico m\u00e1s preciso y completo, y lo m\u00e1s importante, puesto que este diagn\u00f3stico determinar\u00e1 el tratamiento, este proceso lo llevan a cabo nuestro m\u00e9dico jefe, el Dr. Bekir Er, con 25 a\u00f1os de experiencia, y nuestros m\u00e9dicos, cada uno con experiencia en su campo.<\/p><p>Seg\u00fan las encuestas de satisfacci\u00f3n, las expectativas del paciente respecto a la cl\u00ednica en la que recibe tratamiento son las siguientes:<\/p><p>Diagn\u00f3stico correcto, tratamiento correcto, profesionales sanitarios expertos, cualificados y h\u00e1biles, respeto, servicio atento, servicio amable, servicio puntual, entorno limpio, precio razonable.<\/p><p>Como Policl\u00ednica Akdeniz \u015eifa, nuestro objetivo es garantizar que cada paciente est\u00e9 en las mejores condiciones y en manos fiables&#8230; Para ello, nuestra cl\u00ednica te ofrece un servicio sanitario de alta calidad, as\u00ed como una cara sonriente, un entorno espacioso donde siempre te sentir\u00e1s especial a un precio razonable.<\/p>\t\t\t\t\t\t\t\t<\/div>\n\t\t\t\t<\/div>\n\t\t\t\t\t<\/div>\n\t\t\t\t<\/div>\n\t\t\t\t<\/div>\n\t\t","protected":false},"excerpt":{"rendered":"<p>TRATAMIENTO DIAGN\u00d3STICO ORAL Los tratamientos dentales son muy diversos y muchos pacientes pueden necesitar m\u00e1s de un tratamiento. Estos tratamientos deben planificarse correctamente. Al mismo tiempo, se decide qu\u00e9 tratamiento debe ser prioritario. La base de la planificaci\u00f3n del tratamiento es el diagn\u00f3stico correcto. Lo m\u00e1s importante para llegar al diagn\u00f3stico correcto es la experiencia. [&hellip;]<\/p>\n","protected":false},"author":1,"featured_media":3009,"parent":0,"menu_order":0,"comment_status":"closed","ping_status":"closed","template":"elementor_header_footer","meta":{"footnotes":""},"class_list":["post-3006","page","type-page","status-publish","has-post-thumbnail","hentry"],"_links":{"self":[{"href":"https:\/\/dentakdenizsifa.com\/es\/wp-json\/wp\/v2\/pages\/3006","targetHints":{"allow":["GET"]}}],"collection":[{"href":"https:\/\/dentakdenizsifa.com\/es\/wp-json\/wp\/v2\/pages"}],"about":[{"href":"https:\/\/dentakdenizsifa.com\/es\/wp-json\/wp\/v2\/types\/page"}],"author":[{"embeddable":true,"href":"https:\/\/dentakdenizsifa.com\/es\/wp-json\/wp\/v2\/users\/1"}],"replies":[{"embeddable":true,"href":"https:\/\/dentakdenizsifa.com\/es\/wp-json\/wp\/v2\/comments?post=3006"}],"version-history":[{"count":1,"href":"https:\/\/dentakdenizsifa.com\/es\/wp-json\/wp\/v2\/pages\/3006\/revisions"}],"predecessor-version":[{"id":3010,"href":"https:\/\/dentakdenizsifa.com\/es\/wp-json\/wp\/v2\/pages\/3006\/revisions\/3010"}],"wp:featuredmedia":[{"embeddable":true,"href":"https:\/\/dentakdenizsifa.com\/es\/wp-json\/wp\/v2\/media\/3009"}],"wp:attachment":[{"href":"https:\/\/dentakdenizsifa.com\/es\/wp-json\/wp\/v2\/media?parent=3006"}],"curies":[{"name":"wp","href":"https:\/\/api.w.org\/{rel}","templated":true}]}}